{"id":2068,"date":"2026-04-27T13:39:56","date_gmt":"2026-04-27T11:39:56","guid":{"rendered":"https:\/\/jahs.eu\/?page_id=2068"},"modified":"2026-04-28T10:16:45","modified_gmt":"2026-04-28T08:16:45","slug":"volume-12-number1-april-2026","status":"publish","type":"page","link":"https:\/\/jahs.eu\/hr\/volume-12-number1-april-2026\/","title":{"rendered":"Volume: 12; Number:1; April 2026"},"content":{"rendered":"<h3><strong>Volume: 12; Number:2; April 2026<br \/>\n<\/strong><\/h3>\n<p><a href=\"https:\/\/jahs.eu\/wp-content\/uploads\/2026\/04\/JAHS-vol12-n2.pdf\" target=\"_blank\" rel=\"noopener\"><img loading=\"lazy\" decoding=\"async\" class=\"alignnone wp-image-832\" src=\"https:\/\/jahs.eu\/wp-content\/uploads\/2015\/04\/jahs100pdf.png\" alt=\"\" width=\"50\" height=\"50\" \/><\/a><\/p>\n<p>&nbsp;<\/p>\n<ul>\n<li><strong>Jasna Bo\u0161nir, Iva Lenart, Sonja Serdar, Sr\u0111an Milovac, Dario Lasi\u0107, Maja Bude\u010d, Alen \u017dupan, Danijela \u010ci\u0161, Aleksandar Racz<br \/>\n<\/strong><br \/>\n<a href=\"https:\/\/jahs.eu\/wp-content\/uploads\/2026\/04\/1.pdf\">Provjera to\u010dnosti nutritivnih deklaracija na proizvodima funkcionalne hrane i dodataka prehrani oboga\u0107enih omega-3 masnim kiselinama<\/a><br \/>\n<a href=\"https:\/\/jahs.eu\/wp-content\/uploads\/2026\/04\/1.pdf\">Verification of the Accuracy of Nutrition Declarations on Functional Foods and Dietary Supplements Enriched with Omega-3 Fatty Acids<\/a><\/li>\n<\/ul>\n<ul>\n<li><strong>Ivana Martinec, Nata\u0161a Dumbovi\u0107<br \/>\n<\/strong><br \/>\n<a href=\"https:\/\/jahs.eu\/wp-content\/uploads\/2026\/04\/2.pdf\">Utjecaj socijalne inteligencije medicinskih sestara na pru\u017eanje palijativne skrbi u ku\u0107i<\/a><br \/>\n<a href=\"https:\/\/jahs.eu\/wp-content\/uploads\/2026\/04\/2.pdf\">The Impact of Nurses\u2019 Social Intelligence on the Provision of Palliative Care in the Home<\/a><\/li>\n<\/ul>\n<ul>\n<li><strong>Sabina \u0160ehi\u0107 \u2013 Kr\u0161lak, Edin Me\u0111edovi\u0107, Asim Kurjak, Vajdana Tomi\u0107, Milan Stanojevi\u0107, Ajla Had\u017eismailovi\u0107 Ajdin<br \/>\n<\/strong><br \/>\n<a href=\"https:\/\/jahs.eu\/wp-content\/uploads\/2026\/04\/3.pdf\">Strate\u0161ko planiranje kao alat za efikasnije zdravstvene organizacije: kvantitativna i kvalitativna evaluacija<\/a><br \/>\n<a href=\"https:\/\/jahs.eu\/wp-content\/uploads\/2026\/04\/3.pdf\">Strategic Planning as a Tool for More Efficient Healthcare Institutions: Quantitative and Qualitative Evaluation<\/a><\/li>\n<\/ul>\n<ul>\n<li><strong>Lucijana Rupi\u0107 Krsti\u0107<br \/>\n<\/strong><br \/>\n<a href=\"https:\/\/jahs.eu\/wp-content\/uploads\/2026\/04\/4.pdf\">Percipirana potreba i spremnost za uklju\u010divanje u superviziju kod psihijatrijskih medicinskih sestara i tehni\u010dara: uloga stresa, sagorijevanja i obrazovanja<\/a><br \/>\n<a href=\"https:\/\/jahs.eu\/wp-content\/uploads\/2026\/04\/4.pdf\">Perceived Need and Willingness to Participate in Supervision among Psychiatric Nurses:The role of Stress, Burnout, And Education<\/a><\/li>\n<\/ul>\n<ul>\n<li><strong><strong>Marta Klari\u0107, Jagoda Niki\u0107, Dragan Klari\u0107<br \/>\n<\/strong><br \/>\n<\/strong><a href=\"https:\/\/jahs.eu\/wp-content\/uploads\/2026\/04\/5.pdf\">Psiholo\u0161ke i eti\u010dke specifi\u010dnosti dijaliznog lije\u010denja bolesnika starije \u017eivotne dobi<\/a><br \/>\n<a href=\"https:\/\/jahs.eu\/wp-content\/uploads\/2026\/04\/5.pdf\">The Psychological and Ethical Specificities of Dialysis Treatment of the Elderly<\/a><\/li>\n<\/ul>\n<ul>\n<li><strong>Valentina Je\u0161i\u0107, Dafina Binaj, Sabina Babi\u0107, Nikolina Vratan<br \/>\n<\/strong><br \/>\n<a href=\"https:\/\/jahs.eu\/wp-content\/uploads\/2026\/04\/6.pdf\">Procjena delirija u jedinici intenzivnog lije\u010denja primjenom alata CAM-icu: uloga medicinskih sestara u prepoznavanju i skrbi<\/a><br \/>\n<a href=\"https:\/\/jahs.eu\/wp-content\/uploads\/2026\/04\/6.pdf\">Assessment of Delirium in the Intensive Care Unit Using the CAM-ICU Tool:The Role of Nurses in Recognition and Care Provision<\/a><\/li>\n<\/ul>\n<ul>\n<li><strong><strong>Ana Filipan, Petar Pavlovi\u0107, Vedran Hosti\u0107, Ante Sili\u0107, Josipa Josipovi\u0107, Ivo Darko Gabri\u0107<br \/>\n<\/strong><br \/>\n<\/strong><a href=\"https:\/\/jahs.eu\/wp-content\/uploads\/2026\/04\/7.pdf\">Iskustva bliske smrti tijekom planiranog cirkulacijskog zastoja u kardiokirurgiji: sustavni pregled<\/a><br \/>\n<a href=\"https:\/\/jahs.eu\/wp-content\/uploads\/2026\/04\/7.pdf\">Near-death Experiences in Planned Circulatory Arrest During Cardiac Surgery: A Comprehensive Review<\/a><\/li>\n<\/ul>\n<ul>\n<li><strong>Valentina Je\u0161i\u0107, Sabina Babi\u0107, Nikolina Vratan, Lucija Pi\u0161kor<br \/>\n<\/strong><br \/>\n<a href=\"https:\/\/jahs.eu\/wp-content\/uploads\/2026\/04\/8.pdf\">Sestrinski pristup pacijentima primanjem HFNC terapije tijekom ERCP-a:Balansiranje tehnologije i humanosti<\/a><br \/>\n<a href=\"https:\/\/jahs.eu\/wp-content\/uploads\/2026\/04\/8.pdf\">Nursing Approach to Patients Receiving HFNC Therapy During ERCP:Balancing Technology and Humanity<\/a><\/li>\n<\/ul>\n<ul>\n<li><strong><strong>Ivana Jur\u010di\u0107 \u010culina<br \/>\n<\/strong><br \/>\n<\/strong><a href=\"https:\/\/jahs.eu\/wp-content\/uploads\/2026\/04\/9.pdf\">Javnozdravstveni aspekt parodontitisa<\/a><br \/>\n<a href=\"https:\/\/jahs.eu\/wp-content\/uploads\/2026\/04\/9.pdf\">Public Health Aspects of Periodontitis<\/a><\/li>\n<\/ul>\n<ul>\n<li><strong>Ljerka Armano, Martina Trn\u010devi\u0107, Mile Marin\u010di\u0107, Amer Ov\u010dina, Danijela \u010ci\u0161, Aleksandar Racz<br \/>\n<\/strong><br \/>\n<a href=\"https:\/\/jahs.eu\/wp-content\/uploads\/2026\/04\/10.pdf\">Klimatske promjene kao izazov za sestrinsku profesiju:Uloga medicinskih sestara u razvoju klimatski otpornog zdravstvenog sustava<\/a><br \/>\n<a href=\"https:\/\/jahs.eu\/wp-content\/uploads\/2026\/04\/10.pdf\">Climate Change as a Challenge for the Nursing Profession:The Role of Nurses in the Development of Climate-Resilient Health Systems<\/a><\/li>\n<\/ul>\n<ul>\n<li><strong>Aleksandar Racz, Gorana Isailovi\u0107, Danijela \u010ci\u0161, Martina Trn\u010devi\u0107, Ljerka Armano<br \/>\n<\/strong><br \/>\n<a href=\"https:\/\/jahs.eu\/wp-content\/uploads\/2026\/04\/11.pdf\">Integracija ekspresivnih umjetni\u010dkih tehnika u vo\u0111ene procese \u0161umske terapije kroz model facilitacije u prirodi<\/a><br \/>\n<a href=\"https:\/\/jahs.eu\/wp-content\/uploads\/2026\/04\/11.pdf\">Integrating Expressive Arts Techniques into Guided Forest Therapy through a Model of Facilitation in Nature<\/a><\/li>\n<\/ul>\n","protected":false},"excerpt":{"rendered":"<p>Volume: 12; Number:2; April 2026 &nbsp; Jasna Bo\u0161nir, Iva Lenart, Sonja Serdar, Sr\u0111an Milovac, Dario Lasi\u0107, Maja Bude\u010d, Alen \u017dupan, Danijela \u010ci\u0161, Aleksandar Racz Provjera to\u010dnosti nutritivnih deklaracija na proizvodima funkcionalne hrane i dodataka prehrani oboga\u0107enih omega-3 masnim kiselinama Verification of the Accuracy of Nutrition Declarations on Functional Foods and Dietary Supplements Enriched with Omega-3 [&hellip;]<\/p>\n","protected":false},"author":1,"featured_media":0,"parent":0,"menu_order":0,"comment_status":"closed","ping_status":"closed","template":"","meta":{"footnotes":""},"class_list":["post-2068","page","type-page","status-publish","hentry"],"_links":{"self":[{"href":"https:\/\/jahs.eu\/hr\/wp-json\/wp\/v2\/pages\/2068","targetHints":{"allow":["GET"]}}],"collection":[{"href":"https:\/\/jahs.eu\/hr\/wp-json\/wp\/v2\/pages"}],"about":[{"href":"https:\/\/jahs.eu\/hr\/wp-json\/wp\/v2\/types\/page"}],"author":[{"embeddable":true,"href":"https:\/\/jahs.eu\/hr\/wp-json\/wp\/v2\/users\/1"}],"replies":[{"embeddable":true,"href":"https:\/\/jahs.eu\/hr\/wp-json\/wp\/v2\/comments?post=2068"}],"version-history":[{"count":45,"href":"https:\/\/jahs.eu\/hr\/wp-json\/wp\/v2\/pages\/2068\/revisions"}],"predecessor-version":[{"id":2136,"href":"https:\/\/jahs.eu\/hr\/wp-json\/wp\/v2\/pages\/2068\/revisions\/2136"}],"wp:attachment":[{"href":"https:\/\/jahs.eu\/hr\/wp-json\/wp\/v2\/media?parent=2068"}],"curies":[{"name":"wp","href":"https:\/\/api.w.org\/{rel}","templated":true}]}}