{"id":2154,"date":"2026-04-29T10:06:10","date_gmt":"2026-04-29T08:06:10","guid":{"rendered":"https:\/\/jahs.eu\/?page_id=2154"},"modified":"2026-04-29T10:06:10","modified_gmt":"2026-04-29T08:06:10","slug":"the-psychological-and-ethical-specificities-of-dialysis-treatment-of-the-elderly","status":"publish","type":"page","link":"https:\/\/jahs.eu\/hr\/the-psychological-and-ethical-specificities-of-dialysis-treatment-of-the-elderly\/","title":{"rendered":"The Psychological and Ethical Specificities of Dialysis Treatment of the Elderly"},"content":{"rendered":"<p style=\"text-align: center;\"><strong>The Psychological and Ethical Specificities of Dialysis Treatment of the Elderly<\/strong><\/p>\n<p><a href=\"https:\/\/jahs.eu\/wp-content\/uploads\/2026\/04\/5.pdf\" target=\"_blank\" rel=\"noopener\"><img loading=\"lazy\" decoding=\"async\" class=\"alignnone wp-image-832\" src=\"https:\/\/jahs.eu\/wp-content\/uploads\/2015\/04\/jahs100pdf.png\" alt=\"\" width=\"50\" height=\"50\" \/><\/a><\/p>\n<p style=\"text-align: justify;\">1 Marta Klari\u0107<br \/>\n2 Jagoda Niki\u0107<br \/>\n3 Dragan Klari\u0107<\/p>\n<p style=\"text-align: justify;\">\n1 General Hospital, Zadar, Croatia<br \/>\n2 Nursing school Mlinarska, Zagreb, Croatia<br \/>\n3 Department of Nephrology and Dialysis, Zadar General Hospital, Zadar, Croatia<\/p>\n<p style=\"text-align: justify;\">\nSummary<br \/>\nNephrologists often deal with dialysis treatment of the elderly, considering that life expectancy has been increased. Somatic treatment has been shown to be quite complicated, which requires expertise, as well as empathy. Nephrologists should understand the basics of psychological functioning in this particular group of patients in order to enhance competence and decisionmaking. Defence mechanisms play an important role and may shape how patients cope with distressing aspects of illness. Treatment is ideal when a patient is cooperative. However, psychiatric advice and\/or treatment may be necessary if, for any reason, the patient becomes non-adherent or refuses treatment. Moreover, physicians are often confronted with ethical dilemmas when somatic, psychological and\/or psychiatric treatment methods have been exhausted. It is a physician\u2019s duty to provide appropriate care to all patients, including<br \/>\npatients with dementia and those at the end of life. Most of the time, family members demand maximal treatment; however, in some cases, family members urge cessation of treatment among these patients. The aim of this paper is to provide an analytical clinical case discussion of psychological and ethical specificities in dialysis care in advanced age, rather than an empirical investigation.<\/p>\n<p style=\"text-align: justify;\">\nKeywords: elderly patients, dialysis, ethical dilemma<br \/>\nArticle received: 03.09.2025.<br \/>\nArticle accepted: 31.01.2026.<br \/>\n<a href=\"https:\/\/doi.org\/10.24141\/1\/12\/2\/5\">https:\/\/doi.org\/10.24141\/1\/12\/2\/5<\/a><\/p>\n","protected":false},"excerpt":{"rendered":"<p>The Psychological and Ethical Specificities of Dialysis Treatment of the Elderly 1 Marta Klari\u0107 2 Jagoda Niki\u0107 3 Dragan Klari\u0107 1 General Hospital, Zadar, Croatia 2 Nursing school Mlinarska, Zagreb, Croatia 3 Department of Nephrology and Dialysis, Zadar General Hospital, Zadar, Croatia Summary Nephrologists often deal with dialysis treatment of the elderly, considering that life [&hellip;]<\/p>\n","protected":false},"author":1,"featured_media":0,"parent":0,"menu_order":0,"comment_status":"closed","ping_status":"closed","template":"","meta":{"footnotes":""},"class_list":["post-2154","page","type-page","status-publish","hentry"],"_links":{"self":[{"href":"https:\/\/jahs.eu\/hr\/wp-json\/wp\/v2\/pages\/2154","targetHints":{"allow":["GET"]}}],"collection":[{"href":"https:\/\/jahs.eu\/hr\/wp-json\/wp\/v2\/pages"}],"about":[{"href":"https:\/\/jahs.eu\/hr\/wp-json\/wp\/v2\/types\/page"}],"author":[{"embeddable":true,"href":"https:\/\/jahs.eu\/hr\/wp-json\/wp\/v2\/users\/1"}],"replies":[{"embeddable":true,"href":"https:\/\/jahs.eu\/hr\/wp-json\/wp\/v2\/comments?post=2154"}],"version-history":[{"count":1,"href":"https:\/\/jahs.eu\/hr\/wp-json\/wp\/v2\/pages\/2154\/revisions"}],"predecessor-version":[{"id":2155,"href":"https:\/\/jahs.eu\/hr\/wp-json\/wp\/v2\/pages\/2154\/revisions\/2155"}],"wp:attachment":[{"href":"https:\/\/jahs.eu\/hr\/wp-json\/wp\/v2\/media?parent=2154"}],"curies":[{"name":"wp","href":"https:\/\/api.w.org\/{rel}","templated":true}]}}