{"id":2166,"date":"2026-04-29T10:27:36","date_gmt":"2026-04-29T08:27:36","guid":{"rendered":"https:\/\/jahs.eu\/?page_id=2166"},"modified":"2026-04-29T10:27:36","modified_gmt":"2026-04-29T08:27:36","slug":"integracija-ekspresivnih-umjetnickih-tehnika-u-vodene-procese-sumske-terapije-kroz-model-facilitacije-u-prirodi","status":"publish","type":"page","link":"https:\/\/jahs.eu\/hr\/integracija-ekspresivnih-umjetnickih-tehnika-u-vodene-procese-sumske-terapije-kroz-model-facilitacije-u-prirodi\/","title":{"rendered":"Integracija ekspresivnih umjetni\u010dkih tehnika u vo\u0111ene procese \u0161umske terapije kroz model facilitacije u prirodi"},"content":{"rendered":"<p style=\"text-align: center;\"><strong>Integracija ekspresivnih umjetni\u010dkih tehnika u vo\u0111ene procese \u0161umske terapije kroz model facilitacije u prirodi<\/strong><\/p>\n<p><a href=\"https:\/\/jahs.eu\/wp-content\/uploads\/2026\/04\/11.pdf\" target=\"_blank\" rel=\"noopener\"><img loading=\"lazy\" decoding=\"async\" class=\"alignnone wp-image-832\" src=\"https:\/\/jahs.eu\/wp-content\/uploads\/2015\/04\/jahs100pdf.png\" alt=\"\" width=\"50\" height=\"50\" \/><\/a><\/p>\n<p style=\"text-align: justify;\">1,2,3 Aleksandar Racz<br \/>\n4 Gorana Isailovi\u0107<br \/>\n5,6 Danijela \u010ci\u0161<br \/>\n1,7 Martina Trn\u010devi\u0107<br \/>\n1,2,3,8,9 Ljerka Armano<\/p>\n<p style=\"text-align: justify;\">\n1 FoRRestMind Institute, Zagreb, Hrvatska<br \/>\n2 Zdravstveno veleu\u010dili\u0161te, Zagreb, Hrvatska<br \/>\n3 Fakultet zdravstvenih studija Sveu\u010dili\u0161ta u Rijeci, Rijeka, Hrvatska<br \/>\n4 Forest Therapy South East Europe (FTSEE), Srbija<br \/>\n5 Fakultet zdravstvenih studija Sveu\u010dili\u0161ta u Sarajevu, Sarajevo, Bosna i Hercegovina<br \/>\n6 Specijalna bolnica za plu\u0107ne bolesti, Zagreb, Hrvatska<br \/>\n7 Srednja \u0161kola za medicinske sestre Vinogradska, Zagreb, Hrvatska<br \/>\n8 Klini\u010dki bolni\u010dki centar Sestre milosrdnice, Zagreb, Hrvatska<br \/>\n9 Veleu\u010dili\u0161te Ivani\u0107-Grad, Ivani\u0107-Grad, Hrvatska<\/p>\n<p style=\"text-align: justify;\">\nSa\u017eetak<br \/>\nU suvremenom kontekstu obilje\u017eenom sve izra\u017eenijom disocijacijom izme\u0111u \u010dovjeka i prirodnog okru\u017eenja, raste interes za intervencije koje ponovno uspostavljaju tu povezanost i doprinose psihofiziolo\u0161koj dobrobiti. \u0160umska terapija (eng. forest therapy, FT) predstavlja strukturirani oblik vo\u0111enog boravka u prirodi koji poti\u010de senzornu percepciju, usporavanje i relacijsko iskustvo okoline, no u svojoj dominantnoj praksi \u010desto ostaje na razini iskustva bez sustavne psiholo\u0161ke obrade. Cilj ovoga rada bio je analizirati ulogu ekspresivnih umjetni\u010dkih tehnika unutar vo\u0111enih procesa \u0161umske terapije te predlo\u017eiti konceptualni model njihove integracije kao facilitacijskog alata. Rad se temelji na narativnom preglednom pristupu s elementima konceptualne sinteze, pri \u010demu su analizirani radovi iz podru\u010dja ekspresivne umjetni\u010dke tehnike, njezine primjene u prirodnom okru\u017eenju te literature koja definira strukturu FT procesa.<\/p>\n<p style=\"text-align: justify;\">Rezultati analize ukazuju da ekspresivne umjetni\u010dke tehnike mogu imati klju\u010dnu ulogu u prijelazu izme\u0111u neposrednog iskustva i njegove refleksivne integracije. Predlo\u017eeni model integracije temelji se na trima fazama: senzornoj, ekspresivnoj i refleksivnoj, a koje omogu\u0107uju postupno produbljenje iskustva od percepcije prema simbolizaciji i stvaranju zna\u010denja. Posebna pa\u017enja posve\u0107ena je diferencijalnoj primjeni ekspresivnih medija u odnosu na psiholo\u0161ke potrebe sudionika i dinamiku procesa.<\/p>\n<p style=\"text-align: justify;\">Zaklju\u010dno, integracija ekspresivnih umjetni\u010dkih tehnika u \u0161umsku terapiju predstavlja konceptualno i prakti\u010dno relevantan smjer razvoja \u201enature-based\u201c intervencija. Takav pristup omogu\u0107uje zadr\u017eavanje iskustvene prirode boravka u prirodi, uz istovremeno uvo\u0111enje strukture koja podr\u017eava dublju psiholo\u0161ku obradu i integraciju iskustva. Potrebna su daljnja istra\u017eivanja radi empirijske provjere predlo\u017eenog modela i razvoja standardiziranih facilitacijskih protokola.<\/p>\n<p style=\"text-align: justify;\">\nKlju\u010dne rije\u010di: \u0161umska terapija; forest therapy; ekspresivne tehnike; ekspresivne umjetni\u010dke tehnike; \u201enature-based\u201c intervencije; psiholo\u0161ka integracija; biophilia; mentalno zdravlje<br \/>\nDatum primitka: 03.09.2025.<br \/>\nDatum prihva\u0107anja: 31.01.2026.<br \/>\n<a href=\"https:\/\/doi.org\/10.24141\/1\/12\/2\/11\">https:\/\/doi.org\/10.24141\/1\/12\/2\/11<\/a><\/p>\n","protected":false},"excerpt":{"rendered":"<p>Integracija ekspresivnih umjetni\u010dkih tehnika u vo\u0111ene procese \u0161umske terapije kroz model facilitacije u prirodi 1,2,3 Aleksandar Racz 4 Gorana Isailovi\u0107 5,6 Danijela \u010ci\u0161 1,7 Martina Trn\u010devi\u0107 1,2,3,8,9 Ljerka Armano 1 FoRRestMind Institute, Zagreb, Hrvatska 2 Zdravstveno veleu\u010dili\u0161te, Zagreb, Hrvatska 3 Fakultet zdravstvenih studija Sveu\u010dili\u0161ta u Rijeci, Rijeka, Hrvatska 4 Forest Therapy South East Europe (FTSEE), [&hellip;]<\/p>\n","protected":false},"author":1,"featured_media":0,"parent":0,"menu_order":0,"comment_status":"closed","ping_status":"closed","template":"","meta":{"footnotes":""},"class_list":["post-2166","page","type-page","status-publish","hentry"],"_links":{"self":[{"href":"https:\/\/jahs.eu\/hr\/wp-json\/wp\/v2\/pages\/2166","targetHints":{"allow":["GET"]}}],"collection":[{"href":"https:\/\/jahs.eu\/hr\/wp-json\/wp\/v2\/pages"}],"about":[{"href":"https:\/\/jahs.eu\/hr\/wp-json\/wp\/v2\/types\/page"}],"author":[{"embeddable":true,"href":"https:\/\/jahs.eu\/hr\/wp-json\/wp\/v2\/users\/1"}],"replies":[{"embeddable":true,"href":"https:\/\/jahs.eu\/hr\/wp-json\/wp\/v2\/comments?post=2166"}],"version-history":[{"count":1,"href":"https:\/\/jahs.eu\/hr\/wp-json\/wp\/v2\/pages\/2166\/revisions"}],"predecessor-version":[{"id":2167,"href":"https:\/\/jahs.eu\/hr\/wp-json\/wp\/v2\/pages\/2166\/revisions\/2167"}],"wp:attachment":[{"href":"https:\/\/jahs.eu\/hr\/wp-json\/wp\/v2\/media?parent=2166"}],"curies":[{"name":"wp","href":"https:\/\/api.w.org\/{rel}","templated":true}]}}