{"id":245,"date":"2016-12-06T13:29:31","date_gmt":"2016-12-06T12:29:31","guid":{"rendered":"http:\/\/jahs.eu\/?page_id=245"},"modified":"2019-04-15T13:51:47","modified_gmt":"2019-04-15T11:51:47","slug":"volume-2-number-1-april-2016","status":"publish","type":"page","link":"https:\/\/jahs.eu\/hr\/volume-2-number-1-april-2016\/","title":{"rendered":"Volume: 2; Number: 1; April 2016"},"content":{"rendered":"<p><\/p>\n<h3><span style=\"text-decoration: underline;\"><strong>Volume: 2; Number: 1; April 2016<\/strong><\/span><\/h3>\n<p><a href=\"http:\/\/jahs.eu\/wp-content\/uploads\/2019\/04\/JAHS3.pdf\" target=\"_blank\"><img loading=\"lazy\" decoding=\"async\" class=\"alignnone wp-image-832\" src=\"http:\/\/jahs.eu\/wp-content\/uploads\/2015\/04\/jahs100pdf.png\" alt=\"\" width=\"50\" height=\"50\" \/><\/a><\/p>\n<p><a href=\"https:\/\/doi.org\/10.24141\/1\/2\/1\" target=\"_blank\">https:\/\/doi.org\/10.24141\/1\/2\/1<\/a><\/p>\n<h3><span style=\"text-decoration: underline;\"><strong>\u00a0<\/strong><\/span><\/h3>\n<ul>\n<li><strong>Vanja Lovreti\u0107, Ksenija Pongrac, Gorka Vuleti\u0107, Tomislav Benjak<br \/>\n<\/strong><a href=\"http:\/\/jahs.eu\/hr\/volume-2-number-1-april-2016\/utjecaj-socijalne-podrske-na-kvalitetu-zivota-osoba-s-ostecenjem-sluha\/\" target=\"_blank\">Utjecaj socijalne podr\u0161ke na kvalitetu \u017eivota osoba s o\u0161te\u0107enjem sluha<br \/>\n<\/a><a href=\"http:\/\/jahs.eu\/hr\/volume-2-number-1-april-2016\/utjecaj-socijalne-podrske-na-kvalitetu-zivota-osoba-s-ostecenjem-sluha\/\" target=\"_blank\">Role of social support in quality of life of people with hearing impairment<\/a><strong><br \/>\n<\/strong><\/li>\n<li><strong>Aleksandar Racz, Jadranka Pavi\u0107, Vlado \u010cutura<br \/>\n<\/strong><a href=\"http:\/\/jahs.eu\/hr\/volume-2-number-1-april-2016\/duhovna-strana-izljecenja-nadnaravno-cudo-ili-spontana-remisija\/\" target=\"_blank\">Duhovna strana izlje\u010denja \u2013 nadnaravno \u010dudo ili spontana remisija<br \/>\nThe spiritual side of healing &#8211; a supernatural miracle or spontaneous remission<\/a><strong><br \/>\n<\/strong><\/li>\n<li><strong>Dea Ajdukovi\u0107<\/strong><br \/>\n<a href=\"http:\/\/jahs.eu\/hr\/volume-2-number-1-april-2016\/praksa-dijabetologa-i-dijabetoloskih-medicinskih-sestara-u-vezi-s-provjerom-seksualne-disfunkcije-kod-hrvatskih-bolesnika-sa-secernom-bolescu\/\" target=\"_blank\">Praksa dijabetologa i dijabetolo\u0161kih medicinskih sestara u vezi s provjerom seksualne disfunkcije kod hrvatskih bolesnika sa \u0161e\u0107ernom bole\u0161\u0107u<br \/>\nClinical practice of diabetologists and diabetes nurses regarding sexual dysfunction (SD) in Croatian patients with diabetes<\/a><\/li>\n<li><strong>Sanda Anton<\/strong><br \/>\n<a href=\"http:\/\/jahs.eu\/hr\/volume-2-number-1-april-2016\/gdje-je-nestao-pan-prikaz-lijecenja-panicnog-poremecaja-s-agorafobijom\/\" target=\"_blank\">Gdje je nestao Pan? (prikaz lije\u010denja pani\u010dnog poreme\u0107aja s agorafobijom)<br \/>\nWhere did Pan disappear? (Overview of the tretment of panic disorder with agoraphobia)<\/a><\/li>\n<li><strong>Samka Eki\u0107, Ana Primorac, Boris Vu\u010di\u0107<\/strong><br \/>\n<a href=\"http:\/\/jahs.eu\/hr\/volume-2-number-1-april-2016\/profesionalni-stres-kod-medicinskih-sestara-i-tehnicara\/\" target=\"_blank\">Profesionalni stres kod medicinskih sestara i tehni\u010dara<br \/>\nProfessional stress in nurses<\/a><\/li>\n<li><strong>Marijana Hodak Ivani\u0161evi\u0107, Suzana Uzun, Oliver Kozumplik, Ninoslav Mimica<\/strong><br \/>\n<a href=\"http:\/\/jahs.eu\/hr\/volume-2-number-1-april-2016\/ucestalost-seksualnih-disfunkcija-u-bolesnika-s-depresivnim-poremecajem-lijecenih-antidepresivima-iz-razlicitih-skupina\/\" target=\"_blank\">U\u010destalost seksualnih disfunkcija u bolesnika s depresivnim poreme\u0107ajem lije\u010denih antidepresivima iz razli\u010ditih skupina<br \/>\nFrequency of sexual dysfunction in patients with depressive disorder diagnosis treated with different classes of antidepressants<\/a><\/li>\n<li><strong>Marina Matota, Zrinka Puhari\u0107, Tamara Salaj, Mirna \u017dulec<\/strong><br \/>\n<a href=\"http:\/\/jahs.eu\/hr\/volume-2-number-1-april-2016\/pojavnost-hpv-infekcije-u-koprivnicko-krizevackoj-zupaniji-i-uloga-nacionalnog-programa-ranog-otkrivanja-raka-vrata-maternice\/\" target=\"_blank\">Pojavnost HPV infekcije u Koprivni\u010dko-kri\u017eeva\u010dkoj \u017eupaniji i uloga Nacionalnog programa ranog otkrivanja raka vrata maternice<br \/>\nIncidence of HPV infection in Koprivnica-Kri\u017eevci county and the role of National program of early detection of cervical cancer<\/a><\/li>\n<\/ul>\n<p><\/p>","protected":false},"excerpt":{"rendered":"<p>Volume: 2; Number: 1; April 2016 https:\/\/doi.org\/10.24141\/1\/2\/1 \u00a0 Vanja Lovreti\u0107, Ksenija Pongrac, Gorka Vuleti\u0107, Tomislav Benjak Utjecaj socijalne podr\u0161ke na kvalitetu \u017eivota osoba s o\u0161te\u0107enjem sluha Role of social support in quality of life of people with hearing impairment Aleksandar Racz, Jadranka Pavi\u0107, Vlado \u010cutura Duhovna strana izlje\u010denja \u2013 nadnaravno \u010dudo ili spontana remisija The [&hellip;]<\/p>\n","protected":false},"author":1,"featured_media":0,"parent":0,"menu_order":0,"comment_status":"closed","ping_status":"open","template":"","meta":{"footnotes":""},"class_list":["post-245","page","type-page","status-publish","hentry"],"_links":{"self":[{"href":"https:\/\/jahs.eu\/hr\/wp-json\/wp\/v2\/pages\/245","targetHints":{"allow":["GET"]}}],"collection":[{"href":"https:\/\/jahs.eu\/hr\/wp-json\/wp\/v2\/pages"}],"about":[{"href":"https:\/\/jahs.eu\/hr\/wp-json\/wp\/v2\/types\/page"}],"author":[{"embeddable":true,"href":"https:\/\/jahs.eu\/hr\/wp-json\/wp\/v2\/users\/1"}],"replies":[{"embeddable":true,"href":"https:\/\/jahs.eu\/hr\/wp-json\/wp\/v2\/comments?post=245"}],"version-history":[{"count":11,"href":"https:\/\/jahs.eu\/hr\/wp-json\/wp\/v2\/pages\/245\/revisions"}],"predecessor-version":[{"id":868,"href":"https:\/\/jahs.eu\/hr\/wp-json\/wp\/v2\/pages\/245\/revisions\/868"}],"wp:attachment":[{"href":"https:\/\/jahs.eu\/hr\/wp-json\/wp\/v2\/media?parent=245"}],"curies":[{"name":"wp","href":"https:\/\/api.w.org\/{rel}","templated":true}]}}