{"id":288,"date":"2017-06-21T22:32:05","date_gmt":"2017-06-21T20:32:05","guid":{"rendered":"http:\/\/jahs.eu\/?page_id=288"},"modified":"2019-04-15T13:45:26","modified_gmt":"2019-04-15T11:45:26","slug":"volume-3-number-1-june-2017","status":"publish","type":"page","link":"https:\/\/jahs.eu\/hr\/volume-3-number-1-june-2017\/","title":{"rendered":"Volume: 3; Number: 1; June 2017"},"content":{"rendered":"<p><\/p>\n<h3><span style=\"text-decoration: underline;\"><strong>Volume: 3; Number: 1; June 2017<\/strong><\/span><\/h3>\n<p><a href=\"http:\/\/jahs.eu\/wp-content\/uploads\/2019\/04\/JAHS5.pdf\" target=\"_blank\"><img loading=\"lazy\" decoding=\"async\" class=\"alignnone wp-image-832\" src=\"http:\/\/jahs.eu\/wp-content\/uploads\/2015\/04\/jahs100pdf.png\" alt=\"\" width=\"50\" height=\"50\" \/><\/a><\/p>\n<p><a href=\"https:\/\/doi.org\/10.24141\/1\/3\/1\" target=\"_blank\">https:\/\/doi.org\/10.24141\/1\/3\/1<\/a><\/p>\n<p>&nbsp;<\/p>\n<ul>\n<li><strong>Ljerka Armano, Olivera Petrak, Josipa Kern<br \/>\n<\/strong><a href=\"http:\/\/jahs.eu\/hr\/volume-3-number-1-june-2017\/iskustva-onkoloskih-bolesnika-u-primjeni-alternativnih-i-komplementarnih-metoda-lijecenja\/\" target=\"_blank\">Iskustva onkolo\u0161kih bolesnika u primjeni alternativnih i komplementarnih metoda lije\u010denja<\/a><br \/>\n<a href=\"http:\/\/jahs.eu\/hr\/volume-3-number-1-june-2017\/iskustva-onkoloskih-bolesnika-u-primjeni-alternativnih-i-komplementarnih-metoda-lijecenja\/\" target=\"_blank\">Experiences of Cancer Patients in the Application of Alternative and Complementary Medicine<\/a><\/li>\n<li><strong>\u017deljko Kalu\u0111erovi\u0107<\/strong><br \/>\n<a href=\"http:\/\/jahs.eu\/hr\/volume-3-number-1-june-2017\/juznoitalsko-ucenje-o-dusi\/\" target=\"_blank\">Ju\u017enoitalsko u\u010denje o du\u0161i<\/a><br \/>\n<a href=\"http:\/\/jahs.eu\/hr\/volume-3-number-1-june-2017\/juznoitalsko-ucenje-o-dusi\/\" target=\"_blank\"> Southern Italian Doctrine of the Soul<\/a><\/li>\n<li><strong>Koraljka Modi\u0107 Stanke<\/strong><br \/>\n<a href=\"http:\/\/jahs.eu\/hr\/volume-3-number-1-june-2017\/stabilnost-mjera-boli-u-razlicitom-podrazajnom-kontekstu\/\" target=\"_blank\">Stability of Pain Measures in a Different Stimuli Context<\/a><br \/>\n<a href=\"http:\/\/jahs.eu\/hr\/volume-3-number-1-june-2017\/stabilnost-mjera-boli-u-razlicitom-podrazajnom-kontekstu\/\" target=\"_blank\">Stabilnost mjera boli u razli\u010ditom podra\u017eajnom kontekstu<\/a><\/li>\n<li><strong>Toni Babarovi\u0107<\/strong><br \/>\n<a href=\"http:\/\/jahs.eu\/hr\/volume-3-number-1-june-2017\/povezanost-indeksa-tjelesne-mase-i-zadovoljstva-tijelom-kod-mladih-odraslih-muskaraca\/\" target=\"_blank\">Povezanost indeksa tjelesne mase i zadovoljstva tijelom kod mla\u0111ih odraslih mu\u0161karaca<\/a><br \/>\n<a href=\"http:\/\/jahs.eu\/hr\/volume-3-number-1-june-2017\/povezanost-indeksa-tjelesne-mase-i-zadovoljstva-tijelom-kod-mladih-odraslih-muskaraca\/\" target=\"_blank\">Relationship Between Body Mass Index and Body Satisfaction in Young Adult Men<\/a><\/li>\n<li><strong>Martina Cipan, Gordana Grozdek \u010cov\u010di\u0107, Mirjana Telebuh<\/strong><br \/>\n<a href=\"http:\/\/jahs.eu\/hr\/volume-3-number-1-june-2017\/analiza-ucinaka-bobath-tretmana-i-klasicnoga-fizioterapijskog-tretmana-u-aktivnostima-svakodnevnog-zivota-kod-bolesnika-nakon-mozdanog-udara-barthelovim-indeksom\/\" target=\"_blank\">Analiza u\u010dinaka Bobath tretmana i klasi\u010dnoga fizioterapijskog tretmana u aktivnostima svakodnevnog \u017eivota kod bolesnika nakon mo\u017edanog udara Barthelovim indeksom<\/a><br \/>\n<a href=\"http:\/\/jahs.eu\/hr\/volume-3-number-1-june-2017\/analiza-ucinaka-bobath-tretmana-i-klasicnoga-fizioterapijskog-tretmana-u-aktivnostima-svakodnevnog-zivota-kod-bolesnika-nakon-mozdanog-udara-barthelovim-indeksom\/\" target=\"_blank\">Analysis of Effects of Bobath Treatment and Classic Physiotherapy Treatment on Activities of Daily Living in Patients after Stroke<\/a><\/li>\n<li><strong>Natalija Ur\u0161ulin-Trstenjak, Davor Levani\u0107, Ivana Grabar, Marijana Koldenjak, Jasna Bo\u0161nir<\/strong><br \/>\n<a href=\"http:\/\/jahs.eu\/hr\/volume-3-number-1-june-2017\/fizikalno-kemijski-profili-hrvatskog-meda-s-prikazom-potrosnje-medu-studentima-zdravstvenog-usmjerenja\/\" target=\"_blank\">Physico-Chemical Profiles of Croatian Honey with an Overview of Its Consumption among Healthcare Students<\/a><br \/>\n<a href=\"http:\/\/jahs.eu\/hr\/volume-3-number-1-june-2017\/fizikalno-kemijski-profili-hrvatskog-meda-s-prikazom-potrosnje-medu-studentima-zdravstvenog-usmjerenja\/\" target=\"_blank\">Fizikalno-kemijski profili hrvatskog meda s prikazom potro\u0161nje me\u0111u studentima zdravstvenog usmjerenja<\/a><\/li>\n<li><strong>Sanja Ledinski Fi\u010dko, Snje\u017eana \u010cukljek, Martina Smrekar, Ana Marija Ho\u0161njak<\/strong><br \/>\n<a href=\"http:\/\/jahs.eu\/hr\/volume-3-number-1-june-2017\/promocija-mentalnog-zdravlja-i-prevencija-mentalnih-poremecaja-kod-djece-i-adolescenata-sistematican-pregled-literature\/\" target=\"_blank\">Promocija mentalnog zdravlja i prevencija mentalnih poreme\u0107aja kod djece i adolescenata \u2013 sistemati\u010dan pregled literature <\/a><br \/>\n<a href=\"http:\/\/jahs.eu\/hr\/volume-3-number-1-june-2017\/promocija-mentalnog-zdravlja-i-prevencija-mentalnih-poremecaja-kod-djece-i-adolescenata-sistematican-pregled-literature\/\" target=\"_blank\">Promotion of Mental Health and Prevention of Mental Disorders in Children and Adolescents &#8211; A Systematic Literature Review<\/a><\/li>\n<li><strong>Roberto Licul, Tatjana Matteoni, Martina Mo\u010deni\u0107<\/strong><br \/>\n<a href=\"http:\/\/jahs.eu\/hr\/volume-3-number-1-june-2017\/procjena-rizika-od-pada-pregled-skala-za-evaluaciju-rizika\/\" target=\"_blank\">Procjena rizika od pada: pregled skala za evaluaciju rizika<\/a><br \/>\n<a href=\"http:\/\/jahs.eu\/hr\/volume-3-number-1-june-2017\/procjena-rizika-od-pada-pregled-skala-za-evaluaciju-rizika\/\" target=\"_blank\">Review of Fall Risk Assessment Scales<\/a><\/li>\n<li><strong>Tomislav Rumbak, Olivera Petrak<\/strong><br \/>\n<a href=\"http:\/\/jahs.eu\/hr\/volume-3-number-1-june-2017\/usporedba-dviju-fizioterapijskih-metoda-kod-nespecificne-boli-u-vratu\/\" target=\"_blank\">Usporedba dviju fizioterapijskih metoda kod nespecifi\u010dne boli u vratu<\/a><br \/>\n<a href=\"http:\/\/jahs.eu\/hr\/volume-3-number-1-june-2017\/usporedba-dviju-fizioterapijskih-metoda-kod-nespecificne-boli-u-vratu\/\" target=\"_blank\">A Comparison of Two Physiotherapy Treatment Approaches for Nonspecific Neck Pain<\/a><\/li>\n<li><strong>Marija Brdarevi\u0107, Zrinka Pranji\u0107 Kozlek<\/strong><br \/>\n<a href=\"http:\/\/jahs.eu\/hr\/volume-3-number-1-june-2017\/prijateljstvo-kao-vrlina-u-praksi-medicinske-sestre-u-odnosu-na-aristotelovu-etiku\/\" target=\"_blank\">Prijateljstvo kao vrlina u praksi medicinske sestre u odnosu na Aristotelovu etiku<\/a><br \/>\n<a href=\"http:\/\/jahs.eu\/hr\/volume-3-number-1-june-2017\/prijateljstvo-kao-vrlina-u-praksi-medicinske-sestre-u-odnosu-na-aristotelovu-etiku\/\" target=\"_blank\">Friendship as a Virtue in the Practice of Nurses in Relation to Aristotle\u2019s Ethics<\/a><\/li>\n<li><strong>Dubravka Grguri\u0107, Valentina Ko\u0161\u0107ak<\/strong><br \/>\n<a href=\"http:\/\/jahs.eu\/hr\/volume-3-number-1-june-2017\/dekontaminacija-povrsina-u-bolnickoj-sredini-vodikovim-peroksidom-nasa-iskustva-u-kb-dubrava\/\" target=\"_blank\">Dekontaminacija povr\u0161ina u bolni\u010dkoj sredini vodikovim peroksidom \u2013 na\u0161a iskustva u KB Dubrava<\/a><br \/>\n<a href=\"http:\/\/jahs.eu\/hr\/volume-3-number-1-june-2017\/dekontaminacija-povrsina-u-bolnickoj-sredini-vodikovim-peroksidom-nasa-iskustva-u-kb-dubrava\/\" target=\"_blank\">Decontamination of Surfaces in the Hospital Environment with Hydrogen Peroxide \u2013Our Experience in University Hospital Dubrava<\/a><\/li>\n<li><strong>Valentina Koli\u0107, Lana Feher Turkovi\u0107, Dragana \u0160egulja, Danica Mati\u0161i\u0107<\/strong><br \/>\n<a href=\"http:\/\/jahs.eu\/hr\/volume-3-number-1-june-2017\/referentni-intervali-u-laboratorijskoj-medicini\/\" target=\"_blank\">Referentni intervali u laboratorijskoj medicini<\/a><br \/>\n<a href=\"http:\/\/jahs.eu\/hr\/volume-3-number-1-june-2017\/referentni-intervali-u-laboratorijskoj-medicini\/\" target=\"_blank\">Reference Intervals in Laboratory Medicine<\/a><\/li>\n<li><strong>Nino Pinter, \u017deljka Cvrtila, Lidija Koza\u010dinski, Bela Njari<\/strong><br \/>\n<a href=\"http:\/\/jahs.eu\/hr\/volume-3-number-1-june-2017\/kvaliteta-cvjetnog-meda-za-potrebe-oruzanih-snaga-republike-hrvatske\/\" target=\"_blank\">Kvaliteta cvjetnog meda za potrebe Oru\u017eanih snaga Republike Hrvatske<\/a><br \/>\n<a href=\"http:\/\/jahs.eu\/hr\/volume-3-number-1-june-2017\/kvaliteta-cvjetnog-meda-za-potrebe-oruzanih-snaga-republike-hrvatske\/\" target=\"_blank\">The Quality Floral Honey for the Needs of the Croatian Armed Forces<\/a><\/li>\n<\/ul>\n<p><\/p>","protected":false},"excerpt":{"rendered":"<p>Volume: 3; Number: 1; June 2017 https:\/\/doi.org\/10.24141\/1\/3\/1 &nbsp; Ljerka Armano, Olivera Petrak, Josipa Kern Iskustva onkolo\u0161kih bolesnika u primjeni alternativnih i komplementarnih metoda lije\u010denja Experiences of Cancer Patients in the Application of Alternative and Complementary Medicine \u017deljko Kalu\u0111erovi\u0107 Ju\u017enoitalsko u\u010denje o du\u0161i Southern Italian Doctrine of the Soul Koraljka Modi\u0107 Stanke Stability of Pain Measures [&hellip;]<\/p>\n","protected":false},"author":1,"featured_media":0,"parent":0,"menu_order":0,"comment_status":"closed","ping_status":"closed","template":"","meta":{"footnotes":""},"class_list":["post-288","page","type-page","status-publish","hentry"],"_links":{"self":[{"href":"https:\/\/jahs.eu\/hr\/wp-json\/wp\/v2\/pages\/288","targetHints":{"allow":["GET"]}}],"collection":[{"href":"https:\/\/jahs.eu\/hr\/wp-json\/wp\/v2\/pages"}],"about":[{"href":"https:\/\/jahs.eu\/hr\/wp-json\/wp\/v2\/types\/page"}],"author":[{"embeddable":true,"href":"https:\/\/jahs.eu\/hr\/wp-json\/wp\/v2\/users\/1"}],"replies":[{"embeddable":true,"href":"https:\/\/jahs.eu\/hr\/wp-json\/wp\/v2\/comments?post=288"}],"version-history":[{"count":22,"href":"https:\/\/jahs.eu\/hr\/wp-json\/wp\/v2\/pages\/288\/revisions"}],"predecessor-version":[{"id":860,"href":"https:\/\/jahs.eu\/hr\/wp-json\/wp\/v2\/pages\/288\/revisions\/860"}],"wp:attachment":[{"href":"https:\/\/jahs.eu\/hr\/wp-json\/wp\/v2\/media?parent=288"}],"curies":[{"name":"wp","href":"https:\/\/api.w.org\/{rel}","templated":true}]}}