{"id":344,"date":"2017-12-18T13:27:09","date_gmt":"2017-12-18T12:27:09","guid":{"rendered":"http:\/\/jahs.eu\/?page_id=344"},"modified":"2019-04-15T13:29:31","modified_gmt":"2019-04-15T11:29:31","slug":"volume-3-number-2-december-2017","status":"publish","type":"page","link":"https:\/\/jahs.eu\/hr\/volume-3-number-2-december-2017\/","title":{"rendered":"Volume: 3; Number: 2; December 2017"},"content":{"rendered":"<p><\/p>\n<h3><span style=\"text-decoration: underline;\"><strong>Volume: 3; Number: 2; December 2017<\/strong><\/span><\/h3>\n<p><a href=\"http:\/\/jahs.eu\/wp-content\/uploads\/2019\/04\/JAHS6.pdf\" target=\"_blank\"><img loading=\"lazy\" decoding=\"async\" class=\"alignnone wp-image-832\" src=\"http:\/\/jahs.eu\/wp-content\/uploads\/2015\/04\/jahs100pdf.png\" alt=\"\" width=\"50\" height=\"50\" \/><\/a><\/p>\n<p><a href=\"https:\/\/doi.org\/10.24141\/1\/3\/2\" target=\"_blank\">https:\/\/doi.org\/10.24141\/1\/3\/2<\/a><\/p>\n<p>&nbsp;<\/p>\n<ul>\n<li><strong>\u017deljka Buturovi\u0107, Suzana Ignjatovi\u0107, Mirjana Ra\u0161evi\u0107<br \/>\n<\/strong><a href=\"http:\/\/jahs.eu\/hr\/volume-3-number-2-december-2017\/stavovi-prema-dojenju-i-praksa-dojenja-nedostatak-podrske-dojenju-u-javnosti-kao-cimbenik-niskih-stopa-dojenja\/\" target=\"_blank\">Stavovi prema dojenju i praksa dojenja: nedostatak podr\u0161ke dojenju u javnosti kao \u010dimbenik niskih stopa dojenja<\/a><br \/>\n<a href=\"http:\/\/jahs.eu\/hr\/volume-3-number-2-december-2017\/stavovi-prema-dojenju-i-praksa-dojenja-nedostatak-podrske-dojenju-u-javnosti-kao-cimbenik-niskih-stopa-dojenja\/\" target=\"_blank\">Attitudes toward Breastfeeding and Breastfeeding Practice: Lack of Support for Breastfeeding in Public as a Factor in Low Breastfeeding Rates<\/a><\/li>\n<li><strong>Matea \u0106eli\u0107, Andreja Bartolac<\/strong><br \/>\n<a href=\"http:\/\/jahs.eu\/hr\/volume-3-number-2-december-2017\/primjena-testa-izvedbe-izvrsnih-funkcija-efpt-nakon-operacije-meningeoma\/\" target=\"_blank\">Primjena Testa izvedbe izvr\u0161nih funkcija (efpt) nakon operacije meningeoma<\/a><br \/>\n<a href=\"http:\/\/jahs.eu\/hr\/volume-3-number-2-december-2017\/primjena-testa-izvedbe-izvrsnih-funkcija-efpt-nakon-operacije-meningeoma\/\" target=\"_blank\">Application of the Executive Function Performance Test (EFPT) After Meningioma Surgery<\/a><\/li>\n<li><strong>Vanja Lovreti\u0107, Tomislav Benjak, Gorka Vuleti\u0107, \u017deljka Drau\u0161nik<\/strong><br \/>\n<a href=\"http:\/\/jahs.eu\/hr\/volume-3-number-2-december-2017\/komparativna-studija-samoprocjene-zdravlja-biciklista-i-neaktivnih-osoba-u-hrvatskoj\/\" target=\"_blank\">Komparativna studija samoprocjene zdravlja biciklista i neaktivnih osoba u Hrvatskoj<\/a><br \/>\n<a href=\"http:\/\/jahs.eu\/hr\/volume-3-number-2-december-2017\/komparativna-studija-samoprocjene-zdravlja-biciklista-i-neaktivnih-osoba-u-hrvatskoj\/\" target=\"_blank\">A Comparative Study on Self-Perceived Health of Cyclists and Inactive Persons in Croatia<\/a><\/li>\n<li><strong>Renata Sviben, Zrinka Pukljak Iri\u010danin, Anita Lauri Korajlija, Ida \u010cular Reljanovi\u0107<\/strong><br \/>\n<a href=\"http:\/\/jahs.eu\/hr\/volume-3-number-2-december-2017\/sindrom-sagorijevanja-i-mentalno-zdravlje-kod-medicinskog-osoblja-sa-psihijatrijskog-i-nepsihijatrijskih-odjela\/\" target=\"_blank\">Sindrom sagorijevanja i mentalno zdravlje kod medicinskog osoblja sa psihijatrijskog i nepsihijatrijskih odjela<\/a><br \/>\n<a href=\"http:\/\/jahs.eu\/hr\/volume-3-number-2-december-2017\/sindrom-sagorijevanja-i-mentalno-zdravlje-kod-medicinskog-osoblja-sa-psihijatrijskog-i-nepsihijatrijskih-odjela\/\" target=\"_blank\">Burnout Syndrome and Mental Health in Nurses from Psychiatric and Non-Psychiatric Hospital Wards<\/a><\/li>\n<li><strong>Anastasia Ukhanova<\/strong><br \/>\n<a href=\"http:\/\/jahs.eu\/hr\/volume-3-number-2-december-2017\/ukljucenost-roditelja-moderira-medusobnu-povezanost-stresnih-dogadaja-i-mentalnog-zdravlja-adolescenata\/\" target=\"_blank\">Uklju\u010denost roditelja moderira me\u0111usobnu povezanost stresnih doga\u0111aja i mentalnog zdravlja adolescenata<\/a><br \/>\n<a href=\"http:\/\/jahs.eu\/hr\/volume-3-number-2-december-2017\/ukljucenost-roditelja-moderira-medusobnu-povezanost-stresnih-dogadaja-i-mentalnog-zdravlja-adolescenata\/\" target=\"_blank\">Parental Involvement Moderates the Interrelationship between Stressful Events and Adolescents\u2019 Mental Health<\/a><\/li>\n<li><strong>Ibrahim Garba, Ali Umar, Gloria Musa, Dlama Joseph<\/strong><br \/>\n<a href=\"http:\/\/jahs.eu\/hr\/volume-3-number-2-december-2017\/utjecaj-zdravstvenog-obrazovanja-u-zajednici-na-upravljanje-primarnom-zdravstvenom-zastitom-u-nigerijskoj-populaciji\/\" target=\"_blank\">Utjecaj zdravstvenog obrazovanja u zajednici na upravljanje primarnom zdravstvenom za\u0161titom u nigerijskoj populaciji<\/a><br \/>\n<a href=\"http:\/\/jahs.eu\/hr\/volume-3-number-2-december-2017\/utjecaj-zdravstvenog-obrazovanja-u-zajednici-na-upravljanje-primarnom-zdravstvenom-zastitom-u-nigerijskoj-populaciji\/\" target=\"_blank\">The Impact of Community-based Health Education in the Management of Primary Health Care in the Nigerian Population<\/a><\/li>\n<li><strong>Aleksandar Racz<\/strong><br \/>\n<a href=\"http:\/\/jahs.eu\/hr\/volume-3-number-2-december-2017\/analiza-razvoja-golf-turizma-kroz-paradigmu-menadzmenta-odrzivog-razvoja\/\" target=\"_blank\">Analiza razvoja golf-turizma kroz paradigmu menad\u017ementa odr\u017eivog razvoja<\/a><br \/>\n<a href=\"http:\/\/jahs.eu\/hr\/volume-3-number-2-december-2017\/analiza-razvoja-golf-turizma-kroz-paradigmu-menadzmenta-odrzivog-razvoja\/\" target=\"_blank\">Analysis of Golf Tourism Development in Terms of Sustainable Development Management<\/a><\/li>\n<li><strong>Dorjana Vidmar, Adem Hajredini<\/strong><br \/>\n<a href=\"http:\/\/jahs.eu\/hr\/volume-3-number-2-december-2017\/razlika-u-pojavnosti-ranih-komplikacija-perkutanog-zracenja-raka-vrata-maternice-izmedu-pacijentica-s-planiranim-lijecenjem-2d-i-3d-tehnikom\/\" target=\"_blank\">Razlika u pojavnosti ranih komplikacija perkutanog zra\u010denja raka vrata maternice izme\u0111u pacijentica s planiranim lije\u010denjem 2D i 3D tehnikom<\/a><br \/>\n<a href=\"http:\/\/jahs.eu\/hr\/volume-3-number-2-december-2017\/razlika-u-pojavnosti-ranih-komplikacija-perkutanog-zracenja-raka-vrata-maternice-izmedu-pacijentica-s-planiranim-lijecenjem-2d-i-3d-tehnikom\/\" target=\"_blank\">Difference in the Incidence of Early Complications of Teletherapy of Cervical Cancer between 2D and 3D Planned Patients<\/a><\/li>\n<li><strong>Nikolina Vukoja, Suzana Han\u010di\u0107, Petra Kora\u0107<\/strong><br \/>\n<a href=\"http:\/\/jahs.eu\/hr\/volume-3-number-2-december-2017\/razvoj-metoda-imunohistokemijskog-bojenja-i-optimizacija-protokola-za-detekciju-transkripcijskog-faktora-bach2\/\" target=\"_blank\">Razvoj metoda imunohistokemijskog bojenja i optimizacija protokola za detekciju transkripcijskog faktora BACH2<\/a><br \/>\n<a href=\"http:\/\/jahs.eu\/hr\/volume-3-number-2-december-2017\/razvoj-metoda-imunohistokemijskog-bojenja-i-optimizacija-protokola-za-detekciju-transkripcijskog-faktora-bach2\/\" target=\"_blank\">Development of Immunohistochemical Staining Methods and Optimization of Immunohistochemical Protocol for BACH2 Transcription Factor<\/a><\/li>\n<li><strong>Darija Dobri\u0107, Andrea Cvitkovi\u0107 Roi\u0107, Vesna Kumanovi\u0107, Marinela \u0160kunca<\/strong><br \/>\n<a href=\"http:\/\/jahs.eu\/hr\/volume-3-number-2-december-2017\/neuromodulacija-kao-izbor-lijecenja-kod-djeteta-s-neurogenim-mokracnim-mjehurom-prikaz-slucaja\/\" target=\"_blank\">Neuromodulacija kao izbor lije\u010denja kod djeteta s neurogenim mokra\u0107nim mjehurom \u2013 prikaz slu\u010daja<\/a><br \/>\n<a href=\"http:\/\/jahs.eu\/hr\/volume-3-number-2-december-2017\/neuromodulacija-kao-izbor-lijecenja-kod-djeteta-s-neurogenim-mokracnim-mjehurom-prikaz-slucaja\/\" target=\"_blank\">Neuromodulation as a Treatment of Choice for a Child with Neurogenic Bladder \u2212 Case Report<\/a><\/li>\n<li><strong>Maja Marija \u017delimorski, Marija Maras, Darko Mila\u0161\u010devi\u0107<\/strong><br \/>\n<a href=\"http:\/\/jahs.eu\/hr\/volume-3-number-2-december-2017\/tranzicija-teorijskih-znanja-u-praksu-kroz-prikaz-slucaja-studentsko-iskustvo\/\" target=\"_blank\">Tranzicija teorijskih znanja u praksu kroz prikaz slu\u010daja \u2013 studentsko iskustvo<\/a><br \/>\n<a href=\"http:\/\/jahs.eu\/hr\/volume-3-number-2-december-2017\/tranzicija-teorijskih-znanja-u-praksu-kroz-prikaz-slucaja-studentsko-iskustvo\/\" target=\"_blank\">Transition of Theoretical Knowledge into Practice Through a Case Study \u2013 a Student Experience<\/a><\/li>\n<li><strong>Tatjana Badrov, Ivana Jurkovi\u0107<\/strong><br \/>\n<a href=\"http:\/\/jahs.eu\/hr\/volume-3-number-2-december-2017\/stavovi-studenata-sestrinstva-o-vaznosti-komunikacijskih-vjestina-na-engleskome-jeziku\/\" target=\"_blank\">Stavovi studenata sestrinstva o va\u017enosti komunikacijskih vje\u0161tina na engleskome jeziku<\/a><br \/>\n<a href=\"http:\/\/jahs.eu\/hr\/volume-3-number-2-december-2017\/stavovi-studenata-sestrinstva-o-vaznosti-komunikacijskih-vjestina-na-engleskome-jeziku\/\" target=\"_blank\">Attitudes of Nursing Students toward the Importance of Communication Skills in the English Language<\/a><\/li>\n<li><strong>Ivana Crnkovi\u0107, Dalibor Perkovi\u0107, Janko Babi\u0107, Danijela Dobri\u0107<\/strong><br \/>\n<a href=\"http:\/\/jahs.eu\/hr\/volume-3-number-2-december-2017\/poznavanje-fizikalnih-zakonitosti-u-kreiranju-fizioterapijskog-procesa\/\" target=\"_blank\">Poznavanje fizikalnih zakonitosti u kreiranju fizioterapijskog procesa<\/a><br \/>\n<a href=\"http:\/\/jahs.eu\/hr\/volume-3-number-2-december-2017\/poznavanje-fizikalnih-zakonitosti-u-kreiranju-fizioterapijskog-procesa\/\" target=\"_blank\">Knowledge of Physical Laws in the Creation of the Physiotherapy Process<\/a><\/li>\n<li><strong>Sandra Hrg<\/strong><br \/>\n<a href=\"http:\/\/jahs.eu\/hr\/volume-3-number-2-december-2017\/utjecaj-prehrane-bogate-cjelovitim-zitaricama-na-metabolicke-faktore-rizika-kod-zdravih-osoba-i-osoba-s-blagim-stupnjem-metabolickoga-sindroma\/\" target=\"_blank\">Utjecaj prehrane bogate cjelovitim \u017eitaricama na metaboli\u010dke faktore rizika kod zdravih osoba i osoba s blagim stupnjem metaboli\u010dkoga sindroma<\/a><br \/>\n<a href=\"http:\/\/jahs.eu\/hr\/volume-3-number-2-december-2017\/utjecaj-prehrane-bogate-cjelovitim-zitaricama-na-metabolicke-faktore-rizika-kod-zdravih-osoba-i-osoba-s-blagim-stupnjem-metabolickoga-sindroma\/\" target=\"_blank\">Influence of Diet Rich in Whole Grains on Metabolic Risk Factors in Healthy People and People with Mild Metabolic Syndrome<\/a><\/li>\n<li><strong>Bruno Splavski<\/strong><br \/>\n<a href=\"http:\/\/jahs.eu\/hr\/volume-3-number-2-december-2017\/anatomija\/\" target=\"_blank\">Anatomija<\/a><br \/>\n<a href=\"http:\/\/jahs.eu\/hr\/volume-3-number-2-december-2017\/anatomija\/\" target=\"_blank\">Anatomy<\/a><\/li>\n<\/ul>\n<p><\/p>","protected":false},"excerpt":{"rendered":"<p>Volume: 3; Number: 2; December 2017 https:\/\/doi.org\/10.24141\/1\/3\/2 &nbsp; \u017deljka Buturovi\u0107, Suzana Ignjatovi\u0107, Mirjana Ra\u0161evi\u0107 Stavovi prema dojenju i praksa dojenja: nedostatak podr\u0161ke dojenju u javnosti kao \u010dimbenik niskih stopa dojenja Attitudes toward Breastfeeding and Breastfeeding Practice: Lack of Support for Breastfeeding in Public as a Factor in Low Breastfeeding Rates Matea \u0106eli\u0107, Andreja Bartolac Primjena [&hellip;]<\/p>\n","protected":false},"author":1,"featured_media":0,"parent":0,"menu_order":0,"comment_status":"closed","ping_status":"closed","template":"","meta":{"footnotes":""},"class_list":["post-344","page","type-page","status-publish","hentry"],"_links":{"self":[{"href":"https:\/\/jahs.eu\/hr\/wp-json\/wp\/v2\/pages\/344","targetHints":{"allow":["GET"]}}],"collection":[{"href":"https:\/\/jahs.eu\/hr\/wp-json\/wp\/v2\/pages"}],"about":[{"href":"https:\/\/jahs.eu\/hr\/wp-json\/wp\/v2\/types\/page"}],"author":[{"embeddable":true,"href":"https:\/\/jahs.eu\/hr\/wp-json\/wp\/v2\/users\/1"}],"replies":[{"embeddable":true,"href":"https:\/\/jahs.eu\/hr\/wp-json\/wp\/v2\/comments?post=344"}],"version-history":[{"count":21,"href":"https:\/\/jahs.eu\/hr\/wp-json\/wp\/v2\/pages\/344\/revisions"}],"predecessor-version":[{"id":857,"href":"https:\/\/jahs.eu\/hr\/wp-json\/wp\/v2\/pages\/344\/revisions\/857"}],"wp:attachment":[{"href":"https:\/\/jahs.eu\/hr\/wp-json\/wp\/v2\/media?parent=344"}],"curies":[{"name":"wp","href":"https:\/\/api.w.org\/{rel}","templated":true}]}}