{"id":350,"date":"2018-04-27T13:17:08","date_gmt":"2018-04-27T11:17:08","guid":{"rendered":"http:\/\/jahs.eu\/?page_id=350"},"modified":"2019-04-15T13:57:24","modified_gmt":"2019-04-15T11:57:24","slug":"volume-4-number-1-april-2018","status":"publish","type":"page","link":"https:\/\/jahs.eu\/hr\/volume-4-number-1-april-2018\/","title":{"rendered":"Volume: 4; Number: 1; April 2018"},"content":{"rendered":"<p><\/p>\n<h3><span style=\"text-decoration: underline;\"><strong>Volume: 4; Number: 1; April 2018<\/strong><\/span><\/h3>\n<p><a href=\"http:\/\/jahs.eu\/wp-content\/uploads\/2019\/04\/JAHS7.pdf\" target=\"_blank\"><img loading=\"lazy\" decoding=\"async\" class=\"alignnone wp-image-832\" src=\"http:\/\/jahs.eu\/wp-content\/uploads\/2015\/04\/jahs100pdf.png\" alt=\"\" width=\"50\" height=\"50\" \/><\/a><\/p>\n<p><a href=\"https:\/\/doi.org\/10.24141\/1\/4\/1\" target=\"_blank\">https:\/\/doi.org\/10.24141\/1\/4\/1<\/a><\/p>\n<h3><span style=\"text-decoration: underline;\"><strong><\/p>\n<p><\/strong><\/span><\/h3>\n<ul>\n<li><strong><span class=\"title\">Josip \u010culig<\/span><br \/>\n<\/strong><a href=\"http:\/\/jahs.eu\/hr\/volume-4-number-1-april-2018\/adherencija-pacijenata-prema-propisanoj-medikaciji\/\" target=\"_blank\">Adherencija pacijenata prema propisanoj medikaciji<\/a><br \/>\n<a href=\"http:\/\/jahs.eu\/hr\/volume-4-number-1-april-2018\/adherencija-pacijenata-prema-propisanoj-medikaciji\/\" target=\"_blank\">Patients\u2019 Adherence to Prescribed Medication<\/a><\/li>\n<li><strong><span class=\"title\">Petra Urbi\u010d Jurak, Andrej Starc<\/span><br \/>\n<\/strong><a href=\"http:\/\/jahs.eu\/hr\/darivanje-organa-iskustvo-u-odrzavanju-mozdano-mrtvog-donora-na-zivotu\/\" target=\"_blank\">Darivanje organa: iskustvo u odr\u017eavanju mo\u017edano mrtvog donora s na \u017eivotu<\/a><br \/>\n<a href=\"http:\/\/jahs.eu\/hr\/darivanje-organa-iskustvo-u-odrzavanju-mozdano-mrtvog-donora-na-zivotu\/\" target=\"_blank\">Organ Donation: Experience in the Maintenance of a Brain-Dead Donor<\/a><\/li>\n<li><strong><span class=\"title\">Amer Ov\u010dina, Sabija Izetbegovi\u0107, Ernela Eminovi\u0107<\/span><br \/>\n<\/strong><a href=\"http:\/\/jahs.eu\/hr\/volume-4-number-1-april-2018\/zadovoljstvo-pacijenata-uslugama-bolnicke-ishrane\/\" target=\"_blank\">Zadovoljstvo pacijenata uslugama bolni\u010dke ishrane<\/a><br \/>\n<a href=\"http:\/\/jahs.eu\/hr\/volume-4-number-1-april-2018\/zadovoljstvo-pacijenata-uslugama-bolnicke-ishrane\/\" target=\"_blank\">Satisfaction of Patients with Hospital Food Services<\/a><\/li>\n<li><strong><span class=\"title\">Ines Pinter, Dalibor Kiseljak, Olivera Petrak<\/span><br \/>\n<\/strong><a href=\"http:\/\/jahs.eu\/hr\/volume-4-number-1-april-2018\/usporedba-dinamicke-stabilnosti-nogometasa-i-rukometasa\/\" target=\"_blank\">Usporedba dinami\u010dke stabilnosti nogometa\u0161a i rukometa\u0161a<\/a><br \/>\n<a href=\"http:\/\/jahs.eu\/hr\/volume-4-number-1-april-2018\/usporedba-dinamicke-stabilnosti-nogometasa-i-rukometasa\/\" target=\"_blank\">Comparison of Dynamic Stability Between Football and Handball Players<\/a><\/li>\n<li><strong><span class=\"title\">Suzana Markovi\u0107, Irena Regent Turkalj, Aleksandar Racz<\/span><br \/>\n<\/strong><a href=\"http:\/\/jahs.eu\/hr\/volume-4-number-1-april-2018\/koncept-i-mjerenje-kvalitete-zdravstvenih-usluga\/\" target=\"_blank\">Koncept i mjerenje kvalitete zdravstvenih usluga<\/a><br \/>\n<a href=\"http:\/\/jahs.eu\/hr\/volume-4-number-1-april-2018\/koncept-i-mjerenje-kvalitete-zdravstvenih-usluga\/\" target=\"_blank\">Health Service Quality Concept and Measurement<\/a><\/li>\n<li><strong><span class=\"title\">Predrag keros, Nikolino \u017dura<\/span><br \/>\n<\/strong><a href=\"http:\/\/jahs.eu\/hr\/volume-4-number-1-april-2018\/suzbijanja-boli-neurostimulacijama-pet-desetljeca-postavke-o-kontroli-ulaza\/\" target=\"_blank\">Suzbijanja boli neurostimulacijama: Pet desetlje\u0107a \u201epostavke o kontroli ulaza\u201d<\/a><br \/>\n<a href=\"http:\/\/jahs.eu\/hr\/volume-4-number-1-april-2018\/suzbijanja-boli-neurostimulacijama-pet-desetljeca-postavke-o-kontroli-ulaza\/\" target=\"_blank\">Pain Treatment with Neurostimulation: Five Decades of Gate Control Theory<\/a><\/li>\n<li><strong><span class=\"title\">Marta Ga\u0161parovi\u0107<\/span><br \/>\n<\/strong><a href=\"http:\/\/jahs.eu\/hr\/volume-4-number-1-april-2018\/kombinirani-kognitivno-bihevioralni-i-farmakoloski-tretman-poslijeporodajne-depresije-prikaz%20slucaja\/\" target=\"_blank\">Kombinirani kognitivno-bihevioralni i farmakolo\u0161ki tretman poslijeporo\u0111ajne depresije<br \/>\n\u2013 prikaz slu\u010daja<\/a><br \/>\n<a href=\"http:\/\/jahs.eu\/hr\/volume-4-number-1-april-2018\/kombinirani-kognitivno-bihevioralni-i-farmakoloski-tretman-poslijeporodajne-depresije-prikaz%20slucaja\/\" target=\"_blank\">Combined Cognitive-Behavioural and Pharmacologic Treatment of Postpartum Depression<br \/>\n\u2013 a Case Study<\/a><\/li>\n<li><strong><span class=\"title\">Petra Dup\u010di\u0107, Karmen Trutin Ostovi\u0107, Rado \u017dic, Zdenko Stanec, Smiljka Lamba\u0161a<\/span><br \/>\n<\/strong><a href=\"http:\/\/jahs.eu\/hr\/volume-4-number-1-april-2018\/vaznost-citoloske-analize-intraoperacijskog-otiska-baze-mamile-kod-mastektomiranih-pacijentica-zbog-karcinoma-dojke\/\" target=\"_blank\">Va\u017enost citolo\u0161ke analize intraoperacijskog otiska baze mamile<br \/>\nkod mastektomiranih pacijentica zbog karcinoma dojke<\/a><br \/>\n<a href=\"http:\/\/jahs.eu\/hr\/volume-4-number-1-april-2018\/vaznost-citoloske-analize-intraoperacijskog-otiska-baze-mamile-kod-mastektomiranih-pacijentica-zbog-karcinoma-dojke\/\" target=\"_blank\">The importance of Intraoperative Touch Smears Cytology in the Nipple Sparing Mastectomy<\/a><\/li>\n<li><strong><span class=\"title\">Mile Marin\u010di\u0107, Javor Bojan Le\u0161<\/span><br \/>\n<\/strong><a href=\"http:\/\/jahs.eu\/hr\/volume-4-number-1-april-2018\/pcele-vrlo-vazne-za-prirodu-i-ljude\/\" target=\"_blank\">P\u010dele \u2013 vrlo va\u017ene za prirodu i ljude<\/a><br \/>\n<a href=\"http:\/\/jahs.eu\/hr\/volume-4-number-1-april-2018\/pcele-vrlo-vazne-za-prirodu-i-ljude\/\" target=\"_blank\">Bees &#8211; Important for Both Nature and People<\/a><\/li>\n<li><strong><span class=\"title\">Prince Ameh Ogenyi, Andrew England, Joseph Dlama, Fati Malgwi, Mohammed Umar,<br \/>\nMoi Silas, Samuel Shem, Ginikanwa Njoku<\/span><br \/>\n<\/strong><a href=\"http:\/\/jahs.eu\/hr\/volume-4-number-1-april-2018\/procjena-zahtjeva-za-snimanje-i-nalaza-na-temelju-mr-slika-pacijenata-u-drzavnoj-specijalistickoj-bolnici-bauchi\/\" target=\"_blank\">Procjena zahtjeva za snimanje i nalaza na temelju mr slika pacijenata<br \/>\nu dr\u017eavnoj specijalisti\u010dkoj bolnici bauchi<\/a><br \/>\n<a href=\"http:\/\/jahs.eu\/hr\/volume-4-number-1-april-2018\/procjena-zahtjeva-za-snimanje-i-nalaza-na-temelju-mr-slika-pacijenata-u-drzavnoj-specijalistickoj-bolnici-bauchi\/\" target=\"_blank\">Appraisal of Imaging Requests and Findings from Mri Scans of Patients<br \/>\nat State Specialists Hospital Bauchi<\/a><\/li>\n<li><strong><span class=\"title\">Iva Lon\u010dari\u0107<\/span><br \/>\n<\/strong><a href=\"http:\/\/jahs.eu\/hr\/volume-4-number-1-april-2018\/sigurnost-bolesnika-standard-u-obrazovanju-za-kvalitetu-u-zdravstvu\/\" target=\"_blank\">Sigurnost bolesnika \u2013 standard u obrazovanju za kvalitetu u zdravstvu<\/a><br \/>\n<a href=\"http:\/\/jahs.eu\/hr\/volume-4-number-1-april-2018\/sigurnost-bolesnika-standard-u-obrazovanju-za-kvalitetu-u-zdravstvu\/\" target=\"_blank\">Patient Safety &#8211; Standard in Education for Quality Health Care<\/a><\/li>\n<li><strong><span class=\"title\">Dijana Lujanac, Martina Mihalin\u010di\u0107, Ivan Markoti\u0107, Iva Ko\u017eul<\/span><br \/>\n<\/strong><a href=\"http:\/\/jahs.eu\/hr\/volume-4-number-1-april-2018\/krizni-menadzment-zdravstva\/\" target=\"_blank\">Krizni menad\u017ement zdravstva<\/a><br \/>\n<a href=\"http:\/\/jahs.eu\/hr\/volume-4-number-1-april-2018\/krizni-menadzment-zdravstva\/\" target=\"_blank\">Crisis Management in Health Care<\/a><\/li>\n<li><strong><span class=\"title\">Boris Bo\u017ei\u0107<\/span><br \/>\n<\/strong><a href=\"http:\/\/jahs.eu\/hr\/volume-4-number-1-april-2018\/prikaz-knjige-kirurgija\/\" target=\"_blank\">Kirurgija<\/a><br \/>\n<a href=\"http:\/\/jahs.eu\/hr\/volume-4-number-1-april-2018\/prikaz-knjige-kirurgija\/\" target=\"_blank\">Surgery<\/a><\/li>\n<li><strong><span class=\"title\">Aleksandar Racz<\/span><\/strong><br \/>\n<a href=\"http:\/\/jahs.eu\/hr\/volume-4-number-1-april-2018\/in-memoriam-professor-emeritus-dr-sc-predrag-keros\/\" target=\"_blank\">In memoriam &#8211; Professor emeritus dr.sc. Predrag Keros<\/a><\/li>\n<\/ul>\n<p><\/p>","protected":false},"excerpt":{"rendered":"<p>Volume: 4; Number: 1; April 2018 https:\/\/doi.org\/10.24141\/1\/4\/1 Josip \u010culig Adherencija pacijenata prema propisanoj medikaciji Patients\u2019 Adherence to Prescribed Medication Petra Urbi\u010d Jurak, Andrej Starc Darivanje organa: iskustvo u odr\u017eavanju mo\u017edano mrtvog donora s na \u017eivotu Organ Donation: Experience in the Maintenance of a Brain-Dead Donor Amer Ov\u010dina, Sabija Izetbegovi\u0107, Ernela Eminovi\u0107 Zadovoljstvo pacijenata uslugama bolni\u010dke [&hellip;]<\/p>\n","protected":false},"author":1,"featured_media":0,"parent":0,"menu_order":0,"comment_status":"closed","ping_status":"closed","template":"","meta":{"footnotes":""},"class_list":["post-350","page","type-page","status-publish","hentry"],"_links":{"self":[{"href":"https:\/\/jahs.eu\/hr\/wp-json\/wp\/v2\/pages\/350","targetHints":{"allow":["GET"]}}],"collection":[{"href":"https:\/\/jahs.eu\/hr\/wp-json\/wp\/v2\/pages"}],"about":[{"href":"https:\/\/jahs.eu\/hr\/wp-json\/wp\/v2\/types\/page"}],"author":[{"embeddable":true,"href":"https:\/\/jahs.eu\/hr\/wp-json\/wp\/v2\/users\/1"}],"replies":[{"embeddable":true,"href":"https:\/\/jahs.eu\/hr\/wp-json\/wp\/v2\/comments?post=350"}],"version-history":[{"count":33,"href":"https:\/\/jahs.eu\/hr\/wp-json\/wp\/v2\/pages\/350\/revisions"}],"predecessor-version":[{"id":873,"href":"https:\/\/jahs.eu\/hr\/wp-json\/wp\/v2\/pages\/350\/revisions\/873"}],"wp:attachment":[{"href":"https:\/\/jahs.eu\/hr\/wp-json\/wp\/v2\/media?parent=350"}],"curies":[{"name":"wp","href":"https:\/\/api.w.org\/{rel}","templated":true}]}}