{"id":414,"date":"2018-10-30T14:19:06","date_gmt":"2018-10-30T13:19:06","guid":{"rendered":"http:\/\/jahs.eu\/?page_id=414"},"modified":"2019-04-15T13:21:40","modified_gmt":"2019-04-15T11:21:40","slug":"volume-4-number-2-october-2018","status":"publish","type":"page","link":"https:\/\/jahs.eu\/hr\/volume-4-number-2-october-2018\/","title":{"rendered":"Volume: 4; Number: 2; October 2018"},"content":{"rendered":"<p><\/p>\n<h3><strong>Volume: 4; Number: 2; October 2018<\/strong><\/h3>\n<p><a href=\"http:\/\/jahs.eu\/wp-content\/uploads\/2019\/04\/JAHS8.pdf\" target=\"_blank\"><img loading=\"lazy\" decoding=\"async\" class=\"alignnone wp-image-832\" src=\"http:\/\/jahs.eu\/wp-content\/uploads\/2015\/04\/jahs100pdf.png\" alt=\"\" width=\"50\" height=\"50\" \/><\/a><\/p>\n<p><a href=\"https:\/\/doi.org\/10.24141\/1\/4\/2\" target=\"_blank\">https:\/\/doi.org\/10.24141\/1\/4\/2<\/a><\/p>\n<ul>\n<li><strong>Mateo Kosier, Snje\u017eana \u010cukljek, Damir Lu\u010danin<br \/>\n<\/strong><a href=\"http:\/\/jahs.eu\/volume-4-number-2-october-2018\/stavovi-studenata-studija-sestrinstva-zdravstvenog-veleucilista-o-sestrinstvu-u-hrvatskoj\/\" target=\"_blank\">Stavovi studenata studija sestrinstva Zdravstvenog veleu\u010dili\u0161ta o sestrinstvu u Hrvatskoj<\/a><br \/>\n<a href=\"http:\/\/jahs.eu\/volume-4-number-2-october-2018\/stavovi-studenata-studija-sestrinstva-zdravstvenog-veleucilista-o-sestrinstvu-u-hrvatskoj\/\" target=\"_blank\">Attitudes of nursing students at the University of Applied Health Sciences on nursing in Croatia<\/a><\/li>\n<li><strong>Jure Pupi\u0107-Bakra\u010d, Tomica Bo\u017ei\u0107, Ana Pupi\u0107-Bakra\u010d, Ivan Lasi\u0107, Tatjana Bari\u0161i\u0107<br \/>\n<\/strong><a href=\"http:\/\/jahs.eu\/hr\/volume-4-number-2-october-2018\/utjecaj-demografskih-i-socioekonomskih-cimbenika-na-prevalenciju-sindroma-autosomnih-kromosomskih-anomalija-u-poslijeratnoj-bosni-i-hercegovini\/\" target=\"_blank\">Utjecaj demografskih i socioekonomskih \u010dimbenika na prevalenciju sindroma autosomnih kromosomskih anomalija u poslijeratnoj Bosni i Hercegovini<\/a><br \/>\n<a href=\"http:\/\/jahs.eu\/hr\/volume-4-number-2-october-2018\/utjecaj-demografskih-i-socioekonomskih-cimbenika-na-prevalenciju-sindroma-autosomnih-kromosomskih-anomalija-u-poslijeratnoj-bosni-i-hercegovini\/\" target=\"_blank\">The impact of demographic and socio-economic factors on the prevalence of syndromes of autosomal chromosomal anomalies in post-war Bosnia and Herzegovina\u00a0<\/a><\/li>\n<li><strong>Adis Pu\u0161ka, Sead \u0160adi\u0107<br \/>\n<\/strong><a href=\"http:\/\/jahs.eu\/hr\/volume-4-number-2-october-2018\/stavovi-stanovnistva-o-cijepljenju-djece-u-brcko-distriktu-bih-2\/\" target=\"_blank\">Stavovi stanovni\u0161tva o cijepljenju djece u Br\u010dko distriktu BiH<\/a><br \/>\n<a href=\"http:\/\/jahs.eu\/hr\/volume-4-number-2-october-2018\/stavovi-stanovnistva-o-cijepljenju-djece-u-brcko-distriktu-bih-2\/\" target=\"_blank\">Population Attitudes on Childhood Vaccination in Brcko District of B&amp;H<\/a><\/li>\n<li><strong>Mirela Raos, Jurjana Novoselac, Iva Lucija Burna\u0107, Marija Luki\u0107, Ivana Leskovar, Branka Golubi\u0107 \u0106epuli\u0107<br \/>\n<\/strong><a href=\"http:\/\/jahs.eu\/hr\/volume-4-number-2-october-2018\/validacija-testova-prijetransfuzijskog-ispitivanja-pretrazivanja-i-identifikacije-antieritrocitnih-protutijela-primjenom-dg-gel-kartica\/\" target=\"_blank\">Validacija testova prijetransfuzijskog ispitivanja pretra\u017eivanja i identifikacije antieritrocitnih protutijela primjenom DG Gel kartica<\/a><br \/>\n<a href=\"http:\/\/jahs.eu\/hr\/volume-4-number-2-october-2018\/validacija-testova-prijetransfuzijskog-ispitivanja-pretrazivanja-i-identifikacije-antieritrocitnih-protutijela-primjenom-dg-gel-kartica\/\" target=\"_blank\">Evaluation of antibody screening and identification pre-transfusion tests using DG Gel cards<\/a><\/li>\n<li><strong>Gordana Spevec, Lukrecija Jaku\u0161, Marina Horvat<br \/>\n<\/strong><a href=\"http:\/\/jahs.eu\/hr\/volume-4-number-2-october-2018\/terapijski-ucinak-vjezbi-ekscentricne-kontrakcije-u-lijecenju-patelarne-tendinopatije-s-obzirom-na-period-primjene-terapijskog-protokola-2\/\" target=\"_blank\">Terapijski u\u010dinak vje\u017ebi ekscentri\u010dne kontrakcije u lije\u010denju patelarne tendinopatije s obzirom na period primjene terapijskog protokola<\/a><br \/>\n<a href=\"http:\/\/jahs.eu\/hr\/volume-4-number-2-october-2018\/terapijski-ucinak-vjezbi-ekscentricne-kontrakcije-u-lijecenju-patelarne-tendinopatije-s-obzirom-na-period-primjene-terapijskog-protokola-2\/\" target=\"_blank\">The effect of eccentric exercises in treatment of patellar tendinopathies depending on the application period<\/a><\/li>\n<li><strong>Andrej Starc<br \/>\n<\/strong><a href=\"http:\/\/jahs.eu\/hr\/volume-4-number-2-october-2018\/seksualna-funkcija-u-zena-i-tvrdnje-semanticke-diferencijalne-skale\/\" target=\"_blank\">Seksualna funkcija u \u017eena i tvrdnje semanti\u010dke diferencijalne skale<\/a><br \/>\n<a href=\"http:\/\/jahs.eu\/hr\/volume-4-number-2-october-2018\/seksualna-funkcija-u-zena-i-tvrdnje-semanticke-diferencijalne-skale\/\" target=\"_blank\">Female sexual function and semantic differential items<\/a><\/li>\n<li><strong>Alenka \u017dibert, Andrej Starc<br \/>\n<\/strong><a href=\"http:\/\/jahs.eu\/hr\/volume-4-number-2-october-2018\/zdravstvene-organizacije-i-odlucivanje-stil-rukovodenja-za-rast-i-razvoj\/\" target=\"_blank\">Zdravstvene organizacije i odlu\u010divanje: stil rukovo\u0111enja za rast i razvoj\u00a0<\/a><br \/>\n<a href=\"http:\/\/jahs.eu\/hr\/volume-4-number-2-october-2018\/zdravstvene-organizacije-i-odlucivanje-stil-rukovodenja-za-rast-i-razvoj\/\" target=\"_blank\">Healthcare organizations and decision-making: leadership style for growth and development<\/a><\/li>\n<li><strong>Joseph Dimas, Nwobi Ivor, Wiam Elshami, Joseph Dlama<br \/>\n<\/strong><a href=\"http:\/\/jahs.eu\/hr\/volume-4-number-2-october-2018\/ultrazvucna-procjena-fetalne-prsne-duljine-kao-prediktor-gestacijske-dobi-kod-nigerijske-populacije\/\" target=\"_blank\">Ultrazvu\u010dna procjena fetalne prsne duljine kao prediktor gestacijske dobi kod nigerijske populacije<\/a><br \/>\n<a href=\"http:\/\/jahs.eu\/hr\/volume-4-number-2-october-2018\/ultrazvucna-procjena-fetalne-prsne-duljine-kao-prediktor-gestacijske-dobi-kod-nigerijske-populacije\/\" target=\"_blank\">Sonographic Assessment of the Fetal Thoracic Length (FTL) as a Predictor of Gestational Age (GA) in Nigerian Population<\/a><\/li>\n<li><strong>Robert Kecerin<br \/>\n<\/strong><a href=\"http:\/\/jahs.eu\/hr\/volume-4-number-2-october-2018\/kontrola-okratoksina-a-u-susenom-vocu\/\" target=\"_blank\">Kontrola okratoksina A u su\u0161enom vo\u0107u<\/a><br \/>\n<a href=\"http:\/\/jahs.eu\/hr\/volume-4-number-2-october-2018\/kontrola-okratoksina-a-u-susenom-vocu\/\" target=\"_blank\">Control of ochratoxin A in dried fruit<\/a><\/li>\n<li><strong>Antonija \u0160ajnovi\u0107, Ema \u0160erki\u0107, Matea Duman\u010di\u0107, Ana Br\u010dina, Snje\u017eana \u010cukljek<br \/>\n<\/strong><a href=\"http:\/\/jahs.eu\/hr\/volume-4-number-2-october-2018\/osvijestenost-studentica-zdravstvenog-veleucilista-o-samopregledu-dojke\/\" target=\"_blank\">Osvije\u0161tenost studentica Zdravstvenog veleu\u010dili\u0161ta o samopregledu dojke<\/a><br \/>\n<a href=\"http:\/\/jahs.eu\/hr\/volume-4-number-2-october-2018\/osvijestenost-studentica-zdravstvenog-veleucilista-o-samopregledu-dojke\/\" target=\"_blank\">Awareness of breast self-examination among students at the University of Applied Health Sciences in Zagreb<\/a><\/li>\n<li><strong>Mark Tomaj, Mile Marin\u010di\u0107<br \/>\n<\/strong><a href=\"http:\/\/jahs.eu\/hr\/volume-4-number-2-october-2018\/utjecaj-primjene-amadea-u-neurorehabilitaciji-ruke-kod-osoba-nakon-mozdanog-udara\/\" target=\"_blank\">Utjecaj primjene Amadea u neurorehabilitaciji ruke kod osoba nakon mo\u017edanog udara<\/a><br \/>\n<a href=\"http:\/\/jahs.eu\/hr\/volume-4-number-2-october-2018\/utjecaj-primjene-amadea-u-neurorehabilitaciji-ruke-kod-osoba-nakon-mozdanog-udara\/\" target=\"_blank\">Effect of Using Amadeo in Hand Neurorehabilitation of Persons after a Stroke<\/a><\/li>\n<li><strong>Ines Poljak, Petra Kora\u0107<br \/>\n<\/strong><a href=\"http:\/\/jahs.eu\/hr\/volume-4-number-2-october-2018\/onkoliticki-virusi\/\" target=\"_blank\">Onkoliti\u010dki virusi<\/a><br \/>\n<a href=\"http:\/\/jahs.eu\/hr\/volume-4-number-2-october-2018\/onkoliticki-virusi\/\" target=\"_blank\">Oncolytic viruses<\/a><\/li>\n<li><strong>Zdravko Ma\u010dek, Mario Kolar, Kre\u0161imir Stubi\u010dar, Mario Mandi\u0107<br \/>\n<\/strong><a href=\"http:\/\/jahs.eu\/hr\/volume-4-number-2-october-2018\/fizioterapijski-protokol-kod-odraslih-bolesnika-nakon-traumatske-ozljede-mozga\/\" target=\"_blank\">Fizioterapijski protokol kod odraslih bolesnika nakon traumatske ozljede mozga<\/a><br \/>\n<a href=\"http:\/\/jahs.eu\/hr\/volume-4-number-2-october-2018\/fizioterapijski-protokol-kod-odraslih-bolesnika-nakon-traumatske-ozljede-mozga\/\" target=\"_blank\">Physiotherapeutic protocol in adult patients after traumatic brain injury<\/a><\/li>\n<\/ul>\n<p><\/p>","protected":false},"excerpt":{"rendered":"<p>Volume: 4; Number: 2; October 2018 https:\/\/doi.org\/10.24141\/1\/4\/2 Mateo Kosier, Snje\u017eana \u010cukljek, Damir Lu\u010danin Stavovi studenata studija sestrinstva Zdravstvenog veleu\u010dili\u0161ta o sestrinstvu u Hrvatskoj Attitudes of nursing students at the University of Applied Health Sciences on nursing in Croatia Jure Pupi\u0107-Bakra\u010d, Tomica Bo\u017ei\u0107, Ana Pupi\u0107-Bakra\u010d, Ivan Lasi\u0107, Tatjana Bari\u0161i\u0107 Utjecaj demografskih i socioekonomskih \u010dimbenika na prevalenciju [&hellip;]<\/p>\n","protected":false},"author":1,"featured_media":0,"parent":0,"menu_order":0,"comment_status":"closed","ping_status":"closed","template":"","meta":{"footnotes":""},"class_list":["post-414","page","type-page","status-publish","hentry"],"_links":{"self":[{"href":"https:\/\/jahs.eu\/hr\/wp-json\/wp\/v2\/pages\/414","targetHints":{"allow":["GET"]}}],"collection":[{"href":"https:\/\/jahs.eu\/hr\/wp-json\/wp\/v2\/pages"}],"about":[{"href":"https:\/\/jahs.eu\/hr\/wp-json\/wp\/v2\/types\/page"}],"author":[{"embeddable":true,"href":"https:\/\/jahs.eu\/hr\/wp-json\/wp\/v2\/users\/1"}],"replies":[{"embeddable":true,"href":"https:\/\/jahs.eu\/hr\/wp-json\/wp\/v2\/comments?post=414"}],"version-history":[{"count":11,"href":"https:\/\/jahs.eu\/hr\/wp-json\/wp\/v2\/pages\/414\/revisions"}],"predecessor-version":[{"id":849,"href":"https:\/\/jahs.eu\/hr\/wp-json\/wp\/v2\/pages\/414\/revisions\/849"}],"wp:attachment":[{"href":"https:\/\/jahs.eu\/hr\/wp-json\/wp\/v2\/media?parent=414"}],"curies":[{"name":"wp","href":"https:\/\/api.w.org\/{rel}","templated":true}]}}