{"id":461,"date":"2019-03-13T08:54:47","date_gmt":"2019-03-13T07:54:47","guid":{"rendered":"http:\/\/jahs.eu\/?page_id=461"},"modified":"2019-03-13T08:56:50","modified_gmt":"2019-03-13T07:56:50","slug":"stavovi-studenata-studija-sestrinstva-zdravstvenog-veleucilista-o-sestrinstvu-u-hrvatskoj","status":"publish","type":"page","link":"https:\/\/jahs.eu\/hr\/volume-4-number-2-october-2018\/stavovi-studenata-studija-sestrinstva-zdravstvenog-veleucilista-o-sestrinstvu-u-hrvatskoj\/","title":{"rendered":"Stavovi studenata studija sestrinstva Zdravstvenog veleu\u010dili\u0161ta o sestrinstvu u Hrvatskoj"},"content":{"rendered":"<p style=\"text-align: center;\"><strong>Stavovi studenata studija sestrinstva Zdravstvenog veleu\u010dili\u0161ta o sestrinstvu u Hrvatskoj<\/strong><\/p>\n<p>Izvorni znanstveni \u010dlanak<br \/>\n<a class=\"normal\" href=\"https:\/\/doi.org\/10.24141\/1\/4\/2\/1\" target=\"_blank\" rel=\"nofollow\">https:\/\/doi.org\/10.24141\/1\/4\/2\/1<\/a><\/p>\n<p><strong>Mateo Kosier<\/strong>,\u00a0Klini\u010dki bolni\u010dki centar Sestre milosrdnice<br \/>\n<strong>Snje\u017eana \u010cukljek<\/strong>, Zdravstveno veleu\u010dili\u0161te Zagreb<br \/>\n<strong>Damir Lu\u010danin<\/strong>, Zdravstveno veleu\u010dili\u0161te Zagreb<\/p>\n<p><a title=\"Stavovi studenata studija sestrinstva Zdravstvenog veleu\u010dili\u0161ta o sestrinstvu u Hrvatskoj\" href=\"http:\/\/jahs.eu\/wp-content\/uploads\/2018\/10\/01.pdf\" target=\"_blank\">Puni tekst: hrvatski, <strong>pdf<\/strong> (697 KB)<\/a><\/p>\n<p class=\"al-j\"><strong>Sa\u017eetak<\/strong><br \/>\nSestrinstvo je danas priznata profesija koju nitko ne osporava. Moderno sestrinstvo favorizira edukaciju kao prioritet u profesionalnom \u017eivotu medicinskih sestara. Vi\u0161e i visoko obrazovanje medicinskih sestara standard je u modernim dr\u017eavama. Uspje\u0161nost medicinske sestre ne ovisi samo o njezinoj humanosti i sposobnosti svladavanja suvremene tehnologije nego i o trajnoj edukaciji medicinskih sestara. Cilj ovoga istra\u017eivanja bio je istra\u017eiti kakvi su stavovi i mi\u0161ljenja studenata svih godina preddiplomskog studija sestrinstva o sestrinstvu, identitetu profesije, ulozi i polo\u017eaju u zdravstvenom timu i obrazovanju, odnosno promjenama i mogu\u0107nostima u obrazovanju medicinskih sestara i tehni\u010dara u Republici Hrvatskoj. U istra\u017eivanju je sudjelovao ukupno 281 sudionik sa svih godina preddiplomskog studija sestrinstva. Najve\u0107i broj ispitanih, njih 87,19% (N = 245) u dobi je od 19 do 22 godine, prema o\u010dekivanju, ve\u0107i je broj ispitanih osoba \u017eenskog spola, njih 91,46% (N = 257), dok je u istra\u017eivanju sudjelovalo samo 8,54% (N = 24) ispitanika mu\u0161kog spola. Dobiveni rezultati upu\u0107uju na veliku zainteresiranost za ja\u010danje sestrinstva kao profesije te napredak sestrinstva k svjetlijoj i boljoj budu\u0107nosti u Republici Hrvatskoj.<\/p>\n<p><strong>Klju\u010dne rije\u010di<\/strong><br \/>\n<a class=\"normal\" href=\"https:\/\/hrcak.srce.hr\/search\/?stype=2&amp;c%5B0%5D=article_keywords&amp;r=10&amp;t%5B0%5D=sestrinstvo\">sestrinstvo<\/a>; <a class=\"normal\" href=\"https:\/\/hrcak.srce.hr\/search\/?stype=2&amp;c%5B0%5D=article_keywords&amp;r=10&amp;t%5B0%5D=edukacija\">edukacija<\/a>; <a class=\"normal\" href=\"https:\/\/hrcak.srce.hr\/search\/?stype=2&amp;c%5B0%5D=article_keywords&amp;r=10&amp;t%5B0%5D=istra\u017eivanje\">istra\u017eivanje<\/a>; <a class=\"normal\" href=\"https:\/\/hrcak.srce.hr\/search\/?stype=2&amp;c%5B0%5D=article_keywords&amp;r=10&amp;t%5B0%5D=profesionalnost\">profesionalnost<\/a>; <a class=\"normal\" href=\"https:\/\/hrcak.srce.hr\/search\/?stype=2&amp;c%5B0%5D=article_keywords&amp;r=10&amp;t%5B0%5D=stavovi\">stavovi<\/a><\/p>\n","protected":false},"excerpt":{"rendered":"<p>Stavovi studenata studija sestrinstva Zdravstvenog veleu\u010dili\u0161ta o sestrinstvu u Hrvatskoj Izvorni znanstveni \u010dlanak https:\/\/doi.org\/10.24141\/1\/4\/2\/1 Mateo Kosier,\u00a0Klini\u010dki bolni\u010dki centar Sestre milosrdnice Snje\u017eana \u010cukljek, Zdravstveno veleu\u010dili\u0161te Zagreb Damir Lu\u010danin, Zdravstveno veleu\u010dili\u0161te Zagreb Puni tekst: hrvatski, pdf (697 KB) Sa\u017eetak Sestrinstvo je danas priznata profesija koju nitko ne osporava. Moderno sestrinstvo favorizira edukaciju kao prioritet u profesionalnom \u017eivotu [&hellip;]<\/p>\n","protected":false},"author":1,"featured_media":0,"parent":414,"menu_order":0,"comment_status":"closed","ping_status":"closed","template":"","meta":{"footnotes":""},"class_list":["post-461","page","type-page","status-publish","hentry"],"_links":{"self":[{"href":"https:\/\/jahs.eu\/hr\/wp-json\/wp\/v2\/pages\/461","targetHints":{"allow":["GET"]}}],"collection":[{"href":"https:\/\/jahs.eu\/hr\/wp-json\/wp\/v2\/pages"}],"about":[{"href":"https:\/\/jahs.eu\/hr\/wp-json\/wp\/v2\/types\/page"}],"author":[{"embeddable":true,"href":"https:\/\/jahs.eu\/hr\/wp-json\/wp\/v2\/users\/1"}],"replies":[{"embeddable":true,"href":"https:\/\/jahs.eu\/hr\/wp-json\/wp\/v2\/comments?post=461"}],"version-history":[{"count":4,"href":"https:\/\/jahs.eu\/hr\/wp-json\/wp\/v2\/pages\/461\/revisions"}],"predecessor-version":[{"id":465,"href":"https:\/\/jahs.eu\/hr\/wp-json\/wp\/v2\/pages\/461\/revisions\/465"}],"up":[{"embeddable":true,"href":"https:\/\/jahs.eu\/hr\/wp-json\/wp\/v2\/pages\/414"}],"wp:attachment":[{"href":"https:\/\/jahs.eu\/hr\/wp-json\/wp\/v2\/media?parent=461"}],"curies":[{"name":"wp","href":"https:\/\/api.w.org\/{rel}","templated":true}]}}