{"id":467,"date":"2019-03-13T09:07:18","date_gmt":"2019-03-13T08:07:18","guid":{"rendered":"http:\/\/jahs.eu\/?page_id=467"},"modified":"2019-03-13T09:07:18","modified_gmt":"2019-03-13T08:07:18","slug":"utjecaj-demografskih-i-socioekonomskih-cimbenika-na-prevalenciju-sindroma-autosomnih-kromosomskih-anomalija-u-poslijeratnoj-bosni-i-hercegovini","status":"publish","type":"page","link":"https:\/\/jahs.eu\/hr\/volume-4-number-2-october-2018\/utjecaj-demografskih-i-socioekonomskih-cimbenika-na-prevalenciju-sindroma-autosomnih-kromosomskih-anomalija-u-poslijeratnoj-bosni-i-hercegovini\/","title":{"rendered":"Utjecaj demografskih i socioekonomskih \u010dimbenika na prevalenciju sindroma autosomnih kromosomskih anomalija u poslijeratnoj Bosni i Hercegovini"},"content":{"rendered":"<p>Izvorni znanstveni \u010dlanak<br \/>\n<a class=\"normal\" href=\"https:\/\/doi.org\/10.24141\/1\/4\/2\/2\" rel=\"nofollow\">https:\/\/doi.org\/10.24141\/1\/4\/2\/2<\/a><\/p>\n<p><strong>Jure Pupi\u0107-Bakra\u010d<\/strong>\u00a0; Centar urgentne medicine i hitnog bolni\u010dkog prijema, Sveu\u010dili\u0161na klini\u010dka bolnica Mostar, Mostar, Bosna i Hercegovina\u00a0<a href=\"mailto:jureppbkr2@gmail.com\"><img decoding=\"async\" src=\"https:\/\/hrcak.srce.hr\/images\/mail.gif\" \/><\/a><br \/>\n<strong>Tomica Bo\u017ei\u0107<\/strong>\u00a0; Klinika za pedijatriju, Sveu\u010dili\u0161na klini\u010dka bolnica Mostar, Mostar, Bosna i Hercegovina<br \/>\n<strong>Ana Pupi\u0107-Bakra\u010d<\/strong>\u00a0; Odjel za obiteljsku medicinu, Dom zdravlja Mostar, Mostar, Bosna i Hercegovina<br \/>\n<strong>Ivan Lasi\u0107<\/strong>\u00a0; Centar za medicinsku fiziku i za\u0161titu od zra\u010denja, Sveu\u010dili\u0161na klini\u010dka bolnica Mostar, Mostar, Bosna i Hercegovina<br \/>\n<strong>Tatjana Bari\u0161i\u0107<\/strong>\u00a0; Klinika za ginekologiju i porodni\u0161tvo, Sveu\u010dili\u0161na klini\u010dka bolnica Mostar, Mostar, Bosna i Hercegovina<\/p>\n<p><a title=\"Utjecaj demografskih i socioekonomskih \u010dimbenika na prevalenciju sindroma autosomnih kromosomskih anomalija u poslijeratnoj Bosni i Hercegovini\" href=\"http:\/\/jahs.eu\/wp-content\/uploads\/2018\/10\/02.pdf\" target=\"_blank\">Puni tekst: hrvatski,\u00a0<strong>pdf<\/strong>\u00a0(755 KB)<\/a><\/p>\n<p class=\"al-j\"><strong>Sa\u017eetak<\/strong><br \/>\nUvod: Sindromi autosomnih kromosomskih anomalija imaju prevalenciju od 1 : 500 kod \u017eivoro\u0111ene djece, a \u010desto su pra\u0107eni te\u0161kim zdravstvenim i dru\u0161tvenim problemima. Osim starije dobi majke u trenutku za\u010de\u0107a, malo se zna o faktorima rizika za njihov razvoj.<\/p>\n<p>Ispitanici i metode: U istra\u017eivanju je sudjelovalo 97 ispitanika s dijagnosticiranim sindromima autosomnih kromosomskih anomalija ro\u0111enih u razdoblju od 2000. do 2015., s mjestom stanovanja u tri \u017eupanije Federacije Bosne i Hercegovine. Provedeno je povijesno kohortno istra\u017eivanje, a analizirana je prevalencija sindroma s obzirom na mjesto stanovanja roditelja u ruralnoj ili urbanoj sredini te na indeks razvijenosti op\u0107ina iz kojih dolaze.<\/p>\n<p>Rezultati: Od 50 458 \u017eivoro\u0111ene djece u razdoblju od 2000. do 2015. godine sindromi autosomnih kromosomskih anomalija otkriveni su u 97 (0,19%) novoro\u0111en\u010dadi. Od ukupnog broja \u017eivoro\u0111ene djece 21 116 ih je ro\u0111eno u urbanom podru\u010dju, a 29 342 u ruralnom podru\u010dju. U istom je periodu u urbanom podru\u010dju zabilje\u017eeno 30 (0,14%), a u ruralnom 67 (0,23%) oboljelih. Prevalencija sindroma autosomnih kromosomskih anomalija u 11 razli\u010ditih op\u0107ina, razvrstanih po indeksu razvijenosti, u razdoblju od 2007. do 2015. godine bila je 0,19% u skupini op\u0107ina indeksa razvijenosti &gt; 100, a 0,30% u skupini &lt; 100.<\/p>\n<p>Zaklju\u010dak: Analizom prevalencije sindroma autosomnih kromosomskih anomalija utvr\u0111eno je da je mjesto stanovanja roditelja u ruralnoj sredini Federacije Bosne i Hercegovine \u010dimbenik rizika za njihov razvoj.<\/p>\n<p><strong>Klju\u010dne rije\u010di<\/strong><br \/>\n<a class=\"normal\" href=\"https:\/\/hrcak.srce.hr\/search\/?stype=2&amp;c%5B0%5D=article_keywords&amp;r=10&amp;t%5B0%5D=kromosomske%20aberacije\">kromosomske aberacije<\/a>;\u00a0<a class=\"normal\" href=\"https:\/\/hrcak.srce.hr\/search\/?stype=2&amp;c%5B0%5D=article_keywords&amp;r=10&amp;t%5B0%5D=sindrom\">sindrom<\/a>;\u00a0<a class=\"normal\" href=\"https:\/\/hrcak.srce.hr\/search\/?stype=2&amp;c%5B0%5D=article_keywords&amp;r=10&amp;t%5B0%5D=rizi%C4%8Dni%20faktori\">rizi\u010dni faktori<\/a><\/p>","protected":false},"excerpt":{"rendered":"<p>Izvorni znanstveni \u010dlanak https:\/\/doi.org\/10.24141\/1\/4\/2\/2 Jure Pupi\u0107-Bakra\u010d\u00a0; Centar urgentne medicine i hitnog bolni\u010dkog prijema, Sveu\u010dili\u0161na klini\u010dka bolnica Mostar, Mostar, Bosna i Hercegovina\u00a0 Tomica Bo\u017ei\u0107\u00a0; Klinika za pedijatriju, Sveu\u010dili\u0161na klini\u010dka bolnica Mostar, Mostar, Bosna i Hercegovina Ana Pupi\u0107-Bakra\u010d\u00a0; Odjel za obiteljsku medicinu, Dom zdravlja Mostar, Mostar, Bosna i Hercegovina Ivan Lasi\u0107\u00a0; Centar za medicinsku fiziku i za\u0161titu [&hellip;]<\/p>\n","protected":false},"author":1,"featured_media":0,"parent":414,"menu_order":0,"comment_status":"closed","ping_status":"closed","template":"","meta":{"footnotes":""},"class_list":["post-467","page","type-page","status-publish","hentry"],"_links":{"self":[{"href":"https:\/\/jahs.eu\/hr\/wp-json\/wp\/v2\/pages\/467","targetHints":{"allow":["GET"]}}],"collection":[{"href":"https:\/\/jahs.eu\/hr\/wp-json\/wp\/v2\/pages"}],"about":[{"href":"https:\/\/jahs.eu\/hr\/wp-json\/wp\/v2\/types\/page"}],"author":[{"embeddable":true,"href":"https:\/\/jahs.eu\/hr\/wp-json\/wp\/v2\/users\/1"}],"replies":[{"embeddable":true,"href":"https:\/\/jahs.eu\/hr\/wp-json\/wp\/v2\/comments?post=467"}],"version-history":[{"count":1,"href":"https:\/\/jahs.eu\/hr\/wp-json\/wp\/v2\/pages\/467\/revisions"}],"predecessor-version":[{"id":468,"href":"https:\/\/jahs.eu\/hr\/wp-json\/wp\/v2\/pages\/467\/revisions\/468"}],"up":[{"embeddable":true,"href":"https:\/\/jahs.eu\/hr\/wp-json\/wp\/v2\/pages\/414"}],"wp:attachment":[{"href":"https:\/\/jahs.eu\/hr\/wp-json\/wp\/v2\/media?parent=467"}],"curies":[{"name":"wp","href":"https:\/\/api.w.org\/{rel}","templated":true}]}}