{"id":488,"date":"2019-03-13T09:29:14","date_gmt":"2019-03-13T08:29:14","guid":{"rendered":"http:\/\/jahs.eu\/?page_id=488"},"modified":"2019-03-13T10:32:21","modified_gmt":"2019-03-13T09:32:21","slug":"stavovi-stanovnistva-o-cijepljenju-djece-u-brcko-distriktu-bih-2","status":"publish","type":"page","link":"https:\/\/jahs.eu\/hr\/volume-4-number-2-october-2018\/stavovi-stanovnistva-o-cijepljenju-djece-u-brcko-distriktu-bih-2\/","title":{"rendered":"Stavovi stanovni\u0161tva o cijepljenju djece u Br\u010dko distriktu BiH"},"content":{"rendered":"<p><\/p>\n<p style=\"text-align: center;\"><strong>Stavovi stanovni\u0161tva o cijepljenju djece u Br\u010dko distriktu BiH<\/strong><\/p>\n<p style=\"text-align: left;\">Izvorni znanstveni \u010dlanak<br \/>\n<a class=\"normal\" href=\"https:\/\/doi.org\/10.24141\/1\/4\/2\/3\" rel=\"nofollow\">https:\/\/doi.org\/10.24141\/1\/4\/2\/3<\/a><\/p>\n<p style=\"text-align: left;\"><strong>Sead \u0160adi\u0107<\/strong>\u00a0; Vlada Br\u010dko distrikta BiH, Br\u010dko distrikt Bosne i Hercegovine<\/p>\n<p style=\"text-align: left;\"><a title=\"Stavovi stanovni\u0161tva o cijepljenju djece u Br\u010dko distriktu BiH\" href=\"http:\/\/jahs.eu\/wp-content\/uploads\/2018\/10\/03.pdf\" target=\"_blank\">Puni tekst: hrvatski,\u00a0<strong>pdf<\/strong>\u00a0(702 KB)<\/a><\/p>\n<p class=\"al-j\"><strong>Sa\u017eetak<\/strong><br \/>\nCijepljenje je najve\u0107e postignu\u0107e u medicini za lije\u010denje zaraznih bolesti. Cijepljenjem su neke zarazne bolesti iskorijenjene, dok su druge gotovo iskorijenjene. Me\u0111utim, i uz to neki roditelji ne cijepe svoju djecu. Na to utje\u010du njihovi stavovi prema cijepljenju. Ovaj se rad bavi istra\u017eivanjem stavova stanovni\u0161tva prema cijepljenju. Istra\u017eivanje je provedeno na teritoriju Br\u010dko distrikta BiH te je primijenjen mre\u017eni anketni upitnik. S pomo\u0107u anketnog upitnika najprije su dobiveni podaci o karakteristikama ispitanika, a u drugom dijelu upitnika ispitani su njihovi stavovi prema cijepljenju djece. Istra\u017eiva\u010dka faktorska analiza (EFA) grupirala je obje skupine tvrdnji u dva faktora.<\/p>\n<p>Ispitivanje stavova stanovni\u0161tva prema cijepljenju provedeno je s pomo\u0107u dvije skupine od po 13 pitanja, i to afirmacijskih i negacijskih pitanja o cijepljenju. Na temelju dobivenih odgovora izvr\u0161eno je grupiranje ispitanika prema njihovim stavovima, i to: ako je ve\u0107ina odgovora ispitanika bila pozitivna, onda su oni grupirani u skupinu ispitanika koji imaju pozitivan stav i obratno. Istra\u017eeno je imaju li ispitanici koji su imali negativan stav prema negacijskim pitanjima pozitivan stav prema afirmacijskim pitanjima i obratno. Analiza varijance dokazala je da su stavovi ispitanika nepromijenjeni i stalni. Ovo istra\u017eivanje dalo je dobre temelje za razumijevanje stavova stanovni\u0161tva prema cijepljenju djece koji bi se sljede\u0107im istra\u017eivanjima jo\u0161 produbili te bi poslu\u017eili za izradu strategija za cijepljenje djece u javnom zdravstvu.<\/p>\n<p><strong>Klju\u010dne rije\u010di<\/strong><br \/>\n<a class=\"normal\" href=\"https:\/\/hrcak.srce.hr\/search\/?stype=2&amp;c%5B0%5D=article_keywords&amp;r=10&amp;t%5B0%5D=cijepljenje%20djece\">cijepljenje djece<\/a>;\u00a0<a class=\"normal\" href=\"https:\/\/hrcak.srce.hr\/search\/?stype=2&amp;c%5B0%5D=article_keywords&amp;r=10&amp;t%5B0%5D=stavovi%20stanovni%C5%A1tva\">stavovi stanovni\u0161tva<\/a>;\u00a0<a class=\"normal\" href=\"https:\/\/hrcak.srce.hr\/search\/?stype=2&amp;c%5B0%5D=article_keywords&amp;r=10&amp;t%5B0%5D=cijepljenje\">cijepljenje<\/a>;\u00a0<a class=\"normal\" href=\"https:\/\/hrcak.srce.hr\/search\/?stype=2&amp;c%5B0%5D=article_keywords&amp;r=10&amp;t%5B0%5D=faktorska%20analiza\">faktorska analiza<\/a>;\u00a0<a class=\"normal\" href=\"https:\/\/hrcak.srce.hr\/search\/?stype=2&amp;c%5B0%5D=article_keywords&amp;r=10&amp;t%5B0%5D=analiza%20varijance\">analiza varijance<\/a><\/p>","protected":false},"excerpt":{"rendered":"<p>Stavovi stanovni\u0161tva o cijepljenju djece u Br\u010dko distriktu BiH Izvorni znanstveni \u010dlanak https:\/\/doi.org\/10.24141\/1\/4\/2\/3 Sead \u0160adi\u0107\u00a0; Vlada Br\u010dko distrikta BiH, Br\u010dko distrikt Bosne i Hercegovine Puni tekst: hrvatski,\u00a0pdf\u00a0(702 KB) Sa\u017eetak Cijepljenje je najve\u0107e postignu\u0107e u medicini za lije\u010denje zaraznih bolesti. Cijepljenjem su neke zarazne bolesti iskorijenjene, dok su druge gotovo iskorijenjene. Me\u0111utim, i uz to neki [&hellip;]<\/p>\n","protected":false},"author":1,"featured_media":0,"parent":414,"menu_order":0,"comment_status":"closed","ping_status":"closed","template":"","meta":{"footnotes":""},"class_list":["post-488","page","type-page","status-publish","hentry"],"_links":{"self":[{"href":"https:\/\/jahs.eu\/hr\/wp-json\/wp\/v2\/pages\/488","targetHints":{"allow":["GET"]}}],"collection":[{"href":"https:\/\/jahs.eu\/hr\/wp-json\/wp\/v2\/pages"}],"about":[{"href":"https:\/\/jahs.eu\/hr\/wp-json\/wp\/v2\/types\/page"}],"author":[{"embeddable":true,"href":"https:\/\/jahs.eu\/hr\/wp-json\/wp\/v2\/users\/1"}],"replies":[{"embeddable":true,"href":"https:\/\/jahs.eu\/hr\/wp-json\/wp\/v2\/comments?post=488"}],"version-history":[{"count":4,"href":"https:\/\/jahs.eu\/hr\/wp-json\/wp\/v2\/pages\/488\/revisions"}],"predecessor-version":[{"id":529,"href":"https:\/\/jahs.eu\/hr\/wp-json\/wp\/v2\/pages\/488\/revisions\/529"}],"up":[{"embeddable":true,"href":"https:\/\/jahs.eu\/hr\/wp-json\/wp\/v2\/pages\/414"}],"wp:attachment":[{"href":"https:\/\/jahs.eu\/hr\/wp-json\/wp\/v2\/media?parent=488"}],"curies":[{"name":"wp","href":"https:\/\/api.w.org\/{rel}","templated":true}]}}