{"id":492,"date":"2019-03-13T09:33:59","date_gmt":"2019-03-13T08:33:59","guid":{"rendered":"http:\/\/jahs.eu\/?page_id=492"},"modified":"2019-03-13T10:32:54","modified_gmt":"2019-03-13T09:32:54","slug":"validacija-testova-prijetransfuzijskog-ispitivanja-pretrazivanja-i-identifikacije-antieritrocitnih-protutijela-primjenom-dg-gel-kartica","status":"publish","type":"page","link":"https:\/\/jahs.eu\/hr\/volume-4-number-2-october-2018\/validacija-testova-prijetransfuzijskog-ispitivanja-pretrazivanja-i-identifikacije-antieritrocitnih-protutijela-primjenom-dg-gel-kartica\/","title":{"rendered":"Validacija testova prijetransfuzijskog ispitivanja pretra\u017eivanja i identifikacije antieritrocitnih protutijela primjenom DG Gel kartica"},"content":{"rendered":"<p><\/p>\n<p style=\"text-align: center;\"><strong>Validacija testova prijetransfuzijskog ispitivanja pretra\u017eivanja i identifikacije antieritrocitnih protutijela primjenom DG Gel kartica<\/strong><\/p>\n<p style=\"text-align: left;\">Izvorni znanstveni \u010dlanak<br \/>\n<a class=\"normal\" href=\"https:\/\/doi.org\/10.24141\/1\/4\/2\/4\" rel=\"nofollow\">https:\/\/doi.org\/10.24141\/1\/4\/2\/4<\/a><\/p>\n<p style=\"text-align: left;\"><b>Mirela Raos<\/b>; Klini\u010dki zavod za transfuzijsku medicinu i transplantacijsku biologiju, KBC Zagreb, Zagreb, Hrvatska<br \/>\n<strong>Jurjana Novoselac<\/strong>\u00a0; Klini\u010dki zavod za transfuzijsku medicinu i transplantacijsku biologiju, KBC Zagreb, Zagreb, Hrvatska<br \/>\n<strong>Iva Lucija Burna\u0107<\/strong>\u00a0; Klini\u010dki zavod za transfuzijsku medicinu i transplantacijsku biologiju, KBC Zagreb, Zagreb, Hrvatska<br \/>\n<strong>Marija Luki\u0107<\/strong>\u00a0; Klini\u010dki zavod za transfuzijsku medicinu i transplantacijsku biologiju, KBC Zagreb, Zagreb, Hrvatska<br \/>\n<strong>Ivana Leskovar<\/strong>\u00a0; Klini\u010dki zavod za transfuzijsku medicinu i transplantacijsku biologiju, KBC Zagreb, Zagreb, Hrvatska<br \/>\n<strong>Branka Golubi\u0107 \u0106epuli\u0107<\/strong>\u00a0; Klini\u010dki zavod za transfuzijsku medicinu i transplantacijsku biologiju, KBC Zagreb, Zagreb, Hrvatska<\/p>\n<p style=\"text-align: left;\"><a title=\"Evaluation of antibody screening and identification pre-transfusion tests using DG Gel cards\" href=\"http:\/\/jahs.eu\/wp-content\/uploads\/2018\/10\/04.pdf\" target=\"_blank\">Puni tekst: engleski,\u00a0<strong>pdf<\/strong>\u00a0(646 KB)<\/a><\/p>\n<p class=\"al-j\"><strong>Sa\u017eetak<\/strong><br \/>\nUvod<br \/>\nTestovi za predtransfuzijsko ispitivanje razlikuju se prema osjetljivosti i specifi\u010dnosti i trebalo bi ih validirati prije primjene za rutinski rad. Cilj ove studije bio je procijeniti dijagnosti\u010dku to\u010dnost sustava aglutinacije u mikrostupcu Grifols DG Gel i usporediti podatke s jo\u0161 dva sustava aglutinacije u mikrostupcu koji se primjenjuju u na\u0161em laboratoriju: Ortho BioVue i Bio-Rad. Posebna pozornost posve\u0107ena je upotrebi vi\u0161e bo\u010dica test eritrocita kod sustava Grifols DG Gel u usporedbi s drugim sustavima kako bi se istra\u017eilo pove\u0107ava li se osjetljivost za klini\u010dki zna\u010dajna protutijela.<\/p>\n<p>Materijal i metode<br \/>\nSvi uzorci testirani su paralelno karticama Grifols DG Gel, Ortho BioVue i Bio-Rad prema uputama proizvo\u0111a\u010da. Uzorci su obra\u0111eni ru\u010dno. Ispitivanja su obavili obu\u010deni i iskusni djelatnici. Ukupno je provedeno 419 ispitivanja na 302 uzorka.<\/p>\n<p>Rezultati<br \/>\nPodudarni rezultati izme\u0111u sustava Grifols DG Gel i ostala dva sustava dobiveni su u 93,8% ispitivanja. Za pretra\u017eivanje antieritrocitnih protutijela sustavom Grifols DG Gel osjetljivost je bila 97,53%, specifi\u010dnost 100%, prediktivna pozitivna vrijednost 100% i prediktivna negativna vrijednost 97,73 %. Za identifikaciju specifi\u010dnosti protutijela to\u010dnost za sustav Grifols DG Gel bila je 96,03%, 97,22% za Ortho BioVue i 94,44% za Bio-Rad.<\/p>\n<p>Zaklju\u010dci<br \/>\nSustav Grifols DG gel pokazuje visoku dijagnosti\u010dku to\u010dnost i siguran je za predtransfuzijsko ispitivanje. Upotrebom vi\u0161e bo\u010dica test eritrocita sustavom Grifols DG Gel u usporedbi s drugim sustavima pove\u0107ava se osjetljivost za neke specifi\u010dnosti protutijela, posebno anti-Jka. To bi moglo imati velik utjecaj na prevenciju odgo\u0111enih transfuzijskih reakcija.<\/p>\n<p><strong>Klju\u010dne rije\u010di<\/strong><br \/>\n<a class=\"normal\" href=\"https:\/\/hrcak.srce.hr\/search\/?stype=2&amp;c%5B0%5D=article_keywords&amp;r=10&amp;t%5B0%5D=evaluacija%20programa\">evaluacija programa<\/a>; <a class=\"normal\" href=\"https:\/\/hrcak.srce.hr\/search\/?stype=2&amp;c%5B0%5D=article_keywords&amp;r=10&amp;t%5B0%5D=krvne%20grupe%20i%20crossmatching\">krvne grupe i crossmatching<\/a>; <a class=\"normal\" href=\"https:\/\/hrcak.srce.hr\/search\/?stype=2&amp;c%5B0%5D=article_keywords&amp;r=10&amp;t%5B0%5D=testovi%20hemaglutinacije\">testovi hemaglutinacije<\/a>; <a class=\"normal\" href=\"https:\/\/hrcak.srce.hr\/search\/?stype=2&amp;c%5B0%5D=article_keywords&amp;r=10&amp;t%5B0%5D=eritrociti\">eritrociti<\/a>; <a class=\"normal\" href=\"https:\/\/hrcak.srce.hr\/search\/?stype=2&amp;c%5B0%5D=article_keywords&amp;r=10&amp;t%5B0%5D=aloantitijela\">aloantitijela<\/a><\/p>","protected":false},"excerpt":{"rendered":"<p>Validacija testova prijetransfuzijskog ispitivanja pretra\u017eivanja i identifikacije antieritrocitnih protutijela primjenom DG Gel kartica Izvorni znanstveni \u010dlanak https:\/\/doi.org\/10.24141\/1\/4\/2\/4 Mirela Raos; Klini\u010dki zavod za transfuzijsku medicinu i transplantacijsku biologiju, KBC Zagreb, Zagreb, Hrvatska Jurjana Novoselac\u00a0; Klini\u010dki zavod za transfuzijsku medicinu i transplantacijsku biologiju, KBC Zagreb, Zagreb, Hrvatska Iva Lucija Burna\u0107\u00a0; Klini\u010dki zavod za transfuzijsku medicinu i transplantacijsku [&hellip;]<\/p>\n","protected":false},"author":1,"featured_media":0,"parent":414,"menu_order":0,"comment_status":"closed","ping_status":"closed","template":"","meta":{"footnotes":""},"class_list":["post-492","page","type-page","status-publish","hentry"],"_links":{"self":[{"href":"https:\/\/jahs.eu\/hr\/wp-json\/wp\/v2\/pages\/492","targetHints":{"allow":["GET"]}}],"collection":[{"href":"https:\/\/jahs.eu\/hr\/wp-json\/wp\/v2\/pages"}],"about":[{"href":"https:\/\/jahs.eu\/hr\/wp-json\/wp\/v2\/types\/page"}],"author":[{"embeddable":true,"href":"https:\/\/jahs.eu\/hr\/wp-json\/wp\/v2\/users\/1"}],"replies":[{"embeddable":true,"href":"https:\/\/jahs.eu\/hr\/wp-json\/wp\/v2\/comments?post=492"}],"version-history":[{"count":2,"href":"https:\/\/jahs.eu\/hr\/wp-json\/wp\/v2\/pages\/492\/revisions"}],"predecessor-version":[{"id":530,"href":"https:\/\/jahs.eu\/hr\/wp-json\/wp\/v2\/pages\/492\/revisions\/530"}],"up":[{"embeddable":true,"href":"https:\/\/jahs.eu\/hr\/wp-json\/wp\/v2\/pages\/414"}],"wp:attachment":[{"href":"https:\/\/jahs.eu\/hr\/wp-json\/wp\/v2\/media?parent=492"}],"curies":[{"name":"wp","href":"https:\/\/api.w.org\/{rel}","templated":true}]}}