{"id":498,"date":"2019-03-13T09:42:17","date_gmt":"2019-03-13T08:42:17","guid":{"rendered":"http:\/\/jahs.eu\/?page_id=498"},"modified":"2019-03-13T10:33:32","modified_gmt":"2019-03-13T09:33:32","slug":"terapijski-ucinak-vjezbi-ekscentricne-kontrakcije-u-lijecenju-patelarne-tendinopatije-s-obzirom-na-period-primjene-terapijskog-protokola-2","status":"publish","type":"page","link":"https:\/\/jahs.eu\/hr\/volume-4-number-2-october-2018\/terapijski-ucinak-vjezbi-ekscentricne-kontrakcije-u-lijecenju-patelarne-tendinopatije-s-obzirom-na-period-primjene-terapijskog-protokola-2\/","title":{"rendered":"Terapijski u\u010dinak vje\u017ebi ekscentri\u010dne kontrakcije u lije\u010denju patelarne tendinopatije s obzirom na period primjene terapijskog protokola"},"content":{"rendered":"<p><\/p>\n<p style=\"text-align: center;\"><strong>Terapijski u\u010dinak vje\u017ebi ekscentri\u010dne kontrakcije u lije\u010denju patelarne tendinopatije s obzirom na period primjene terapijskog protokola<\/strong><\/p>\n<p style=\"text-align: left;\">Izvorni znanstveni \u010dlanak<br \/>\n<a class=\"normal\" href=\"https:\/\/doi.org\/10.24141\/1\/4\/2\/5\" rel=\"nofollow\">https:\/\/doi.org\/10.24141\/1\/4\/2\/5<\/a><\/p>\n<p style=\"text-align: left;\"><strong>Gordana Spevec<\/strong>\u00a0; Axis Rehabilitacija, Zagreb, Hrvatska<br \/>\n<strong>Lukrecija Jaku\u0161<\/strong>\u00a0; Zdravstveno veleu\u010dili\u0161te, Zagreb, Hrvatska<br \/>\n<strong>Marina Horvat<\/strong>\u00a0; Zdravstveno veleu\u010dili\u0161te, Zagreb, Hrvatska<\/p>\n<p style=\"text-align: left;\"><a title=\"Terapijski u\u010dinak vje\u017ebi ekscentri\u010dne kontrakcije u lije\u010denju patelarne tendinopatije s obzirom na period primjene terapijskog protokola\" href=\"http:\/\/jahs.eu\/wp-content\/uploads\/2018\/10\/05.pdf\" target=\"_blank\">Puni tekst: hrvatski,\u00a0<strong>pdf<\/strong>\u00a0(1 MB)<\/a><\/p>\n<p class=\"al-j\"><strong>Sa\u017eetak<\/strong><br \/>\nPatelarna tendinopatija jest sindrom prenaprezanja koji se o\u010dituje pojavom boli u prednjem dijelu koljena, a nastaje kao posljedica niza mikrotrauma s insuficijentnim mehanizmom reparacije tkiva. Brojna istra\u017eivanja potvr\u0111uju pozitivne posljedice vje\u017ebi ekscentri\u010dne kontrakcije na obnovu strukture i funkciju tetive. Promjenom u strukturi vulnerabilne tetive pove\u0107ava se njezina sposobnost apsorpcije optere\u0107enja, vra\u0107a funkcija i smanjuje bol. Terapijski protokoli primjene vje\u017ebi ekscentri\u010dne kontrakcije razlikuju se u na\u010dinu provedbe, doziranju i frekvenciji.<\/p>\n<p>Cilj je rada usporediti terapijski u\u010dinak vje\u017ebi ekscentri\u010dne kontrakcije u lije\u010denju patelarne tendinopatije s obzirom na period primjene terapijskog protokola.<\/p>\n<p>U provedenom istra\u017eivanju uspore\u0111eni su rezultati procjene intenziteta subjektivnog do\u017eivljaja boli i deficita funkcije na 20 ispitanika s postavljenom dijagnozom patelarne tendinopatije raspore\u0111enih u dvije skupine. Obje skupine uklju\u010dene su u program terapijskih vje\u017ebi ekscentri\u010dne kontrakcije u frekvenciji dva puta dnevno po tri serije, kroz \u0161est tjedana u prvoj skupini ispitanika odnosno kroz 12 tjedana u drugoj skupini ispitanika. Zabilje\u017een je u\u010dinak vje\u017ebi ekscentri\u010dne kontrakcije na smanjenje intenziteta boli za 1,5 jedinica na numeri\u010dkoj skali boli i unaprje\u0111enje funkcije za 6,9 bodova ispitano upitnikom VISA-P nakon \u0161est tjedana provo\u0111enja vje\u017ebi. Nakon 12 tjedana provo\u0111enja vje\u017ebi zabilje\u017een je u\u010dinak na smanjenje intenziteta boli za 3,8 jedinica na numeri\u010dkoj skali boli i unaprje\u0111enje funkcije za 13,2 boda ispitano upitnikom VISA-P.<\/p>\n<p>Period od 12 tjedana primjene protokola terapijskih vje\u017ebi ekscentri\u010dne kontrakcije u lije\u010denju patelarne tendinopatije na skupini sporta\u0161a i rekreativaca mla\u0111e dobi znatnije utje\u010de na smanjenje boli i unaprje\u0111enje funkcije u usporedbi s periodom od \u0161est tjedana.<\/p>\n<p><strong>Klju\u010dne rije\u010di<\/strong><br \/>\n<a class=\"normal\" href=\"https:\/\/hrcak.srce.hr\/search\/?stype=2&amp;c%5B0%5D=article_keywords&amp;r=10&amp;t%5B0%5D=patelarna%20tendinopatija\">patelarna tendinopatija<\/a>;\u00a0<a class=\"normal\" href=\"https:\/\/hrcak.srce.hr\/search\/?stype=2&amp;c%5B0%5D=article_keywords&amp;r=10&amp;t%5B0%5D=vje%C5%BEbe%20ekscentri%C4%8Dne%20kontrakcije\">vje\u017ebe ekscentri\u010dne kontrakcije<\/a>;\u00a0<a class=\"normal\" href=\"https:\/\/hrcak.srce.hr\/search\/?stype=2&amp;c%5B0%5D=article_keywords&amp;r=10&amp;t%5B0%5D=procjena%20boli\">procjena boli<\/a>;\u00a0<a class=\"normal\" href=\"https:\/\/hrcak.srce.hr\/search\/?stype=2&amp;c%5B0%5D=article_keywords&amp;r=10&amp;t%5B0%5D=procjena%20funkcije\">procjena funkcije<\/a><\/p>","protected":false},"excerpt":{"rendered":"<p>Terapijski u\u010dinak vje\u017ebi ekscentri\u010dne kontrakcije u lije\u010denju patelarne tendinopatije s obzirom na period primjene terapijskog protokola Izvorni znanstveni \u010dlanak https:\/\/doi.org\/10.24141\/1\/4\/2\/5 Gordana Spevec\u00a0; Axis Rehabilitacija, Zagreb, Hrvatska Lukrecija Jaku\u0161\u00a0; Zdravstveno veleu\u010dili\u0161te, Zagreb, Hrvatska Marina Horvat\u00a0; Zdravstveno veleu\u010dili\u0161te, Zagreb, Hrvatska Puni tekst: hrvatski,\u00a0pdf\u00a0(1 MB) Sa\u017eetak Patelarna tendinopatija jest sindrom prenaprezanja koji se o\u010dituje pojavom boli u prednjem [&hellip;]<\/p>\n","protected":false},"author":1,"featured_media":0,"parent":414,"menu_order":0,"comment_status":"closed","ping_status":"closed","template":"","meta":{"footnotes":""},"class_list":["post-498","page","type-page","status-publish","hentry"],"_links":{"self":[{"href":"https:\/\/jahs.eu\/hr\/wp-json\/wp\/v2\/pages\/498","targetHints":{"allow":["GET"]}}],"collection":[{"href":"https:\/\/jahs.eu\/hr\/wp-json\/wp\/v2\/pages"}],"about":[{"href":"https:\/\/jahs.eu\/hr\/wp-json\/wp\/v2\/types\/page"}],"author":[{"embeddable":true,"href":"https:\/\/jahs.eu\/hr\/wp-json\/wp\/v2\/users\/1"}],"replies":[{"embeddable":true,"href":"https:\/\/jahs.eu\/hr\/wp-json\/wp\/v2\/comments?post=498"}],"version-history":[{"count":2,"href":"https:\/\/jahs.eu\/hr\/wp-json\/wp\/v2\/pages\/498\/revisions"}],"predecessor-version":[{"id":531,"href":"https:\/\/jahs.eu\/hr\/wp-json\/wp\/v2\/pages\/498\/revisions\/531"}],"up":[{"embeddable":true,"href":"https:\/\/jahs.eu\/hr\/wp-json\/wp\/v2\/pages\/414"}],"wp:attachment":[{"href":"https:\/\/jahs.eu\/hr\/wp-json\/wp\/v2\/media?parent=498"}],"curies":[{"name":"wp","href":"https:\/\/api.w.org\/{rel}","templated":true}]}}