{"id":5,"date":"2015-04-02T09:31:31","date_gmt":"2015-04-02T07:31:31","guid":{"rendered":"http:\/\/jahs.eu\/?page_id=5"},"modified":"2025-12-12T13:18:05","modified_gmt":"2025-12-12T12:18:05","slug":"home","status":"publish","type":"page","link":"https:\/\/jahs.eu\/hr\/","title":{"rendered":"Po\u010detna stranica"},"content":{"rendered":"<p><\/p>\n<p style=\"text-align: justify;\">\n<p style=\"text-align: justify;\">Journal of Applied Health Sciences (JAHS) me\u0111unarodni je, recenzirani \u010dasopis s otvorenim pristupom posve\u0107en promicanju izvrsnosti, inovacija i interdisciplinarne suradnje u \u0161irokom podru\u010dju primijenjenih zdravstvenih znanosti. \u010casopis objavljuje izvorne znanstvene radove, sustavne preglede, teorijske i metodolo\u0161ke radove, kvalitativna istra\u017eivanja, analize politika te profesionalne priloge utemeljene na dokazima koji odra\u017eavaju promjenjive potrebe suvremenih zdravstvenih sustava i zajednica kojima slu\u017ee.<\/p>\n<p style=\"text-align: justify;\">Osnovan s ciljem ja\u010danja znanstvene osnove zdravstvenih profesija i potpore kontinuiranom razvoju zdravstvene prakse, JAHS pru\u017ea platformu za istra\u017eiva\u010de, klini\u010dare, edukatore, donositelje politika i stru\u010dnjake srodnih zdravstvenih struka radi razmjene znanja, predstavljanja novih nalaza i pra\u0107enja novih trendova u razli\u010ditim podru\u010djima zdravstvenih znanosti. Na\u0161 opseg obuhva\u0107a javno zdravstvo, epidemiologiju, klini\u010dku praksu i srodne zdravstvene djelatnosti, zdravlje okoli\u0161a i zdravlje na radu, sanitarnu tehniku, digitalno zdravstvo i zdravstvenu informatiku, istra\u017eivanja zdravstvenih sustava i zdravstvene politike, integrativnu i preventivnu medicinu te zdravstvene intervencije temeljene na prirodi i \u0161umi.<\/p>\n<p style=\"text-align: justify;\">Promicanjem rigorozne dvostruko maskirane recenzije, me\u0111unarodno priznatih eti\u010dkih i uredni\u010dkih standarda te transparentne znanstvene komunikacije, JAHS osigurava da svi objavljeni radovi zadovoljavaju najvi\u0161e standarde metodolo\u0161ke preciznosti, istra\u017eiva\u010dkog integriteta i stru\u010dne relevantnosti. \u010casopis je posve\u0107en cjelo\u017eivotnom u\u010denju, \u0161irenju suvremenih znanstvenih dokaza i razvoju kompetencija klju\u010dnih za pobolj\u0161anje kvalitete, sigurnosti i odr\u017eivosti zdravstvene skrbi.<\/p>\n<p style=\"text-align: justify;\">Kao diamond open-access \u010dasopis, JAHS omogu\u0107uje neograni\u010den pristup cjelokupnom objavljenom sadr\u017eaju, podupiru\u0107i pravednu razmjenu znanja i globalnu vidljivost. Uz priloge autora iz Europe i cijeloga svijeta, JAHS isti\u010de va\u017enost interdisciplinarnih pristupa, me\u0111unarodne suradnje i inovativnih istra\u017eiva\u010dkih smjerova koji povezuju znanstvena otkri\u0107a s primjenom u stvarnom svijetu u klini\u010dkoj praksi, javnom zdravstvu, za\u0161titi okoli\u0161a i ja\u010danju zdravstvenih sustava.<\/p>\n<p style=\"text-align: justify;\">Pozivamo autore iz svih zdravstveno povezanih disciplina da doprinesu ovoj rastu\u0107oj platformi posve\u0107enoj unaprje\u0111enju istra\u017eivanja, obrazovanja i prakse u primijenjenim zdravstvenim znanostima.<\/p>\n<p><\/p>","protected":false},"excerpt":{"rendered":"<p>Journal of Applied Health Sciences (JAHS) me\u0111unarodni je, recenzirani \u010dasopis s otvorenim pristupom posve\u0107en promicanju izvrsnosti, inovacija i interdisciplinarne suradnje u \u0161irokom podru\u010dju primijenjenih zdravstvenih znanosti. \u010casopis objavljuje izvorne znanstvene radove, sustavne preglede, teorijske i metodolo\u0161ke radove, kvalitativna istra\u017eivanja, analize politika te profesionalne priloge utemeljene na dokazima koji odra\u017eavaju promjenjive potrebe suvremenih zdravstvenih sustava i [&hellip;]<\/p>\n","protected":false},"author":1,"featured_media":0,"parent":0,"menu_order":0,"comment_status":"closed","ping_status":"open","template":"","meta":{"footnotes":""},"class_list":["post-5","page","type-page","status-publish","hentry"],"_links":{"self":[{"href":"https:\/\/jahs.eu\/hr\/wp-json\/wp\/v2\/pages\/5","targetHints":{"allow":["GET"]}}],"collection":[{"href":"https:\/\/jahs.eu\/hr\/wp-json\/wp\/v2\/pages"}],"about":[{"href":"https:\/\/jahs.eu\/hr\/wp-json\/wp\/v2\/types\/page"}],"author":[{"embeddable":true,"href":"https:\/\/jahs.eu\/hr\/wp-json\/wp\/v2\/users\/1"}],"replies":[{"embeddable":true,"href":"https:\/\/jahs.eu\/hr\/wp-json\/wp\/v2\/comments?post=5"}],"version-history":[{"count":7,"href":"https:\/\/jahs.eu\/hr\/wp-json\/wp\/v2\/pages\/5\/revisions"}],"predecessor-version":[{"id":1940,"href":"https:\/\/jahs.eu\/hr\/wp-json\/wp\/v2\/pages\/5\/revisions\/1940"}],"wp:attachment":[{"href":"https:\/\/jahs.eu\/hr\/wp-json\/wp\/v2\/media?parent=5"}],"curies":[{"name":"wp","href":"https:\/\/api.w.org\/{rel}","templated":true}]}}