{"id":501,"date":"2019-03-13T09:44:42","date_gmt":"2019-03-13T08:44:42","guid":{"rendered":"http:\/\/jahs.eu\/?page_id=501"},"modified":"2019-03-13T10:34:19","modified_gmt":"2019-03-13T09:34:19","slug":"seksualna-funkcija-u-zena-i-tvrdnje-semanticke-diferencijalne-skale","status":"publish","type":"page","link":"https:\/\/jahs.eu\/hr\/volume-4-number-2-october-2018\/seksualna-funkcija-u-zena-i-tvrdnje-semanticke-diferencijalne-skale\/","title":{"rendered":"Seksualna funkcija u \u017eena i tvrdnje semanti\u010dke diferencijalne skale"},"content":{"rendered":"<p><\/p>\n<p style=\"text-align: center;\"><strong>Seksualna funkcija u \u017eena i tvrdnje semanti\u010dke diferencijalne skale<\/strong><\/p>\n<p style=\"text-align: left;\">Izvorni znanstveni \u010dlanak<br \/>\n<a class=\"normal\" href=\"https:\/\/doi.org\/10.24141\/1\/4\/2\/6\" rel=\"nofollow\">https:\/\/doi.org\/10.24141\/1\/4\/2\/6<\/a><\/p>\n<p style=\"text-align: left;\"><strong>Andrej Starc<\/strong>\u00a0; Fakultet zdravstvenih studija, Katedra za javno zdravstvo, Sveu\u010dili\u0161te u Ljubljani, Ljubljana, Slovenija<\/p>\n<p style=\"text-align: left;\"><a title=\"Female sexual function and semantic differential items\" href=\"http:\/\/jahs.eu\/wp-content\/uploads\/2018\/10\/06.pdf\" target=\"_blank\"> Puni tekst: engleski, <strong>pdf<\/strong> (703 KB) <\/a><\/p>\n<p class=\"al-j\"><strong>Sa\u017eetak<\/strong><br \/>\nSvrha istra\u017eivanja bila je procijeniti korelacije izme\u0111u demografskih varijabli i tvrdnji iz Indeksa \u017eenske seksualne funkcije i pitanja iz Semanti\u010dke diferencijalne skale \u017eenske seksualne funkcije. Podaci su prikupljeni putem online ankete.<\/p>\n<p>Metode: Na temelju testiranja \u0161est tvrdnji Indeksa \u017eenske seksualne funkcije Kolmogorov-Smirnovljevim i Shapiro-Wilkovim testom primijenjena je neparametarska statisti\u010dka analiza sa Spearmanovim koeficijentom korelacije i hi-kvadrat testom. Statisti\u010dka razina zna\u010dajnosti postavljena je na p &lt; 0,05.<\/p>\n<p>Rezultati: Uzorak se sastojao od isklju\u010divo \u017eenskih sudionika u dobi od 18 do 89 godina. Ve\u0107ina sudionica (n = 287, 66,9%) bila je u vezi (ali nisu bile udane), jo\u0161 uvijek su poha\u0111ale fakultet (n = 178; 41,5%) i bile su pripadnice katoli\u010dke vjeroispovijesti (n = 267, 62,2%).<\/p>\n<p>Zaklju\u010dak: Najmla\u0111e sudionice iskazale su najvi\u0161u razinu zadovoljstva nakon spolnog odnosa i one uglavnom poduzimaju inicijativu za stupanje u spolni odnos. Me\u0111utim, one su uglavnom do\u017eivjele bol nakon spolnog odnosa. Udane sudionice naj\u010de\u0161\u0107e su postizale orgazam (na bilo koji na\u010din), bile su uzbu\u0111ene tijekom spolnog odnosa i osje\u0107ale zadovoljstvo nakon njega. Vi\u0161a razina obrazovanja pozitivnije utje\u010de na sam spolni odnos (postizanje orgazma, lubrikacija) i osje\u0107aj u\u017eitka nakon spolnog odnosa. Me\u0111utim, istodobno, sudionice su osje\u0107ale bol tijekom i nakon spolnog odnosa, bile su zabrinute svi\u0111aju li se svojim partnerima te su bile zabrinute zbog toga \u0161to nisu bili mentalno prisutne (npr. sanjarenje ili ma\u0161tanje o tome da su s nekim drugim) tijekom spolnog odnosa. Sudionice s jednim seksualnim partnerom u prethodnoj godini do\u017eivjele su orgazam i osje\u0107ale zadovoljstvo nakon spolnog odnosa, ali su osje\u0107ale bol tijekom spolnog odnosa. S porastom broja seksualnih partnera poja\u010dala se lubrikacija, kao i uzbu\u0111enje tijekom spolnog odnosa te osje\u0107aj zadovoljstva. Nadalje, bol je bila prisutna tijekom i nakon spolnog odnosa.<\/p>\n<p><strong>Klju\u010dne rije\u010di<\/strong><br \/>\n<a class=\"normal\" href=\"https:\/\/hrcak.srce.hr\/search\/?stype=2&amp;c%5B0%5D=article_keywords&amp;r=10&amp;t%5B0%5D=orgazam\">orgazam<\/a>; <a class=\"normal\" href=\"https:\/\/hrcak.srce.hr\/search\/?stype=2&amp;c%5B0%5D=article_keywords&amp;r=10&amp;t%5B0%5D=klitoris\">klitoris<\/a>; <a class=\"normal\" href=\"https:\/\/hrcak.srce.hr\/search\/?stype=2&amp;c%5B0%5D=article_keywords&amp;r=10&amp;t%5B0%5D=vagina\">vagina<\/a>; <a class=\"normal\" href=\"https:\/\/hrcak.srce.hr\/search\/?stype=2&amp;c%5B0%5D=article_keywords&amp;r=10&amp;t%5B0%5D=seksualna%20disfunkcija%20kod%20%C5%BEena\">seksualna disfunkcija kod \u017eena<\/a>; <a class=\"normal\" href=\"https:\/\/hrcak.srce.hr\/search\/?stype=2&amp;c%5B0%5D=article_keywords&amp;r=10&amp;t%5B0%5D=lubrikacija\">lubrikacija<\/a>; <a class=\"normal\" href=\"https:\/\/hrcak.srce.hr\/search\/?stype=2&amp;c%5B0%5D=article_keywords&amp;r=10&amp;t%5B0%5D=uzbu%C4%91enje\">uzbu\u0111enje<\/a><\/p>","protected":false},"excerpt":{"rendered":"<p>Seksualna funkcija u \u017eena i tvrdnje semanti\u010dke diferencijalne skale Izvorni znanstveni \u010dlanak https:\/\/doi.org\/10.24141\/1\/4\/2\/6 Andrej Starc\u00a0; Fakultet zdravstvenih studija, Katedra za javno zdravstvo, Sveu\u010dili\u0161te u Ljubljani, Ljubljana, Slovenija Puni tekst: engleski, pdf (703 KB) Sa\u017eetak Svrha istra\u017eivanja bila je procijeniti korelacije izme\u0111u demografskih varijabli i tvrdnji iz Indeksa \u017eenske seksualne funkcije i pitanja iz Semanti\u010dke diferencijalne [&hellip;]<\/p>\n","protected":false},"author":1,"featured_media":0,"parent":414,"menu_order":0,"comment_status":"closed","ping_status":"closed","template":"","meta":{"footnotes":""},"class_list":["post-501","page","type-page","status-publish","hentry"],"_links":{"self":[{"href":"https:\/\/jahs.eu\/hr\/wp-json\/wp\/v2\/pages\/501","targetHints":{"allow":["GET"]}}],"collection":[{"href":"https:\/\/jahs.eu\/hr\/wp-json\/wp\/v2\/pages"}],"about":[{"href":"https:\/\/jahs.eu\/hr\/wp-json\/wp\/v2\/types\/page"}],"author":[{"embeddable":true,"href":"https:\/\/jahs.eu\/hr\/wp-json\/wp\/v2\/users\/1"}],"replies":[{"embeddable":true,"href":"https:\/\/jahs.eu\/hr\/wp-json\/wp\/v2\/comments?post=501"}],"version-history":[{"count":2,"href":"https:\/\/jahs.eu\/hr\/wp-json\/wp\/v2\/pages\/501\/revisions"}],"predecessor-version":[{"id":532,"href":"https:\/\/jahs.eu\/hr\/wp-json\/wp\/v2\/pages\/501\/revisions\/532"}],"up":[{"embeddable":true,"href":"https:\/\/jahs.eu\/hr\/wp-json\/wp\/v2\/pages\/414"}],"wp:attachment":[{"href":"https:\/\/jahs.eu\/hr\/wp-json\/wp\/v2\/media?parent=501"}],"curies":[{"name":"wp","href":"https:\/\/api.w.org\/{rel}","templated":true}]}}