{"id":509,"date":"2019-03-13T09:53:05","date_gmt":"2019-03-13T08:53:05","guid":{"rendered":"http:\/\/jahs.eu\/?page_id=509"},"modified":"2019-03-13T10:35:23","modified_gmt":"2019-03-13T09:35:23","slug":"ultrazvucna-procjena-fetalne-prsne-duljine-kao-prediktor-gestacijske-dobi-kod-nigerijske-populacije","status":"publish","type":"page","link":"https:\/\/jahs.eu\/hr\/volume-4-number-2-october-2018\/ultrazvucna-procjena-fetalne-prsne-duljine-kao-prediktor-gestacijske-dobi-kod-nigerijske-populacije\/","title":{"rendered":"Ultrazvu\u010dna procjena fetalne prsne duljine kao prediktor gestacijske dobi kod nigerijske populacije"},"content":{"rendered":"<p><\/p>\n<p style=\"text-align: center;\"><strong>Ultrazvu\u010dna procjena fetalne prsne duljine kao prediktor gestacijske dobi kod nigerijske populacije<\/strong><\/p>\n<p style=\"text-align: left;\">Izvorni znanstveni \u010dlanak<br \/>\n<a class=\"normal\" href=\"https:\/\/doi.org\/10.24141\/1\/4\/2\/8\" rel=\"nofollow\">https:\/\/doi.org\/10.24141\/1\/4\/2\/8<\/a><\/p>\n<p style=\"text-align: left;\"><strong>Joseph Dimas<\/strong>\u00a0; Department of Radiology, Federal Medical Centre Katsina, Katsina State, Nigeria<br \/>\n<strong>Nwobi Ivor<\/strong>\u00a0; Department of Radiography, University of Maiduguri, Nigeria<br \/>\n<strong>Wiam Elshami<\/strong>\u00a0; Department of Medical Diagnostic Imaging, University of Sharjah, Sharjah, United Arab Emirates<br \/>\n<strong>Joseph Dlama<\/strong>\u00a0; Department of Radiology, Abubakar Tafawa Balewa University Teaching Hospital Bauchi, Nigeria<\/p>\n<p style=\"text-align: left;\"><a title=\"Sonographic Assessment of the Fetal Thoracic Length (FTL) as a Predictor of Gestational Age (GA) in Nigerian Population\" href=\"http:\/\/jahs.eu\/wp-content\/uploads\/2018\/10\/08.pdf\" target=\"_blank\"> Puni tekst: engleski, <strong>pdf<\/strong> (832 KB) <\/a><\/p>\n<p class=\"al-j\"><strong>Sa\u017eetak<\/strong><br \/>\nUvod: Ultrazvu\u010dni ure\u0111aji koji se upotrebljavaju u na\u0161em podru\u010dju koriste se softverskim programom koji sadr\u017ei normativne vrijednosti koje ne odgovaraju doma\u0107em stanovni\u0161tvu. Nadalje, kako trudno\u0107a odmi\u010de, to\u010dnost ve\u0107ine biometrijskih parametara u predvi\u0111anju gestacijske dobi varira zbog rasnih morfolo\u0161kih razlika te se pove\u0107ava mogu\u0107nost pogre\u0161ke. Stoga postoji i potreba za ovim istra\u017eivanjem.<\/p>\n<p>Svrha istra\u017eivanja: Utvrditi ultrazvu\u010dne normativne vrijednosti fetalne prsne duljine za lokalnu populaciju (pripadnici crne rase) i usporediti s vrijednostima koje se primjenjuju za pripadnike bijele rase.<\/p>\n<p>Materijali i metode: \u017dene trudne s jednim djetetom, koje su zanijele prirodnim putem i koje su zadovoljavale pojedina\u010dne kriterije za uklju\u010divanje u istra\u017eivanje, redom su uklju\u010divane u istra\u017eivanje. Prilikom istra\u017eivanja u obzir je uzeta i Helsin\u0161ka deklaracija iz 1975. godine. Prospektivno presje\u010dno istra\u017eivanje provedeno je u Saveznom medicinskom centru Azare, Bauchi. Istra\u017eivanje je obuhvatilo 253 \u017eene koje su se bile trudne izme\u0111u 16 i 38 tjedana. 2D ultrazvuk primijenjen je za mjerenje fetalne prsne duljine (od korijena vrata do dijafragme) na razini presjeka kroz \u010detiri sr\u010dane komore.<\/p>\n<p>Rezultati: Dobivene su normalne vrijednosti fetalne prsne duljine koje imaju linearnu i statisti\u010dki zna\u010dajnu povezanost s tjednima trudno\u0107e (r2 = 0,81, P \u2264 0,001). Fetalna prsna duljina ima stopu rasta od 0,182 cm tjedno.<\/p>\n<p>Zaklju\u010dak: Nema statisti\u010dki zna\u010dajne razlike izme\u0111u vrijednosti fetalne prsne duljine za stanovni\u0161tvo na kojem se vr\u0161ilo istra\u017eivanje (crna populacija) i za bijelu populaciju. Stoga se vrijednosti fetalne prsne duljine koje se primjenjuju za bijelu populaciju mogu primjenjivati za valjanu procjenu gestacijske dobi kod crne populacije. Prediktivna je jednad\u017eba za izra\u010dun gestacijske dobi: y = 3,61x + 11,95, gdje je y = gestacijska dob u tjednima i x = prsna duljina.<\/p>\n<p><strong>Klju\u010dne rije\u010di<\/strong><br \/>\n<a class=\"normal\" href=\"https:\/\/hrcak.srce.hr\/search\/?stype=2&amp;c%5B0%5D=article_keywords&amp;r=10&amp;t%5B0%5D=fetalna%20prsna%20duljina\">fetalna prsna duljina<\/a>; <a class=\"normal\" href=\"https:\/\/hrcak.srce.hr\/search\/?stype=2&amp;c%5B0%5D=article_keywords&amp;r=10&amp;t%5B0%5D=gestacijska%20dob\">gestacijska dob<\/a>; <a class=\"normal\" href=\"https:\/\/hrcak.srce.hr\/search\/?stype=2&amp;c%5B0%5D=article_keywords&amp;r=10&amp;t%5B0%5D=prikaz%20presjeka%20kroz%20%C4%8Detiri%20sr%C4%8Dane%20komore\">prikaz presjeka kroz \u010detiri sr\u010dane komore<\/a>; <a class=\"normal\" href=\"https:\/\/hrcak.srce.hr\/search\/?stype=2&amp;c%5B0%5D=article_keywords&amp;r=10&amp;t%5B0%5D=ultrazvuk\">ultrazvuk<\/a><\/p>","protected":false},"excerpt":{"rendered":"<p>Ultrazvu\u010dna procjena fetalne prsne duljine kao prediktor gestacijske dobi kod nigerijske populacije Izvorni znanstveni \u010dlanak https:\/\/doi.org\/10.24141\/1\/4\/2\/8 Joseph Dimas\u00a0; Department of Radiology, Federal Medical Centre Katsina, Katsina State, Nigeria Nwobi Ivor\u00a0; Department of Radiography, University of Maiduguri, Nigeria Wiam Elshami\u00a0; Department of Medical Diagnostic Imaging, University of Sharjah, Sharjah, United Arab Emirates Joseph Dlama\u00a0; Department of [&hellip;]<\/p>\n","protected":false},"author":1,"featured_media":0,"parent":414,"menu_order":0,"comment_status":"closed","ping_status":"closed","template":"","meta":{"footnotes":""},"class_list":["post-509","page","type-page","status-publish","hentry"],"_links":{"self":[{"href":"https:\/\/jahs.eu\/hr\/wp-json\/wp\/v2\/pages\/509","targetHints":{"allow":["GET"]}}],"collection":[{"href":"https:\/\/jahs.eu\/hr\/wp-json\/wp\/v2\/pages"}],"about":[{"href":"https:\/\/jahs.eu\/hr\/wp-json\/wp\/v2\/types\/page"}],"author":[{"embeddable":true,"href":"https:\/\/jahs.eu\/hr\/wp-json\/wp\/v2\/users\/1"}],"replies":[{"embeddable":true,"href":"https:\/\/jahs.eu\/hr\/wp-json\/wp\/v2\/comments?post=509"}],"version-history":[{"count":2,"href":"https:\/\/jahs.eu\/hr\/wp-json\/wp\/v2\/pages\/509\/revisions"}],"predecessor-version":[{"id":534,"href":"https:\/\/jahs.eu\/hr\/wp-json\/wp\/v2\/pages\/509\/revisions\/534"}],"up":[{"embeddable":true,"href":"https:\/\/jahs.eu\/hr\/wp-json\/wp\/v2\/pages\/414"}],"wp:attachment":[{"href":"https:\/\/jahs.eu\/hr\/wp-json\/wp\/v2\/media?parent=509"}],"curies":[{"name":"wp","href":"https:\/\/api.w.org\/{rel}","templated":true}]}}