{"id":512,"date":"2019-03-13T09:55:43","date_gmt":"2019-03-13T08:55:43","guid":{"rendered":"http:\/\/jahs.eu\/?page_id=512"},"modified":"2019-03-13T10:36:03","modified_gmt":"2019-03-13T09:36:03","slug":"kontrola-okratoksina-a-u-susenom-vocu","status":"publish","type":"page","link":"https:\/\/jahs.eu\/hr\/volume-4-number-2-october-2018\/kontrola-okratoksina-a-u-susenom-vocu\/","title":{"rendered":"Kontrola okratoksina A u su\u0161enom vo\u0107u"},"content":{"rendered":"<p><\/p>\n<p style=\"text-align: center;\"><strong>Kontrola okratoksina A u su\u0161enom vo\u0107u<\/strong><\/p>\n<p style=\"text-align: left;\">Izvorni znanstveni \u010dlanak<br \/>\n<a class=\"normal\" href=\"https:\/\/doi.org\/10.24141\/1\/4\/2\/9\" rel=\"nofollow\">https:\/\/doi.org\/10.24141\/1\/4\/2\/9<\/a><\/p>\n<p style=\"text-align: left;\"><strong>Robert Kecerin<\/strong>\u00a0; Nastavni zavod za javno zdravstvo \u201eDr. Andrija \u0160tampar\u201d, Zagreb, Hrvatska<br \/>\n<strong>Marinko Petrovi\u0107<\/strong>\u00a0; Nastavni zavod za javno zdravstvo \u201eDr. Andrija \u0160tampar\u201d, Zagreb, Hrvatska<br \/>\n<strong>Ivana Prskalo<\/strong>\u00a0; Nastavni zavod za javno zdravstvo \u201eDr. Andrija \u0160tampar\u201d, Zagreb, Hrvatska<br \/>\n<strong>Vedran Jagi\u0107<\/strong>\u00a0; Nastavni zavod za javno zdravstvo \u201eDr. Andrija \u0160tampar\u201d, Zagreb, Hrvatska<br \/>\n<strong>Dario Lasi\u0107<\/strong>\u00a0; Nastavni zavod za javno zdravstvo \u201eDr. Andrija \u0160tampar\u201d, Zagreb, Hrvatska<\/p>\n<p style=\"text-align: left;\"><a title=\"Kontrola okratoksina A u su\u0161enom vo\u0107u\" href=\"http:\/\/jahs.eu\/wp-content\/uploads\/2018\/10\/08.pdf\" target=\"_blank\"> Puni tekst: hrvatski, <strong>pdf<\/strong> (3 MB) <\/a><\/p>\n<p class=\"al-j\"><strong>Sa\u017eetak<\/strong><br \/>\nOkratoksini su podgrupa mikotoksina koje stvaraju plijesni iz roda Aspergillus ochraceus i Penicillium viridicatum. Najpoznatiji je i najtoksi\u010dniji okratoksin A, manje je toksi\u010dan okratoksin B, a okratoksin C dobiven je samo u laboratorijskim uvjetima. Na pokusnim \u017eivotinjama dokazan je nefrotoksi\u010dan, karcinogen, teratogen te imunosupresivan u\u010dinak okratoksina A, a novija istra\u017eivanja dokazuju da ima i \u0161tetan u\u010dinak na reproduktivno zdravlje ljudi. Naj\u010de\u0161\u0107e se stvara na usjevima nakon \u017eetve ako govorimo o \u017eitaricama, ali predstavlja znatan zdravstveni te gospodarski problem i u proizvodnji, preradi, skladi\u0161tenju i distribuciji drugih kultura kao \u0161to su za\u010dini, kava, mahunarke, ora\u0161asti plodovi, vino, pivo, su\u0161eno vo\u0107e i sl.<\/p>\n<p>S obzirom na to da sadr\u017ei niz vrijednih hranjivih tvari (polifenoli, vlakna, vitamini, minerali, \u0161e\u0107eri i sl.), su\u0161eno se vo\u0107e proizvodi diljem svijeta pa u mnogim zemljama \u010dini znatan udio u poljoprivrednoj proizvodnji i gospodarstvu op\u0107enito. Pojava plijesni, a posljedi\u010dno i okratoksina A predstavlja najve\u0107i problem u uzgoju,<br \/>\nproizvodnji i distribuciji ovakve vrste hrane. Valja imati na umu da za\u0161tita proizvoda od pojave plijesni i stvaranja mikotoksina zapo\u010dinje ve\u0107 na samoj planta\u017ei i potrebno ju je kontinuirano provoditi kroz razli\u010dite proizvodne i manipulativne faze (prilikom dozrijevanja ploda, pri berbi, kod su\u0161enja, transportiranja, skladi\u0161tenja itd.).<\/p>\n<p>Udio mikotoksina u su\u0161enom vo\u0107u, kao i u ostaloj hrani koja se stavlja na tr\u017ei\u0161te, odre\u0111uje se osjetljivim analiti\u010dkim metodama, ponajprije testom ELISA, koji je orijentacijska metoda, te HPLC-om i LC-MS\/MS-om, koji su potvrdne metode. Vjerodostojnost analiti\u010dke metode usko je povezana s uzimanjem uzorka na ispravan na\u010din, kao i njegovom dobrom homogenizacijom.<\/p>\n<p><strong>Klju\u010dne rije\u010di<\/strong><br \/>\n<a class=\"normal\" href=\"https:\/\/hrcak.srce.hr\/search\/?stype=2&amp;c%5B0%5D=article_keywords&amp;r=10&amp;t%5B0%5D=mikotoksini\">mikotoksini<\/a>; <a class=\"normal\" href=\"https:\/\/hrcak.srce.hr\/search\/?stype=2&amp;c%5B0%5D=article_keywords&amp;r=10&amp;t%5B0%5D=okratoksin%20A\">okratoksin A<\/a>; <a class=\"normal\" href=\"https:\/\/hrcak.srce.hr\/search\/?stype=2&amp;c%5B0%5D=article_keywords&amp;r=10&amp;t%5B0%5D=su%C5%A1eno%20vo%C4%87e\">su\u0161eno vo\u0107e<\/a>; <a class=\"normal\" href=\"https:\/\/hrcak.srce.hr\/search\/?stype=2&amp;c%5B0%5D=article_keywords&amp;r=10&amp;t%5B0%5D=HPLC\">HPLC<\/a><\/p>","protected":false},"excerpt":{"rendered":"<p>Kontrola okratoksina A u su\u0161enom vo\u0107u Izvorni znanstveni \u010dlanak https:\/\/doi.org\/10.24141\/1\/4\/2\/9 Robert Kecerin\u00a0; Nastavni zavod za javno zdravstvo \u201eDr. Andrija \u0160tampar\u201d, Zagreb, Hrvatska Marinko Petrovi\u0107\u00a0; Nastavni zavod za javno zdravstvo \u201eDr. Andrija \u0160tampar\u201d, Zagreb, Hrvatska Ivana Prskalo\u00a0; Nastavni zavod za javno zdravstvo \u201eDr. Andrija \u0160tampar\u201d, Zagreb, Hrvatska Vedran Jagi\u0107\u00a0; Nastavni zavod za javno zdravstvo \u201eDr. Andrija [&hellip;]<\/p>\n","protected":false},"author":1,"featured_media":0,"parent":414,"menu_order":0,"comment_status":"closed","ping_status":"closed","template":"","meta":{"footnotes":""},"class_list":["post-512","page","type-page","status-publish","hentry"],"_links":{"self":[{"href":"https:\/\/jahs.eu\/hr\/wp-json\/wp\/v2\/pages\/512","targetHints":{"allow":["GET"]}}],"collection":[{"href":"https:\/\/jahs.eu\/hr\/wp-json\/wp\/v2\/pages"}],"about":[{"href":"https:\/\/jahs.eu\/hr\/wp-json\/wp\/v2\/types\/page"}],"author":[{"embeddable":true,"href":"https:\/\/jahs.eu\/hr\/wp-json\/wp\/v2\/users\/1"}],"replies":[{"embeddable":true,"href":"https:\/\/jahs.eu\/hr\/wp-json\/wp\/v2\/comments?post=512"}],"version-history":[{"count":2,"href":"https:\/\/jahs.eu\/hr\/wp-json\/wp\/v2\/pages\/512\/revisions"}],"predecessor-version":[{"id":535,"href":"https:\/\/jahs.eu\/hr\/wp-json\/wp\/v2\/pages\/512\/revisions\/535"}],"up":[{"embeddable":true,"href":"https:\/\/jahs.eu\/hr\/wp-json\/wp\/v2\/pages\/414"}],"wp:attachment":[{"href":"https:\/\/jahs.eu\/hr\/wp-json\/wp\/v2\/media?parent=512"}],"curies":[{"name":"wp","href":"https:\/\/api.w.org\/{rel}","templated":true}]}}