{"id":515,"date":"2019-03-13T10:07:29","date_gmt":"2019-03-13T09:07:29","guid":{"rendered":"http:\/\/jahs.eu\/?page_id=515"},"modified":"2019-03-13T10:36:51","modified_gmt":"2019-03-13T09:36:51","slug":"osvijestenost-studentica-zdravstvenog-veleucilista-o-samopregledu-dojke","status":"publish","type":"page","link":"https:\/\/jahs.eu\/hr\/volume-4-number-2-october-2018\/osvijestenost-studentica-zdravstvenog-veleucilista-o-samopregledu-dojke\/","title":{"rendered":"Osvije\u0161tenost studentica Zdravstvenog veleu\u010dili\u0161ta o samopregledu dojke"},"content":{"rendered":"<p><\/p>\n<p style=\"text-align: center;\"><strong>Osvije\u0161tenost studentica Zdravstvenog veleu\u010dili\u0161ta o samopregledu dojke<\/strong><\/p>\n<p style=\"text-align: left;\">Izvorni znanstveni \u010dlanak<br \/>\n<a class=\"normal\" href=\"https:\/\/doi.org\/10.24141\/1\/4\/2\/10\" rel=\"nofollow\">https:\/\/doi.org\/10.24141\/1\/4\/2\/10<\/a><\/p>\n<p style=\"text-align: left;\"><strong>Antonija \u0160ajnovi\u0107;<\/strong>\u00a0Zdravstveno veleu\u010dili\u0161te Zagreb, studentica studija sestrinstva<br \/>\n<strong>Ema \u0160erki\u0107<\/strong>\u00a0; Zdravstveno veleu\u010dili\u0161te Zagreb, studentica studija sestrinstva<br \/>\n<b>Matea Duman\u010di\u0107<\/b> Zdravstveno veleu\u010dili\u0161te Zagreb, studentica studija sestrinstva<br \/>\n<strong>Ana Br\u010dina<\/strong>; Zdravstveno veleu\u010dili\u0161te Zagreb, studentica studija sestrinstva<br \/>\n<strong>Snje\u017eana \u010cukljek<\/strong>; Zdravstveno veleu\u010dili\u0161te Zagreb, Zagreb, Hrvatska<\/p>\n<p style=\"text-align: left;\"><a title=\"Osvije\u0161tenost studentica Zdravstvenog veleu\u010dili\u0161ta o samopregledu dojke\" href=\"http:\/\/jahs.eu\/wp-content\/uploads\/2018\/10\/09.pdf\" target=\"_blank\"> Puni tekst: hrvatski, <strong>pdf<\/strong> (1 MB) <\/a><\/p>\n<p class=\"al-j\"><strong>Sa\u017eetak<\/strong><br \/>\nRak dojke glavno je sijelo raka \u017eenske populacije u Republici Hrvatskoj, a incidencija i mortalitet znatno su vi\u0161i od europskog standarda. Prakticiranjem provo\u0111enja samopregleda svakog mjeseca rak dojke mo\u017ee se otkriti u ranijoj fazi nego kod \u017eena koje ga ne obavljaju. Pokazalo se da je rano otkrivanje povezano sa smanjenjem morbiditeta i mortaliteta od raka dojke. Iako je samopregled dojke jednostavan za obavljanje, kratko traje i nema tro\u0161kova, ve\u0107ina ga \u017eena obavlja pogre\u0161no ili ga uop\u0107e ne obavlja.<\/p>\n<p>Svrha ovog istra\u017eivanja bila je procijeniti znanje, stav i u\u010destalost obavljanja samopregleda dojke me\u0111u studenticama Zdravstvenog veleu\u010dili\u0161ta u Zagrebu. Podaci su prikupljeni s pomo\u0107u upitnika koji je sadr\u017eavao sociodemografske podatke i 13 pitanja. U istra\u017eivanje je uklju\u010deno 528 studentica prve, druge i tre\u0107e godine studija svih redovnih smjerova (medicinsko-laboratorijska dijagnostika, fizioterapija, sestrinstvo, radiolo\u0161ka tehnologija, sanitarno in\u017eenjerstvo i radna terapija).<\/p>\n<p>Rezultati ukazuju da ve\u0107ina studentica ne obavlja samopregled. Mjese\u010dno ga obavlja samo 32,89% studentica. Kao naj\u010de\u0161\u0107i razlog za neobavljanje navode da misle da su premlade, a 24,43% studentica tvrdi da ne zna obaviti samopregled.<\/p>\n<p>Potrebno je u nastavne sadr\u017eaje uklju\u010diti vi\u0161e predavanja o preventivnim postupcima, pravilnom izvo\u0111enju samopregleda te va\u017enosti ranog otkrivanja raka dojke, kako bi znanje mogli primijeniti na sebi, a i kao budu\u0107i zdravstveni djelatnici na pacijente. Tako\u0111er je potrebno organizirati \u0161to vi\u0161e preventivnih akcija i uklju\u010divati studente zdravstvenih struka u njih kako bi se ve\u0107i broj mladih \u017eena osvijestio o va\u017enosti ranog otkrivanja raka dojke.<\/p>\n<p><strong>Klju\u010dne rije\u010di<\/strong><br \/>\n<a class=\"normal\" href=\"https:\/\/hrcak.srce.hr\/search\/?stype=2&amp;c%5B0%5D=article_keywords&amp;r=10&amp;t%5B0%5D=samopregled%20dojke\">samopregled dojke<\/a>; <a class=\"normal\" href=\"https:\/\/hrcak.srce.hr\/search\/?stype=2&amp;c%5B0%5D=article_keywords&amp;r=10&amp;t%5B0%5D=preventivne%20mjere\">preventivne mjere<\/a>; <a class=\"normal\" href=\"https:\/\/hrcak.srce.hr\/search\/?stype=2&amp;c%5B0%5D=article_keywords&amp;r=10&amp;t%5B0%5D=karcinom%20dojke\">karcinom dojke<\/a><\/p>","protected":false},"excerpt":{"rendered":"<p>Osvije\u0161tenost studentica Zdravstvenog veleu\u010dili\u0161ta o samopregledu dojke Izvorni znanstveni \u010dlanak https:\/\/doi.org\/10.24141\/1\/4\/2\/10 Antonija \u0160ajnovi\u0107;\u00a0Zdravstveno veleu\u010dili\u0161te Zagreb, studentica studija sestrinstva Ema \u0160erki\u0107\u00a0; Zdravstveno veleu\u010dili\u0161te Zagreb, studentica studija sestrinstva Matea Duman\u010di\u0107 Zdravstveno veleu\u010dili\u0161te Zagreb, studentica studija sestrinstva Ana Br\u010dina; Zdravstveno veleu\u010dili\u0161te Zagreb, studentica studija sestrinstva Snje\u017eana \u010cukljek; Zdravstveno veleu\u010dili\u0161te Zagreb, Zagreb, Hrvatska Puni tekst: hrvatski, pdf (1 MB) [&hellip;]<\/p>\n","protected":false},"author":1,"featured_media":0,"parent":414,"menu_order":0,"comment_status":"closed","ping_status":"closed","template":"","meta":{"footnotes":""},"class_list":["post-515","page","type-page","status-publish","hentry"],"_links":{"self":[{"href":"https:\/\/jahs.eu\/hr\/wp-json\/wp\/v2\/pages\/515","targetHints":{"allow":["GET"]}}],"collection":[{"href":"https:\/\/jahs.eu\/hr\/wp-json\/wp\/v2\/pages"}],"about":[{"href":"https:\/\/jahs.eu\/hr\/wp-json\/wp\/v2\/types\/page"}],"author":[{"embeddable":true,"href":"https:\/\/jahs.eu\/hr\/wp-json\/wp\/v2\/users\/1"}],"replies":[{"embeddable":true,"href":"https:\/\/jahs.eu\/hr\/wp-json\/wp\/v2\/comments?post=515"}],"version-history":[{"count":2,"href":"https:\/\/jahs.eu\/hr\/wp-json\/wp\/v2\/pages\/515\/revisions"}],"predecessor-version":[{"id":536,"href":"https:\/\/jahs.eu\/hr\/wp-json\/wp\/v2\/pages\/515\/revisions\/536"}],"up":[{"embeddable":true,"href":"https:\/\/jahs.eu\/hr\/wp-json\/wp\/v2\/pages\/414"}],"wp:attachment":[{"href":"https:\/\/jahs.eu\/hr\/wp-json\/wp\/v2\/media?parent=515"}],"curies":[{"name":"wp","href":"https:\/\/api.w.org\/{rel}","templated":true}]}}