{"id":518,"date":"2019-03-13T10:09:57","date_gmt":"2019-03-13T09:09:57","guid":{"rendered":"http:\/\/jahs.eu\/?page_id=518"},"modified":"2019-03-13T10:37:21","modified_gmt":"2019-03-13T09:37:21","slug":"utjecaj-primjene-amadea-u-neurorehabilitaciji-ruke-kod-osoba-nakon-mozdanog-udara","status":"publish","type":"page","link":"https:\/\/jahs.eu\/hr\/volume-4-number-2-october-2018\/utjecaj-primjene-amadea-u-neurorehabilitaciji-ruke-kod-osoba-nakon-mozdanog-udara\/","title":{"rendered":"Utjecaj primjene Amadea u neurorehabilitaciji ruke kod osoba nakon mo\u017edanog udara"},"content":{"rendered":"<p><\/p>\n<p style=\"text-align: center;\"><strong>Utjecaj primjene Amadea u neurorehabilitaciji ruke kod osoba nakon mo\u017edanog udara<\/strong><\/p>\n<p style=\"text-align: left;\">Izvorni znanstveni \u010dlanak<br \/>\n<a class=\"normal\" href=\"https:\/\/doi.org\/10.24141\/1\/4\/2\/11\" rel=\"nofollow\">https:\/\/doi.org\/10.24141\/1\/4\/2\/11<\/a><\/p>\n<p style=\"text-align: left;\"><strong>Mark Tomaj<\/strong>; Poliklinika Glavi\u0107 Zagreb, Zagreb, Hrvatska<br \/>\n<strong>Mile Marin\u010di\u0107<\/strong>; Visoka \u0161kola Ivani\u0107-Grad, Ivani\u0107-Grad, Hrvatska<\/p>\n<p style=\"text-align: left;\"><a title=\"Utjecaj primjene Amadea u neurorehabilitaciji ruke kod osoba nakon mo\u017edanog udara\" href=\"http:\/\/jahs.eu\/wp-content\/uploads\/2018\/10\/10.pdf\" target=\"_blank\"> Puni tekst: hrvatski, <strong>pdf<\/strong> (1021 KB) <\/a><\/p>\n<p class=\"al-j\"><strong>Sa\u017eetak<\/strong><br \/>\nUvod: Mo\u017edani je udar oboljenje mo\u017edanih struktura, \u0161to rezultira smanjenom mogu\u0107no\u0161\u0107u kretanja, smetnjama u koordinaciji pokreta i hoda. Tre\u0107i je uzrok smrtnosti u svijetu, a drugi uzrok smrtnosti u Hrvatskoj. Osobe koje su preboljele mo\u017edani udar znaju imati te\u0161ka o\u0161te\u0107enja te ograni\u010denosti kretanja i probleme s percepcijom. Iako se kod rehabilitacije osoba koje su imale mo\u017edani udar najvi\u0161e primjenjuju tradicionalne metode rehabilitacije, danas se u neurorehabilitaciji sve vi\u0161e primjenjuje robotika. Robotika u neurorehabilitaciji osoba nakon mo\u017edanog udara ima svoje mjesto u rehabilitacijskom protokolu. Cilj je neurorobotike potpomognuta rehabilitacija za gornje i donje ekstremitete u svrhu oporavka o\u0161te\u0107ene motorike kako bi pru\u017eala pomo\u0107 bolesnicima u obavljanju svakodnevnih aktivnosti. Ovim smo radom ispitali utjecaj robotskoga terapijskog ure\u0111aja Amadeo na rehabilitaciju funkcije \u0161ake. Glavni je cilj robotskog terapijskog ure\u0111aja Amadeo usmjerena vje\u017eba dostizanja zadataka sa stalnim pove\u0107anjem intenziteta i broja ponavljanja. Rad \u0107e upozoriti i na mogu\u0107e eti\u010dke probleme s kojima se suvremena medicina susre\u0107e, pogotovo kad je u pitanju primjena suvremene tehnologije u rehabilitacijskim procesima. Ovo je naba\u010daj eti\u010dkog osvrta u radu i postavlja otvorena pitanja za daljnja istra\u017eivanja u budu\u0107nosti.<\/p>\n<p>Cilj rada: Ispitati u\u010dinak robotskog terapijskog ure\u0111aja Amadeo na pove\u0107anje opsega pokreta i snage, smanjenje tonusa i spazma u \u0161aci kod osoba nakon mo\u017edanog udara.<\/p>\n<p>Metode: Za provjeru uspje\u0161nosti provedena su mjerenja na po\u010detku i na kraju terapije robotskim terapijskim ure\u0111ajem Amadeo. Mjerenja se odnose na opseg pokreta, snagu, tonus i spazam po modificiranoj Ashworthovoj skali.<\/p>\n<p>Rezultati i zaklju\u010dci: Rezultati mjerenja snage \u0161ake pokazali su statisti\u010dki zna\u010dajnu razliku izme\u0111u rezultata mjerenja na po\u010detku i kraju terapije. Robotski terapijski ure\u0111aj Amadeo siguran je i \u010desto se primjenjuje za klini\u010dka istra\u017eivanja.<\/p>\n<p><strong>Klju\u010dne rije\u010di<\/strong><br \/>\n<a class=\"normal\" href=\"https:\/\/hrcak.srce.hr\/search\/?stype=2&amp;c%5B0%5D=article_keywords&amp;r=10&amp;t%5B0%5D=mo%C5%BEdani%20udar\">mo\u017edani udar<\/a>; <a class=\"normal\" href=\"https:\/\/hrcak.srce.hr\/search\/?stype=2&amp;c%5B0%5D=article_keywords&amp;r=10&amp;t%5B0%5D=neurorehabilitacija\">neurorehabilitacija<\/a>; <a class=\"normal\" href=\"https:\/\/hrcak.srce.hr\/search\/?stype=2&amp;c%5B0%5D=article_keywords&amp;r=10&amp;t%5B0%5D=etika%20robotika\">etika robotika<\/a>; <a class=\"normal\" href=\"https:\/\/hrcak.srce.hr\/search\/?stype=2&amp;c%5B0%5D=article_keywords&amp;r=10&amp;t%5B0%5D=robotski%20terapijski%20ure%C4%91aj%20Amadeo\">robotski terapijski ure\u0111aj Amadeo<\/a><\/p>","protected":false},"excerpt":{"rendered":"<p>Utjecaj primjene Amadea u neurorehabilitaciji ruke kod osoba nakon mo\u017edanog udara Izvorni znanstveni \u010dlanak https:\/\/doi.org\/10.24141\/1\/4\/2\/11 Mark Tomaj; Poliklinika Glavi\u0107 Zagreb, Zagreb, Hrvatska Mile Marin\u010di\u0107; Visoka \u0161kola Ivani\u0107-Grad, Ivani\u0107-Grad, Hrvatska Puni tekst: hrvatski, pdf (1021 KB) Sa\u017eetak Uvod: Mo\u017edani je udar oboljenje mo\u017edanih struktura, \u0161to rezultira smanjenom mogu\u0107no\u0161\u0107u kretanja, smetnjama u koordinaciji pokreta i hoda. Tre\u0107i [&hellip;]<\/p>\n","protected":false},"author":1,"featured_media":0,"parent":414,"menu_order":0,"comment_status":"closed","ping_status":"closed","template":"","meta":{"footnotes":""},"class_list":["post-518","page","type-page","status-publish","hentry"],"_links":{"self":[{"href":"https:\/\/jahs.eu\/hr\/wp-json\/wp\/v2\/pages\/518","targetHints":{"allow":["GET"]}}],"collection":[{"href":"https:\/\/jahs.eu\/hr\/wp-json\/wp\/v2\/pages"}],"about":[{"href":"https:\/\/jahs.eu\/hr\/wp-json\/wp\/v2\/types\/page"}],"author":[{"embeddable":true,"href":"https:\/\/jahs.eu\/hr\/wp-json\/wp\/v2\/users\/1"}],"replies":[{"embeddable":true,"href":"https:\/\/jahs.eu\/hr\/wp-json\/wp\/v2\/comments?post=518"}],"version-history":[{"count":2,"href":"https:\/\/jahs.eu\/hr\/wp-json\/wp\/v2\/pages\/518\/revisions"}],"predecessor-version":[{"id":537,"href":"https:\/\/jahs.eu\/hr\/wp-json\/wp\/v2\/pages\/518\/revisions\/537"}],"up":[{"embeddable":true,"href":"https:\/\/jahs.eu\/hr\/wp-json\/wp\/v2\/pages\/414"}],"wp:attachment":[{"href":"https:\/\/jahs.eu\/hr\/wp-json\/wp\/v2\/media?parent=518"}],"curies":[{"name":"wp","href":"https:\/\/api.w.org\/{rel}","templated":true}]}}