{"id":521,"date":"2019-03-13T10:11:58","date_gmt":"2019-03-13T09:11:58","guid":{"rendered":"http:\/\/jahs.eu\/?page_id=521"},"modified":"2019-03-13T10:38:15","modified_gmt":"2019-03-13T09:38:15","slug":"onkoliticki-virusi","status":"publish","type":"page","link":"https:\/\/jahs.eu\/hr\/volume-4-number-2-october-2018\/onkoliticki-virusi\/","title":{"rendered":"Onkoliti\u010dki virusi"},"content":{"rendered":"<p><\/p>\n<p style=\"text-align: center;\"><strong>Onkoliti\u010dki virusi<\/strong><\/p>\n<p style=\"text-align: left;\">Pregledni rad<br \/>\n<a class=\"normal\" href=\"https:\/\/doi.org\/10.24141\/1\/4\/2\/12\" rel=\"nofollow\">https:\/\/doi.org\/10.24141\/1\/4\/2\/12<\/a><\/p>\n<p style=\"text-align: left;\"><strong>Ines Poljak<\/strong>\u00a0; Zdravstveno veleu\u010dili\u0161te, Zagreb, Hrvatska<br \/>\n<strong>Petra Kora\u0107;<\/strong>\u00a0Zavod za molekularnu biologiju, Biolo\u0161ki odsjek, Prirodoslovno-matemati\u010dki fakultet, Sveu\u010dili\u0161te u Zagrebu, Zagreb, Hrvatska<\/p>\n<p style=\"text-align: left;\"><a title=\"Onkoliti\u010dki virusi\" href=\"http:\/\/jahs.eu\/wp-content\/uploads\/2018\/10\/11.pdf\" target=\"_blank\"> Puni tekst: hrvatski, <strong>pdf<\/strong> (139 KB) <\/a><\/p>\n<p class=\"al-j\"><strong>Sa\u017eetak<\/strong><br \/>\nMaligni tumori danas su naj\u010de\u0161\u0107i uzro\u010dnici smrtnosti u ljudi. Nakupljanje mutacija u stanicama uzrokuje nekontroliranu diobu stanica, kao i sprje\u010davanje njihove programirane smrti, \u0161to dovodi do neoplasti\u010dnih promjena. Nakuplja se tumorska masa koja izbjegava imunosni odgovor doma\u0107ina. Moderan pristup terapiji malignih tumora, koji je jo\u0161 uvijek u istra\u017eiva\u010dkoj fazi, temelji se na primjeni bakterija i\/ili virusa koji su geneti\u010dki modificirani. Njima se poti\u010de kemotaksijski u\u010dinak ili nastanak receptora koje \u0107e prepoznati imunosni sustav doma\u0107ina kako bi se potaknulo efektorski dio obrambenog sustava organizma na uni\u0161tavanje tumorske mase. U ovom radu dan je sa\u017eet prikaz najnovijih metoda navedenog podru\u010dja.<\/p>\n<p><strong>Klju\u010dne rije\u010di<\/strong><br \/>\n<a class=\"normal\" href=\"https:\/\/hrcak.srce.hr\/search\/?stype=2&amp;c%5B0%5D=article_keywords&amp;r=10&amp;t%5B0%5D=geneti%C4%8Dko%20in%C5%BEenjerstvo\">geneti\u010dko in\u017eenjerstvo<\/a>; <a class=\"normal\" href=\"https:\/\/hrcak.srce.hr\/search\/?stype=2&amp;c%5B0%5D=article_keywords&amp;r=10&amp;t%5B0%5D=onkoliti%C4%8Dki%20virusi\">onkoliti\u010dki virusi<\/a>; <a class=\"normal\" href=\"https:\/\/hrcak.srce.hr\/search\/?stype=2&amp;c%5B0%5D=article_keywords&amp;r=10&amp;t%5B0%5D=maligni%20tumori\">maligni tumori<\/a><\/p>","protected":false},"excerpt":{"rendered":"<p>Onkoliti\u010dki virusi Pregledni rad https:\/\/doi.org\/10.24141\/1\/4\/2\/12 Ines Poljak\u00a0; Zdravstveno veleu\u010dili\u0161te, Zagreb, Hrvatska Petra Kora\u0107;\u00a0Zavod za molekularnu biologiju, Biolo\u0161ki odsjek, Prirodoslovno-matemati\u010dki fakultet, Sveu\u010dili\u0161te u Zagrebu, Zagreb, Hrvatska Puni tekst: hrvatski, pdf (139 KB) Sa\u017eetak Maligni tumori danas su naj\u010de\u0161\u0107i uzro\u010dnici smrtnosti u ljudi. Nakupljanje mutacija u stanicama uzrokuje nekontroliranu diobu stanica, kao i sprje\u010davanje njihove programirane smrti, [&hellip;]<\/p>\n","protected":false},"author":1,"featured_media":0,"parent":414,"menu_order":0,"comment_status":"closed","ping_status":"closed","template":"","meta":{"footnotes":""},"class_list":["post-521","page","type-page","status-publish","hentry"],"_links":{"self":[{"href":"https:\/\/jahs.eu\/hr\/wp-json\/wp\/v2\/pages\/521","targetHints":{"allow":["GET"]}}],"collection":[{"href":"https:\/\/jahs.eu\/hr\/wp-json\/wp\/v2\/pages"}],"about":[{"href":"https:\/\/jahs.eu\/hr\/wp-json\/wp\/v2\/types\/page"}],"author":[{"embeddable":true,"href":"https:\/\/jahs.eu\/hr\/wp-json\/wp\/v2\/users\/1"}],"replies":[{"embeddable":true,"href":"https:\/\/jahs.eu\/hr\/wp-json\/wp\/v2\/comments?post=521"}],"version-history":[{"count":2,"href":"https:\/\/jahs.eu\/hr\/wp-json\/wp\/v2\/pages\/521\/revisions"}],"predecessor-version":[{"id":538,"href":"https:\/\/jahs.eu\/hr\/wp-json\/wp\/v2\/pages\/521\/revisions\/538"}],"up":[{"embeddable":true,"href":"https:\/\/jahs.eu\/hr\/wp-json\/wp\/v2\/pages\/414"}],"wp:attachment":[{"href":"https:\/\/jahs.eu\/hr\/wp-json\/wp\/v2\/media?parent=521"}],"curies":[{"name":"wp","href":"https:\/\/api.w.org\/{rel}","templated":true}]}}