{"id":524,"date":"2019-03-13T10:14:04","date_gmt":"2019-03-13T09:14:04","guid":{"rendered":"http:\/\/jahs.eu\/?page_id=524"},"modified":"2019-03-13T10:44:06","modified_gmt":"2019-03-13T09:44:06","slug":"fizioterapijski-protokol-kod-odraslih-bolesnika-nakon-traumatske-ozljede-mozga","status":"publish","type":"page","link":"https:\/\/jahs.eu\/hr\/volume-4-number-2-october-2018\/fizioterapijski-protokol-kod-odraslih-bolesnika-nakon-traumatske-ozljede-mozga\/","title":{"rendered":"Fizioterapijski protokol kod odraslih bolesnika nakon traumatske ozljede mozga"},"content":{"rendered":"<p><\/p>\n<p style=\"text-align: center;\"><strong>Fizioterapijski protokol kod odraslih bolesnika nakon traumatske ozljede mozga<\/strong><\/p>\n<p style=\"text-align: left;\">Stru\u010dni rad<br \/>\n<a class=\"normal\" href=\"https:\/\/doi.org\/10.24141\/1\/4\/2\/13\" rel=\"nofollow\">https:\/\/doi.org\/10.24141\/1\/4\/2\/13<\/a><\/p>\n<p style=\"text-align: left;\"><strong>Zdravko Ma\u010dek;<\/strong>\u00a0Specijalna bolnica za medicinsku rehabilitaciju Krapinske Toplice, Krapinske Toplice, Hrvatska<br \/>\n<strong>Mario Kolar<\/strong>\u00a0; Specijalna bolnica za medicinsku rehabilitaciju Krapinske Toplice, Krapinske Toplice, Hrvatska<br \/>\n<strong>Kre\u0161imir Stubi\u010dar;<\/strong>\u00a0Specijalna bolnica za medicinsku rehabilitaciju Krapinske Toplice, Krapinske Toplice, Hrvatska<br \/>\n<strong>Mario Mandi\u0107;<\/strong>\u00a0Specijalna bolnica za medicinsku rehabilitaciju Krapinske Toplice, Krapinske Toplice, Hrvatska<\/p>\n<p style=\"text-align: left;\"><a title=\"Fizioterapijski protokol kod odraslih bolesnika nakon traumatske ozljede mozga\" href=\"http:\/\/jahs.eu\/wp-content\/uploads\/2018\/10\/13.pdf\" target=\"_blank\"> Puni tekst: hrvatski, <strong>pdf<\/strong> (693 KB) <\/a><\/p>\n<p class=\"al-j\"><strong>Sa\u017eetak<\/strong><br \/>\nUvod. Protokoli obuhva\u0107aju smjernice i preporuke fizioterapeuta, lije\u010dnika i ostalih \u010dlanova tima u rehabilitaciji bolesnika nakon traumatskih ozljeda mozga (TOM). Traumatske ozljede mozga posljedica su djelovanja fizi\u010dke sile koje uzrokuje primarna ili sekundarna o\u0161te\u0107enja mozga. Nakon ozljede mozga funkcionalni status bolesnika mo\u017ee biti u rasponu od sposobnosti aktivnog sudjelovanja u rehabilitacijskim procesima, do stanja vigilne kome ili perzistentnoga vegetativnog stanja. Cilj i svrha izrade protokola jest osiguranje standarda kvalitete i ujedna\u010denost fizioterapijskih postupaka u procesu neurorehabilitacije odraslih bolesnika s TOM-om. Protokol definira metode procjene, postavljanje ciljeva te metode fizioterapijske intervencije.<\/p>\n<p>Metode. Izrada fizioterapijskog protokola temelji se na pregledu relevantne literature s podru\u010dja neurofizioterapije, koja uklju\u010duje klini\u010dke smjernice, znanstvene i stru\u010dne \u010dlanke te sekundarne izvore informacija.<\/p>\n<p>Rezultati i rasprava.<br \/>\nFizioterapijska procjena sastoji se od pregleda, testova i mjerenja. Preporu\u010deni standard procjene sadr\u017ei skalu za procjenu razine nesposobnosti (Disability Rating Scale), modificiranu Ashworthovu skalu, Test \u201eustani i idi\u201d (Timed Up and Go Test), Test ustajanja (Sit to Stand Test), Bergovu skalu balansa (Berg Balance Scale), vizualno-analognu skalu boli i goniometriju. Planiranje i provedba fizioterapeutske intervencije kod bolesnika u komi, vegetativnom statusu i minimalnoj svjesnosti uklju\u010duje: prevenciju komplikacija<br \/>\ninaktiviteta, multisenzori\u010dku stimulaciju svijesti facilitaciju transfera, pozicioniranje u kolicima te facilitaciju kontrole glave, trupa i voljnih pokreta ekstremiteta. Planiranje i provedba fizioterapeutske intervencije kod bolesnika koji aktivno sudjeluju u terapijskim procesima dodatno uklju\u010duje: specifi\u010dnu mobilizaciju mi\u0161i\u0107a, stimulaciju aktivnosti mijenjanja polo\u017eaja u le\u017eanju, uspravljanja u sjede\u0107i polo\u017eaj i sjedenja, ustajanja iz sjede\u0107eg u stoje\u0107i polo\u017eaj i stajanja, reedukaciju hoda, funkcionalni trening gornjih ekstremiteta, vje\u017ebe balansa i koordinacije, vje\u017ebe snage i izdr\u017eljivosti, primjenu ortoza te edukaciju bolesnika i obitelji.<\/p>\n<p>Zaklju\u010dak. Fizioterapijski protokol mo\u017ee osigurati ujedna\u010denost i kvalitetu izvo\u0111enja fizioterapijskih postupaka u rehabilitaciji odraslih bolesnika s TOM-om, pri \u010demu se preporu\u010dene metode procjene i tretmana temelje na znanstvenim i stru\u010dnim dokazima u\u010dinkovitosti.<\/p>\n<p><strong>Klju\u010dne rije\u010di<\/strong><br \/>\n<a class=\"normal\" href=\"https:\/\/hrcak.srce.hr\/search\/?stype=2&amp;c%5B0%5D=article_keywords&amp;r=10&amp;t%5B0%5D=neurofizioterapija\">neurofizioterapija<\/a>; <a class=\"normal\" href=\"https:\/\/hrcak.srce.hr\/search\/?stype=2&amp;c%5B0%5D=article_keywords&amp;r=10&amp;t%5B0%5D=TOM\">TOM<\/a>; <a class=\"normal\" href=\"https:\/\/hrcak.srce.hr\/search\/?stype=2&amp;c%5B0%5D=article_keywords&amp;r=10&amp;t%5B0%5D=protokol\">protokol<\/a>; <a class=\"normal\" href=\"https:\/\/hrcak.srce.hr\/search\/?stype=2&amp;c%5B0%5D=article_keywords&amp;r=10&amp;t%5B0%5D=procjena\">procjena<\/a>; <a class=\"normal\" href=\"https:\/\/hrcak.srce.hr\/search\/?stype=2&amp;c%5B0%5D=article_keywords&amp;r=10&amp;t%5B0%5D=intervencija\">intervencija<\/a><\/p>","protected":false},"excerpt":{"rendered":"<p>Fizioterapijski protokol kod odraslih bolesnika nakon traumatske ozljede mozga Stru\u010dni rad https:\/\/doi.org\/10.24141\/1\/4\/2\/13 Zdravko Ma\u010dek;\u00a0Specijalna bolnica za medicinsku rehabilitaciju Krapinske Toplice, Krapinske Toplice, Hrvatska Mario Kolar\u00a0; Specijalna bolnica za medicinsku rehabilitaciju Krapinske Toplice, Krapinske Toplice, Hrvatska Kre\u0161imir Stubi\u010dar;\u00a0Specijalna bolnica za medicinsku rehabilitaciju Krapinske Toplice, Krapinske Toplice, Hrvatska Mario Mandi\u0107;\u00a0Specijalna bolnica za medicinsku rehabilitaciju Krapinske Toplice, Krapinske [&hellip;]<\/p>\n","protected":false},"author":1,"featured_media":0,"parent":414,"menu_order":0,"comment_status":"closed","ping_status":"closed","template":"","meta":{"footnotes":""},"class_list":["post-524","page","type-page","status-publish","hentry"],"_links":{"self":[{"href":"https:\/\/jahs.eu\/hr\/wp-json\/wp\/v2\/pages\/524","targetHints":{"allow":["GET"]}}],"collection":[{"href":"https:\/\/jahs.eu\/hr\/wp-json\/wp\/v2\/pages"}],"about":[{"href":"https:\/\/jahs.eu\/hr\/wp-json\/wp\/v2\/types\/page"}],"author":[{"embeddable":true,"href":"https:\/\/jahs.eu\/hr\/wp-json\/wp\/v2\/users\/1"}],"replies":[{"embeddable":true,"href":"https:\/\/jahs.eu\/hr\/wp-json\/wp\/v2\/comments?post=524"}],"version-history":[{"count":3,"href":"https:\/\/jahs.eu\/hr\/wp-json\/wp\/v2\/pages\/524\/revisions"}],"predecessor-version":[{"id":540,"href":"https:\/\/jahs.eu\/hr\/wp-json\/wp\/v2\/pages\/524\/revisions\/540"}],"up":[{"embeddable":true,"href":"https:\/\/jahs.eu\/hr\/wp-json\/wp\/v2\/pages\/414"}],"wp:attachment":[{"href":"https:\/\/jahs.eu\/hr\/wp-json\/wp\/v2\/media?parent=524"}],"curies":[{"name":"wp","href":"https:\/\/api.w.org\/{rel}","templated":true}]}}