{"id":541,"date":"2019-03-13T10:53:13","date_gmt":"2019-03-13T09:53:13","guid":{"rendered":"http:\/\/jahs.eu\/?page_id=541"},"modified":"2019-03-13T10:53:13","modified_gmt":"2019-03-13T09:53:13","slug":"adherencija-pacijenata-prema-propisanoj-medikaciji","status":"publish","type":"page","link":"https:\/\/jahs.eu\/hr\/volume-4-number-1-april-2018\/adherencija-pacijenata-prema-propisanoj-medikaciji\/","title":{"rendered":"Adherencija pacijenata prema propisanoj medikaciji"},"content":{"rendered":"<p><\/p>\n<p style=\"text-align: center;\"><strong>Adherencija pacijenata prema propisanoj medikaciji<\/strong><\/p>\n<p style=\"text-align: left;\">Izvorni znanstveni \u010dlanak<br \/>\n<a class=\"normal\" href=\"https:\/\/doi.org\/10.24141\/1\/4\/1\/1\" rel=\"nofollow\">https:\/\/doi.org\/10.24141\/1\/4\/1\/1<\/a><\/p>\n<p style=\"text-align: left;\"><strong>Josip \u010culig<\/strong>\u00a0; Veleu\u010dili\u0161te Velika Gorica, Velika Gorica, Hrvatska<\/p>\n<p style=\"text-align: left;\"><a title=\"Patients\u2019 Adherence to Prescribed Medication\" href=\"http:\/\/jahs.eu\/wp-content\/uploads\/2018\/04\/001-JAHS-7.pdf\" target=\"_blank\"> Puni tekst: engleski, <strong>pdf<\/strong> (2 MB) <\/a><\/p>\n<p class=\"al-j\"><strong>Sa\u017eetak<\/strong><br \/>\nUvod\/Cilj<br \/>\nAdherencija se definira kao razina pacijentova pridr\u017eavanja dogovora s lije\u010dnikom o propisanoj medikaciji. Procjenjuje se da je prosje\u010dna neadherentnost pacijenta prema dugotrajnoj terapiji kod kroni\u010dnih bolesti u razvijenim zemljama oko 50%. Slaba adherencija glavni je razlog neuspje\u0161noga klini\u010dkog ishoda, ali i potencijalnog tro\u0161enja sredstava za lije\u010denje komplikacija bolesti uslijed neuspje\u0161nog lije\u010denja. Proveli smo istra\u017eivanje u Zagrebu kod bolesnika kojima je propisana dugotrajna medikacija zbog kroni\u010dnih bolesti.<\/p>\n<p>Metode<br \/>\nPacijenti su intervjuirani prigodom posjeta javnoj ljekarni koja je sudjelovala u ispitivanju i uzimanja lijeka za kroni\u010dnu terapiju na recept. Standardizirani intervju odobrilo je Eti\u010dko povjerenstvo i pacijentu se jam\u010dila anonimnost. Ukupno je prikupljeno 635 anketa. Studija je planirana kao presje\u010dna. Dio pitanja odnosio se na odnos ljekarnika i pacijenta. Samo 84 ljekarnika pristalo je sudjelovati u istra\u017eivanju.<\/p>\n<p>Rezultati<br \/>\nProsje\u010dna adherencija prema dugotrajnoj medikaciji bila je 41,7%, dok je u kohorti pacijenata s hipertenzijom bila \u010dak i ni\u017ea (39%). Kao glavni razlog neadherencije pacijenti su navodili zaboravljivost (60%), zatim nisu bili kod ku\u0107e u vrijeme uzimanja lijeka (45,4%), ili im je uzmanjkalo lijeka (44,4%) ili je propisano vrijeme uzimanja lijeka bilo nezgodno (40,9%) odnosno uzimaju vi\u0161e razli\u010ditih lijekova (39,5%). Tako\u0111er se navodi razlog da nije bilo propisanog lijeka u ljekarni, a nisu mogli dobiti zamjenu (35,9%), neki su se osje\u0107ali dobro (35,9%) ili su htjeli izbje\u0107i ne\u017eeljene u\u010dinke lijeka (29,6%). Odnos pacijent-ljekarnik sudionici u studiji razli\u010dito su ocijenili (u \u010dak pet od osam pitanja odgovori su se razlikovali statisti\u010dki zna\u010dajno, p &lt; 0,05). Na primjer, samo 14,3% ispitanih ljekarnika tra\u017ei od pacijenta da glasno ponovi uputu o uzimanju propisane medikacije.<\/p>\n<p>Zaklju\u010dak<br \/>\nU Zagrebu je razina adherencije pacijenata prema dugoro\u010dnoj terapiji niska. Potrebno je strate\u0161ki planirati i intervenirati kako bi se pona\u0161anje pacijenata promijenilo. Mogu\u0107e je kreirati novu ulogu farmaceuta u procesu pove\u0107anja adherencije prema propisanoj medikaciji.<\/p>\n<p><strong>Klju\u010dne rije\u010di<\/strong><br \/>\n<a class=\"normal\" href=\"https:\/\/hrcak.srce.hr\/search\/?stype=2&amp;c%5B0%5D=article_keywords&amp;r=10&amp;t%5B0%5D=adherencija\">adherencija<\/a>; <a class=\"normal\" href=\"https:\/\/hrcak.srce.hr\/search\/?stype=2&amp;c%5B0%5D=article_keywords&amp;r=10&amp;t%5B0%5D=pridr%C5%BEavanje%20uputa%20lije%C4%8Dnika\">pridr\u017eavanje uputa lije\u010dnika<\/a>; <a class=\"normal\" href=\"https:\/\/hrcak.srce.hr\/search\/?stype=2&amp;c%5B0%5D=article_keywords&amp;r=10&amp;t%5B0%5D=ustrajnost\">ustrajnost<\/a>; <a class=\"normal\" href=\"https:\/\/hrcak.srce.hr\/search\/?stype=2&amp;c%5B0%5D=article_keywords&amp;r=10&amp;t%5B0%5D=upitnik\">upitnik<\/a>; <a class=\"normal\" href=\"https:\/\/hrcak.srce.hr\/search\/?stype=2&amp;c%5B0%5D=article_keywords&amp;r=10&amp;t%5B0%5D=dugotrajno%20uzimanje%20lijekova\">dugotrajno uzimanje lijekova<\/a>; <a class=\"normal\" href=\"https:\/\/hrcak.srce.hr\/search\/?stype=2&amp;c%5B0%5D=article_keywords&amp;r=10&amp;t%5B0%5D=odnos%20ljekarnik%E2%80%93pacijent\">odnos ljekarnik\u2013pacijent<\/a>; <a class=\"normal\" href=\"https:\/\/hrcak.srce.hr\/search\/?stype=2&amp;c%5B0%5D=article_keywords&amp;r=10&amp;t%5B0%5D=Zagreb\">Zagreb<\/a><\/p>","protected":false},"excerpt":{"rendered":"<p>Adherencija pacijenata prema propisanoj medikaciji Izvorni znanstveni \u010dlanak https:\/\/doi.org\/10.24141\/1\/4\/1\/1 Josip \u010culig\u00a0; Veleu\u010dili\u0161te Velika Gorica, Velika Gorica, Hrvatska Puni tekst: engleski, pdf (2 MB) Sa\u017eetak Uvod\/Cilj Adherencija se definira kao razina pacijentova pridr\u017eavanja dogovora s lije\u010dnikom o propisanoj medikaciji. Procjenjuje se da je prosje\u010dna neadherentnost pacijenta prema dugotrajnoj terapiji kod kroni\u010dnih bolesti u razvijenim zemljama oko [&hellip;]<\/p>\n","protected":false},"author":1,"featured_media":0,"parent":350,"menu_order":0,"comment_status":"closed","ping_status":"closed","template":"","meta":{"footnotes":""},"class_list":["post-541","page","type-page","status-publish","hentry"],"_links":{"self":[{"href":"https:\/\/jahs.eu\/hr\/wp-json\/wp\/v2\/pages\/541","targetHints":{"allow":["GET"]}}],"collection":[{"href":"https:\/\/jahs.eu\/hr\/wp-json\/wp\/v2\/pages"}],"about":[{"href":"https:\/\/jahs.eu\/hr\/wp-json\/wp\/v2\/types\/page"}],"author":[{"embeddable":true,"href":"https:\/\/jahs.eu\/hr\/wp-json\/wp\/v2\/users\/1"}],"replies":[{"embeddable":true,"href":"https:\/\/jahs.eu\/hr\/wp-json\/wp\/v2\/comments?post=541"}],"version-history":[{"count":1,"href":"https:\/\/jahs.eu\/hr\/wp-json\/wp\/v2\/pages\/541\/revisions"}],"predecessor-version":[{"id":542,"href":"https:\/\/jahs.eu\/hr\/wp-json\/wp\/v2\/pages\/541\/revisions\/542"}],"up":[{"embeddable":true,"href":"https:\/\/jahs.eu\/hr\/wp-json\/wp\/v2\/pages\/350"}],"wp:attachment":[{"href":"https:\/\/jahs.eu\/hr\/wp-json\/wp\/v2\/media?parent=541"}],"curies":[{"name":"wp","href":"https:\/\/api.w.org\/{rel}","templated":true}]}}