{"id":544,"date":"2019-03-13T10:56:07","date_gmt":"2019-03-13T09:56:07","guid":{"rendered":"http:\/\/jahs.eu\/?page_id=544"},"modified":"2019-03-13T11:04:42","modified_gmt":"2019-03-13T10:04:42","slug":"darivanje-organa-iskustvo-u-odrzavanju-mozdano-mrtvog-donora-na-zivotu","status":"publish","type":"page","link":"https:\/\/jahs.eu\/hr\/volume-4-number-1-april-2018\/darivanje-organa-iskustvo-u-odrzavanju-mozdano-mrtvog-donora-na-zivotu\/","title":{"rendered":"Darivanje organa: iskustvo u odr\u017eavanju mo\u017edano mrtvog donora na \u017eivotu"},"content":{"rendered":"<p><\/p>\n<p style=\"text-align: center;\"><strong>Darivanje organa: iskustvo u odr\u017eavanju mo\u017edano mrtvog donora na \u017eivotu<\/strong><\/p>\n<p style=\"text-align: left;\">Izvorni znanstveni \u010dlanak<br \/>\n<a class=\"normal\" href=\"https:\/\/doi.org\/10.24141\/1\/4\/1\/2\" rel=\"nofollow\">https:\/\/doi.org\/10.24141\/1\/4\/1\/2<\/a><\/p>\n<p style=\"text-align: left;\"><strong>Petra Urbi\u010d Jurak<\/strong>; Zdravili\u0161\u010de Roga\u0161ka, Zdravstvo d.o.o., Roga\u0161ka Slatina, Slovenija<br \/>\n<strong>Andrej Starc<\/strong>; Fakultet zdravstvenih studija, Katedra za javno zdravstvo, Sveu\u010dili\u0161te u Ljubljani, Ljubljana, Slovenija<\/p>\n<p style=\"text-align: left;\"><a title=\"Organ Donation: Experience in the Maintenance of a Brain-Dead Donor\" href=\"http:\/\/jahs.eu\/wp-content\/uploads\/2018\/04\/002-JAHS-7.pdf\" target=\"_blank\"> Puni tekst: engleski, <strong>pdf<\/strong> (2 MB) <\/a><\/p>\n<p class=\"al-j\"><strong>Sa\u017eetak<\/strong><br \/>\nPozadina:<br \/>\nMo\u017edana je smrt nepovratni biolo\u0161ki doga\u0111aj koji podrazumijeva stalni prekid funkcija mozga i mo\u017edanog debla. Postupak transplantacije postao je uspje\u0161na metoda lije\u010denja mnogih pacijenata s terminalnim stanjima bolesti.<\/p>\n<p>Metodologija:<br \/>\nUzorak se sastojao od tri skupine: lije\u010dnika, registriranih medicinskih sestara i njegovatelja. Istra\u017eivanje je provedeno u jedinici intenzivne skrbi Sveu\u010dili\u0161nog klini\u010dkog centra u Ljubljani, na Odjelu za anesteziologiju i intenzivno kirur\u0161ko lije\u010denje te na Odjelu za vaskularnu neurologiju i intenzivno neurolo\u0161ko lije\u010denje. Podaci su prikupljeni putem upitnika i polustrukturiranih intervjua.<\/p>\n<p>Rezultati:<br \/>\nU slu\u010daju rada s mo\u017edano mrtvim donorima, stres utje\u010de vi\u0161e na \u017eene nego na mu\u0161karce. Zaklju\u010dujemo da rad s mo\u017edano mrtvim donorom organa predstavlja specifi\u010dnu situaciju i nema mnogo zajedni\u010dkog s<br \/>\n\u010dimbenicima koji utje\u010du na ukupno zadovoljstvo zdravstvenih djelatnika. Zdravstveni djelatnici koji su neodlu\u010dni oko darivanja vlastitih organa op\u0107enito su protiv darivanja organa. Utvr\u0111eno je da postoji nedostatak obrazovanja i komunikacije o odr\u017eavanju mo\u017edano mrtvih donora na \u017eivotu.<\/p>\n<p>Zaklju\u010dci:<br \/>\nRad s mo\u017edano mrtvim donorima gotovo je rutinski posao u jedinicama intenzivne skrbi. Neki zdravstveni djelatnici percipiraju mo\u017edano mrtve donore kao i sve ostale pacijente, ali unutar definiranog protokola.<\/p>\n<p><strong>Klju\u010dne rije\u010di<\/strong><br \/>\n<a class=\"normal\" href=\"https:\/\/hrcak.srce.hr\/search\/?stype=2&amp;c%5B0%5D=article_keywords&amp;r=10&amp;t%5B0%5D=smrt%20mozga\">smrt mozga<\/a>; <a class=\"normal\" href=\"https:\/\/hrcak.srce.hr\/search\/?stype=2&amp;c%5B0%5D=article_keywords&amp;r=10&amp;t%5B0%5D=postupak%20transplantacije\">postupak transplantacije<\/a>; <a class=\"normal\" href=\"https:\/\/hrcak.srce.hr\/search\/?stype=2&amp;c%5B0%5D=article_keywords&amp;r=10&amp;t%5B0%5D=mo%C5%BEdano%20mrtav%20donor%20organa\">mo\u017edano mrtav donor organa<\/a>; <a class=\"normal\" href=\"https:\/\/hrcak.srce.hr\/search\/?stype=2&amp;c%5B0%5D=article_keywords&amp;r=10&amp;t%5B0%5D=stres\">stres<\/a>; <a class=\"normal\" href=\"https:\/\/hrcak.srce.hr\/search\/?stype=2&amp;c%5B0%5D=article_keywords&amp;r=10&amp;t%5B0%5D=iskustva%20zdravstvenih%20djelatnika\">iskustva zdravstvenih djelatnika<\/a><\/p>","protected":false},"excerpt":{"rendered":"<p>Darivanje organa: iskustvo u odr\u017eavanju mo\u017edano mrtvog donora na \u017eivotu Izvorni znanstveni \u010dlanak https:\/\/doi.org\/10.24141\/1\/4\/1\/2 Petra Urbi\u010d Jurak; Zdravili\u0161\u010de Roga\u0161ka, Zdravstvo d.o.o., Roga\u0161ka Slatina, Slovenija Andrej Starc; Fakultet zdravstvenih studija, Katedra za javno zdravstvo, Sveu\u010dili\u0161te u Ljubljani, Ljubljana, Slovenija Puni tekst: engleski, pdf (2 MB) Sa\u017eetak Pozadina: Mo\u017edana je smrt nepovratni biolo\u0161ki doga\u0111aj koji podrazumijeva stalni [&hellip;]<\/p>\n","protected":false},"author":1,"featured_media":0,"parent":350,"menu_order":0,"comment_status":"closed","ping_status":"closed","template":"","meta":{"footnotes":""},"class_list":["post-544","page","type-page","status-publish","hentry"],"_links":{"self":[{"href":"https:\/\/jahs.eu\/hr\/wp-json\/wp\/v2\/pages\/544","targetHints":{"allow":["GET"]}}],"collection":[{"href":"https:\/\/jahs.eu\/hr\/wp-json\/wp\/v2\/pages"}],"about":[{"href":"https:\/\/jahs.eu\/hr\/wp-json\/wp\/v2\/types\/page"}],"author":[{"embeddable":true,"href":"https:\/\/jahs.eu\/hr\/wp-json\/wp\/v2\/users\/1"}],"replies":[{"embeddable":true,"href":"https:\/\/jahs.eu\/hr\/wp-json\/wp\/v2\/comments?post=544"}],"version-history":[{"count":1,"href":"https:\/\/jahs.eu\/hr\/wp-json\/wp\/v2\/pages\/544\/revisions"}],"predecessor-version":[{"id":545,"href":"https:\/\/jahs.eu\/hr\/wp-json\/wp\/v2\/pages\/544\/revisions\/545"}],"up":[{"embeddable":true,"href":"https:\/\/jahs.eu\/hr\/wp-json\/wp\/v2\/pages\/350"}],"wp:attachment":[{"href":"https:\/\/jahs.eu\/hr\/wp-json\/wp\/v2\/media?parent=544"}],"curies":[{"name":"wp","href":"https:\/\/api.w.org\/{rel}","templated":true}]}}