{"id":548,"date":"2019-03-13T11:00:41","date_gmt":"2019-03-13T10:00:41","guid":{"rendered":"http:\/\/jahs.eu\/?page_id=548"},"modified":"2019-03-13T11:05:01","modified_gmt":"2019-03-13T10:05:01","slug":"zadovoljstvo-pacijenata-uslugama-bolnicke-ishrane","status":"publish","type":"page","link":"https:\/\/jahs.eu\/hr\/volume-4-number-1-april-2018\/zadovoljstvo-pacijenata-uslugama-bolnicke-ishrane\/","title":{"rendered":"Zadovoljstvo pacijenata uslugama bolni\u010dke ishrane"},"content":{"rendered":"<p><\/p>\n<p style=\"text-align: center;\"><strong>Zadovoljstvo pacijenata uslugama bolni\u010dke ishrane<\/strong><\/p>\n<p style=\"text-align: left;\">Izvorni znanstveni \u010dlanak<br \/>\n<a class=\"normal\" href=\"https:\/\/doi.org\/10.24141\/1\/4\/1\/3\" rel=\"nofollow\">https:\/\/doi.org\/10.24141\/1\/4\/1\/3<\/a><\/p>\n<p style=\"text-align: left;\"><strong>Amer Ov\u010dina<\/strong>\u00a0; Sveu\u010dili\u0161ni klini\u010dki centar Sarajevo, Sarajevo, Bosna i Hercegovina<br \/>\n<strong>Sebija Izetbegovi\u0107<\/strong>\u00a0; Sveu\u010dili\u0161ni klini\u010dki centar Sarajevo, Sarajevo, Bosna i Hercegovina<br \/>\n<strong>Ernela Eminovi\u0107<\/strong>\u00a0; Sveu\u010dili\u0161ni klini\u010dki centar Sarajevo, Sarajevo, Bosna i Hercegovina<\/p>\n<p style=\"text-align: left;\"><a title=\"Satisfaction of Patients with Hospital Food Services\" href=\"http:\/\/jahs.eu\/wp-content\/uploads\/2018\/04\/003-JAHS-7.pdf\" target=\"_blank\"> Puni tekst: engleski, <strong>pdf<\/strong> (2 MB) <\/a><\/p>\n<p class=\"al-j\"><strong>Sa\u017eetak<\/strong><br \/>\nUvod:<br \/>\nZadovoljstvo pacijenata sve se vi\u0161e upotrebljava kao indikator kvalitete u zdravstvenom sektoru. Ispitivanje zadovoljstva ili iskustava pacijenata s prehranom u bolnici predstavlja va\u017ean segment koji utje\u010de na op\u0107e zadovoljstvo pru\u017eenim zdravstvenim uslugama u bolnici, a rezultati ispitivanja moraju slu\u017eiti u svrhu pobolj\u0161anja kvaliteta usluga.<\/p>\n<p>Cilj rada:<br \/>\nIspitati zadovoljstvo pacijenata uslugama bolni\u010dke prehrane, ocijeniti stupanj zadovoljstva distribucijom hrane te prikazati preporuke za unaprje\u0111enje kvalitete bolni\u010dke prehrane.<\/p>\n<p>Metode istra\u017eivanja:<br \/>\nIstra\u017eivanje je provedeno me\u0111u 300 hospitaliziranih pacijenata u Klini\u010dkom centru Univerziteta u Sarajevu. Za istra\u017eivanje je primijenjen namjenski konstruiran anonimni anketni upitnik. Istra\u017eivanje je provedeno u periodu od 1. svibnja do 31. kolovoza 2017.<\/p>\n<p>Rezultati istra\u017eivanja:<br \/>\nNa\u0161e je istra\u017eivanje pokazalo da su ispitanici u najve\u0107em broju slu\u010dajeva zadovoljni bolni\u010dkom prehranom. Manji je broj ispitanika nezadovoljan hranom iz centralne kuhinje, i to 5%, 25% ispitanika nije zadovoljno nutritivnom vrijedno\u0161\u0107u obroka, 6% jelovnikom, a 10% provo\u0111enjem dijetetskog tretmana.<\/p>\n<p>Zaklju\u010dak:<br \/>\nPrehrana pacijenata za vrijeme bolni\u010dkog tretmana ima va\u017ean utjecaj na cjelokupni oporavak od bolesti i znatno utje\u010de na op\u0107e zadovoljstvo pacijenta tretmanom u bolnici. Manji broj ispitanika subjektivno percipira nezadovoljstvo nutritivnom vrijedno\u0161\u0107u obroka i provo\u0111enjem propisane dijete.<\/p>\n<p><strong>Klju\u010dne rije\u010di<\/strong><br \/>\n<a class=\"normal\" href=\"https:\/\/hrcak.srce.hr\/search\/?stype=2&amp;c%5B0%5D=article_keywords&amp;r=10&amp;t%5B0%5D=hrana\">hrana<\/a>; <a class=\"normal\" href=\"https:\/\/hrcak.srce.hr\/search\/?stype=2&amp;c%5B0%5D=article_keywords&amp;r=10&amp;t%5B0%5D=zadovoljstvo\">zadovoljstvo<\/a>; <a class=\"normal\" href=\"https:\/\/hrcak.srce.hr\/search\/?stype=2&amp;c%5B0%5D=article_keywords&amp;r=10&amp;t%5B0%5D=pacijenti\">pacijenti<\/a>; <a class=\"normal\" href=\"https:\/\/hrcak.srce.hr\/search\/?stype=2&amp;c%5B0%5D=article_keywords&amp;r=10&amp;t%5B0%5D=bolnica\">bolnica<\/a>; <a class=\"normal\" href=\"https:\/\/hrcak.srce.hr\/search\/?stype=2&amp;c%5B0%5D=article_keywords&amp;r=10&amp;t%5B0%5D=kvaliteta\">kvaliteta<\/a><\/p>","protected":false},"excerpt":{"rendered":"<p>Zadovoljstvo pacijenata uslugama bolni\u010dke ishrane Izvorni znanstveni \u010dlanak https:\/\/doi.org\/10.24141\/1\/4\/1\/3 Amer Ov\u010dina\u00a0; Sveu\u010dili\u0161ni klini\u010dki centar Sarajevo, Sarajevo, Bosna i Hercegovina Sebija Izetbegovi\u0107\u00a0; Sveu\u010dili\u0161ni klini\u010dki centar Sarajevo, Sarajevo, Bosna i Hercegovina Ernela Eminovi\u0107\u00a0; Sveu\u010dili\u0161ni klini\u010dki centar Sarajevo, Sarajevo, Bosna i Hercegovina Puni tekst: engleski, pdf (2 MB) Sa\u017eetak Uvod: Zadovoljstvo pacijenata sve se vi\u0161e upotrebljava kao indikator [&hellip;]<\/p>\n","protected":false},"author":1,"featured_media":0,"parent":350,"menu_order":0,"comment_status":"closed","ping_status":"closed","template":"","meta":{"footnotes":""},"class_list":["post-548","page","type-page","status-publish","hentry"],"_links":{"self":[{"href":"https:\/\/jahs.eu\/hr\/wp-json\/wp\/v2\/pages\/548","targetHints":{"allow":["GET"]}}],"collection":[{"href":"https:\/\/jahs.eu\/hr\/wp-json\/wp\/v2\/pages"}],"about":[{"href":"https:\/\/jahs.eu\/hr\/wp-json\/wp\/v2\/types\/page"}],"author":[{"embeddable":true,"href":"https:\/\/jahs.eu\/hr\/wp-json\/wp\/v2\/users\/1"}],"replies":[{"embeddable":true,"href":"https:\/\/jahs.eu\/hr\/wp-json\/wp\/v2\/comments?post=548"}],"version-history":[{"count":1,"href":"https:\/\/jahs.eu\/hr\/wp-json\/wp\/v2\/pages\/548\/revisions"}],"predecessor-version":[{"id":549,"href":"https:\/\/jahs.eu\/hr\/wp-json\/wp\/v2\/pages\/548\/revisions\/549"}],"up":[{"embeddable":true,"href":"https:\/\/jahs.eu\/hr\/wp-json\/wp\/v2\/pages\/350"}],"wp:attachment":[{"href":"https:\/\/jahs.eu\/hr\/wp-json\/wp\/v2\/media?parent=548"}],"curies":[{"name":"wp","href":"https:\/\/api.w.org\/{rel}","templated":true}]}}