{"id":551,"date":"2019-03-13T11:03:55","date_gmt":"2019-03-13T10:03:55","guid":{"rendered":"http:\/\/jahs.eu\/?page_id=551"},"modified":"2019-03-13T11:03:55","modified_gmt":"2019-03-13T10:03:55","slug":"usporedba-dinamicke-stabilnosti-nogometasa-i-rukometasa","status":"publish","type":"page","link":"https:\/\/jahs.eu\/hr\/volume-4-number-1-april-2018\/usporedba-dinamicke-stabilnosti-nogometasa-i-rukometasa\/","title":{"rendered":"Usporedba dinami\u010dke stabilnosti nogometa\u0161a i rukometa\u0161a"},"content":{"rendered":"<p><\/p>\n<p style=\"text-align: center;\"><strong>Usporedba dinami\u010dke stabilnosti nogometa\u0161a i rukometa\u0161a<\/strong><\/p>\n<p style=\"text-align: left;\">Izvorni znanstveni \u010dlanak<br \/>\n<a class=\"normal\" href=\"https:\/\/doi.org\/10.24141\/1\/4\/1\/4\" rel=\"nofollow\">https:\/\/doi.org\/10.24141\/1\/4\/1\/4<\/a><\/p>\n<p style=\"text-align: left;\"><strong>Ines Pinter<\/strong>\u00a0; Nia physio, Bjelovar, Hrvatska<br \/>\n<strong>Dalibor Kiseljak <\/strong>;\u00a0Zdravstveno veleu\u010dili\u0161te Zagreb, Zagreb, Hrvatska<br \/>\n<strong>Olivera Petrak<\/strong>\u00a0; Zdravstveno veleu\u010dili\u0161te Zagreb, Zagreb, Hrvatska<\/p>\n<p style=\"text-align: left;\"><a title=\"Usporedba dinami\u010dke stabilnosti nogometa\u0161a i rukometa\u0161a\" href=\"http:\/\/jahs.eu\/wp-content\/uploads\/2018\/04\/004-JAHS-7.pdf\" target=\"_blank\"> Puni tekst: hrvatski, <strong>pdf<\/strong> (2 MB) <\/a><\/p>\n<p class=\"al-j\"><strong>Sa\u017eetak<\/strong><br \/>\nKako bi sporta\u0161 proveo trening visokog intenziteta, mora imati dobru posturu, ravnote\u017eu, ravnomjerno razvijenu jakost i fleksibilnost mi\u0161i\u0107a lijeve i desne te prednje i stra\u017enje strane tijela, odnosno mora imati dobru stabilnost i mobilnost.<\/p>\n<p>Cilj je istra\u017eivanja usporediti dinami\u010dku stabilnost nogometa\u0161a i rukometa\u0161a primjenom metode procjene Functional Movement Screening (FMS) koja se sastoji od sedam testova kojima se dijagnosticiraju ograni\u010denja u mobilnosti i stabilnosti te razli\u010dite asimetrije, a smatra se pouzdanim prediktorom rizika za ozlje\u0111ivanje. Cilj je tako\u0111er uvidjeti postoji li razlika u rezultatima FMS testova<br \/>\nprema dobnom rangu op\u0107enito, kao i u pojedinom sportu. Zanimalo nas je i provjeriti postoji li povezanost izme\u0111u dobi i indeksa tjelesne mase (ITM) sudionika s dinami\u010dkom stabilno\u0161\u0107u izra\u017eenom kao ukupni FMS rezultat.<\/p>\n<p>Istra\u017eivanje je provedeno u NK-u bjelovar i RK-u Bjelovar, na uzorku od 51 sudionika prosje\u010dne dobi 20,27 godina (raspon 16\u201333), tjelesne visine 183,01 cm (171\u2013195), tjelesne mase 80,42 kg (60\u2013132). Uzorak \u010dini 30 nogometa\u0161a (17 juniora i 13 seniora) te 21 rukometa\u0161 (osam juniora i 13 seniora).<\/p>\n<p>Jedina zna\u010dajna razlika u FMS-u izme\u0111u nogometa\u0161a i rukometa\u0161a pokazala se za test iskoraka na liniji, u kojem nogometa\u0161i posti\u017eu bolji rezultat. Usporedbom dviju dobnih kategorija nogometa\u0161a odnosno rukometa\u0161a razlika se nije pokazala zna\u010dajnom ni u jednom<br \/>\nFMS testu. ANOVA pokazuje postojanje zna\u010dajne razlike izme\u0111u rukometa\u0161a seniora i nogometa\u0161a juniora u podtestovima prekoraka i iskoraka na liniji.<\/p>\n<p>Izme\u0111u dobi i ukupnog FMS rezultata nema zna\u010dajne korelacije, ali je test mobilnosti ramena zna\u010dajno negativno povezan s dobi. S ITM-om su zna\u010dajno negativno povezani ukupni rezultat na FMS testu te rezultati na testu dubokog \u010du\u010dnja i mobilnosti ramena, no te su korelacije relativno niske.<\/p>\n<p>Nogometa\u0161i i rukometa\u0161i ne pripadaju skupini s pove\u0107anim rizikom za ozlje\u0111ivanje. FMS se preporu\u010duje kao instrument procjene dinami\u010dke stabilnosti jer je pouzdan, osjetljiv i jednostavan za primjenu.<\/p>\n<p><strong>Klju\u010dne rije\u010di<\/strong><br \/>\n<a class=\"normal\" href=\"https:\/\/hrcak.srce.hr\/search\/?stype=2&amp;c%5B0%5D=article_keywords&amp;r=10&amp;t%5B0%5D=FMS\">FMS<\/a>; <a class=\"normal\" href=\"https:\/\/hrcak.srce.hr\/search\/?stype=2&amp;c%5B0%5D=article_keywords&amp;r=10&amp;t%5B0%5D=stabilnost\">stabilnost<\/a>; <a class=\"normal\" href=\"https:\/\/hrcak.srce.hr\/search\/?stype=2&amp;c%5B0%5D=article_keywords&amp;r=10&amp;t%5B0%5D=mobilnost\">mobilnost<\/a>; <a class=\"normal\" href=\"https:\/\/hrcak.srce.hr\/search\/?stype=2&amp;c%5B0%5D=article_keywords&amp;r=10&amp;t%5B0%5D=nogomet\">nogomet<\/a>; <a class=\"normal\" href=\"https:\/\/hrcak.srce.hr\/search\/?stype=2&amp;c%5B0%5D=article_keywords&amp;r=10&amp;t%5B0%5D=rukomet\">rukomet<\/a><\/p>","protected":false},"excerpt":{"rendered":"<p>Usporedba dinami\u010dke stabilnosti nogometa\u0161a i rukometa\u0161a Izvorni znanstveni \u010dlanak https:\/\/doi.org\/10.24141\/1\/4\/1\/4 Ines Pinter\u00a0; Nia physio, Bjelovar, Hrvatska Dalibor Kiseljak ;\u00a0Zdravstveno veleu\u010dili\u0161te Zagreb, Zagreb, Hrvatska Olivera Petrak\u00a0; Zdravstveno veleu\u010dili\u0161te Zagreb, Zagreb, Hrvatska Puni tekst: hrvatski, pdf (2 MB) Sa\u017eetak Kako bi sporta\u0161 proveo trening visokog intenziteta, mora imati dobru posturu, ravnote\u017eu, ravnomjerno razvijenu jakost i fleksibilnost mi\u0161i\u0107a [&hellip;]<\/p>\n","protected":false},"author":1,"featured_media":0,"parent":350,"menu_order":0,"comment_status":"closed","ping_status":"closed","template":"","meta":{"footnotes":""},"class_list":["post-551","page","type-page","status-publish","hentry"],"_links":{"self":[{"href":"https:\/\/jahs.eu\/hr\/wp-json\/wp\/v2\/pages\/551","targetHints":{"allow":["GET"]}}],"collection":[{"href":"https:\/\/jahs.eu\/hr\/wp-json\/wp\/v2\/pages"}],"about":[{"href":"https:\/\/jahs.eu\/hr\/wp-json\/wp\/v2\/types\/page"}],"author":[{"embeddable":true,"href":"https:\/\/jahs.eu\/hr\/wp-json\/wp\/v2\/users\/1"}],"replies":[{"embeddable":true,"href":"https:\/\/jahs.eu\/hr\/wp-json\/wp\/v2\/comments?post=551"}],"version-history":[{"count":1,"href":"https:\/\/jahs.eu\/hr\/wp-json\/wp\/v2\/pages\/551\/revisions"}],"predecessor-version":[{"id":552,"href":"https:\/\/jahs.eu\/hr\/wp-json\/wp\/v2\/pages\/551\/revisions\/552"}],"up":[{"embeddable":true,"href":"https:\/\/jahs.eu\/hr\/wp-json\/wp\/v2\/pages\/350"}],"wp:attachment":[{"href":"https:\/\/jahs.eu\/hr\/wp-json\/wp\/v2\/media?parent=551"}],"curies":[{"name":"wp","href":"https:\/\/api.w.org\/{rel}","templated":true}]}}