{"id":557,"date":"2019-03-13T11:10:42","date_gmt":"2019-03-13T10:10:42","guid":{"rendered":"http:\/\/jahs.eu\/?page_id=557"},"modified":"2019-03-13T11:10:42","modified_gmt":"2019-03-13T10:10:42","slug":"suzbijanja-boli-neurostimulacijama-pet-desetljeca-postavke-o-kontroli-ulaza","status":"publish","type":"page","link":"https:\/\/jahs.eu\/hr\/volume-4-number-1-april-2018\/suzbijanja-boli-neurostimulacijama-pet-desetljeca-postavke-o-kontroli-ulaza\/","title":{"rendered":"Suzbijanja boli neurostimulacijama: Pet desetlje\u0107a \u201epostavke o kontroli ulaza\u201d"},"content":{"rendered":"<p><\/p>\n<p style=\"text-align: center;\"><strong>Suzbijanja boli neurostimulacijama: Pet desetlje\u0107a \u201epostavke o kontroli ulaza\u201d<\/strong><\/p>\n<p style=\"text-align: left;\">Pregledni rad<br \/>\n<a class=\"normal\" href=\"https:\/\/doi.org\/10.24141\/1\/4\/1\/6\" rel=\"nofollow\">https:\/\/doi.org\/10.24141\/1\/4\/1\/6<\/a><\/p>\n<p style=\"text-align: left;\"><strong>Predrag Keros<\/strong>\u00a0; Zdravstveno veleu\u010dili\u0161te Zagreb, Zagreb, Hrvatska<br \/>\n<strong>Nikolino \u017dura<\/strong>\u00a0; Zdravstveno veleu\u010dili\u0161te Zagreb, Zagreb, Hrvatska<br \/>\n<strong>Porin Peri\u0107<\/strong>; KBC Zagreb, Klinika za reumatske bolesti i rehabilitaciju, Zagreb, Hrvatska<\/p>\n<p style=\"text-align: left;\"><a title=\"Suzbijanja boli neurostimulacijama: Pet desetlje\u0107a \u201epostavke o kontroli ulaza\u201d\" href=\"http:\/\/jahs.eu\/wp-content\/uploads\/2018\/04\/006-JAHS-7.pdf\" target=\"_blank\"> Puni tekst: hrvatski, <strong>pdf<\/strong> (2 MB) <\/a><\/p>\n<p class=\"al-j\"><strong>Sa\u017eetak<\/strong><br \/>\nU suzbijanju tvrdokorne boli i ubla\u017eavanju bolnih stanja danas se sve \u010de\u0161\u0107e poduzimaju i transkutane neurostimulacije putem akupunkturnih igala ili elektroda elektri\u010dnog stimulatora. O tim postupcima postoje razli\u010dita promi\u0161ljanja i preporuke pa su u \u010dlanku prikazani i obrazlo\u017eeni na temelju suvremenih medicinskih spoznaja. Pri tome se najprije upozorava kako je rije\u010d samo o nadopuni uvrije\u017eenih terapijskih postupaka, prije svega farmakoterapije. U \u010dlanku su izlo\u017eena zbivanja u \u017eiv\u010danome sustavu prigodom podra\u017eivanja tzv. akupunkturnih to\u010daka pritiskom i ubodom, laserskim zrakama te pri aurikulopunkturi.<\/p>\n<p><strong>Klju\u010dne rije\u010di<\/strong><br \/>\n<a class=\"normal\" href=\"https:\/\/hrcak.srce.hr\/search\/?stype=2&amp;c%5B0%5D=article_keywords&amp;r=10&amp;t%5B0%5D=analgezija\">analgezija<\/a>; <a class=\"normal\" href=\"https:\/\/hrcak.srce.hr\/search\/?stype=2&amp;c%5B0%5D=article_keywords&amp;r=10&amp;t%5B0%5D=neurostimulacija\">neurostimulacija<\/a>; <a class=\"normal\" href=\"https:\/\/hrcak.srce.hr\/search\/?stype=2&amp;c%5B0%5D=article_keywords&amp;r=10&amp;t%5B0%5D=akupunktura\">akupunktura<\/a><\/p>","protected":false},"excerpt":{"rendered":"<p>Suzbijanja boli neurostimulacijama: Pet desetlje\u0107a \u201epostavke o kontroli ulaza\u201d Pregledni rad https:\/\/doi.org\/10.24141\/1\/4\/1\/6 Predrag Keros\u00a0; Zdravstveno veleu\u010dili\u0161te Zagreb, Zagreb, Hrvatska Nikolino \u017dura\u00a0; Zdravstveno veleu\u010dili\u0161te Zagreb, Zagreb, Hrvatska Porin Peri\u0107; KBC Zagreb, Klinika za reumatske bolesti i rehabilitaciju, Zagreb, Hrvatska Puni tekst: hrvatski, pdf (2 MB) Sa\u017eetak U suzbijanju tvrdokorne boli i ubla\u017eavanju bolnih stanja danas se [&hellip;]<\/p>\n","protected":false},"author":1,"featured_media":0,"parent":350,"menu_order":0,"comment_status":"closed","ping_status":"closed","template":"","meta":{"footnotes":""},"class_list":["post-557","page","type-page","status-publish","hentry"],"_links":{"self":[{"href":"https:\/\/jahs.eu\/hr\/wp-json\/wp\/v2\/pages\/557","targetHints":{"allow":["GET"]}}],"collection":[{"href":"https:\/\/jahs.eu\/hr\/wp-json\/wp\/v2\/pages"}],"about":[{"href":"https:\/\/jahs.eu\/hr\/wp-json\/wp\/v2\/types\/page"}],"author":[{"embeddable":true,"href":"https:\/\/jahs.eu\/hr\/wp-json\/wp\/v2\/users\/1"}],"replies":[{"embeddable":true,"href":"https:\/\/jahs.eu\/hr\/wp-json\/wp\/v2\/comments?post=557"}],"version-history":[{"count":1,"href":"https:\/\/jahs.eu\/hr\/wp-json\/wp\/v2\/pages\/557\/revisions"}],"predecessor-version":[{"id":558,"href":"https:\/\/jahs.eu\/hr\/wp-json\/wp\/v2\/pages\/557\/revisions\/558"}],"up":[{"embeddable":true,"href":"https:\/\/jahs.eu\/hr\/wp-json\/wp\/v2\/pages\/350"}],"wp:attachment":[{"href":"https:\/\/jahs.eu\/hr\/wp-json\/wp\/v2\/media?parent=557"}],"curies":[{"name":"wp","href":"https:\/\/api.w.org\/{rel}","templated":true}]}}