{"id":560,"date":"2019-03-13T11:13:10","date_gmt":"2019-03-13T10:13:10","guid":{"rendered":"http:\/\/jahs.eu\/?page_id=560"},"modified":"2019-03-13T11:13:10","modified_gmt":"2019-03-13T10:13:10","slug":"kombinirani-kognitivno-bihevioralni-i-farmakoloski-tretman-poslijeporodajne-depresije-prikaz-slucaja","status":"publish","type":"page","link":"https:\/\/jahs.eu\/hr\/volume-4-number-1-april-2018\/kombinirani-kognitivno-bihevioralni-i-farmakoloski-tretman-poslijeporodajne-depresije-prikaz-slucaja\/","title":{"rendered":"Kombinirani kognitivno-bihevioralni i farmakolo\u0161ki tretman poslijeporo\u0111ajne depresije \u2013 prikaz slu\u010daja"},"content":{"rendered":"<p><\/p>\n<p style=\"text-align: center;\"><strong>Kombinirani kognitivno-bihevioralni i farmakolo\u0161ki tretman poslijeporo\u0111ajne depresije \u2013 prikaz slu\u010daja<\/strong><\/p>\n<p style=\"text-align: left;\">Ostalo<br \/>\n<a class=\"normal\" href=\"https:\/\/doi.org\/10.24141\/1\/4\/1\/7\" rel=\"nofollow\">https:\/\/doi.org\/10.24141\/1\/4\/1\/7<\/a><\/p>\n<p style=\"text-align: left;\"><strong>Marta Ga\u0161parovi\u0107<\/strong>\u00a0; Klinika za psihijatriju, Klini\u010dki bolni\u010dki centar Osijek, Osijek, Hrvatska<\/p>\n<p style=\"text-align: left;\"><a title=\"Kombinirani kognitivno-bihevioralni i farmakolo\u0161ki tretman poslijeporo\u0111ajne depresije \u2013 prikaz slu\u010daja\" href=\"http:\/\/jahs.eu\/wp-content\/uploads\/2018\/04\/007-JAHS-7.pdf\" target=\"_blank\"> Puni tekst: hrvatski, <strong>pdf<\/strong> (2 MB) <\/a><\/p>\n<p class=\"al-j\"><strong>Sa\u017eetak<\/strong><br \/>\nMe\u0111u mentalnim pote\u0161ko\u0107ama u babinju po u\u010destalosti i po klini\u010dkom zna\u010daju isti\u010de se poslijeporo\u0111ajna depresija. Kognitivni model poslijeporo\u0111ajne depresije nagla\u0161ava ulogu specifi\u010dnih disfunkcionalnih maj\u010dinskih kognicija, sadr\u017eajno povezanih s nerealisti\u010dnom idealizacijom maj\u010dinstva, maj\u010dinom samoefikasno\u0161\u0107u i percepcijom od strane drugih. Uslijed stresora roditeljstva aktiviraju se nerealisti\u010dna pravila i vjerovanja te dovode do pojave i odr\u017eavanja simptoma depresije.<\/p>\n<p>U radu je prikazana kognitivna konceptualizacija pacijentice koja je razvila poslijeporo\u0111ajnu depresiju nakon ro\u0111enja prvog djeteta te terapija u trajanju od deset seansi vo\u0111ena po na\u010delima kognitivno-bihevioralne terapije, paralelno uz farmakoterapiju sertralinom.<\/p>\n<p><strong>Klju\u010dne rije\u010di<\/strong><br \/>\n<a class=\"normal\" href=\"https:\/\/hrcak.srce.hr\/search\/?stype=2&amp;c%5B0%5D=article_keywords&amp;r=10&amp;t%5B0%5D=poslijeporo%C4%91ajna%20depresija\">poslijeporo\u0111ajna depresija<\/a>; <a class=\"normal\" href=\"https:\/\/hrcak.srce.hr\/search\/?stype=2&amp;c%5B0%5D=article_keywords&amp;r=10&amp;t%5B0%5D=kognitivno-bihevi-%20oralna%20terapija\">kognitivno-bihevi- oralna terapija<\/a><\/p>","protected":false},"excerpt":{"rendered":"<p>Kombinirani kognitivno-bihevioralni i farmakolo\u0161ki tretman poslijeporo\u0111ajne depresije \u2013 prikaz slu\u010daja Ostalo https:\/\/doi.org\/10.24141\/1\/4\/1\/7 Marta Ga\u0161parovi\u0107\u00a0; Klinika za psihijatriju, Klini\u010dki bolni\u010dki centar Osijek, Osijek, Hrvatska Puni tekst: hrvatski, pdf (2 MB) Sa\u017eetak Me\u0111u mentalnim pote\u0161ko\u0107ama u babinju po u\u010destalosti i po klini\u010dkom zna\u010daju isti\u010de se poslijeporo\u0111ajna depresija. Kognitivni model poslijeporo\u0111ajne depresije nagla\u0161ava ulogu specifi\u010dnih disfunkcionalnih maj\u010dinskih kognicija, [&hellip;]<\/p>\n","protected":false},"author":1,"featured_media":0,"parent":350,"menu_order":0,"comment_status":"closed","ping_status":"closed","template":"","meta":{"footnotes":""},"class_list":["post-560","page","type-page","status-publish","hentry"],"_links":{"self":[{"href":"https:\/\/jahs.eu\/hr\/wp-json\/wp\/v2\/pages\/560","targetHints":{"allow":["GET"]}}],"collection":[{"href":"https:\/\/jahs.eu\/hr\/wp-json\/wp\/v2\/pages"}],"about":[{"href":"https:\/\/jahs.eu\/hr\/wp-json\/wp\/v2\/types\/page"}],"author":[{"embeddable":true,"href":"https:\/\/jahs.eu\/hr\/wp-json\/wp\/v2\/users\/1"}],"replies":[{"embeddable":true,"href":"https:\/\/jahs.eu\/hr\/wp-json\/wp\/v2\/comments?post=560"}],"version-history":[{"count":1,"href":"https:\/\/jahs.eu\/hr\/wp-json\/wp\/v2\/pages\/560\/revisions"}],"predecessor-version":[{"id":561,"href":"https:\/\/jahs.eu\/hr\/wp-json\/wp\/v2\/pages\/560\/revisions\/561"}],"up":[{"embeddable":true,"href":"https:\/\/jahs.eu\/hr\/wp-json\/wp\/v2\/pages\/350"}],"wp:attachment":[{"href":"https:\/\/jahs.eu\/hr\/wp-json\/wp\/v2\/media?parent=560"}],"curies":[{"name":"wp","href":"https:\/\/api.w.org\/{rel}","templated":true}]}}