{"id":563,"date":"2019-03-13T11:16:46","date_gmt":"2019-03-13T10:16:46","guid":{"rendered":"http:\/\/jahs.eu\/?page_id=563"},"modified":"2019-03-13T11:18:03","modified_gmt":"2019-03-13T10:18:03","slug":"vaznost-citoloske-analize-intraoperacijskog-otiska-baze-mamile-kod-mastektomiranih-pacijentica-zbog-karcinoma-dojke","status":"publish","type":"page","link":"https:\/\/jahs.eu\/hr\/volume-4-number-1-april-2018\/vaznost-citoloske-analize-intraoperacijskog-otiska-baze-mamile-kod-mastektomiranih-pacijentica-zbog-karcinoma-dojke\/","title":{"rendered":"Va\u017enost citolo\u0161ke analize intraoperacijskog otiska baze mamile kod mastektomiranih pacijentica zbog karcinoma dojke"},"content":{"rendered":"<p><\/p>\n<p style=\"text-align: center;\"><strong>Va\u017enost citolo\u0161ke analize intraoperacijskog otiska baze mamile kod mastektomiranih pacijentica zbog karcinoma dojke<\/strong><\/p>\n<p style=\"text-align: left;\">Stru\u010dni rad<br \/>\n<a class=\"normal\" href=\"https:\/\/doi.org\/10.24141\/1\/4\/1\/8\" rel=\"nofollow\">https:\/\/doi.org\/10.24141\/1\/4\/1\/8<\/a><\/p>\n<p style=\"text-align: left;\"><strong>Petra Dup\u010di\u0107<\/strong>; Zdravstveno veleu\u010dili\u0161te Zagreb, Zagreb, Hrvatska\u00a0<a href=\"mailto:petra_smiless@hotmail.com\"><img decoding=\"async\" src=\"https:\/\/hrcak.srce.hr\/images\/mail.gif\" \/><\/a><br \/>\n<strong>Karmen Trutin Ostovi\u0107<\/strong>\u00a0; Klini\u010dka jedinica za citologiju Klini\u010dkog zavoda za patologiju i citologiju KB-a Dubrava, Zagreb, Hrvatska<br \/>\n<strong>Rado \u017dic<\/strong>\u00a0; Klinika za plasti\u010dnu i rekonstruktivnu kirurgiju KB-a Dubrava, Zagreb, Hrvatska<br \/>\n<strong>Zdenko Stanec<\/strong>\u00a0; Klinika za plasti\u010dnu i rekonstruktivnu kirurgiju KB-a Dubrava, Zagreb, Hrvatska<br \/>\n<strong>Smiljka Lamba\u0161a<\/strong>\u00a0; Klini\u010dka jedinica za patologiju Klini\u010dkog zavoda za patologiju i citologiju KB-a Dubrava, Zagreb, Hrvatska<\/p>\n<p style=\"text-align: left;\"><a title=\"Va\u017enost citolo\u0161ke analize intraoperacijskog otiska baze mamile kod mastektomiranih pacijentica zbog karcinoma dojke\" href=\"http:\/\/jahs.eu\/wp-content\/uploads\/2018\/04\/008-JAHS-7.pdf\" target=\"_blank\"> Puni tekst: hrvatski, <strong>pdf<\/strong> (4 MB) <\/a><\/p>\n<p class=\"al-j\"><strong>Sa\u017eetak<\/strong><br \/>\nKarcinom dojke je jedan od najra\u0161irenijih malignih tumora u \u017eena, \u010de\u0161\u0107e je duktalnog nego lobularnog podrijetla. Nalazi se na prvom mjestu i po pojavnosti i po mortalitetu. Vrlo je va\u017eno \u0161to ranije otkriti bolest jer dijagnosticiranje karcinoma u po\u010detnom stadiju jam\u010di bolje izlje\u010denje. Postoji mnogo dijagnosti\u010dkih metoda. Citolo\u0161ka punkcija pod nadzorom ultrazvuka i core biopsija imaju veliku ulogu u ranom otkrivanju bolesti i boljem pre\u017eivljenju. Velik broj pacijentica operiran je po\u0161tednom operacijom zahvaljuju\u0107i ranom otkrivanju karcinoma. Mastektomija se obi\u010dno radi u pacijentica s multicentri\u010dnim, velikim ili ponovljenim tumorom nakon konzervativne terapije. Ponekad se mastektomija s po\u0161tedom ko\u017ee i bradavice radi kod pacijentica s pozitivnim genom BRCA-1 i BRCA-2. U 5 do 10% pacijentica s karcinomom dojke tumorske se stanice mogu otkriti u bradavici. Intraoperacijska citolo\u0161ka analiza otiska baze mamile vrlo je va\u017ena i to\u010dnost ovisi o pravilno ozna\u010denom dijelu bradavice (najva\u017enije je dobro ozna\u010davanje vanjske i unutarnje povr\u0161ine bradavice) i znanju<br \/>\ncitologa. Tijekom jedne godine od 9. studenoga 2010. do 10. studenoga 2011. napravljena je mastektomija s po\u0161tedom bradavice u 47 pacijentica. Usporedbom hitne citolo\u0161ke i kona\u010dne patohistolo\u0161ke dijagnoze, citolo\u0161ka je dijagnoza pokazala specifi\u010dnost 97%, osjetljivost 85% i dijagnosti\u010dku to\u010dnost 91%. Moramo biti oprezni u interpretaciji rezultata zbog pukotina u smrznutim hitnim patohistolo\u0161kim rezovima i sklonosti malignih stanica grupiranju, kao i kod nekroti\u010dnih citolo\u0161kih otisaka u kojima mogu biti skrivene i razorene maligne stanice. Intraoperacijska analiza omogu\u0107uje rekonstrukciju dojke tijekom iste operacije.<\/p>\n<p><strong>Klju\u010dne rije\u010di<\/strong><br \/>\n<a class=\"normal\" href=\"https:\/\/hrcak.srce.hr\/search\/?stype=2&amp;c%5B0%5D=article_keywords&amp;r=10&amp;t%5B0%5D=bradavica%20(lat.%20mamilla%20mammae)\">bradavica (lat. mamilla mammae)<\/a>; <a class=\"normal\" href=\"https:\/\/hrcak.srce.hr\/search\/?stype=2&amp;c%5B0%5D=article_keywords&amp;r=10&amp;t%5B0%5D=mastektomija\">mastektomija<\/a>; <a class=\"normal\" href=\"https:\/\/hrcak.srce.hr\/search\/?stype=2&amp;c%5B0%5D=article_keywords&amp;r=10&amp;t%5B0%5D=citolo%C5%A1ki%20intraoperacijski%20otisak\">citolo\u0161ki intraoperacijski otisak<\/a>; <a class=\"normal\" href=\"https:\/\/hrcak.srce.hr\/search\/?stype=2&amp;c%5B0%5D=article_keywords&amp;r=10&amp;t%5B0%5D=kona%C4%8Dna%20patohistolo%C5%A1ka%20dijagnoza\">kona\u010dna patohistolo\u0161ka dijagnoza<\/a><\/p>","protected":false},"excerpt":{"rendered":"<p>Va\u017enost citolo\u0161ke analize intraoperacijskog otiska baze mamile kod mastektomiranih pacijentica zbog karcinoma dojke Stru\u010dni rad https:\/\/doi.org\/10.24141\/1\/4\/1\/8 Petra Dup\u010di\u0107; Zdravstveno veleu\u010dili\u0161te Zagreb, Zagreb, Hrvatska\u00a0 Karmen Trutin Ostovi\u0107\u00a0; Klini\u010dka jedinica za citologiju Klini\u010dkog zavoda za patologiju i citologiju KB-a Dubrava, Zagreb, Hrvatska Rado \u017dic\u00a0; Klinika za plasti\u010dnu i rekonstruktivnu kirurgiju KB-a Dubrava, Zagreb, Hrvatska Zdenko Stanec\u00a0; Klinika [&hellip;]<\/p>\n","protected":false},"author":1,"featured_media":0,"parent":350,"menu_order":0,"comment_status":"closed","ping_status":"closed","template":"","meta":{"footnotes":""},"class_list":["post-563","page","type-page","status-publish","hentry"],"_links":{"self":[{"href":"https:\/\/jahs.eu\/hr\/wp-json\/wp\/v2\/pages\/563","targetHints":{"allow":["GET"]}}],"collection":[{"href":"https:\/\/jahs.eu\/hr\/wp-json\/wp\/v2\/pages"}],"about":[{"href":"https:\/\/jahs.eu\/hr\/wp-json\/wp\/v2\/types\/page"}],"author":[{"embeddable":true,"href":"https:\/\/jahs.eu\/hr\/wp-json\/wp\/v2\/users\/1"}],"replies":[{"embeddable":true,"href":"https:\/\/jahs.eu\/hr\/wp-json\/wp\/v2\/comments?post=563"}],"version-history":[{"count":1,"href":"https:\/\/jahs.eu\/hr\/wp-json\/wp\/v2\/pages\/563\/revisions"}],"predecessor-version":[{"id":564,"href":"https:\/\/jahs.eu\/hr\/wp-json\/wp\/v2\/pages\/563\/revisions\/564"}],"up":[{"embeddable":true,"href":"https:\/\/jahs.eu\/hr\/wp-json\/wp\/v2\/pages\/350"}],"wp:attachment":[{"href":"https:\/\/jahs.eu\/hr\/wp-json\/wp\/v2\/media?parent=563"}],"curies":[{"name":"wp","href":"https:\/\/api.w.org\/{rel}","templated":true}]}}