{"id":567,"date":"2019-03-13T11:20:17","date_gmt":"2019-03-13T10:20:17","guid":{"rendered":"http:\/\/jahs.eu\/?page_id=567"},"modified":"2019-03-13T11:20:17","modified_gmt":"2019-03-13T10:20:17","slug":"pcele-vrlo-vazne-za-prirodu-i-ljude","status":"publish","type":"page","link":"https:\/\/jahs.eu\/hr\/volume-4-number-1-april-2018\/pcele-vrlo-vazne-za-prirodu-i-ljude\/","title":{"rendered":"P\u010dele \u2013 vrlo va\u017ene za prirodu i ljude"},"content":{"rendered":"<p><\/p>\n<p style=\"text-align: center;\"><strong>P\u010dele \u2013 vrlo va\u017ene za prirodu i ljude<\/strong><\/p>\n<p style=\"text-align: left;\">Stru\u010dni rad<br \/>\n<a class=\"normal\" href=\"https:\/\/doi.org\/10.24141\/1\/4\/1\/9\" rel=\"nofollow\">https:\/\/doi.org\/10.24141\/1\/4\/1\/9<\/a><\/p>\n<p style=\"text-align: left;\"><strong>Mile Marin\u010di\u0107<\/strong>; Srednja \u0161kola Ivan \u0160vear, Ivani\u0107 Grad, Hrvatska<br \/>\n<strong>Javor Bojan Le\u0161<\/strong>\u00a0; Grad Ivani\u0107-Grad, Hrvatska<\/p>\n<p style=\"text-align: left;\"><a title=\"P\u010dele \u2013 vrlo va\u017ene za prirodu i ljude\" href=\"http:\/\/jahs.eu\/wp-content\/uploads\/2018\/04\/009-JAHS-7.pdf\" target=\"_blank\"> Puni tekst: hrvatski, <strong>pdf<\/strong> (2 MB) <\/a><\/p>\n<p class=\"al-j\"><strong>Sa\u017eetak<\/strong><br \/>\nNakana je ovoga rada na primjeru p\u010dela pokazati kako nam priroda daje mnogo primjera kako bismo se trebali pona\u0161ati da na\u0161 \u017eivot i rad budu na zadovoljstvo unutar na\u0161e zajednice, jednako kao i u odnosu na\u0161e zajednice prema van, prema onome \u0161to nas okru\u017euje. U prvom dijelu rad \u0107e se ponajvi\u0161e orijentirati na prirodu i biologiju same p\u010dele. U zavr\u0161nom dijelu rada dotaknut \u0107emo se uloge p\u010dele u okviru suvremene tehnologije i znanosti. Na temelju svega navedenog poku\u0161at \u0107emo u zaokru\u017eenju ovoga rada izvu\u0107i neke konkretne zaklju\u010dke za svoj svakodnevni \u017eivot i djelovanje u pravcu o\u010duvanja i ja\u010danja p\u010delinjih zajednica za dobro \u010dovjeka i svijeta.<\/p>\n<p><strong>Klju\u010dne rije\u010di<\/strong><br \/>\n<a class=\"normal\" href=\"https:\/\/hrcak.srce.hr\/search\/?stype=2&amp;c%5B0%5D=article_keywords&amp;r=10&amp;t%5B0%5D=p%C4%8Dela\">p\u010dela<\/a>; <a class=\"normal\" href=\"https:\/\/hrcak.srce.hr\/search\/?stype=2&amp;c%5B0%5D=article_keywords&amp;r=10&amp;t%5B0%5D=dru%C5%A1tvo\">dru\u0161tvo<\/a>; <a class=\"normal\" href=\"https:\/\/hrcak.srce.hr\/search\/?stype=2&amp;c%5B0%5D=article_keywords&amp;r=10&amp;t%5B0%5D=priroda\">priroda<\/a>; <a class=\"normal\" href=\"https:\/\/hrcak.srce.hr\/search\/?stype=2&amp;c%5B0%5D=article_keywords&amp;r=10&amp;t%5B0%5D=znanost\">znanost<\/a>; <a class=\"normal\" href=\"https:\/\/hrcak.srce.hr\/search\/?stype=2&amp;c%5B0%5D=article_keywords&amp;r=10&amp;t%5B0%5D=tehnika\">tehnika<\/a><\/p>","protected":false},"excerpt":{"rendered":"<p>P\u010dele \u2013 vrlo va\u017ene za prirodu i ljude Stru\u010dni rad https:\/\/doi.org\/10.24141\/1\/4\/1\/9 Mile Marin\u010di\u0107; Srednja \u0161kola Ivan \u0160vear, Ivani\u0107 Grad, Hrvatska Javor Bojan Le\u0161\u00a0; Grad Ivani\u0107-Grad, Hrvatska Puni tekst: hrvatski, pdf (2 MB) Sa\u017eetak Nakana je ovoga rada na primjeru p\u010dela pokazati kako nam priroda daje mnogo primjera kako bismo se trebali pona\u0161ati da na\u0161 \u017eivot [&hellip;]<\/p>\n","protected":false},"author":1,"featured_media":0,"parent":350,"menu_order":0,"comment_status":"closed","ping_status":"closed","template":"","meta":{"footnotes":""},"class_list":["post-567","page","type-page","status-publish","hentry"],"_links":{"self":[{"href":"https:\/\/jahs.eu\/hr\/wp-json\/wp\/v2\/pages\/567","targetHints":{"allow":["GET"]}}],"collection":[{"href":"https:\/\/jahs.eu\/hr\/wp-json\/wp\/v2\/pages"}],"about":[{"href":"https:\/\/jahs.eu\/hr\/wp-json\/wp\/v2\/types\/page"}],"author":[{"embeddable":true,"href":"https:\/\/jahs.eu\/hr\/wp-json\/wp\/v2\/users\/1"}],"replies":[{"embeddable":true,"href":"https:\/\/jahs.eu\/hr\/wp-json\/wp\/v2\/comments?post=567"}],"version-history":[{"count":1,"href":"https:\/\/jahs.eu\/hr\/wp-json\/wp\/v2\/pages\/567\/revisions"}],"predecessor-version":[{"id":568,"href":"https:\/\/jahs.eu\/hr\/wp-json\/wp\/v2\/pages\/567\/revisions\/568"}],"up":[{"embeddable":true,"href":"https:\/\/jahs.eu\/hr\/wp-json\/wp\/v2\/pages\/350"}],"wp:attachment":[{"href":"https:\/\/jahs.eu\/hr\/wp-json\/wp\/v2\/media?parent=567"}],"curies":[{"name":"wp","href":"https:\/\/api.w.org\/{rel}","templated":true}]}}