{"id":570,"date":"2019-03-13T11:24:25","date_gmt":"2019-03-13T10:24:25","guid":{"rendered":"http:\/\/jahs.eu\/?page_id=570"},"modified":"2019-03-13T11:24:25","modified_gmt":"2019-03-13T10:24:25","slug":"procjena-zahtjeva-za-snimanje-i-nalaza-na-temelju-mr-slika-pacijenata-u-drzavnoj-specijalistickoj-bolnici-bauchi","status":"publish","type":"page","link":"https:\/\/jahs.eu\/hr\/volume-4-number-1-april-2018\/procjena-zahtjeva-za-snimanje-i-nalaza-na-temelju-mr-slika-pacijenata-u-drzavnoj-specijalistickoj-bolnici-bauchi\/","title":{"rendered":"Procjena zahtjeva za snimanje i nalaza na temelju MR slika pacijenata u Dr\u017eavnoj specijalisti\u010dkoj bolnici Bauchi"},"content":{"rendered":"<p><\/p>\n<p style=\"text-align: center;\"><strong>Procjena zahtjeva za snimanje i nalaza na temelju MR slika pacijenata u Dr\u017eavnoj specijalisti\u010dkoj bolnici Bauchi<\/strong><\/p>\n<p style=\"text-align: left;\">Stru\u010dni rad<br \/>\n<a class=\"normal\" href=\"https:\/\/doi.org\/10.24141\/1\/4\/1\/10\" rel=\"nofollow\">https:\/\/doi.org\/10.24141\/1\/4\/1\/10<\/a><\/p>\n<p style=\"text-align: left;\"><strong>Prince Ameh Ogenyi<\/strong>\u00a0; Odjel radiologije, Sveu\u010dili\u0161na bolnica Abubakar Tafawa Balewa, Bauchi, Nigerija<br \/>\n<strong>Andrew England<\/strong>\u00a0; Uprava za radiografiju, Sveu\u010dili\u0161te u Salfordu, Manchester, Ujedinjeno Kraljevstvo<br \/>\n<strong>Joseph Dlama<\/strong>\u00a0; Odjel radiologije, Sveu\u010dili\u0161na bolnica Abubakar Tafawa Balewa, Bauchi, Nigerija<br \/>\n<strong>Fati Malgwi<\/strong>\u00a0; Uprava za radiografiju, Sveu\u010dili\u0161te u Maiduguriju, Borno, Nigerija<br \/>\n<strong>Mohammed Umar<\/strong>\u00a0; Odjel radiologije, Sveu\u010dili\u0161na bolnica Abubakar Tafawa Balewa, Bauchi, Nigerija<br \/>\n<strong>Silas Moi<\/strong>\u00a0; Uprava za radiografiju, Sveu\u010dili\u0161te u Maiduguriju, Borno, Nigerija<br \/>\n<strong>Samuel Shem<\/strong>\u00a0; Odjel radiologije, Dr\u017eavna specijalisti\u010dka bolnica Gombe, Nigerija<br \/>\n<strong>Ginikanwa Njoku<\/strong>\u00a0; Odjel radiologije, Sveu\u010dili\u0161na bolnica Abubakar Tafawa Balewa, Bauchi, Nigerija<\/p>\n<p style=\"text-align: left;\"><a title=\"Appraisal of Imaging Requests and Findings from MRI Scans of Patients at State Specialists Hospital Bauchi\" href=\"http:\/\/jahs.eu\/wp-content\/uploads\/2018\/04\/010-JAHS-7.pdf\" target=\"_blank\"> Puni tekst: engleski, <strong>pdf<\/strong> (2 MB) <\/a><\/p>\n<p class=\"al-j\"><strong>Sa\u017eetak<\/strong><br \/>\nPozadina: MR snimanje ima va\u017enu ulogu kod dijagnosticiranja bolesti.<\/p>\n<p>Ciljevi: Odrediti obrazac zahtjeva za snimanje i nalaza na temelju MR slika pacijenata u Dr\u017eavnoj bolnici Bauchi.<\/p>\n<p>Metodologija: Prospektivno transverzalno istra\u017eivanje obrazaca zahtjeva za MR snimanje i nalaza 138 pacijenata provedeno je od kolovoza 2016. do sije\u010dnja 2017. godine. MR slike snimljene su MR skenerom 0.35T Neusoft, a izradila ih je skupina konzultanata radiologa. Podaci su analizirani deskriptivnom statistikom uporabom ra\u010dunalnog programa SPSS, verzija 22 (IBM, New York, SAD).<\/p>\n<p>Rezultati: Ovo istra\u017eivanje pokazalo je da se ve\u0107ina zahtjeva za MR snimanje odnosila na preglede lumbosakralne kralje\u0161nice (n=84, 60,9%), nakon \u010dega slijedi MR mozga (n=42, 30,4%), a zatim pregledi ramena i abdomena (po 4,3% za obje vrste). Od 138 snimljenih MR slika, naj\u010de\u0161\u0107i nalaz na temelju MR snimanja pacijenata<br \/>\nbio je prolaps intervertebralnog diska (n=60, 43,5%), dok je drugi naj\u010de\u0161\u0107i nalaz bio degenerativna bolest diska L4-L5 (n=12, 8,7%). Intramuskularni lipom i edem bazalnih ganglija imaju prevalenciju od 4,3%.<\/p>\n<p>Zaklju\u010dak: Naj\u010de\u0161\u0107i zahtjevi odnosili su se na MR snimanje lumbosakralne kralje\u0161nice, dok su prolaps intervertebralnog diska, degenerativna bolest diska L4-L5, edem bazalnih ganglija i intramuskularni lipom glavni nalazi na temelju MR snimanja u Bauchiju.<\/p>\n<p><strong>Klju\u010dne rije\u010di<\/strong><br \/>\n<a class=\"normal\" href=\"https:\/\/hrcak.srce.hr\/search\/?stype=2&amp;c%5B0%5D=article_keywords&amp;r=10&amp;t%5B0%5D=bazalni%20gangliji\">bazalni gangliji<\/a>; <a class=\"normal\" href=\"https:\/\/hrcak.srce.hr\/search\/?stype=2&amp;c%5B0%5D=article_keywords&amp;r=10&amp;t%5B0%5D=prolaps%20diska\">prolaps diska<\/a>; <a class=\"normal\" href=\"https:\/\/hrcak.srce.hr\/search\/?stype=2&amp;c%5B0%5D=article_keywords&amp;r=10&amp;t%5B0%5D=metastaza\">metastaza<\/a>; <a class=\"normal\" href=\"https:\/\/hrcak.srce.hr\/search\/?stype=2&amp;c%5B0%5D=article_keywords&amp;r=10&amp;t%5B0%5D=lipom\">lipom<\/a><\/p>","protected":false},"excerpt":{"rendered":"<p>Procjena zahtjeva za snimanje i nalaza na temelju MR slika pacijenata u Dr\u017eavnoj specijalisti\u010dkoj bolnici Bauchi Stru\u010dni rad https:\/\/doi.org\/10.24141\/1\/4\/1\/10 Prince Ameh Ogenyi\u00a0; Odjel radiologije, Sveu\u010dili\u0161na bolnica Abubakar Tafawa Balewa, Bauchi, Nigerija Andrew England\u00a0; Uprava za radiografiju, Sveu\u010dili\u0161te u Salfordu, Manchester, Ujedinjeno Kraljevstvo Joseph Dlama\u00a0; Odjel radiologije, Sveu\u010dili\u0161na bolnica Abubakar Tafawa Balewa, Bauchi, Nigerija Fati Malgwi\u00a0; [&hellip;]<\/p>\n","protected":false},"author":1,"featured_media":0,"parent":350,"menu_order":0,"comment_status":"closed","ping_status":"closed","template":"","meta":{"footnotes":""},"class_list":["post-570","page","type-page","status-publish","hentry"],"_links":{"self":[{"href":"https:\/\/jahs.eu\/hr\/wp-json\/wp\/v2\/pages\/570","targetHints":{"allow":["GET"]}}],"collection":[{"href":"https:\/\/jahs.eu\/hr\/wp-json\/wp\/v2\/pages"}],"about":[{"href":"https:\/\/jahs.eu\/hr\/wp-json\/wp\/v2\/types\/page"}],"author":[{"embeddable":true,"href":"https:\/\/jahs.eu\/hr\/wp-json\/wp\/v2\/users\/1"}],"replies":[{"embeddable":true,"href":"https:\/\/jahs.eu\/hr\/wp-json\/wp\/v2\/comments?post=570"}],"version-history":[{"count":1,"href":"https:\/\/jahs.eu\/hr\/wp-json\/wp\/v2\/pages\/570\/revisions"}],"predecessor-version":[{"id":571,"href":"https:\/\/jahs.eu\/hr\/wp-json\/wp\/v2\/pages\/570\/revisions\/571"}],"up":[{"embeddable":true,"href":"https:\/\/jahs.eu\/hr\/wp-json\/wp\/v2\/pages\/350"}],"wp:attachment":[{"href":"https:\/\/jahs.eu\/hr\/wp-json\/wp\/v2\/media?parent=570"}],"curies":[{"name":"wp","href":"https:\/\/api.w.org\/{rel}","templated":true}]}}