{"id":573,"date":"2019-03-13T11:27:21","date_gmt":"2019-03-13T10:27:21","guid":{"rendered":"http:\/\/jahs.eu\/?page_id=573"},"modified":"2019-03-13T11:27:21","modified_gmt":"2019-03-13T10:27:21","slug":"sigurnost-bolesnika-standard-u-obrazovanju-za-kvalitetu-u-zdravstvu","status":"publish","type":"page","link":"https:\/\/jahs.eu\/hr\/volume-4-number-1-april-2018\/sigurnost-bolesnika-standard-u-obrazovanju-za-kvalitetu-u-zdravstvu\/","title":{"rendered":"Sigurnost bolesnika \u2013 standard u obrazovanju za kvalitetu u zdravstvu"},"content":{"rendered":"<p><\/p>\n<p style=\"text-align: center;\"><strong>Sigurnost bolesnika \u2013 standard u obrazovanju za kvalitetu u zdravstvu<\/strong><\/p>\n<p style=\"text-align: left;\">Stru\u010dni rad<br \/>\n<a class=\"normal\" href=\"https:\/\/doi.org\/10.24141\/1\/4\/1\/11\" rel=\"nofollow\">https:\/\/doi.org\/10.24141\/1\/4\/1\/11<\/a><\/p>\n<p style=\"text-align: left;\"><strong>Iva Lon\u010dari\u0107<\/strong>; Klini\u010dki zavod za rehabilitaciju i ortopedska pomagala Klini\u010dkog bolni\u010dkog centra Zagreb Medicinskog fakulteta Sveu\u010dili\u0161ta u Zagrebu, Zagreb, Hrvatska<\/p>\n<p style=\"text-align: left;\"><a title=\"Sigurnost bolesnika \u2013 standard u obrazovanju za kvalitetu u zdravstvu\" href=\"http:\/\/jahs.eu\/wp-content\/uploads\/2018\/04\/011-JAHS-7.pdf\" target=\"_blank\"> Puni tekst: hrvatski, <strong>pdf<\/strong> (2 MB) <\/a><\/p>\n<p class=\"al-j\"><strong>Sa\u017eetak<\/strong><br \/>\nKvaliteta zdravstvene skrbi i bolesnikova sigurnost dio su profesionalne etike zdravstvenih djelatnika. Zdravstvena skrb odvija se prema biopsihosocijalnom modelu u kojem bolesnikova sigurnost i bolesnik u sredi\u0161tu predstavljaju podru\u010dje prioritetnog interesa za sustav, gledaju\u0107i ne samo s medicinskog nego i sa socioekonomskog aspekta. Sigurnost bolesnika vi\u0161edimenzionalan je standard u kvaliteti zdravstvene za\u0161tite. Podlo\u017ena promjenama u svojoj vi\u0161edimenzionalnosti, bolesnikova sigurnost podru\u010dje je koje zahtijeva razumijevanje, pra\u0107enje i razvoj. Standardi kvalitete zdravstvene za\u0161tite jasno su odre\u0111eni u definiciji te na\u010dinu primjene, no kultura unutar zdravstvenih organizacija nije u potpunosti razvijena, \u0161to utje\u010de i na bolesnikovu sigurnost kao najpouzdaniju mjeru kvalitete zdravstvenog sustava. Za uspostavu bolesnikove sigurnosti nije nu\u017eno va\u017ena financijska potpora, ve\u0107 prije svega predanost zdravstvenog djelatnika procesu skrbi, kao individue s potrebnim znanjem i vje\u0161tinama iz podru\u010dja sigurnosti bolesnika. Formalna naobrazba zdravstvenih profesija va\u017ena je za uspostavu i odr\u017eivost kulture bolesnikove sigurnosti, a razina njezine uspje\u0161nosti i\/ili u\u010dinkovitosti odra\u017eava se u kvaliteti zdravstvene skrbi. Uz kontinuirano unaprje\u0111enje kvalitete inherentno je obrazovanje uskla\u0111eno s potrebama u zdravstvenom sustavu.<\/p>\n<p><strong>Klju\u010dne rije\u010di<\/strong><br \/>\n<a class=\"normal\" href=\"https:\/\/hrcak.srce.hr\/search\/?stype=2&amp;c%5B0%5D=article_keywords&amp;r=10&amp;t%5B0%5D=kvaliteta%20u%20zdravstvu\">kvaliteta u zdravstvu<\/a>; <a class=\"normal\" href=\"https:\/\/hrcak.srce.hr\/search\/?stype=2&amp;c%5B0%5D=article_keywords&amp;r=10&amp;t%5B0%5D=bolesnikova%20sigurnost\">bolesnikova sigurnost<\/a>; <a class=\"normal\" href=\"https:\/\/hrcak.srce.hr\/search\/?stype=2&amp;c%5B0%5D=article_keywords&amp;r=10&amp;t%5B0%5D=obrazovanje\">obrazovanje<\/a><\/p>","protected":false},"excerpt":{"rendered":"<p>Sigurnost bolesnika \u2013 standard u obrazovanju za kvalitetu u zdravstvu Stru\u010dni rad https:\/\/doi.org\/10.24141\/1\/4\/1\/11 Iva Lon\u010dari\u0107; Klini\u010dki zavod za rehabilitaciju i ortopedska pomagala Klini\u010dkog bolni\u010dkog centra Zagreb Medicinskog fakulteta Sveu\u010dili\u0161ta u Zagrebu, Zagreb, Hrvatska Puni tekst: hrvatski, pdf (2 MB) Sa\u017eetak Kvaliteta zdravstvene skrbi i bolesnikova sigurnost dio su profesionalne etike zdravstvenih djelatnika. Zdravstvena skrb odvija [&hellip;]<\/p>\n","protected":false},"author":1,"featured_media":0,"parent":350,"menu_order":0,"comment_status":"closed","ping_status":"closed","template":"","meta":{"footnotes":""},"class_list":["post-573","page","type-page","status-publish","hentry"],"_links":{"self":[{"href":"https:\/\/jahs.eu\/hr\/wp-json\/wp\/v2\/pages\/573","targetHints":{"allow":["GET"]}}],"collection":[{"href":"https:\/\/jahs.eu\/hr\/wp-json\/wp\/v2\/pages"}],"about":[{"href":"https:\/\/jahs.eu\/hr\/wp-json\/wp\/v2\/types\/page"}],"author":[{"embeddable":true,"href":"https:\/\/jahs.eu\/hr\/wp-json\/wp\/v2\/users\/1"}],"replies":[{"embeddable":true,"href":"https:\/\/jahs.eu\/hr\/wp-json\/wp\/v2\/comments?post=573"}],"version-history":[{"count":1,"href":"https:\/\/jahs.eu\/hr\/wp-json\/wp\/v2\/pages\/573\/revisions"}],"predecessor-version":[{"id":574,"href":"https:\/\/jahs.eu\/hr\/wp-json\/wp\/v2\/pages\/573\/revisions\/574"}],"up":[{"embeddable":true,"href":"https:\/\/jahs.eu\/hr\/wp-json\/wp\/v2\/pages\/350"}],"wp:attachment":[{"href":"https:\/\/jahs.eu\/hr\/wp-json\/wp\/v2\/media?parent=573"}],"curies":[{"name":"wp","href":"https:\/\/api.w.org\/{rel}","templated":true}]}}