{"id":576,"date":"2019-03-13T11:31:10","date_gmt":"2019-03-13T10:31:10","guid":{"rendered":"http:\/\/jahs.eu\/?page_id=576"},"modified":"2019-03-13T11:31:10","modified_gmt":"2019-03-13T10:31:10","slug":"krizni-menadzment-zdravstva","status":"publish","type":"page","link":"https:\/\/jahs.eu\/hr\/volume-4-number-1-april-2018\/krizni-menadzment-zdravstva\/","title":{"rendered":"Krizni menad\u017ement zdravstva"},"content":{"rendered":"<p><\/p>\n<p style=\"text-align: center;\"><strong>Krizni menad\u017ement zdravstva<\/strong><\/p>\n<p style=\"text-align: left;\">Stru\u010dni rad<br \/>\n<a class=\"normal\" href=\"https:\/\/doi.org\/10.24141\/1\/4\/1\/12\" rel=\"nofollow\">https:\/\/doi.org\/10.24141\/1\/4\/1\/12<\/a><\/p>\n<p style=\"text-align: left;\"><strong>Dijana Lujanac\u00a0<\/strong>; KBC Sestre milosrdnice, Zagreb, Hrvatska<br \/>\n<strong>Martina Mihalin\u010di\u0107<\/strong>\u00a0; Veleu\u010dili\u0161te Velika Gorica, Velika Gorica, Hrvatska<br \/>\n<strong>Ivan Markoti\u0107<\/strong>\u00a0; KBC Sestre milosrdnice, Zagreb, Hrvatska<br \/>\n<strong>Iva Ko\u017eul<\/strong>\u00a0; KB Sveti Duh, Zagreb, Hrvatska<\/p>\n<p style=\"text-align: left;\"><a title=\"Krizni menad\u017ement zdravstva\" href=\"http:\/\/jahs.eu\/wp-content\/uploads\/2018\/04\/012-JAHS-7.pdf\" target=\"_blank\"> Puni tekst: hrvatski, <strong>pdf<\/strong> (2 MB) <\/a><\/p>\n<p class=\"al-j\"><strong>Sa\u017eetak<\/strong><br \/>\nKriza u sustavu koji je prepoznatljivi pod terminom kriti\u010dne infrastrukture ima poseban zna\u010daj zbog svoje va\u017enosti, odnosno utjecaja na funkcioniranje cijelog dru\u0161tva. Nakon \u0161to se dogodi neki ne\u017eeljeni doga\u0111aj, \u010desto si postavljamo pitanje: \u201eKako se to moglo dogoditi?\u201d U takvim situacijama nerijetko prebacujemo teret krivnje na druge osobe ili okolnosti. Zdravstveni sektor podru\u010dje je visokog rizika jer \u0161tetni doga\u0111aji mogu izazvati smrt, ozbiljna o\u0161te\u0107enja, komplikacije i patnje pacijenata. Zbog svega toga sigurnost pacijenata za vrijeme pru\u017eanja zdravstvene za\u0161tite trenuta\u010dno je jedno od glavnih pitanja u kreiranju zdravstvene politike Europske unije, ali i ostalih dr\u017eava svijeta. Ulaganje u sigurnost pacijenata mo\u017ee generirati u\u0161tede u tro\u0161kovima udru\u017eene s o\u010ditom kori\u0161\u0107u za pacijente. Usmjerenost na sigurnost pacijenata vodi u\u0161tedama u lije\u010denju pacijenata izlo\u017eenih \u0161tetnim doga\u0111ajima i posljedi\u010dno pobolj\u0161ano kori\u0161tenje financijskim resursima. Realni planovi reagiranja zdravstvenih ustanova za \u0161iroki spektar kriznih situacija prigoda su za uvo\u0111enje promjena u organizaciji. S jedne strane zdravstvene ustanove predstavljaju va\u017ean segment pripravnosti i planiranja u kriznim situacijama, dok su s druge strane optere\u0107ene nedovoljnim brojem djelatnika, lo\u0161om komunikacijom, neadekvatnom obukom i birokratskim preprekama. Pitanje sigurnosti u zdravstvu mo\u017ee se znatno unaprijediti educiranjem zdravstvenih djelatnika o kriznom menad\u017ementu zdravstva koji bi dao uvid u djelovanje zdravstvenog sustava u kriznim situacijama, u\u010dinkovito planiranje (prevenciju, djelovanje i oporavak od mogu\u0107ne krize) i razumijevanje me\u0111uovisnosti kriza zdravstvenog sustava, kriza zdravstvenih organizacija i kriza dru\u0161tva u kojem se o\u010dekuje da zdravstveni sustav djeluje u\u010dinkovito kao element odr\u017eivosti dru\u0161tva.<\/p>\n<p><strong>Klju\u010dne rije\u010di<\/strong><br \/>\n<a class=\"normal\" href=\"https:\/\/hrcak.srce.hr\/search\/?stype=2&amp;c%5B0%5D=article_keywords&amp;r=10&amp;t%5B0%5D=edukacija\">edukacija<\/a>; <a class=\"normal\" href=\"https:\/\/hrcak.srce.hr\/search\/?stype=2&amp;c%5B0%5D=article_keywords&amp;r=10&amp;t%5B0%5D=kriza\">kriza<\/a>; <a class=\"normal\" href=\"https:\/\/hrcak.srce.hr\/search\/?stype=2&amp;c%5B0%5D=article_keywords&amp;r=10&amp;t%5B0%5D=krizni%20menad%C5%BEment\">krizni menad\u017ement<\/a>; <a class=\"normal\" href=\"https:\/\/hrcak.srce.hr\/search\/?stype=2&amp;c%5B0%5D=article_keywords&amp;r=10&amp;t%5B0%5D=zdravstveni%20sustav\">zdravstveni sustav<\/a>; <a class=\"normal\" href=\"https:\/\/hrcak.srce.hr\/search\/?stype=2&amp;c%5B0%5D=article_keywords&amp;r=10&amp;t%5B0%5D=sigurnost\">sigurnost<\/a><\/p>","protected":false},"excerpt":{"rendered":"<p>Krizni menad\u017ement zdravstva Stru\u010dni rad https:\/\/doi.org\/10.24141\/1\/4\/1\/12 Dijana Lujanac\u00a0; KBC Sestre milosrdnice, Zagreb, Hrvatska Martina Mihalin\u010di\u0107\u00a0; Veleu\u010dili\u0161te Velika Gorica, Velika Gorica, Hrvatska Ivan Markoti\u0107\u00a0; KBC Sestre milosrdnice, Zagreb, Hrvatska Iva Ko\u017eul\u00a0; KB Sveti Duh, Zagreb, Hrvatska Puni tekst: hrvatski, pdf (2 MB) Sa\u017eetak Kriza u sustavu koji je prepoznatljivi pod terminom kriti\u010dne infrastrukture ima poseban zna\u010daj [&hellip;]<\/p>\n","protected":false},"author":1,"featured_media":0,"parent":350,"menu_order":0,"comment_status":"closed","ping_status":"closed","template":"","meta":{"footnotes":""},"class_list":["post-576","page","type-page","status-publish","hentry"],"_links":{"self":[{"href":"https:\/\/jahs.eu\/hr\/wp-json\/wp\/v2\/pages\/576","targetHints":{"allow":["GET"]}}],"collection":[{"href":"https:\/\/jahs.eu\/hr\/wp-json\/wp\/v2\/pages"}],"about":[{"href":"https:\/\/jahs.eu\/hr\/wp-json\/wp\/v2\/types\/page"}],"author":[{"embeddable":true,"href":"https:\/\/jahs.eu\/hr\/wp-json\/wp\/v2\/users\/1"}],"replies":[{"embeddable":true,"href":"https:\/\/jahs.eu\/hr\/wp-json\/wp\/v2\/comments?post=576"}],"version-history":[{"count":1,"href":"https:\/\/jahs.eu\/hr\/wp-json\/wp\/v2\/pages\/576\/revisions"}],"predecessor-version":[{"id":577,"href":"https:\/\/jahs.eu\/hr\/wp-json\/wp\/v2\/pages\/576\/revisions\/577"}],"up":[{"embeddable":true,"href":"https:\/\/jahs.eu\/hr\/wp-json\/wp\/v2\/pages\/350"}],"wp:attachment":[{"href":"https:\/\/jahs.eu\/hr\/wp-json\/wp\/v2\/media?parent=576"}],"curies":[{"name":"wp","href":"https:\/\/api.w.org\/{rel}","templated":true}]}}