{"id":588,"date":"2019-03-13T11:42:45","date_gmt":"2019-03-13T10:42:45","guid":{"rendered":"http:\/\/jahs.eu\/?page_id=588"},"modified":"2019-03-13T11:42:45","modified_gmt":"2019-03-13T10:42:45","slug":"primjena-testa-izvedbe-izvrsnih-funkcija-efpt-nakon-operacije-meningeoma","status":"publish","type":"page","link":"https:\/\/jahs.eu\/hr\/volume-3-number-2-december-2017\/primjena-testa-izvedbe-izvrsnih-funkcija-efpt-nakon-operacije-meningeoma\/","title":{"rendered":"Primjena Testa izvedbe izvr\u0161nih funkcija (efpt) nakon operacije meningeoma"},"content":{"rendered":"<p><\/p>\n<p style=\"text-align: center;\"><strong>Primjena Testa izvedbe izvr\u0161nih funkcija (efpt) nakon operacije meningeoma<\/strong><\/p>\n<p style=\"text-align: left;\">Izvorni znanstveni \u010dlanak<br \/>\n<a class=\"normal\" href=\"https:\/\/doi.org\/10.24141\/1\/3\/2\/2\" rel=\"nofollow\">https:\/\/doi.org\/10.24141\/1\/3\/2\/2<\/a><\/p>\n<p style=\"text-align: left;\"><strong>Matea \u0106eli\u0107<\/strong><br \/>\n<strong>Andreja Bartolac<\/strong><a class=\"normal\" title=\"ORCID profil\" href=\"http:\/\/orcid.org\/0000-0002-9472-5154\" target=\"_blank\">\u00a0<\/a>; Zdravstveno veleu\u010dili\u0161te Zagreb, Zagreb, Hrvatska<\/p>\n<p style=\"text-align: left;\"><a title=\"Primjena Testa izvedbe izvr\u0161nih funkcija (efpt) nakon operacije meningeoma\" href=\"http:\/\/jahs.eu\/wp-content\/uploads\/2015\/04\/002-JAHS-6.pdf\" target=\"_blank\"> Puni tekst: hrvatski, <strong>pdf<\/strong> (2 MB)<\/a><\/p>\n<p class=\"al-j\"><strong>Sa\u017eetak<\/strong><br \/>\nIzvr\u0161ne funkcije integriraju\u0107i su sustav me\u0111usobno povezanih sredi\u0161njih neuralnih procesa koji reguliraju kognitivne funkcije vi\u0161eg reda te omogu\u0107uju razumijevanje ljudskog pona\u0161anja. O\u0161te\u0107enje izvr\u0161nih funkcija o\u010dituje se te\u0161ko\u0107ama u samostalnom i svrhovitom obavljanju svakodnevnih aktivnosti. Cilj je ovog rada analizirati okupacijsku izvedbu osobe s te\u0161ko\u0107ama izvr\u0161nih funkcija primjenom procjene koja se ne usmjerava na izolirane zna\u010dajke izvr\u0161nih funkcija, ve\u0107 na njihovu integraciju u kontekstu zadatka koji se izvodi. U skladu s okupacijskom paradigmom povezanosti okupacija i zdravlja, primijenjen je Test izvedbe izvr\u0161nih funkcija (Executive Function Performance Test; EFPT) i predo\u010den kroz prikaz slu\u010daja \u017eenske osobe nakon operacije frontalnog meningeoma. Premda test zadovoljava psihometrijske karakteristike, neprilago\u0111enost hrvatskom kontekstu te opisi zadataka koji dozvoljavaju samo jedan na\u010din izvedbe njegovi su glavni uo\u010deni nedostaci. Tako\u0111er, standardizirani sustav navo\u0111enja predvi\u0111en u testu ne mora odra\u017eavati i stvarnu potrebnu razinu pomo\u0107i, budu\u0107i da testni pribor nije sortiran u skladu s realnim kontekstom. Unato\u010d tome, s gledi\u0161ta okupacijski orijentirane rehabilitacije i nedostatka ovakvih instrumenata u praksi, Test izvedbe izvr\u0161nih funkcija potencijalno je vrlo korisna procjena stupnja neovisnosti u aktivnostima dnevnog \u017eivota. U radu su predlo\u017eena rje\u0161enja navedenih metodolo\u0161kih izazova u primjeni testa.<\/p>\n<p><strong>Klju\u010dne rije\u010di<\/strong><br \/>\n<a class=\"normal\" href=\"https:\/\/hrcak.srce.hr\/search\/?stype=2&amp;c%5B0%5D=article_keywords&amp;r=10&amp;t%5B0%5D=izvr%C5%A1ne%20funkcije\">izvr\u0161ne funkcije<\/a>; <a class=\"normal\" href=\"https:\/\/hrcak.srce.hr\/search\/?stype=2&amp;c%5B0%5D=article_keywords&amp;r=10&amp;t%5B0%5D=okupacijska%20procjena\">okupacijska procjena<\/a>; <a class=\"normal\" href=\"https:\/\/hrcak.srce.hr\/search\/?stype=2&amp;c%5B0%5D=article_keywords&amp;r=10&amp;t%5B0%5D=prikaz%20slu%C4%8Daja\">prikaz slu\u010daja<\/a><\/p>","protected":false},"excerpt":{"rendered":"<p>Primjena Testa izvedbe izvr\u0161nih funkcija (efpt) nakon operacije meningeoma Izvorni znanstveni \u010dlanak https:\/\/doi.org\/10.24141\/1\/3\/2\/2 Matea \u0106eli\u0107 Andreja Bartolac\u00a0; Zdravstveno veleu\u010dili\u0161te Zagreb, Zagreb, Hrvatska Puni tekst: hrvatski, pdf (2 MB) Sa\u017eetak Izvr\u0161ne funkcije integriraju\u0107i su sustav me\u0111usobno povezanih sredi\u0161njih neuralnih procesa koji reguliraju kognitivne funkcije vi\u0161eg reda te omogu\u0107uju razumijevanje ljudskog pona\u0161anja. O\u0161te\u0107enje izvr\u0161nih funkcija o\u010dituje se [&hellip;]<\/p>\n","protected":false},"author":1,"featured_media":0,"parent":344,"menu_order":0,"comment_status":"closed","ping_status":"closed","template":"","meta":{"footnotes":""},"class_list":["post-588","page","type-page","status-publish","hentry"],"_links":{"self":[{"href":"https:\/\/jahs.eu\/hr\/wp-json\/wp\/v2\/pages\/588","targetHints":{"allow":["GET"]}}],"collection":[{"href":"https:\/\/jahs.eu\/hr\/wp-json\/wp\/v2\/pages"}],"about":[{"href":"https:\/\/jahs.eu\/hr\/wp-json\/wp\/v2\/types\/page"}],"author":[{"embeddable":true,"href":"https:\/\/jahs.eu\/hr\/wp-json\/wp\/v2\/users\/1"}],"replies":[{"embeddable":true,"href":"https:\/\/jahs.eu\/hr\/wp-json\/wp\/v2\/comments?post=588"}],"version-history":[{"count":1,"href":"https:\/\/jahs.eu\/hr\/wp-json\/wp\/v2\/pages\/588\/revisions"}],"predecessor-version":[{"id":589,"href":"https:\/\/jahs.eu\/hr\/wp-json\/wp\/v2\/pages\/588\/revisions\/589"}],"up":[{"embeddable":true,"href":"https:\/\/jahs.eu\/hr\/wp-json\/wp\/v2\/pages\/344"}],"wp:attachment":[{"href":"https:\/\/jahs.eu\/hr\/wp-json\/wp\/v2\/media?parent=588"}],"curies":[{"name":"wp","href":"https:\/\/api.w.org\/{rel}","templated":true}]}}