{"id":597,"date":"2019-03-13T12:11:05","date_gmt":"2019-03-13T11:11:05","guid":{"rendered":"http:\/\/jahs.eu\/?page_id=597"},"modified":"2019-03-13T12:11:05","modified_gmt":"2019-03-13T11:11:05","slug":"ukljucenost-roditelja-moderira-medusobnu-povezanost-stresnih-dogadaja-i-mentalnog-zdravlja-adolescenata","status":"publish","type":"page","link":"https:\/\/jahs.eu\/hr\/volume-3-number-2-december-2017\/ukljucenost-roditelja-moderira-medusobnu-povezanost-stresnih-dogadaja-i-mentalnog-zdravlja-adolescenata\/","title":{"rendered":"Uklju\u010denost roditelja moderira me\u0111usobnu povezanost stresnih doga\u0111aja i mentalnog zdravlja adolescenata"},"content":{"rendered":"<p><\/p>\n<p style=\"text-align: center;\"><strong>Uklju\u010denost roditelja moderira me\u0111usobnu povezanost stresnih doga\u0111aja i mentalnog zdravlja adolescenata<\/strong><\/p>\n<p style=\"text-align: left;\">Izvorni znanstveni \u010dlanak<br \/>\n<a class=\"normal\" href=\"https:\/\/doi.org\/10.24141\/1\/3\/2\/5\" rel=\"nofollow\">https:\/\/doi.org\/10.24141\/1\/3\/2\/5<\/a><\/p>\n<p style=\"text-align: left;\"><strong>Anastasia Ukhanova<\/strong>\u00a0; Odjel za klini\u010dku psihologiju, Odessa I.I. Mechnikov National University, OdesamUkrajina<\/p>\n<p style=\"text-align: left;\"><a title=\"Parental Involvement Moderates the Interrelationship between Stressful Events and Adolescents\u2019 Mental Health\" href=\"http:\/\/jahs.eu\/wp-content\/uploads\/2015\/04\/005-JAHS-6.pdf\" target=\"_blank\"> Puni tekst: engleski, <strong>pdf<\/strong> (4 MB) <\/a><\/p>\n<p class=\"al-j\"><strong>Sa\u017eetak<\/strong><br \/>\nOvo je empirijsko transverzalno istra\u017eivanje osmi\u0161ljeno kako bi se istra\u017eila potencijalna moderatorska uloga roditeljske uklju\u010denosti u interakciji izme\u0111u negativnih stresnih doga\u0111aja u \u017eivotu adolescenata i njihove psiholo\u0161ke dobrobiti. U sklopu \u0161vedsko-ukrajinske inicijative utemeljene na strategiji projekta SEYLE, ispitano je 589 u\u010denika iz deset \u0161kola u Odessi. Prosje\u010dna je dob ispitanika 14,87 (SD = 1,11 godina). Istra\u017eivanje je pokazalo da visoka razina roditeljske uklju\u010denosti ima za\u0161titnu ulogu u vezi s op\u0107im i mentalnim zdravljem, psihosomatskim poreme\u0107ajima i ovisnosti o internetu kod ispitanika koji su izlo\u017eeni razli\u010ditim stresnim situacijama. No po pitanju nekoliko stresnih doga\u0111aja, visoka razina roditeljske uklju\u010denosti ima negativan utjecaj. To\u010dnije, to je uo\u010deno u slu\u010daju odlaska u zatvor (F = 6,80; P &lt; 0,01; \u03b72 = 0,01; B = \u20130,93, CI \u20131,64 \u2013 \u20130,23), prekr\u0161aja (F = 11,96; P &lt; 0,001; \u03b72 = 0,02; B = \u20130,83, CI \u20131,30 \u2013 \u20130,36) i traumatske ozljede ili bolesti (F = 5,40; P &lt; 0,05; \u03b72 = 0,01; B = \u20130,54, CI \u20131,00 \u2013 \u20130,08). Stoga roditeljska uklju\u010denost op\u0107enito ima za\u0161titni utjecaj na mentalno zdravlje i psiholo\u0161ku dobrobit adolescenata u ve\u0107ini stresnih situacija. S druge strane, u nekim stresnim situacijama visoka razina roditeljske uklju\u010denosti mo\u017ee imati negativan utjecaj na dobrobit, vjerojatno zbog negativnih emocionalnih reakcija mladih u situacijama koje bi radije sakrili od svojih roditelja.<\/p>\n<p><strong>Klju\u010dne rije\u010di<\/strong><br \/>\n<a class=\"normal\" href=\"https:\/\/hrcak.srce.hr\/search\/?stype=2&amp;c%5B0%5D=article_keywords&amp;r=10&amp;t%5B0%5D=adolescenti\">adolescenti<\/a>; <a class=\"normal\" href=\"https:\/\/hrcak.srce.hr\/search\/?stype=2&amp;c%5B0%5D=article_keywords&amp;r=10&amp;t%5B0%5D=roditeljska%20uklju%C4%8Denost\">roditeljska uklju\u010denost<\/a>; <a class=\"normal\" href=\"https:\/\/hrcak.srce.hr\/search\/?stype=2&amp;c%5B0%5D=article_keywords&amp;r=10&amp;t%5B0%5D=moderatorski%20utjecaj\">moderatorski utjecaj<\/a>; <a class=\"normal\" href=\"https:\/\/hrcak.srce.hr\/search\/?stype=2&amp;c%5B0%5D=article_keywords&amp;r=10&amp;t%5B0%5D=negativni%20stresni%20doga%C4%91aji%20u%20%C5%BEivotu\">negativni stresni doga\u0111aji u \u017eivotu<\/a>; <a class=\"normal\" href=\"https:\/\/hrcak.srce.hr\/search\/?stype=2&amp;c%5B0%5D=article_keywords&amp;r=10&amp;t%5B0%5D=mentalno%20zdravlje\">mentalno zdravlje<\/a><\/p>","protected":false},"excerpt":{"rendered":"<p>Uklju\u010denost roditelja moderira me\u0111usobnu povezanost stresnih doga\u0111aja i mentalnog zdravlja adolescenata Izvorni znanstveni \u010dlanak https:\/\/doi.org\/10.24141\/1\/3\/2\/5 Anastasia Ukhanova\u00a0; Odjel za klini\u010dku psihologiju, Odessa I.I. Mechnikov National University, OdesamUkrajina Puni tekst: engleski, pdf (4 MB) Sa\u017eetak Ovo je empirijsko transverzalno istra\u017eivanje osmi\u0161ljeno kako bi se istra\u017eila potencijalna moderatorska uloga roditeljske uklju\u010denosti u interakciji izme\u0111u negativnih stresnih doga\u0111aja [&hellip;]<\/p>\n","protected":false},"author":1,"featured_media":0,"parent":344,"menu_order":0,"comment_status":"closed","ping_status":"closed","template":"","meta":{"footnotes":""},"class_list":["post-597","page","type-page","status-publish","hentry"],"_links":{"self":[{"href":"https:\/\/jahs.eu\/hr\/wp-json\/wp\/v2\/pages\/597","targetHints":{"allow":["GET"]}}],"collection":[{"href":"https:\/\/jahs.eu\/hr\/wp-json\/wp\/v2\/pages"}],"about":[{"href":"https:\/\/jahs.eu\/hr\/wp-json\/wp\/v2\/types\/page"}],"author":[{"embeddable":true,"href":"https:\/\/jahs.eu\/hr\/wp-json\/wp\/v2\/users\/1"}],"replies":[{"embeddable":true,"href":"https:\/\/jahs.eu\/hr\/wp-json\/wp\/v2\/comments?post=597"}],"version-history":[{"count":1,"href":"https:\/\/jahs.eu\/hr\/wp-json\/wp\/v2\/pages\/597\/revisions"}],"predecessor-version":[{"id":598,"href":"https:\/\/jahs.eu\/hr\/wp-json\/wp\/v2\/pages\/597\/revisions\/598"}],"up":[{"embeddable":true,"href":"https:\/\/jahs.eu\/hr\/wp-json\/wp\/v2\/pages\/344"}],"wp:attachment":[{"href":"https:\/\/jahs.eu\/hr\/wp-json\/wp\/v2\/media?parent=597"}],"curies":[{"name":"wp","href":"https:\/\/api.w.org\/{rel}","templated":true}]}}