{"id":600,"date":"2019-03-13T12:13:35","date_gmt":"2019-03-13T11:13:35","guid":{"rendered":"http:\/\/jahs.eu\/?page_id=600"},"modified":"2019-03-13T12:13:35","modified_gmt":"2019-03-13T11:13:35","slug":"utjecaj-zdravstvenog-obrazovanja-u-zajednici-na-upravljanje-primarnom-zdravstvenom-zastitom-u-nigerijskoj-populaciji","status":"publish","type":"page","link":"https:\/\/jahs.eu\/hr\/volume-3-number-2-december-2017\/utjecaj-zdravstvenog-obrazovanja-u-zajednici-na-upravljanje-primarnom-zdravstvenom-zastitom-u-nigerijskoj-populaciji\/","title":{"rendered":"Utjecaj zdravstvenog obrazovanja u zajednici na upravljanje primarnom zdravstvenom za\u0161titom u nigerijskoj populaciji"},"content":{"rendered":"<p><\/p>\n<p style=\"text-align: center;\">Utjecaj zdravstvenog obrazovanja u zajednici na upravljanje primarnom zdravstvenom za\u0161titom u nigerijskoj populaciji<\/p>\n<p>Prethodno priop\u0107enje<br \/>\n<a class=\"normal\" href=\"https:\/\/doi.org\/10.24141\/1\/3\/2\/6\" rel=\"nofollow\">https:\/\/doi.org\/10.24141\/1\/3\/2\/6<\/a><\/p>\n<p style=\"text-align: left;\"><strong>Ibrahim Garba<\/strong>\u00a0; Odjel zdravstvene njege, Sveu\u010dili\u0161na bolnica Abubakar Tafawa Balewa, Bauchi, Nigerija<br \/>\n<strong>Ali Umar<\/strong>\u00a0; Odjel zdravstvene njege, Sveu\u010dili\u0161na bolnica Abubakar Tafawa Balewa, Bauchi, Nigerija<br \/>\n<strong>Gloria Musa<\/strong>\u00a0; Odjel zdravstvene njege, Sveu\u010dili\u0161na bolnica Abubakar Tafawa Balewa, Bauchi, Nigerija<br \/>\n<strong>Joseph Dlama<\/strong>\u00a0; Odjel radiologije, Sveu\u010dili\u0161na bolnica Abubakar Tafawa Balewa, Bauchi, Nigerija<\/p>\n<p style=\"text-align: left;\"><a title=\"The Impact of Community-based Health Education in the Management of Primary Health Care in the Nigerian Population\" href=\"http:\/\/jahs.eu\/wp-content\/uploads\/2015\/04\/006-JAHS-6.pdf\" target=\"_blank\"> Puni tekst: engleski, <strong>pdf<\/strong> (1 MB) <\/a><\/p>\n<p class=\"al-j\"><strong>Sa\u017eetak<\/strong><br \/>\nUvod: Primarna zdravstvena za\u0161tita (PHC) temelji se na prakti\u010dnim, znanstveno dokazanim i dru\u0161tveno prihvatljivim metodama koje su univerzalno dostupne pojedincima i obiteljima u zajednici.<br \/>\nCilj: Odrediti utjecaj zdravstvenog obrazovanja u zajednici (CBHED) u sklopu provedbe programa PHC-a u saveznoj dr\u017eavi Bauchi, Nigerija.<br \/>\nMetodologija: Provedeno je transverzalno anketno istra\u017eivanje. Istra\u017eeno je 20 razvojnih podru\u010dja, a u svakom od tih podru\u010dja nalazi se jedan centar za PHC. Istra\u017eivanje se provodilo u dvije skupine: anketirani su pru\u017eatelji usluge (zdravstveni radnici) i doma\u0107instva<br \/>\n(\u010dlanovi zajednice). Podijeljeno je 317 upitnika, a vra\u0107eno<br \/>\nih je 312. Upitnik se sastojao od 25 pitanja podijeljenih u tri dijela: demografski podaci, razina sudjelovanja i prihva\u0107anje. Podaci su analizirani uporabom programa Statistical Package for the Social Sciences, verzija 21.0. Hi-kvadrat test primijenjen je za odre\u0111ivanje povezanosti izme\u0111u razine obrazovanja i prihva\u0107anja zdravstvenog obrazovanja u zajednici u primarnoj zdravstvenoj za\u0161titi uz p &lt; 0,05.<br \/>\nRezultati: Ispitano je 136 (43,6 %) mu\u0161karaca i 176 (56,4 %) \u017eena. Ve\u0107ina ispitanika u dobnom je rasponu od 25 do 41 godine, n = 181 (58,0 %). Nema povezanosti izme\u0111u dobi sudionika istra\u017eivanja i njihove razine sudjelovanja u zdravstvenom obrazovanju u zajednici u primarnoj zdravstvenoj za\u0161titi (P &lt; 0,005). Nema povezanosti izme\u0111u izvora informacija i sudjelovanja u PHCu (p &lt; 0,05). Nema povezanosti izme\u0111u dobi sudionika istra\u017eivanja i njihove razine sudjelovanja u zdravstvenom obrazovanju u zajednici u primarnoj zdravstvenoj za\u0161titi.<br \/>\nZaklju\u010dak: Potreban je pro\u0161ireni pristup CBHED-a na druge zdravstvene usluge koji bi bio usmjeren na provedbu na razini zajednice.<\/p>\n<p><strong>Klju\u010dne rije\u010di<\/strong><br \/>\n<a class=\"normal\" href=\"https:\/\/hrcak.srce.hr\/search\/?stype=2&amp;c%5B0%5D=article_keywords&amp;r=10&amp;t%5B0%5D=zdravlje\">zdravlje<\/a>; <a class=\"normal\" href=\"https:\/\/hrcak.srce.hr\/search\/?stype=2&amp;c%5B0%5D=article_keywords&amp;r=10&amp;t%5B0%5D=zajednica\">zajednica<\/a>; <a class=\"normal\" href=\"https:\/\/hrcak.srce.hr\/search\/?stype=2&amp;c%5B0%5D=article_keywords&amp;r=10&amp;t%5B0%5D=obrazovanje\">obrazovanje<\/a>; <a class=\"normal\" href=\"https:\/\/hrcak.srce.hr\/search\/?stype=2&amp;c%5B0%5D=article_keywords&amp;r=10&amp;t%5B0%5D=zdravstvena%20za%C5%A1tita\">zdravstvena za\u0161tita<\/a>; <a class=\"normal\" href=\"https:\/\/hrcak.srce.hr\/search\/?stype=2&amp;c%5B0%5D=article_keywords&amp;r=10&amp;t%5B0%5D=zdravstveni%20radnici\">zdravstveni radnici<\/a><\/p>","protected":false},"excerpt":{"rendered":"<p>Utjecaj zdravstvenog obrazovanja u zajednici na upravljanje primarnom zdravstvenom za\u0161titom u nigerijskoj populaciji Prethodno priop\u0107enje https:\/\/doi.org\/10.24141\/1\/3\/2\/6 Ibrahim Garba\u00a0; Odjel zdravstvene njege, Sveu\u010dili\u0161na bolnica Abubakar Tafawa Balewa, Bauchi, Nigerija Ali Umar\u00a0; Odjel zdravstvene njege, Sveu\u010dili\u0161na bolnica Abubakar Tafawa Balewa, Bauchi, Nigerija Gloria Musa\u00a0; Odjel zdravstvene njege, Sveu\u010dili\u0161na bolnica Abubakar Tafawa Balewa, Bauchi, Nigerija Joseph Dlama\u00a0; Odjel [&hellip;]<\/p>\n","protected":false},"author":1,"featured_media":0,"parent":344,"menu_order":0,"comment_status":"closed","ping_status":"closed","template":"","meta":{"footnotes":""},"class_list":["post-600","page","type-page","status-publish","hentry"],"_links":{"self":[{"href":"https:\/\/jahs.eu\/hr\/wp-json\/wp\/v2\/pages\/600","targetHints":{"allow":["GET"]}}],"collection":[{"href":"https:\/\/jahs.eu\/hr\/wp-json\/wp\/v2\/pages"}],"about":[{"href":"https:\/\/jahs.eu\/hr\/wp-json\/wp\/v2\/types\/page"}],"author":[{"embeddable":true,"href":"https:\/\/jahs.eu\/hr\/wp-json\/wp\/v2\/users\/1"}],"replies":[{"embeddable":true,"href":"https:\/\/jahs.eu\/hr\/wp-json\/wp\/v2\/comments?post=600"}],"version-history":[{"count":1,"href":"https:\/\/jahs.eu\/hr\/wp-json\/wp\/v2\/pages\/600\/revisions"}],"predecessor-version":[{"id":601,"href":"https:\/\/jahs.eu\/hr\/wp-json\/wp\/v2\/pages\/600\/revisions\/601"}],"up":[{"embeddable":true,"href":"https:\/\/jahs.eu\/hr\/wp-json\/wp\/v2\/pages\/344"}],"wp:attachment":[{"href":"https:\/\/jahs.eu\/hr\/wp-json\/wp\/v2\/media?parent=600"}],"curies":[{"name":"wp","href":"https:\/\/api.w.org\/{rel}","templated":true}]}}