{"id":615,"date":"2019-03-13T12:25:03","date_gmt":"2019-03-13T11:25:03","guid":{"rendered":"http:\/\/jahs.eu\/?page_id=615"},"modified":"2019-03-13T12:25:03","modified_gmt":"2019-03-13T11:25:03","slug":"tranzicija-teorijskih-znanja-u-praksu-kroz-prikaz-slucaja-studentsko-iskustvo","status":"publish","type":"page","link":"https:\/\/jahs.eu\/hr\/volume-3-number-2-december-2017\/tranzicija-teorijskih-znanja-u-praksu-kroz-prikaz-slucaja-studentsko-iskustvo\/","title":{"rendered":"Tranzicija teorijskih znanja u praksu kroz prikaz slu\u010daja \u2013 studentsko iskustvo"},"content":{"rendered":"<p><\/p>\n<p style=\"text-align: center;\"><strong>Tranzicija teorijskih znanja u praksu kroz prikaz slu\u010daja \u2013 studentsko iskustvo<\/strong><\/p>\n<p style=\"text-align: left;\">Ostalo<br \/>\n<a class=\"normal\" href=\"https:\/\/doi.org\/10.24141\/1\/3\/2\/11\" rel=\"nofollow\">https:\/\/doi.org\/10.24141\/1\/3\/2\/11<\/a><\/p>\n<p style=\"text-align: left;\"><strong>Maja Marija \u017delimorski<\/strong><br \/>\n<strong>Marija Maras<\/strong>\u00a0; Specijalna bolnica za za\u0161titu djece s neurorazvojnim i motori\u010dkim smetnjama, Goljak 2, Zagreb, Hrvatska\u00a0<a href=\"mailto:majamaras@gmail.com\"><img decoding=\"async\" src=\"https:\/\/hrcak.srce.hr\/images\/mail.gif\" \/><\/a><br \/>\n<strong>Darko Mila\u0161\u010devi\u0107<\/strong>\u00a0; Zdravstveno veleu\u010dili\u0161te Zagreb, Zagreb, Hrvatska<\/p>\n<p style=\"text-align: left;\"><a title=\"Tranzicija teorijskih znanja u praksu kroz prikaz slu\u010daja \u2013 studentsko iskustvo\" href=\"http:\/\/jahs.eu\/wp-content\/uploads\/2015\/04\/011-JAHS-6.pdf\" target=\"_blank\"> Puni tekst: hrvatski, <strong>pdf<\/strong> (9 MB) <\/a><\/p>\n<p class=\"al-j\"><strong>Sa\u017eetak<\/strong><br \/>\nCerebralna paraliza (CP) naj\u010de\u0161\u0107i je uzrok te\u017eih neuromotori\u010dkih odstupanja u djece, a predstavlja klini\u010dki entitet koji ozna\u010dava skupinu neprogresivnih, no \u010desto promjenjivih motori\u010dkih poreme\u0107aja uzrokovanih razvojnim poreme\u0107ajem ili o\u0161te\u0107enjem mozga u ranom stadiju razvoja djeteta. Prema Europskoj mre\u017ei registra djece s cerebralnom paralizom (SCPE \u2013 Surveillance of cerebral palsy in Europe), temeljna klasifikacija cerebralne paralize sastoji se od temeljnih neurolo\u0161kih simptoma, pa tako postoji spasti\u010dni, diskineti\u010dki i ataksi\u010dni oblik.<br \/>\nCilj ovog rada bio je prikazati zna\u010daj fizioterapije kod djece s cerebralnom paralizom, s poja\u010danim fokusom na bilateralni spasti\u010dni tip cerebralne paralize. U fizioterapijskoj procjeni, uz uobi\u010dajene metode, primjenjuju se mnogi specifi\u010dni testovi i mjerenja. Na temelju procjene, planira se daljnji tijek terapije individualno za svakog pojedinca, a neke su od naj\u010de\u0161\u0107ih metoda intervencije: neurorazvojna terapija prema Bobathu i Vojtin princip. U svrhu izrade rada pretra\u017eeni su izvori baza podataka, zbog uvida u u\u010dinkovitost fizioterapije kod navedene teme.<br \/>\nU radu je tako\u0111er prikazan tijek fizioterapijske procjene i intervencije kod djeteta sa spasti\u010dnim bilateralnim tipom cerebralne paralize. Prikazan je slu\u010daj djeteta s navedenom dijagnozom u dobi od pet godina. Fizioterapijski postupci provo\u0111eni su u razdoblju od dva tjedna u Specijalnoj bolnici za za\u0161titu djece s neurorazvojnim i motori\u010dkim smetnjama, Goljak. Objektivni dio fizioterapijske procjene najvi\u0161e se temelji na testu GMFM-66. Na temelju tih rezultata proveden je plan i tijek terapije djeteta u trajanju od dva tjedna.<\/p>\n<p><strong>Klju\u010dne rije\u010di<\/strong><br \/>\n<a class=\"normal\" href=\"https:\/\/hrcak.srce.hr\/search\/?stype=2&amp;c%5B0%5D=article_keywords&amp;r=10&amp;t%5B0%5D=fizioterapija\">fizioterapija<\/a>; <a class=\"normal\" href=\"https:\/\/hrcak.srce.hr\/search\/?stype=2&amp;c%5B0%5D=article_keywords&amp;r=10&amp;t%5B0%5D=cerebralna%20paraliza\">cerebralna paraliza<\/a>; <a class=\"normal\" href=\"https:\/\/hrcak.srce.hr\/search\/?stype=2&amp;c%5B0%5D=article_keywords&amp;r=10&amp;t%5B0%5D=spasti%C4%8Dni%20bilateralni%20tip\">spasti\u010dni bilateralni tip<\/a>; <a class=\"normal\" href=\"https:\/\/hrcak.srce.hr\/search\/?stype=2&amp;c%5B0%5D=article_keywords&amp;r=10&amp;t%5B0%5D=prikaz%20slu%C4%8Daja\">prikaz slu\u010daja<\/a><\/p>","protected":false},"excerpt":{"rendered":"<p>Tranzicija teorijskih znanja u praksu kroz prikaz slu\u010daja \u2013 studentsko iskustvo Ostalo https:\/\/doi.org\/10.24141\/1\/3\/2\/11 Maja Marija \u017delimorski Marija Maras\u00a0; Specijalna bolnica za za\u0161titu djece s neurorazvojnim i motori\u010dkim smetnjama, Goljak 2, Zagreb, Hrvatska\u00a0 Darko Mila\u0161\u010devi\u0107\u00a0; Zdravstveno veleu\u010dili\u0161te Zagreb, Zagreb, Hrvatska Puni tekst: hrvatski, pdf (9 MB) Sa\u017eetak Cerebralna paraliza (CP) naj\u010de\u0161\u0107i je uzrok te\u017eih neuromotori\u010dkih odstupanja [&hellip;]<\/p>\n","protected":false},"author":1,"featured_media":0,"parent":344,"menu_order":0,"comment_status":"closed","ping_status":"closed","template":"","meta":{"footnotes":""},"class_list":["post-615","page","type-page","status-publish","hentry"],"_links":{"self":[{"href":"https:\/\/jahs.eu\/hr\/wp-json\/wp\/v2\/pages\/615","targetHints":{"allow":["GET"]}}],"collection":[{"href":"https:\/\/jahs.eu\/hr\/wp-json\/wp\/v2\/pages"}],"about":[{"href":"https:\/\/jahs.eu\/hr\/wp-json\/wp\/v2\/types\/page"}],"author":[{"embeddable":true,"href":"https:\/\/jahs.eu\/hr\/wp-json\/wp\/v2\/users\/1"}],"replies":[{"embeddable":true,"href":"https:\/\/jahs.eu\/hr\/wp-json\/wp\/v2\/comments?post=615"}],"version-history":[{"count":1,"href":"https:\/\/jahs.eu\/hr\/wp-json\/wp\/v2\/pages\/615\/revisions"}],"predecessor-version":[{"id":616,"href":"https:\/\/jahs.eu\/hr\/wp-json\/wp\/v2\/pages\/615\/revisions\/616"}],"up":[{"embeddable":true,"href":"https:\/\/jahs.eu\/hr\/wp-json\/wp\/v2\/pages\/344"}],"wp:attachment":[{"href":"https:\/\/jahs.eu\/hr\/wp-json\/wp\/v2\/media?parent=615"}],"curies":[{"name":"wp","href":"https:\/\/api.w.org\/{rel}","templated":true}]}}