{"id":618,"date":"2019-03-13T12:26:39","date_gmt":"2019-03-13T11:26:39","guid":{"rendered":"http:\/\/jahs.eu\/?page_id=618"},"modified":"2019-03-13T12:26:39","modified_gmt":"2019-03-13T11:26:39","slug":"stavovi-studenata-sestrinstva-o-vaznosti-komunikacijskih-vjestina-na-engleskome-jeziku","status":"publish","type":"page","link":"https:\/\/jahs.eu\/hr\/volume-3-number-2-december-2017\/stavovi-studenata-sestrinstva-o-vaznosti-komunikacijskih-vjestina-na-engleskome-jeziku\/","title":{"rendered":"Stavovi studenata sestrinstva o va\u017enosti komunikacijskih vje\u0161tina na engleskome jeziku"},"content":{"rendered":"<p><\/p>\n<p style=\"text-align: center;\"><strong>Stavovi studenata sestrinstva o va\u017enosti komunikacijskih vje\u0161tina na engleskome jeziku<\/strong><\/p>\n<p style=\"text-align: left;\">Stru\u010dni rad<br \/>\n<a class=\"normal\" href=\"https:\/\/doi.org\/10.24141\/1\/3\/2\/12\" rel=\"nofollow\">https:\/\/doi.org\/10.24141\/1\/3\/2\/12<\/a><\/p>\n<p style=\"text-align: left;\"><strong>Tatjana Badrov<\/strong>\u00a0; Visoka tehni\u010dka \u0161kola u Bjelovaru, stru\u010dni studij sestrinstva, Bjelovar, Hrvatska<br \/>\n<strong>Ivana Jurkovi\u0107<\/strong>\u00a0; Visoka tehni\u010dka \u0161kola u Bjelovaru, stru\u010dni studij sestrinstva, Bjelovar, Hrvatska<\/p>\n<p style=\"text-align: left;\"><a title=\"Attitudes of Nursing Students toward the Importance of Communication Skills in the English Language\" href=\"http:\/\/jahs.eu\/wp-content\/uploads\/2015\/04\/012-JAHS-6.pdf\" target=\"_blank\"> Puni tekst: engleski, <strong>pdf<\/strong> (2 MB) <\/a><\/p>\n<p class=\"al-j\"><strong>Sa\u017eetak<\/strong><br \/>\nIzazovi koje pred prvostupnike sestrinstva stavlja suvremeno tr\u017ei\u0161te rada usmjereno prema internacionalizaciji znanja, vje\u0161tina i kompetencija svakim su danom sve izra\u017eeniji. Stoga je sve razvidnije da \u0107e budu\u0107i nara\u0161taji prvostupnika sestrinstva biti suo\u010deni sa zahtjevima na radnome mjestu koji se mogu ispuniti samo kroz interdisciplinarnost u stjecanju kompetencija. Mobilnost radne snage, geopoliti\u010dka situacija u Europi i svijetu te kontinuirani razvoj informacijskih tehnologija samo su neki od razloga za\u0161to je nu\u017eno da u sestrinske kompetencije svakako budu uklju\u010dene komunikacijske vje\u0161tine na stranim jezicima, a prvenstveno na engleskom jeziku koji u dana\u0161nje vrijeme slu\u017ei kao lingua franca u poslovnom, stru\u010dnom i znanstvenom svijetu.<br \/>\nU svrhu utvr\u0111ivanja stavova budu\u0107ih stru\u010dnih prvostupnika sestrinstva o va\u017enosti komunikacijskih vje\u0161tina na engleskome jeziku, provedeno je istra\u017eivanje me\u0111u studentima stru\u010dnoga studija sestrinstva Visoke tehni\u010dke \u0161kole u Bjelovaru. U tu je svrhu izra\u0111en upitnik koji u potpunosti odgovara ciljevima istra\u017eivanja. Upitnik sadr\u017ei pet dijelova. Prvi dio uklju\u010duje op\u0107e podatke o ispitaniku, dok drugi, tre\u0107i i \u010detvrti dio sadr\u017ee po pet tvrdnji o va\u017enosti komunikacijskih vje\u0161tina na engleskome jeziku u podru\u010djima govora, \u010ditanja i pisanja. Peti dio upitnika sadr\u017ei tri pitanja op\u0107e procjene i samoprocjene komunikacijskih vje\u0161tina na engleskom jeziku. Rezultati istra\u017eivanja opisani su metodama deskriptivne statistike, dok su metode inferencijalne statistike primijenjene za utvr\u0111ivanje razlika izme\u0111u studenata prve i tre\u0107e godine s obzirom na stavove prema va\u017enosti komunikacijskih vje\u0161tina na engleskom jeziku te va\u017enosti u\u010denja engleskog jezika kao jezika struke u okviru studija.<\/p>\n<p><strong>Klju\u010dne rije\u010di<\/strong><br \/>\n<a class=\"normal\" href=\"https:\/\/hrcak.srce.hr\/search\/?stype=2&amp;c%5B0%5D=article_keywords&amp;r=10&amp;t%5B0%5D=engleski%20jezik\">engleski jezik<\/a>; <a class=\"normal\" href=\"https:\/\/hrcak.srce.hr\/search\/?stype=2&amp;c%5B0%5D=article_keywords&amp;r=10&amp;t%5B0%5D=komunikacijske%20vje%C5%A1tine\">komunikacijske vje\u0161tine<\/a>; <a class=\"normal\" href=\"https:\/\/hrcak.srce.hr\/search\/?stype=2&amp;c%5B0%5D=article_keywords&amp;r=10&amp;t%5B0%5D=sestrinstvo\">sestrinstvo<\/a>; <a class=\"normal\" href=\"https:\/\/hrcak.srce.hr\/search\/?stype=2&amp;c%5B0%5D=article_keywords&amp;r=10&amp;t%5B0%5D=stavovi%20studenata\">stavovi studenata<\/a><\/p>","protected":false},"excerpt":{"rendered":"<p>Stavovi studenata sestrinstva o va\u017enosti komunikacijskih vje\u0161tina na engleskome jeziku Stru\u010dni rad https:\/\/doi.org\/10.24141\/1\/3\/2\/12 Tatjana Badrov\u00a0; Visoka tehni\u010dka \u0161kola u Bjelovaru, stru\u010dni studij sestrinstva, Bjelovar, Hrvatska Ivana Jurkovi\u0107\u00a0; Visoka tehni\u010dka \u0161kola u Bjelovaru, stru\u010dni studij sestrinstva, Bjelovar, Hrvatska Puni tekst: engleski, pdf (2 MB) Sa\u017eetak Izazovi koje pred prvostupnike sestrinstva stavlja suvremeno tr\u017ei\u0161te rada usmjereno prema [&hellip;]<\/p>\n","protected":false},"author":1,"featured_media":0,"parent":344,"menu_order":0,"comment_status":"closed","ping_status":"closed","template":"","meta":{"footnotes":""},"class_list":["post-618","page","type-page","status-publish","hentry"],"_links":{"self":[{"href":"https:\/\/jahs.eu\/hr\/wp-json\/wp\/v2\/pages\/618","targetHints":{"allow":["GET"]}}],"collection":[{"href":"https:\/\/jahs.eu\/hr\/wp-json\/wp\/v2\/pages"}],"about":[{"href":"https:\/\/jahs.eu\/hr\/wp-json\/wp\/v2\/types\/page"}],"author":[{"embeddable":true,"href":"https:\/\/jahs.eu\/hr\/wp-json\/wp\/v2\/users\/1"}],"replies":[{"embeddable":true,"href":"https:\/\/jahs.eu\/hr\/wp-json\/wp\/v2\/comments?post=618"}],"version-history":[{"count":1,"href":"https:\/\/jahs.eu\/hr\/wp-json\/wp\/v2\/pages\/618\/revisions"}],"predecessor-version":[{"id":619,"href":"https:\/\/jahs.eu\/hr\/wp-json\/wp\/v2\/pages\/618\/revisions\/619"}],"up":[{"embeddable":true,"href":"https:\/\/jahs.eu\/hr\/wp-json\/wp\/v2\/pages\/344"}],"wp:attachment":[{"href":"https:\/\/jahs.eu\/hr\/wp-json\/wp\/v2\/media?parent=618"}],"curies":[{"name":"wp","href":"https:\/\/api.w.org\/{rel}","templated":true}]}}