{"id":621,"date":"2019-03-13T12:30:01","date_gmt":"2019-03-13T11:30:01","guid":{"rendered":"http:\/\/jahs.eu\/?page_id=621"},"modified":"2019-03-13T12:30:01","modified_gmt":"2019-03-13T11:30:01","slug":"poznavanje-fizikalnih-zakonitosti-u-kreiranju-fizioterapijskog-procesa","status":"publish","type":"page","link":"https:\/\/jahs.eu\/hr\/volume-3-number-2-december-2017\/poznavanje-fizikalnih-zakonitosti-u-kreiranju-fizioterapijskog-procesa\/","title":{"rendered":"Poznavanje fizikalnih zakonitosti u kreiranju fizioterapijskog procesa"},"content":{"rendered":"<p><\/p>\n<p style=\"text-align: center;\"><strong>Poznavanje fizikalnih zakonitosti u kreiranju fizioterapijskog procesa<\/strong><\/p>\n<p style=\"text-align: left;\">Stru\u010dni rad<br \/>\n<a class=\"normal\" href=\"https:\/\/doi.org\/10.24141\/1\/3\/2\/13\" rel=\"nofollow\">https:\/\/doi.org\/10.24141\/1\/3\/2\/13<\/a><\/p>\n<p style=\"text-align: left;\"><strong>Ivana Crnkovi\u0107\u00a0<\/strong>; Zdravstveno veleu\u010dili\u0161te Zagreb, Zagreb, Hrvatska<br \/>\n<strong>Dalibor Perkovi\u0107<\/strong>\u00a0; Zdravstveno veleu\u010dili\u0161te Zagreb, Zagreb, Hrvatska<br \/>\n<strong>Janko Babi\u0107<\/strong>\u00a0; Zdravstveno veleu\u010dili\u0161te Zagreb, Zagreb, Hrvatska<br \/>\n<strong>Danijela Dobri\u0107<\/strong>\u00a0; Zdravstveno veleu\u010dili\u0161te Zagreb, Zagreb, Hrvatska<\/p>\n<p style=\"text-align: left;\"><a title=\"Poznavanje fizikalnih zakonitosti u kreiranju fizioterapijskog procesa\" href=\"http:\/\/jahs.eu\/wp-content\/uploads\/2015\/04\/013-JAHS-6.pdf\" target=\"_blank\"> Puni tekst: hrvatski, <strong>pdf<\/strong> (2 MB) <\/a><\/p>\n<p class=\"al-j\"><strong>Sa\u017eetak<\/strong><br \/>\nFizika je jedna od klju\u010dnih prirodnih znanosti u fizioterapijskoj praksi. Cilj ovoga istra\u017eivanja bio je ispitati poznavanje i primjenu fizikalnih zakonitosti u fizioterapijskom procesu kod studenata preddiplomskog studija fizioterapije. U istra\u017eivanju su sudjelovala 92 studenta druge i tre\u0107e godine, koji su polo\u017eili ispit iz predmeta Fizika na prvoj godini studija. Za potrebe ovog istra\u017eivanja konstruiran je test \u010diji su zadaci tematski povezani s primjenom fizikalnih zakonitosti u kreiranju fizioterapijskog procesa.<br \/>\nPrema rezultatima, najvi\u0161e studenata ima vrlo dobar (39,1 %) ili izvrstan (43,5 %) uspjeh postignut na predmetu Fizika. Percipiranu razinu znanja o utjecaju fizikalnih zakonitosti u svrhu objektivizacije i pobolj\u0161anja kvalitete fizioterapijskog procesa studenti ocjenjuju ocjenom dobar. Na ukupnom uzorku dvije tre\u0107ine studenata smatra da je poznavanje fizikalnih zakonitosti va\u017eno ili vrlo va\u017eno u kreiranju fizioterapijskog procesa. Ukupno 60 % studenata to\u010dno je odgovorilo na dva ili tri od mogu\u0107ih pet pitanja na testu. Iz rezultata je vidljivo da u broju to\u010dnih odgovora postoji statisti\u010dki zna\u010dajna razlika s obzirom na godinu studija, pri \u010demu su studenti druge godine studija fizioterapije dali vi\u0161e to\u010dnih odgovora u odnosu na studente tre\u0107e godine. Rezultati istra\u017eivanja ukazuju da ne postoji statisti\u010dki zna\u010dajna povezanost to\u010dnih odgovara studenata s njihovom zavr\u0161nom ocjenom, samoprocjenom znanja iz podru\u010dja fizike te dostupno\u0161\u0107u stru\u010dne i znanstvene literature.<br \/>\nRezultati ovog istra\u017eivanja omogu\u0107uju izradu smjernica povezanih s oblikovanjem strategija za unaprje\u0111enje kvalitete nastavnog plana i programa predmeta Fizika na studiju fizioterapije u cilju primjene fizikalnih zakonitosti u fizioterapijskom procesu.<\/p>\n<p><strong>Klju\u010dne rije\u010di<\/strong><br \/>\n<a class=\"normal\" href=\"https:\/\/hrcak.srce.hr\/search\/?stype=2&amp;c%5B0%5D=article_keywords&amp;r=10&amp;t%5B0%5D=fizikalne%20zakonitosti\">fizikalne zakonitosti<\/a>; <a class=\"normal\" href=\"https:\/\/hrcak.srce.hr\/search\/?stype=2&amp;c%5B0%5D=article_keywords&amp;r=10&amp;t%5B0%5D=fizioterapijski%20proces\">fizioterapijski proces<\/a>; <a class=\"normal\" href=\"https:\/\/hrcak.srce.hr\/search\/?stype=2&amp;c%5B0%5D=article_keywords&amp;r=10&amp;t%5B0%5D=fizika\">fizika<\/a><\/p>","protected":false},"excerpt":{"rendered":"<p>Poznavanje fizikalnih zakonitosti u kreiranju fizioterapijskog procesa Stru\u010dni rad https:\/\/doi.org\/10.24141\/1\/3\/2\/13 Ivana Crnkovi\u0107\u00a0; Zdravstveno veleu\u010dili\u0161te Zagreb, Zagreb, Hrvatska Dalibor Perkovi\u0107\u00a0; Zdravstveno veleu\u010dili\u0161te Zagreb, Zagreb, Hrvatska Janko Babi\u0107\u00a0; Zdravstveno veleu\u010dili\u0161te Zagreb, Zagreb, Hrvatska Danijela Dobri\u0107\u00a0; Zdravstveno veleu\u010dili\u0161te Zagreb, Zagreb, Hrvatska Puni tekst: hrvatski, pdf (2 MB) Sa\u017eetak Fizika je jedna od klju\u010dnih prirodnih znanosti u fizioterapijskoj praksi. [&hellip;]<\/p>\n","protected":false},"author":1,"featured_media":0,"parent":344,"menu_order":0,"comment_status":"closed","ping_status":"closed","template":"","meta":{"footnotes":""},"class_list":["post-621","page","type-page","status-publish","hentry"],"_links":{"self":[{"href":"https:\/\/jahs.eu\/hr\/wp-json\/wp\/v2\/pages\/621","targetHints":{"allow":["GET"]}}],"collection":[{"href":"https:\/\/jahs.eu\/hr\/wp-json\/wp\/v2\/pages"}],"about":[{"href":"https:\/\/jahs.eu\/hr\/wp-json\/wp\/v2\/types\/page"}],"author":[{"embeddable":true,"href":"https:\/\/jahs.eu\/hr\/wp-json\/wp\/v2\/users\/1"}],"replies":[{"embeddable":true,"href":"https:\/\/jahs.eu\/hr\/wp-json\/wp\/v2\/comments?post=621"}],"version-history":[{"count":1,"href":"https:\/\/jahs.eu\/hr\/wp-json\/wp\/v2\/pages\/621\/revisions"}],"predecessor-version":[{"id":622,"href":"https:\/\/jahs.eu\/hr\/wp-json\/wp\/v2\/pages\/621\/revisions\/622"}],"up":[{"embeddable":true,"href":"https:\/\/jahs.eu\/hr\/wp-json\/wp\/v2\/pages\/344"}],"wp:attachment":[{"href":"https:\/\/jahs.eu\/hr\/wp-json\/wp\/v2\/media?parent=621"}],"curies":[{"name":"wp","href":"https:\/\/api.w.org\/{rel}","templated":true}]}}