{"id":630,"date":"2019-03-13T12:40:06","date_gmt":"2019-03-13T11:40:06","guid":{"rendered":"http:\/\/jahs.eu\/?page_id=630"},"modified":"2019-03-13T12:40:06","modified_gmt":"2019-03-13T11:40:06","slug":"iskustva-onkoloskih-bolesnika-u-primjeni-alternativnih-i-komplementarnih-metoda-lijecenja","status":"publish","type":"page","link":"https:\/\/jahs.eu\/hr\/volume-3-number-1-june-2017\/iskustva-onkoloskih-bolesnika-u-primjeni-alternativnih-i-komplementarnih-metoda-lijecenja\/","title":{"rendered":"Iskustva onkolo\u0161kih bolesnika u primjeni alternativnih i komplementarnih metoda lije\u010denja"},"content":{"rendered":"<p><\/p>\n<p style=\"text-align: center;\"><strong>Iskustva onkolo\u0161kih bolesnika u primjeni alternativnih i komplementarnih metoda lije\u010denja<\/strong><\/p>\n<p style=\"text-align: left;\">Izvorni znanstveni \u010dlanak<br \/>\n<a class=\"normal\" href=\"https:\/\/doi.org\/10.24141\/1\/3\/1\/1\" rel=\"nofollow\">https:\/\/doi.org\/10.24141\/1\/3\/1\/1<\/a><\/p>\n<p style=\"text-align: left;\"><strong>Ljerka Armano\u00a0<\/strong>; Odjel za sprje\u010davanje i suzbijanje bolni\u010dkih infekcija, KBC Sestre milosrdnice, Zagreb, Hrvatska<br \/>\n<strong>Olivera Petrak\u00a0<\/strong>; Katedra za zdravstvenu psihologiju, Zdravstveno veleu\u010dili\u0161te Zagreb, Hrvatska\u00a0<a href=\"mailto:olivera.petrak@zvu.hr\"><img decoding=\"async\" src=\"https:\/\/hrcak.srce.hr\/images\/mail.gif\" \/><\/a><br \/>\n<strong>Josipa Kern\u00a0<\/strong>; Katedra za medicinsku statistiku, epidemiologiju i medicinsku informatiku, \u0160kola narodnog zdravlja \u201eAndrija \u0160tampar\u201d, Medicinski fakultet Sveu\u010dili\u0161ta u Zagrebu, Hrvatska<\/p>\n<p style=\"text-align: left;\"><a title=\"Iskustva onkolo\u0161kih bolesnika u primjeni alternativnih i komplementarnih metoda lije\u010denja\" href=\"http:\/\/jahs.eu\/wp-content\/uploads\/2017\/06\/jahs5-005-014.pdf\" target=\"_blank\"> Puni tekst: hrvatski, <strong>pdf<\/strong> (172 KB) <\/a><\/p>\n<p class=\"al-j\"><strong>Sa\u017eetak<\/strong><br \/>\nPodatci iz literature govore o porastu primjene komplementarnih i alternativnih metoda lije\u010denja (KAM) u onkolo\u0161kih bolesnika. Cilj je ovog rada istra\u017eiti ra\u0161irenost primjene KAM-a, saznati koje su naj\u010de\u0161\u0107e upotrebljavane metode, istra\u017eiti povezanost primjene KAM-a s demografskim karakteristikama bolesnika te istra\u017eiti izvore informiranosti bolesnika o KAM-u. Uzorak je bio prigodni, a u istra\u017eivanje su uklju\u010dena 82 onkolo\u0161ka bolesnika u dobi od 24 do 83 godine, od \u010dega je bilo 60 \u017eena i 22 mu\u0161karca. Primijenjen je upitnik od 25 pitanja podijeljenih u tri skupine: pitanja povezana sa sociodemografskim statusom, obilje\u017ejima bolesti i terapije te tre\u0107i dio povezan s primjenom KAM-a.<\/p>\n<p>Postotak sudionika koji su bilo kada u svojem \u017eivotu (prije ili sada) upotrebljavali KAM iznosi 72,2%, dok 46,8% sada upotrebljava KAM (bez obzira na prije). Od KAM-a o\u010dekuju da im pove\u0107a imunitet (46,3%), pobolj\u0161a fizi\u010dko zdravlje (23,2%), ubla\u017ei simptome nuspojava kemoterapije (17,1%) te pobolj\u0161a psihi\u010dko stanje (14,6%). Mu\u0161karci se znatno manje koriste KAM-om nego \u017eene, dok se dob i obrazovanje nisu pokazali statisti\u010dki zna\u010dajnim \u010dimbenicima. O primjeni KAM-a svojeg je lije\u010dnika onkologa obavijestilo 35,6% bolesnika, a medicinsku sestru njih 16,7%. Kao naj\u010de\u0161\u0107e razloge zbog kojih nisu obavijestili medicinsko osoblje navode da ih nitko nije pitao i negativan stav zdravstvenih djelatnika prema KAM-u. Prijatelji (36,6%), drugi bolesnici (31,7%), mediji (28,0%) i zdravstveni djelatnici izvan bolnice (12,2%) naj\u010de\u0161\u0107i su izvor informacija o KAM-u, a najmanje informacija o KAM-u bolesnici dobivaju od zdravstvenih djelatnika u bolnici.<\/p>\n<p><strong>Klju\u010dne rije\u010di<\/strong><br \/>\n<a class=\"normal\" href=\"https:\/\/hrcak.srce.hr\/search\/?stype=2&amp;c%5B0%5D=article_keywords&amp;r=10&amp;t%5B0%5D=komplementarna%20i%20alternativna%20medicina\">komplementarna i alternativna medicina<\/a>; <a class=\"normal\" href=\"https:\/\/hrcak.srce.hr\/search\/?stype=2&amp;c%5B0%5D=article_keywords&amp;r=10&amp;t%5B0%5D=KAM\">KAM<\/a>; <a class=\"normal\" href=\"https:\/\/hrcak.srce.hr\/search\/?stype=2&amp;c%5B0%5D=article_keywords&amp;r=10&amp;t%5B0%5D=onkolo%C5%A1ki%20bolesnici\">onkolo\u0161ki bolesnici<\/a><\/p>","protected":false},"excerpt":{"rendered":"<p>Iskustva onkolo\u0161kih bolesnika u primjeni alternativnih i komplementarnih metoda lije\u010denja Izvorni znanstveni \u010dlanak https:\/\/doi.org\/10.24141\/1\/3\/1\/1 Ljerka Armano\u00a0; Odjel za sprje\u010davanje i suzbijanje bolni\u010dkih infekcija, KBC Sestre milosrdnice, Zagreb, Hrvatska Olivera Petrak\u00a0; Katedra za zdravstvenu psihologiju, Zdravstveno veleu\u010dili\u0161te Zagreb, Hrvatska\u00a0 Josipa Kern\u00a0; Katedra za medicinsku statistiku, epidemiologiju i medicinsku informatiku, \u0160kola narodnog zdravlja \u201eAndrija \u0160tampar\u201d, Medicinski fakultet [&hellip;]<\/p>\n","protected":false},"author":1,"featured_media":0,"parent":288,"menu_order":0,"comment_status":"closed","ping_status":"closed","template":"","meta":{"footnotes":""},"class_list":["post-630","page","type-page","status-publish","hentry"],"_links":{"self":[{"href":"https:\/\/jahs.eu\/hr\/wp-json\/wp\/v2\/pages\/630","targetHints":{"allow":["GET"]}}],"collection":[{"href":"https:\/\/jahs.eu\/hr\/wp-json\/wp\/v2\/pages"}],"about":[{"href":"https:\/\/jahs.eu\/hr\/wp-json\/wp\/v2\/types\/page"}],"author":[{"embeddable":true,"href":"https:\/\/jahs.eu\/hr\/wp-json\/wp\/v2\/users\/1"}],"replies":[{"embeddable":true,"href":"https:\/\/jahs.eu\/hr\/wp-json\/wp\/v2\/comments?post=630"}],"version-history":[{"count":1,"href":"https:\/\/jahs.eu\/hr\/wp-json\/wp\/v2\/pages\/630\/revisions"}],"predecessor-version":[{"id":631,"href":"https:\/\/jahs.eu\/hr\/wp-json\/wp\/v2\/pages\/630\/revisions\/631"}],"up":[{"embeddable":true,"href":"https:\/\/jahs.eu\/hr\/wp-json\/wp\/v2\/pages\/288"}],"wp:attachment":[{"href":"https:\/\/jahs.eu\/hr\/wp-json\/wp\/v2\/media?parent=630"}],"curies":[{"name":"wp","href":"https:\/\/api.w.org\/{rel}","templated":true}]}}