{"id":636,"date":"2019-03-13T12:45:14","date_gmt":"2019-03-13T11:45:14","guid":{"rendered":"http:\/\/jahs.eu\/?page_id=636"},"modified":"2019-03-13T12:45:14","modified_gmt":"2019-03-13T11:45:14","slug":"stabilnost-mjera-boli-u-razlicitom-podrazajnom-kontekstu","status":"publish","type":"page","link":"https:\/\/jahs.eu\/hr\/volume-3-number-1-june-2017\/stabilnost-mjera-boli-u-razlicitom-podrazajnom-kontekstu\/","title":{"rendered":"Stabilnost mjera boli u razli\u010ditom podra\u017eajnom kontekstu"},"content":{"rendered":"<p><\/p>\n<p style=\"text-align: center;\"><strong>Stabilnost mjera boli u razli\u010ditom podra\u017eajnom kontekstu<\/strong><\/p>\n<p style=\"text-align: left;\">Izvorni znanstveni \u010dlanak<br \/>\n<a class=\"normal\" href=\"https:\/\/doi.org\/10.24141\/1\/3\/1\/3\" rel=\"nofollow\">https:\/\/doi.org\/10.24141\/1\/3\/1\/3<\/a><\/p>\n<p><strong>Koraljka Modi\u0107 Stanke\u00a0<\/strong>; Odsjek za psihologiju, Filozofski fakultet Sveu\u010dili\u0161ta u Zagrebu, Zagreb, Hrvatska<\/p>\n<p><a title=\"Stability of Pain Measures in a Different Stimuli Context\" href=\"http:\/\/jahs.eu\/wp-content\/uploads\/2017\/06\/jahs5-025-036.pdf\" target=\"_blank\"> Puni tekst: engleski, <strong>pdf<\/strong> (231 KB) <\/a><\/p>\n<p class=\"al-j\"><strong>Sa\u017eetak<\/strong><br \/>\nDo\u017eivljaj boli u bilo kojem kontekstu povezan je s velikom inter- i intra-individualnom varijabilno\u0161\u0107u. U eksperimentalnim uvjetima istra\u017eiva\u010dima na raspolaganju stoji nekoliko metoda za izazivanje boli, kao i niz na\u010dina mjerenja iste. Budu\u0107i da nijedna metoda nije bez nedostataka, u posljednje se vrijeme sve vi\u0161e istra\u017eiva\u010da odlu\u010duje na istovremeno kori\u0161tenje vi\u0161e metoda izazivanja i mjerenja boli. Jasnost i jednozna\u010dnost rezultata pritom mo\u017ee varirati \u2013 ovisno o pouzdanosti pojedinih mjera u odre\u0111enom podra\u017eajnom kontekstu.<\/p>\n<p>Cilj istra\u017eivanja bio je ispitati stabilnost percepcije boli kod istih sudionika \u2013 kako u razli\u010ditom podra\u017eajnom kontekstu, tako i unutar istog s protokom vremena. U istra\u017eivanju su sudjelovale 52 studentice koje su u razmacima od tjedan dana prolazile tri metodolo\u0161ki identi\u010dna ponovljena mjerenja na kojima im se bol zadavala na dva na\u010dina \u2013 prvo toplinskim, a nakon toga elektri\u010dnim impulsima. Sudionice su tijekom svakog podra\u017eivanja izvje\u0161tavale o pragu i toleranciju boli, a nakon svakog podra\u017eivanja procjenjivale su intenzitet i neugodu boli.<\/p>\n<p>Rezultati su pokazali da stabilnost percepcije boli ovisi o podra\u017eajnom kontekstu i na\u010dinu mjerenja boli. Do\u017eivljaj boli pokazao se stabilnijim prilikom toplinskog podra\u017eivanja gdje su se prag i tolerancija boli pokazali jednakima u sva tri mjerenja. Prilikom elektri\u010dnog podra\u017eivanja sa svakim sljede\u0107im mjerenjem pokazao se statisti\u010dki zna\u010dajan porast u pragu i toleranciji boli. U oba podra\u017eajna konteksta procjena intenziteta boli ostala je konstantna kroz sva tri mjerenja, dok je procjena neugode boli statisti\u010dki zna\u010dajno rasla. Opa\u017eene kontekstualne razlike mogu se objasniti razli\u010ditom upoznatosti sudionika sa pojedinim na\u010dinom izazivanja boli te s tim povezanom razli\u010ditom razinom anksioznosti.<\/p>\n<p><strong>Klju\u010dne rije\u010di<\/strong><br \/>\n<a class=\"normal\" href=\"https:\/\/hrcak.srce.hr\/search\/?stype=2&amp;c%5B0%5D=article_keywords&amp;r=10&amp;t%5B0%5D=stabilnost%20percepcije%20boli\">stabilnost percepcije boli<\/a>; <a class=\"normal\" href=\"https:\/\/hrcak.srce.hr\/search\/?stype=2&amp;c%5B0%5D=article_keywords&amp;r=10&amp;t%5B0%5D=prag%20boli\">prag boli<\/a>; <a class=\"normal\" href=\"https:\/\/hrcak.srce.hr\/search\/?stype=2&amp;c%5B0%5D=article_keywords&amp;r=10&amp;t%5B0%5D=tolerancija%20boli\">tolerancija boli<\/a>; <a class=\"normal\" href=\"https:\/\/hrcak.srce.hr\/search\/?stype=2&amp;c%5B0%5D=article_keywords&amp;r=10&amp;t%5B0%5D=neugoda%20boli\">neugoda boli<\/a>; <a class=\"normal\" href=\"https:\/\/hrcak.srce.hr\/search\/?stype=2&amp;c%5B0%5D=article_keywords&amp;r=10&amp;t%5B0%5D=intenzitet%20boli\">intenzitet boli<\/a>; <a class=\"normal\" href=\"https:\/\/hrcak.srce.hr\/search\/?stype=2&amp;c%5B0%5D=article_keywords&amp;r=10&amp;t%5B0%5D=toplinsko%20i%20elektri%C4%8Dno%20podra%C5%BEivanje\">toplinsko i elektri\u010dno podra\u017eivanje<\/a><\/p>","protected":false},"excerpt":{"rendered":"<p>Stabilnost mjera boli u razli\u010ditom podra\u017eajnom kontekstu Izvorni znanstveni \u010dlanak https:\/\/doi.org\/10.24141\/1\/3\/1\/3 Koraljka Modi\u0107 Stanke\u00a0; Odsjek za psihologiju, Filozofski fakultet Sveu\u010dili\u0161ta u Zagrebu, Zagreb, Hrvatska Puni tekst: engleski, pdf (231 KB) Sa\u017eetak Do\u017eivljaj boli u bilo kojem kontekstu povezan je s velikom inter- i intra-individualnom varijabilno\u0161\u0107u. U eksperimentalnim uvjetima istra\u017eiva\u010dima na raspolaganju stoji nekoliko metoda za [&hellip;]<\/p>\n","protected":false},"author":1,"featured_media":0,"parent":288,"menu_order":0,"comment_status":"closed","ping_status":"closed","template":"","meta":{"footnotes":""},"class_list":["post-636","page","type-page","status-publish","hentry"],"_links":{"self":[{"href":"https:\/\/jahs.eu\/hr\/wp-json\/wp\/v2\/pages\/636","targetHints":{"allow":["GET"]}}],"collection":[{"href":"https:\/\/jahs.eu\/hr\/wp-json\/wp\/v2\/pages"}],"about":[{"href":"https:\/\/jahs.eu\/hr\/wp-json\/wp\/v2\/types\/page"}],"author":[{"embeddable":true,"href":"https:\/\/jahs.eu\/hr\/wp-json\/wp\/v2\/users\/1"}],"replies":[{"embeddable":true,"href":"https:\/\/jahs.eu\/hr\/wp-json\/wp\/v2\/comments?post=636"}],"version-history":[{"count":1,"href":"https:\/\/jahs.eu\/hr\/wp-json\/wp\/v2\/pages\/636\/revisions"}],"predecessor-version":[{"id":637,"href":"https:\/\/jahs.eu\/hr\/wp-json\/wp\/v2\/pages\/636\/revisions\/637"}],"up":[{"embeddable":true,"href":"https:\/\/jahs.eu\/hr\/wp-json\/wp\/v2\/pages\/288"}],"wp:attachment":[{"href":"https:\/\/jahs.eu\/hr\/wp-json\/wp\/v2\/media?parent=636"}],"curies":[{"name":"wp","href":"https:\/\/api.w.org\/{rel}","templated":true}]}}