{"id":639,"date":"2019-03-13T12:47:33","date_gmt":"2019-03-13T11:47:33","guid":{"rendered":"http:\/\/jahs.eu\/?page_id=639"},"modified":"2019-03-13T12:47:33","modified_gmt":"2019-03-13T11:47:33","slug":"povezanost-indeksa-tjelesne-mase-i-zadovoljstva-tijelom-kod-mladih-odraslih-muskaraca","status":"publish","type":"page","link":"https:\/\/jahs.eu\/hr\/volume-3-number-1-june-2017\/povezanost-indeksa-tjelesne-mase-i-zadovoljstva-tijelom-kod-mladih-odraslih-muskaraca\/","title":{"rendered":"Povezanost indeksa tjelesne mase i zadovoljstva tijelom kod mla\u0111ih odraslih mu\u0161karaca"},"content":{"rendered":"<p><\/p>\n<p style=\"text-align: center;\"><strong>Povezanost indeksa tjelesne mase i zadovoljstva tijelom kod mla\u0111ih odraslih mu\u0161karaca<\/strong><\/p>\n<p style=\"text-align: left;\">Prethodno priop\u0107enje<br \/>\n<a class=\"normal\" href=\"https:\/\/doi.org\/10.24141\/1\/3\/1\/4\" rel=\"nofollow\">https:\/\/doi.org\/10.24141\/1\/3\/1\/4<\/a><\/p>\n<p><strong>Toni Babarovi\u0107<\/strong>; Institut dru\u0161tvenih znanosti Ivo Pilar, Zagreb, Hrvatska<\/p>\n<p><a title=\"Povezanost indeksa tjelesne mase i zadovoljstva tijelom kod mla\u0111ih odraslih mu\u0161karaca\" href=\"http:\/\/jahs.eu\/wp-content\/uploads\/2017\/06\/jahs5-037-044.pdf\" target=\"_blank\"> Puni tekst: hrvatski, <strong>pdf<\/strong> (2 MB) <\/a><\/p>\n<p class=\"al-j\"><strong>Sa\u017eetak<\/strong><br \/>\nZadovoljstvo tijelom i tjelesnim izgledom kod odraslih mu\u0161karaca rijetko je istra\u017eivana tema. \u010ce\u0161\u0107i problemi nezadovoljstva me\u0111u \u017eenama doveli su do smanjena interesa za prou\u010davanje uzroka i posljedica nezadovoljstva tijelom kod mu\u0161karaca. Ipak, rijetka istra\u017eivanja koja su se bavila ovom temom utvrdila su da postoji samo druga\u010diji odnos izme\u0111u te\u017eine i zadovoljstva tijelom kod \u017eena i mu\u0161karaca, ali da psihosocijalne posljedice nezadovoljstva mogu biti podjednake. Dok kod \u017eena prevladava linearan odnos izme\u0111u zadovoljstva i tjelesne te\u017eine, odnosno \u017eene pove\u0107ane tjelesne te\u017eine izra\u017eavaju ve\u0107e nezadovoljstvo, kod mu\u0161karaca se \u010dini da je taj odnos zakrivljen. Mu\u0161karci koji imaju premalu tjelesnu te\u017einu, kao i oni s prekomjernom te\u017einom, izra\u017eavaju manje zadovoljstvo tjelesnim izgledom od onih primjerene te\u017eine.<\/p>\n<p>Cilj ovog istra\u017eivanja bio je istra\u017eiti i provjeriti odnos izme\u0111u indeksa tjelesne mase i zadovoljstva te\u017einom kod mu\u0161karaca mla\u0111e odrasle dobi u Hrvatskoj. U istra\u017eivanju je sudjelovalo 196 studenata u dobi od 18 do 29 godina. Sudionici su ispunjavali internetski upitnik o zadovoljstvu tjelesnom te\u017einom i pru\u017eili samoiskaz o svojoj visini i te\u017eini na osnovi kojega je izra\u010dunan njihov indeks tjelesne mase (BMI). Dobiveni rezultati analizirani su primjenom linearnih i nelinearnih regresijskih modela i pokazalo se da zakrivljena, kvadratna funkcija znatno bolje opisuje odnos BMI-ja i zadovoljstva tijelom nego \u0161to to \u010dini linearni model. Isto je potvr\u0111eno analizom varijance kojom su uspore\u0111ivane grupe mu\u0161karaca sni\u017eenog, idealnog i povi\u0161enog BMI-ja po zadovoljstvu te\u017einom. Mu\u0161karci s niskim i visokim BMI-jem izra\u017eavali su znatno manje zadovoljstvo tjelesnom te\u017einom od onih s idealnom te\u017einom. Time su potvr\u0111ena o\u010dekivanja o zakrivljenom odnosu izme\u0111u tjelesne te\u017eine i zadovoljstva tijelom kod mu\u0161karaca, \u0161to u\u010dvr\u0161\u0107uje dosada\u0161nje nalaze u ovom podru\u010dju.<\/p>\n<p><strong>Klju\u010dne rije\u010di<\/strong><br \/>\n<a class=\"normal\" href=\"https:\/\/hrcak.srce.hr\/search\/?stype=2&amp;c%5B0%5D=article_keywords&amp;r=10&amp;t%5B0%5D=zadovoljstvo%20tijelom\">zadovoljstvo tijelom<\/a>; <a class=\"normal\" href=\"https:\/\/hrcak.srce.hr\/search\/?stype=2&amp;c%5B0%5D=article_keywords&amp;r=10&amp;t%5B0%5D=zadovoljstvo%20tjelesnom%20te%C5%BEinom\">zadovoljstvo tjelesnom te\u017einom<\/a>; <a class=\"normal\" href=\"https:\/\/hrcak.srce.hr\/search\/?stype=2&amp;c%5B0%5D=article_keywords&amp;r=10&amp;t%5B0%5D=indeks%20tjelesne%20mase%20(BMI)\">indeks tjelesne mase (BMI)<\/a>; <a class=\"normal\" href=\"https:\/\/hrcak.srce.hr\/search\/?stype=2&amp;c%5B0%5D=article_keywords&amp;r=10&amp;t%5B0%5D=mu%C5%A1karci\">mu\u0161karci<\/a><\/p>","protected":false},"excerpt":{"rendered":"<p>Povezanost indeksa tjelesne mase i zadovoljstva tijelom kod mla\u0111ih odraslih mu\u0161karaca Prethodno priop\u0107enje https:\/\/doi.org\/10.24141\/1\/3\/1\/4 Toni Babarovi\u0107; Institut dru\u0161tvenih znanosti Ivo Pilar, Zagreb, Hrvatska Puni tekst: hrvatski, pdf (2 MB) Sa\u017eetak Zadovoljstvo tijelom i tjelesnim izgledom kod odraslih mu\u0161karaca rijetko je istra\u017eivana tema. \u010ce\u0161\u0107i problemi nezadovoljstva me\u0111u \u017eenama doveli su do smanjena interesa za prou\u010davanje uzroka [&hellip;]<\/p>\n","protected":false},"author":1,"featured_media":0,"parent":288,"menu_order":0,"comment_status":"closed","ping_status":"closed","template":"","meta":{"footnotes":""},"class_list":["post-639","page","type-page","status-publish","hentry"],"_links":{"self":[{"href":"https:\/\/jahs.eu\/hr\/wp-json\/wp\/v2\/pages\/639","targetHints":{"allow":["GET"]}}],"collection":[{"href":"https:\/\/jahs.eu\/hr\/wp-json\/wp\/v2\/pages"}],"about":[{"href":"https:\/\/jahs.eu\/hr\/wp-json\/wp\/v2\/types\/page"}],"author":[{"embeddable":true,"href":"https:\/\/jahs.eu\/hr\/wp-json\/wp\/v2\/users\/1"}],"replies":[{"embeddable":true,"href":"https:\/\/jahs.eu\/hr\/wp-json\/wp\/v2\/comments?post=639"}],"version-history":[{"count":1,"href":"https:\/\/jahs.eu\/hr\/wp-json\/wp\/v2\/pages\/639\/revisions"}],"predecessor-version":[{"id":640,"href":"https:\/\/jahs.eu\/hr\/wp-json\/wp\/v2\/pages\/639\/revisions\/640"}],"up":[{"embeddable":true,"href":"https:\/\/jahs.eu\/hr\/wp-json\/wp\/v2\/pages\/288"}],"wp:attachment":[{"href":"https:\/\/jahs.eu\/hr\/wp-json\/wp\/v2\/media?parent=639"}],"curies":[{"name":"wp","href":"https:\/\/api.w.org\/{rel}","templated":true}]}}