{"id":642,"date":"2019-03-13T12:49:24","date_gmt":"2019-03-13T11:49:24","guid":{"rendered":"http:\/\/jahs.eu\/?page_id=642"},"modified":"2019-03-13T12:49:24","modified_gmt":"2019-03-13T11:49:24","slug":"analiza-ucinaka-bobath-tretmana-i-klasicnoga-fizioterapijskog-tretmana-u-aktivnostima-svakodnevnog-zivota-kod-bolesnika-nakon-mozdanog-udara-barthelovim-indeksom","status":"publish","type":"page","link":"https:\/\/jahs.eu\/hr\/volume-3-number-1-june-2017\/analiza-ucinaka-bobath-tretmana-i-klasicnoga-fizioterapijskog-tretmana-u-aktivnostima-svakodnevnog-zivota-kod-bolesnika-nakon-mozdanog-udara-barthelovim-indeksom\/","title":{"rendered":"Analiza u\u010dinaka Bobath tretmana i klasi\u010dnoga fizioterapijskog tretmana u aktivnostima svakodnevnog \u017eivota kod bolesnika nakon mo\u017edanog udara Barthelovim indeksom"},"content":{"rendered":"<p><\/p>\n<p style=\"text-align: center;\"><strong>Analiza u\u010dinaka Bobath tretmana i klasi\u010dnoga fizioterapijskog tretmana u aktivnostima svakodnevnog \u017eivota kod bolesnika nakon mo\u017edanog udara Barthelovim indeksom<\/strong><\/p>\n<p style=\"text-align: left;\">Prethodno priop\u0107enje<br \/>\n<a class=\"normal\" href=\"https:\/\/doi.org\/10.24141\/1\/3\/1\/5\" rel=\"nofollow\">https:\/\/doi.org\/10.24141\/1\/3\/1\/5<\/a><\/p>\n<p style=\"text-align: left;\"><strong>Martina Cipan<\/strong>\u00a0; Zdravstveno veleu\u010dili\u0161te Zagreb, Hrvatska<br \/>\n<strong>Gordana Grozdek \u010cov\u010di\u0107<\/strong>\u00a0; Zdravstveno veleu\u010dili\u0161te Zagreb, Hrvatska<br \/>\n<strong>Mirjana Telebuh<\/strong>\u00a0; Zdravstveno veleu\u010dili\u0161te Zagreb, Hrvatska<\/p>\n<p style=\"text-align: left;\"><a title=\"Analiza u\u010dinaka Bobath tretmana i klasi\u010dnoga fizioterapijskog tretmana u aktivnostima svakodnevnog \u017eivota kod bolesnika nakon mo\u017edanog udara\" href=\"http:\/\/jahs.eu\/wp-content\/uploads\/2017\/06\/jahs5-045-050.pdf\" target=\"_blank\"> Puni tekst: hrvatski, <strong>pdf<\/strong> (131 KB) <\/a><\/p>\n<p class=\"al-j\"><strong>Sa\u017eetak<\/strong><br \/>\nUvod:<br \/>\nMo\u017edani je udar me\u0111u vode\u0107im uzrocima smrtnosti i invalidnosti u svijetu, a prvi je uzrok invalidnosti u Republici Hrvatskoj. Kao posljedica mo\u017edanog udara nastaje razli\u010diti stupanj tjelesnog, kognitivnog i psihosocijalnog poreme\u0107aja. Bolesnicima je najte\u017ea posljedica nakon mo\u017edanog udara gubitak sposobnosti obavljanja aktivnosti svakodnevnog \u017eivota i ovisnost o tu\u0111oj pomo\u0107i. Oporavak bolesnika ovisi o vrsti mo\u017edanog udara, mjestu zahva\u0107enosti te te\u017eini onesposobljenosti, potpori obitelji i odr\u017eavanju postoje\u0107eg stanja. Primarni je cilj neurorehabilitacije funkcionalni napredak kroz maksimalno mogu\u0107e vra\u0107anje neovisnosti \u017eivotnog funkcioniranja. Za \u0161to uspje\u0161niju rehabilitaciju nu\u017eno je aktivno sudjelovanje obitelji bolesnika, specifi\u010dna edukacija osoblja te rani po\u010detak rehabilitacije.<\/p>\n<p>Cilj:<br \/>\nCilj provedenog istra\u017eivanja bio je ispitati u\u010dinkovitost Bobath tretmana i klasi\u010dnog fizioterapijskog tretmana na obavljanje aktivnosti svakodnevnog \u017eivota kod bolesnika nakon mo\u017edanog udara.<\/p>\n<p>Materijali i metode:<br \/>\nU istra\u017eivanje je uklju\u010deno 30 ispitanika koji su podijeljeni unutar dvije eksperimentalne skupine. Osnovni kriterij za odabir ispitanika bila je prisutnost mo\u017edanog udara. Prva eksperimentalna skupina E1 tretirana je klasi\u010dnim fizioterapijskim tretmanom, dok je druga eksperimentalna skupina E2 tretirana Bobath tretmanom. Obje skupine bile su tretirane kroz 15 dana, unutar tri tjedna, a tretman je trajao 45 minuta dnevno. Procjena aktivnosti svakodnevnog \u017eivota mjerena je standardiziranim Barthelovim indeksom, a provedena je na po\u010detku i na kraju tretmana.<\/p>\n<p>Rezultati:<br \/>\nIstra\u017eivanje je pokazalo kako u\u010dinci klasi\u010dnog fizioterapijskog tretmana i Bobath tretmana nisu statisti\u010dki zna\u010dajni. Prema dobivenim rezultatima Barthel indeksa vidljivo je da Bobath tretman ima ve\u0107i u\u010dinak na pobolj\u0161anje obavljanja aktivnosti svakodnevnog \u017eivota kod bolesnika nakon mo\u017edanog udara za razliku od klasi\u010dnog fizioterapijskog tretmana, no statisti\u010dki to nije potvr\u0111eno.<\/p>\n<p>Zaklju\u010dak:<br \/>\nRezultati izme\u0111u inicijalnih i zavr\u0161nih mjerenja u obje skupine ispitanika nisu pokazali statisti\u010dki zna\u010dajne u\u010dinke u obavljanju aktivnosti svakodnevnog \u017eivota, iako rezultati ukazuju na pozitivnu tendenciju obje skupine u samostalnosti obavljanja aktivnosti svakodnevnog \u017eivota, posebno u drugoj skupini ispitanika.<\/p>\n<p><strong>Klju\u010dne rije\u010di<\/strong><br \/>\n<a class=\"normal\" href=\"https:\/\/hrcak.srce.hr\/search\/?stype=2&amp;c%5B0%5D=article_keywords&amp;r=10&amp;t%5B0%5D=mo%C5%BEdani%20udar\">mo\u017edani udar<\/a>; <a class=\"normal\" href=\"https:\/\/hrcak.srce.hr\/search\/?stype=2&amp;c%5B0%5D=article_keywords&amp;r=10&amp;t%5B0%5D=aktivnosti%20svakodnevnog%20%C5%BEivota\">aktivnosti svakodnevnog \u017eivota<\/a>; <a class=\"normal\" href=\"https:\/\/hrcak.srce.hr\/search\/?stype=2&amp;c%5B0%5D=article_keywords&amp;r=10&amp;t%5B0%5D=neurorehabilitacija\">neurorehabilitacija<\/a>; <a class=\"normal\" href=\"https:\/\/hrcak.srce.hr\/search\/?stype=2&amp;c%5B0%5D=article_keywords&amp;r=10&amp;t%5B0%5D=Barthelov%20indeks\">Barthelov indeks<\/a><\/p>","protected":false},"excerpt":{"rendered":"<p>Analiza u\u010dinaka Bobath tretmana i klasi\u010dnoga fizioterapijskog tretmana u aktivnostima svakodnevnog \u017eivota kod bolesnika nakon mo\u017edanog udara Barthelovim indeksom Prethodno priop\u0107enje https:\/\/doi.org\/10.24141\/1\/3\/1\/5 Martina Cipan\u00a0; Zdravstveno veleu\u010dili\u0161te Zagreb, Hrvatska Gordana Grozdek \u010cov\u010di\u0107\u00a0; Zdravstveno veleu\u010dili\u0161te Zagreb, Hrvatska Mirjana Telebuh\u00a0; Zdravstveno veleu\u010dili\u0161te Zagreb, Hrvatska Puni tekst: hrvatski, pdf (131 KB) Sa\u017eetak Uvod: Mo\u017edani je udar me\u0111u vode\u0107im uzrocima [&hellip;]<\/p>\n","protected":false},"author":1,"featured_media":0,"parent":288,"menu_order":0,"comment_status":"closed","ping_status":"closed","template":"","meta":{"footnotes":""},"class_list":["post-642","page","type-page","status-publish","hentry"],"_links":{"self":[{"href":"https:\/\/jahs.eu\/hr\/wp-json\/wp\/v2\/pages\/642","targetHints":{"allow":["GET"]}}],"collection":[{"href":"https:\/\/jahs.eu\/hr\/wp-json\/wp\/v2\/pages"}],"about":[{"href":"https:\/\/jahs.eu\/hr\/wp-json\/wp\/v2\/types\/page"}],"author":[{"embeddable":true,"href":"https:\/\/jahs.eu\/hr\/wp-json\/wp\/v2\/users\/1"}],"replies":[{"embeddable":true,"href":"https:\/\/jahs.eu\/hr\/wp-json\/wp\/v2\/comments?post=642"}],"version-history":[{"count":1,"href":"https:\/\/jahs.eu\/hr\/wp-json\/wp\/v2\/pages\/642\/revisions"}],"predecessor-version":[{"id":643,"href":"https:\/\/jahs.eu\/hr\/wp-json\/wp\/v2\/pages\/642\/revisions\/643"}],"up":[{"embeddable":true,"href":"https:\/\/jahs.eu\/hr\/wp-json\/wp\/v2\/pages\/288"}],"wp:attachment":[{"href":"https:\/\/jahs.eu\/hr\/wp-json\/wp\/v2\/media?parent=642"}],"curies":[{"name":"wp","href":"https:\/\/api.w.org\/{rel}","templated":true}]}}