{"id":648,"date":"2019-03-13T12:54:32","date_gmt":"2019-03-13T11:54:32","guid":{"rendered":"http:\/\/jahs.eu\/?page_id=648"},"modified":"2019-03-13T12:54:32","modified_gmt":"2019-03-13T11:54:32","slug":"promocija-mentalnog-zdravlja-i-prevencija-mentalnih-poremecaja-kod-djece-i-adolescenata-sistematican-pregled-literature","status":"publish","type":"page","link":"https:\/\/jahs.eu\/hr\/volume-3-number-1-june-2017\/promocija-mentalnog-zdravlja-i-prevencija-mentalnih-poremecaja-kod-djece-i-adolescenata-sistematican-pregled-literature\/","title":{"rendered":"Promocija mentalnog zdravlja i prevencija mentalnih poreme\u0107aja kod djece i adolescenata \u2013 sistemati\u010dan pregled literature"},"content":{"rendered":"<p><\/p>\n<p style=\"text-align: center;\"><strong>Promocija mentalnog zdravlja i prevencija mentalnih poreme\u0107aja kod djece i adolescenata \u2013 sistemati\u010dan pregled literature<\/strong><\/p>\n<p style=\"text-align: left;\">Pregledni rad<br \/>\n<a class=\"normal\" href=\"https:\/\/doi.org\/10.24141\/1\/3\/1\/7\" rel=\"nofollow\">https:\/\/doi.org\/10.24141\/1\/3\/1\/7<\/a><\/p>\n<p style=\"text-align: left;\"><strong>Sanja Ledinski Fi\u010dko<\/strong>\u00a0; Katedra za zdravstvenu njegu, Zdravstveno veleu\u010dili\u0161te Zagreb, Hrvatska<br \/>\n<strong>Snje\u017eana \u010cukljek<\/strong>\u00a0; Katedra za zdravstvenu njegu, Zdravstveno veleu\u010dili\u0161te Zagreb, Hrvatska<br \/>\n<strong>Martina Smrekar<\/strong>\u00a0; Katedra za zdravstvenu njegu, Zdravstveno veleu\u010dili\u0161te Zagreb, Hrvatska<br \/>\n<strong>Ana Marija Ho\u0161njak<\/strong>\u00a0; Katedra za zdravstvenu njegu, Zdravstveno veleu\u010dili\u0161te Zagreb, Hrvatska<\/p>\n<p style=\"text-align: left;\"><a title=\"Promocija mentalnog zdravlja i prevencija mentalnih poreme\u0107aja kod djece i adolescenata \u2013 sistemati\u010dan pregled literature\" href=\"http:\/\/jahs.eu\/wp-content\/uploads\/2017\/06\/jahs5-061-072.pdf\" target=\"_blank\"> Puni tekst: hrvatski, <strong>pdf<\/strong> (231 KB) <\/a><\/p>\n<p class=\"al-j\"><strong>Sa\u017eetak<\/strong><br \/>\nCilj: Pojavnost mentalnih poreme\u0107aja u porastu je kod djece i adolescenata te predstavlja velik izazov za javnozdravstvenu za\u0161titu. Poreme\u0107aji su mentalnog zdravlja brojni te obuhva\u0107aju pojavu depresije, intelektualnih pote\u0161ko\u0107a, rizi\u010dnog pona\u0161anja i dr., a prema zadnjim podatcima 10 do 20% djece i adolescenata ima neku vrstu mentalnog poreme\u0107aja. Cilj je rada pregledom dostupne znanstvene literature prou\u010diti metode promocije mentalnog zdravlja kod djece i adolescenata.<\/p>\n<p>Metode: Sistemati\u010dan pregled literature temelji se na pregledu dostupnih znanstvenih radova. Radovi koji su u\u0161li u zadnju fazu obrade objavljeni su kao sistemati\u010dan pregled literature i istra\u017eiva\u010dki rad, izvedeni su iz baze podataka MEDLINE te su pisani na engleskom jeziku.<\/p>\n<p>Rezultati: Brojni nacionalni programi provode se u cilju promocije mentalnog zdravlja djece i adolescenata, no bez obzira na implementaciju programa u sustav, i dalje je visoka pojavnost mentalnih poreme\u0107aja u toj dobi. Va\u017eno je poja\u010dati suradnju primarne zdravstvene za\u0161tite i specijalista te usmjeriti specifi\u010dne intervencije s obzirom na rizi\u010dne faktore koji se javljaju.<\/p>\n<p>Zaklju\u010dak: Promocija mentalnog zdravlja djece i adolescenata osigurava adekvatan rast i razvoj te stvara temelj budu\u0107ih generacija. Programi prevencije moraju se provoditi sustavno, dosljedno i moraju osiguravati holisti\u010dki pristup. S obzirom na sve ve\u0107u pojavnost mentalnih poreme\u0107aja u djece i adolescenata, va\u017ena je kako njihova edukacija tako i edukacija roditelja. Unaprijed izra\u0111eni planovi prevencije omogu\u0107uje direktno djelovanje na rizi\u010dne \u010dimbenike.<\/p>\n<p><strong>Klju\u010dne rije\u010di<\/strong><br \/>\n<a class=\"normal\" href=\"https:\/\/hrcak.srce.hr\/search\/?stype=2&amp;c%5B0%5D=article_keywords&amp;r=10&amp;t%5B0%5D=mentalno%20zdravlje\">mentalno zdravlje<\/a>; <a class=\"normal\" href=\"https:\/\/hrcak.srce.hr\/search\/?stype=2&amp;c%5B0%5D=article_keywords&amp;r=10&amp;t%5B0%5D=prevencija\">prevencija<\/a>; <a class=\"normal\" href=\"https:\/\/hrcak.srce.hr\/search\/?stype=2&amp;c%5B0%5D=article_keywords&amp;r=10&amp;t%5B0%5D=promocija\">promocija<\/a>; <a class=\"normal\" href=\"https:\/\/hrcak.srce.hr\/search\/?stype=2&amp;c%5B0%5D=article_keywords&amp;r=10&amp;t%5B0%5D=djeca%20i%20adolescenti\">djeca i adolescenti<\/a>; <a class=\"normal\" href=\"https:\/\/hrcak.srce.hr\/search\/?stype=2&amp;c%5B0%5D=article_keywords&amp;r=10&amp;t%5B0%5D=rizi%C4%8Dni%20faktori\">rizi\u010dni faktori<\/a><\/p>","protected":false},"excerpt":{"rendered":"<p>Promocija mentalnog zdravlja i prevencija mentalnih poreme\u0107aja kod djece i adolescenata \u2013 sistemati\u010dan pregled literature Pregledni rad https:\/\/doi.org\/10.24141\/1\/3\/1\/7 Sanja Ledinski Fi\u010dko\u00a0; Katedra za zdravstvenu njegu, Zdravstveno veleu\u010dili\u0161te Zagreb, Hrvatska Snje\u017eana \u010cukljek\u00a0; Katedra za zdravstvenu njegu, Zdravstveno veleu\u010dili\u0161te Zagreb, Hrvatska Martina Smrekar\u00a0; Katedra za zdravstvenu njegu, Zdravstveno veleu\u010dili\u0161te Zagreb, Hrvatska Ana Marija Ho\u0161njak\u00a0; Katedra za zdravstvenu [&hellip;]<\/p>\n","protected":false},"author":1,"featured_media":0,"parent":288,"menu_order":0,"comment_status":"closed","ping_status":"closed","template":"","meta":{"footnotes":""},"class_list":["post-648","page","type-page","status-publish","hentry"],"_links":{"self":[{"href":"https:\/\/jahs.eu\/hr\/wp-json\/wp\/v2\/pages\/648","targetHints":{"allow":["GET"]}}],"collection":[{"href":"https:\/\/jahs.eu\/hr\/wp-json\/wp\/v2\/pages"}],"about":[{"href":"https:\/\/jahs.eu\/hr\/wp-json\/wp\/v2\/types\/page"}],"author":[{"embeddable":true,"href":"https:\/\/jahs.eu\/hr\/wp-json\/wp\/v2\/users\/1"}],"replies":[{"embeddable":true,"href":"https:\/\/jahs.eu\/hr\/wp-json\/wp\/v2\/comments?post=648"}],"version-history":[{"count":1,"href":"https:\/\/jahs.eu\/hr\/wp-json\/wp\/v2\/pages\/648\/revisions"}],"predecessor-version":[{"id":649,"href":"https:\/\/jahs.eu\/hr\/wp-json\/wp\/v2\/pages\/648\/revisions\/649"}],"up":[{"embeddable":true,"href":"https:\/\/jahs.eu\/hr\/wp-json\/wp\/v2\/pages\/288"}],"wp:attachment":[{"href":"https:\/\/jahs.eu\/hr\/wp-json\/wp\/v2\/media?parent=648"}],"curies":[{"name":"wp","href":"https:\/\/api.w.org\/{rel}","templated":true}]}}