{"id":651,"date":"2019-03-13T12:56:46","date_gmt":"2019-03-13T11:56:46","guid":{"rendered":"http:\/\/jahs.eu\/?page_id=651"},"modified":"2019-03-13T12:56:46","modified_gmt":"2019-03-13T11:56:46","slug":"procjena-rizika-od-pada-pregled-skala-za-evaluaciju-rizika","status":"publish","type":"page","link":"https:\/\/jahs.eu\/hr\/volume-3-number-1-june-2017\/procjena-rizika-od-pada-pregled-skala-za-evaluaciju-rizika\/","title":{"rendered":"Procjena rizika od pada: pregled skala za evaluaciju rizika"},"content":{"rendered":"<p><\/p>\n<p style=\"text-align: center;\"><strong>Procjena rizika od pada: pregled skala za evaluaciju rizika<\/strong><\/p>\n<p style=\"text-align: left;\">Pregledni rad<br \/>\n<a class=\"normal\" href=\"https:\/\/doi.org\/10.24141\/1\/3\/1\/8\" rel=\"nofollow\">https:\/\/doi.org\/10.24141\/1\/3\/1\/8<\/a><\/p>\n<p style=\"text-align: left;\"><strong>Roberto Licul<\/strong>\u00a0; Op\u0107a bolnica Pula, Hrvatska<br \/>\n<strong>Tatjana Matteoni<\/strong>\u00a0; Op\u0107a bolnica Pula, Hrvatska<br \/>\n<strong>Martina Mo\u010deni\u0107<\/strong>\u00a0; Op\u0107a bolnica Pula, Hrvatska<\/p>\n<p style=\"text-align: left;\"><a title=\"Procjena rizika od pada: pregled skala za evaluaciju rizika\" href=\"http:\/\/jahs.eu\/wp-content\/uploads\/2017\/06\/jahs5-073-078.pdf\" target=\"_blank\"> Puni tekst: hrvatski, <strong>pdf<\/strong> (330 KB) <\/a><\/p>\n<p class=\"al-j\"><strong>Sa\u017eetak<\/strong><br \/>\nPad pacijenta u bolni\u010dkoj ustanovi spada u ne\u017eeljene doga\u0111aje u zdravstvenoj ustanovi te je jedan od pokazatelja sigurnosti pacijenta i indikator kvalitete u sustavu akreditacije. Otprilike tre\u0107ina padova uzrokuje neki oblik ozljede pacijenta te direktno pridonosi smanjenju kvalitete zdravstvene skrbi uz razli\u010dite psihofizi\u010dke pote\u0161ko\u0107e. Stoga je nu\u017enost prevencije pada pacijenata va\u017ena du\u017enost svih zdravstvenih djelatnika, a posebno medicinskih sestara i tehni\u010dara. Jedan od alata za pomo\u0107 pri procjeni rizika od pada jesu standardizirane skale koje se primjenjuju u tu svrhu. U ovom radu prikazane su \u010detiri razli\u010dite ljestvice: Morseova skala, skala STRATIFY, skala Hendrich II. te skala koju je osmislilo osoblje baltimorske bolnice Johns Hopkins. Svaka od njih ima odre\u0111ene prednosti i nedostatke, a po\u017eeljno je da im je osjetljivost i specifi\u010dnost \u0161to ve\u0107a. Idealna skala trebala bi biti jednostavna za upotrebu, precizna, ne iziskivati previ\u0161e vremena za ispunjavanje te biti lako uklopiva u klini\u010dku praksu bez dodatnog optere\u0107ivanja. Rezultat skale jest numeri\u010dka vrijednost kojom se kod pacijenta procjenjuje rizik od pada (nizak, srednji, visok&#8230;) te se u skladu s time provode odgovaraju\u0107e preventivne mjere.<\/p>\n<p><strong>Klju\u010dne rije\u010di<\/strong><br \/>\n<a class=\"normal\" href=\"https:\/\/hrcak.srce.hr\/search\/?stype=2&amp;c%5B0%5D=article_keywords&amp;r=10&amp;t%5B0%5D=sigurnost%20pacijenta\">sigurnost pacijenta<\/a>; <a class=\"normal\" href=\"https:\/\/hrcak.srce.hr\/search\/?stype=2&amp;c%5B0%5D=article_keywords&amp;r=10&amp;t%5B0%5D=procjena%20rizika\">procjena rizika<\/a>; <a class=\"normal\" href=\"https:\/\/hrcak.srce.hr\/search\/?stype=2&amp;c%5B0%5D=article_keywords&amp;r=10&amp;t%5B0%5D=pad%20u%20bolni%C4%8Dkoj%20ustanovi\">pad u bolni\u010dkoj ustanovi<\/a>; <a class=\"normal\" href=\"https:\/\/hrcak.srce.hr\/search\/?stype=2&amp;c%5B0%5D=article_keywords&amp;r=10&amp;t%5B0%5D=kvaliteta%20u%20zdravstvenoj%20njezi\">kvaliteta u zdravstvenoj njezi<\/a><\/p>","protected":false},"excerpt":{"rendered":"<p>Procjena rizika od pada: pregled skala za evaluaciju rizika Pregledni rad https:\/\/doi.org\/10.24141\/1\/3\/1\/8 Roberto Licul\u00a0; Op\u0107a bolnica Pula, Hrvatska Tatjana Matteoni\u00a0; Op\u0107a bolnica Pula, Hrvatska Martina Mo\u010deni\u0107\u00a0; Op\u0107a bolnica Pula, Hrvatska Puni tekst: hrvatski, pdf (330 KB) Sa\u017eetak Pad pacijenta u bolni\u010dkoj ustanovi spada u ne\u017eeljene doga\u0111aje u zdravstvenoj ustanovi te je jedan od pokazatelja sigurnosti [&hellip;]<\/p>\n","protected":false},"author":1,"featured_media":0,"parent":288,"menu_order":0,"comment_status":"closed","ping_status":"closed","template":"","meta":{"footnotes":""},"class_list":["post-651","page","type-page","status-publish","hentry"],"_links":{"self":[{"href":"https:\/\/jahs.eu\/hr\/wp-json\/wp\/v2\/pages\/651","targetHints":{"allow":["GET"]}}],"collection":[{"href":"https:\/\/jahs.eu\/hr\/wp-json\/wp\/v2\/pages"}],"about":[{"href":"https:\/\/jahs.eu\/hr\/wp-json\/wp\/v2\/types\/page"}],"author":[{"embeddable":true,"href":"https:\/\/jahs.eu\/hr\/wp-json\/wp\/v2\/users\/1"}],"replies":[{"embeddable":true,"href":"https:\/\/jahs.eu\/hr\/wp-json\/wp\/v2\/comments?post=651"}],"version-history":[{"count":1,"href":"https:\/\/jahs.eu\/hr\/wp-json\/wp\/v2\/pages\/651\/revisions"}],"predecessor-version":[{"id":652,"href":"https:\/\/jahs.eu\/hr\/wp-json\/wp\/v2\/pages\/651\/revisions\/652"}],"up":[{"embeddable":true,"href":"https:\/\/jahs.eu\/hr\/wp-json\/wp\/v2\/pages\/288"}],"wp:attachment":[{"href":"https:\/\/jahs.eu\/hr\/wp-json\/wp\/v2\/media?parent=651"}],"curies":[{"name":"wp","href":"https:\/\/api.w.org\/{rel}","templated":true}]}}