{"id":654,"date":"2019-03-13T12:59:08","date_gmt":"2019-03-13T11:59:08","guid":{"rendered":"http:\/\/jahs.eu\/?page_id=654"},"modified":"2019-03-13T12:59:08","modified_gmt":"2019-03-13T11:59:08","slug":"usporedba-dviju-fizioterapijskih-metoda-kod-nespecificne-boli-u-vratu","status":"publish","type":"page","link":"https:\/\/jahs.eu\/hr\/volume-3-number-1-june-2017\/usporedba-dviju-fizioterapijskih-metoda-kod-nespecificne-boli-u-vratu\/","title":{"rendered":"Usporedba dviju fizioterapijskih metoda kod nespecifi\u010dne boli u vratu"},"content":{"rendered":"<p><\/p>\n<p style=\"text-align: center;\"><strong>Usporedba dviju fizioterapijskih metoda kod nespecifi\u010dne boli u vratu<\/strong><\/p>\n<p style=\"text-align: left;\">Pregledni rad<br \/>\n<a class=\"normal\" href=\"https:\/\/doi.org\/10.24141\/1\/3\/1\/9\" rel=\"nofollow\">https:\/\/doi.org\/10.24141\/1\/3\/1\/9<\/a><\/p>\n<p style=\"text-align: left;\"><strong>Tomislav Rumbak<\/strong>; Specijalna bolnica za medicinsku rehabilitaciju Krapinske toplice, Hrvatska<br \/>\n<strong>Olivera Petrak<\/strong>; Katedra za zdravstvenu psihologiju, Zdravstveno veleu\u010dili\u0161te Zagreb, Hrvatska<\/p>\n<p style=\"text-align: left;\"><a title=\"Usporedba dviju fizioterapijskih metoda kod nespecifi\u010dne boli u vratu\" href=\"http:\/\/jahs.eu\/wp-content\/uploads\/2017\/06\/jahs5-079-088.pdf\" target=\"_blank\"> Puni tekst: hrvatski, <strong>pdf<\/strong> (232 KB) <\/a><\/p>\n<p class=\"al-j\"><strong>Sa\u017eetak<\/strong><br \/>\nBol u vratu jedna je od naj\u010de\u0161\u0107ih bolnih senzacija uzrokovana dugotrajnim zadr\u017eavanjem glave u jednom polo\u017eaju, dugotrajnom stereotipnom aktivno\u0161\u0107u ruku ispred tijela, sve manjom zastupljeno\u0161\u0107u dinami\u010dkih aktivnosti te stresom. Bol je popra\u0107ena smanjenom pokretljivo\u0161\u0107u vrata te pote\u0161ko\u0107ama s ravnote\u017eom, poglavito u kroni\u010dnom stanju. Iako postoje brojne metode kojima se tretira nespecifi\u010dna bol u vratu, nisu popra\u0107ene zadovoljavaju\u0107im brojem istra\u017eivanja o djelotvornosti.<\/p>\n<p>Cilj je rada utvrditi djelotvornost dvaju razli\u010ditih fizioterapijskih pristupa u smanjenju boli, pove\u0107anju sagitalnog, frontalnog i transverzalnog indeksa gibljivosti te pobolj\u0161anju ravnote\u017ee osoba s nespecifi\u010dnom boli u vratu.<\/p>\n<p>Istra\u017eivanje je provedeno u Specijalnoj bolnici za medicinsku rehabilitaciju Krapinske Toplice, a sudjelovalo je 30 pacijenata, pri \u010demu su polovicu tretirali fizioterapeuti kroz metode manipulacije mekog tkiva, trakciju i mobilizaciju glave (relaksacijska skupina), dok je druga skupina od petnaest sudionika educirana za izvo\u0111enje stati\u010dkih vje\u017ebi snage i vje\u017ebi disanja u svrhu relaksacije (izometri\u010dka skupina). Promatrane varijable, opseg pokreta, bol i balans, mjerene su prije i nakon terapije u trajanju od 15 dana. Uzorak je sastavljen od 80 % \u017eena i 20 % mu\u0161karaca, prosje\u010dna je starost u izometri\u010dkoj skupini 55,6 godina, a u relaksacijskoj skupini 52,4 godina. Nema zna\u010dajne razlike me\u0111u skupinama po dobi, spolu, kao ni po promatranim kriterijima.<\/p>\n<p>Prije terapije prisutna je jaka bol, pokretljivost vrata je ograni\u010dena, a odr\u017eavanje ravnote\u017ee na jednoj nozi kratkotrajno, pri \u010demu ne postoji zna\u010dajna razlika me\u0111u skupinama. Rezultati nakon terapije pokazuju pozitivne pomake, uz velik glavni efekt: obje metode znatno djeluju na smanjenje boli, pove\u0107anje gibljivosti u sve tri promatrane ravnine te rezultatima na testu ravnote\u017ee na klupici i testu \u201eustani i kreni\u201d. Me\u0111u skupinama nema znatne interakcije ni za jedan promatrani kriterij.<\/p>\n<p>Zna\u010dajne razlike u djelotvornosti dviju terapija dobivene su za frontalnu gibljivost te za ravnote\u017eu na desnoj nozi, gdje izometri\u010dka skupina pokazuje znatno ve\u0107i napredak. Obje terapijske metode ubla\u017eile su tegobe i pobolj\u0161ale stanje pacijenata s nespecifi\u010dnom boli u vratu, a postoje sporadi\u010dni pokazatelji o ve\u0107oj djelotvornosti stati\u010dkih vje\u017ebi snage i vje\u017ebi disanja.<\/p>\n<p><strong>Klju\u010dne rije\u010di<\/strong><br \/>\n<a class=\"normal\" href=\"https:\/\/hrcak.srce.hr\/search\/?stype=2&amp;c%5B0%5D=article_keywords&amp;r=10&amp;t%5B0%5D=nespecifi%C4%8Dna%20bol%20u%20vratu\">nespecifi\u010dna bol u vratu<\/a>; <a class=\"normal\" href=\"https:\/\/hrcak.srce.hr\/search\/?stype=2&amp;c%5B0%5D=article_keywords&amp;r=10&amp;t%5B0%5D=pokretljivost%20vrata\">pokretljivost vrata<\/a>; <a class=\"normal\" href=\"https:\/\/hrcak.srce.hr\/search\/?stype=2&amp;c%5B0%5D=article_keywords&amp;r=10&amp;t%5B0%5D=manipulacija%20i%20mobilizacija%20vrata\">manipulacija i mobilizacija vrata<\/a>; <a class=\"normal\" href=\"https:\/\/hrcak.srce.hr\/search\/?stype=2&amp;c%5B0%5D=article_keywords&amp;r=10&amp;t%5B0%5D=izometri%C4%8Dke%20vje%C5%BEbe%20za%20vrat\">izometri\u010dke vje\u017ebe za vrat<\/a><\/p>","protected":false},"excerpt":{"rendered":"<p>Usporedba dviju fizioterapijskih metoda kod nespecifi\u010dne boli u vratu Pregledni rad https:\/\/doi.org\/10.24141\/1\/3\/1\/9 Tomislav Rumbak; Specijalna bolnica za medicinsku rehabilitaciju Krapinske toplice, Hrvatska Olivera Petrak; Katedra za zdravstvenu psihologiju, Zdravstveno veleu\u010dili\u0161te Zagreb, Hrvatska Puni tekst: hrvatski, pdf (232 KB) Sa\u017eetak Bol u vratu jedna je od naj\u010de\u0161\u0107ih bolnih senzacija uzrokovana dugotrajnim zadr\u017eavanjem glave u jednom polo\u017eaju, [&hellip;]<\/p>\n","protected":false},"author":1,"featured_media":0,"parent":288,"menu_order":0,"comment_status":"closed","ping_status":"closed","template":"","meta":{"footnotes":""},"class_list":["post-654","page","type-page","status-publish","hentry"],"_links":{"self":[{"href":"https:\/\/jahs.eu\/hr\/wp-json\/wp\/v2\/pages\/654","targetHints":{"allow":["GET"]}}],"collection":[{"href":"https:\/\/jahs.eu\/hr\/wp-json\/wp\/v2\/pages"}],"about":[{"href":"https:\/\/jahs.eu\/hr\/wp-json\/wp\/v2\/types\/page"}],"author":[{"embeddable":true,"href":"https:\/\/jahs.eu\/hr\/wp-json\/wp\/v2\/users\/1"}],"replies":[{"embeddable":true,"href":"https:\/\/jahs.eu\/hr\/wp-json\/wp\/v2\/comments?post=654"}],"version-history":[{"count":1,"href":"https:\/\/jahs.eu\/hr\/wp-json\/wp\/v2\/pages\/654\/revisions"}],"predecessor-version":[{"id":655,"href":"https:\/\/jahs.eu\/hr\/wp-json\/wp\/v2\/pages\/654\/revisions\/655"}],"up":[{"embeddable":true,"href":"https:\/\/jahs.eu\/hr\/wp-json\/wp\/v2\/pages\/288"}],"wp:attachment":[{"href":"https:\/\/jahs.eu\/hr\/wp-json\/wp\/v2\/media?parent=654"}],"curies":[{"name":"wp","href":"https:\/\/api.w.org\/{rel}","templated":true}]}}