{"id":657,"date":"2019-03-13T13:00:48","date_gmt":"2019-03-13T12:00:48","guid":{"rendered":"http:\/\/jahs.eu\/?page_id=657"},"modified":"2019-03-13T13:00:48","modified_gmt":"2019-03-13T12:00:48","slug":"prijateljstvo-kao-vrlina-u-praksi-medicinske-sestre-u-odnosu-na-aristotelovu-etiku","status":"publish","type":"page","link":"https:\/\/jahs.eu\/hr\/volume-3-number-1-june-2017\/prijateljstvo-kao-vrlina-u-praksi-medicinske-sestre-u-odnosu-na-aristotelovu-etiku\/","title":{"rendered":"Prijateljstvo kao vrlina u praksi medicinske sestre u odnosu na Aristotelovu etiku"},"content":{"rendered":"<p><\/p>\n<p style=\"text-align: center;\"><strong>Prijateljstvo kao vrlina u praksi medicinske sestre u odnosu na Aristotelovu etiku<\/strong><\/p>\n<p style=\"text-align: left;\">Stru\u010dni rad<br \/>\n<a class=\"normal\" href=\"https:\/\/doi.org\/10.24141\/1\/3\/1\/10\" rel=\"nofollow\">https:\/\/doi.org\/10.24141\/1\/3\/1\/10<\/a><\/p>\n<p style=\"text-align: left;\"><strong>Marija Brdarevi\u0107<\/strong>\u00a0; Zdravstveno veleu\u010dili\u0161te Zagreb, Hrvatska<br \/>\n<strong>Zrinka Pranji\u0107 Kozlek<\/strong>\u00a0; Zdravstveno veleu\u010dili\u0161te Zagreb, Hrvatska<\/p>\n<p style=\"text-align: left;\"><a title=\"Prijateljstvo kao vrlina u praksi medicinske sestre u odnosu na Aristotelovu etiku\" href=\"http:\/\/jahs.eu\/wp-content\/uploads\/2017\/06\/jahs5-089-098.pdf\" target=\"_blank\"> Puni tekst: hrvatski, <strong>pdf<\/strong> (228 KB) <\/a><\/p>\n<p class=\"al-j\"><strong>Sa\u017eetak<\/strong><br \/>\nGlavno je obilje\u017eje iskrenog i zrelog prijateljstva zajedni\u0161tvo. Iako je jo\u0161 Aristotel rekao da nitko ne bi odabrao \u017eivot bez prijatelja iz brojnih razloga, danas ta tvrdnja nije ni\u0161ta manje istinita. U procesu humaniziranja medicine ja\u010danje prijateljstva kao vrline nasuprot jakom prodoru tehnologije poticajni je oblik razvoja vlastite osobnosti. Osim kompetencija znanja i vje\u0161tina struke, medicinska je sestra kvalitetni procjenitelj procesa zdravstvene njege, edukator, provoditelj istra\u017eivanja i uspje\u0161ni komunikator. Uspjeh ne ovisi samo o tehni\u010dkom napretku struke nego i o zajedni\u010dkom cilju svih zdravstvenih profesija, a to je ozdravljenje bolesnika. Opseg djelovanja svih \u010dlanova tima ovisi o ostvarivanju temeljnih moralnih vrednota kao \u0161to su: pravednost, istina, \u010dasnost, mudrost, ljubav, strpljivost, skromnost, bri\u017enost, suosje\u0107ajnost, ljudska toplina i prijateljstvo. Prema Aristotelu, fenomeni i zna\u010dajke prijateljstva kao \u0161to su: dobrohotnost, uzajamnost, stalnost ili vjernost, jakost i zajedni\u0161tvo \u017eele potaknuti svaku osobu na po\u0161tivanje vrijednosti drugih osoba. Promi\u0161ljanja u tekstu koji slijedi prikazat \u0107e kratki \u017eivotni put Aristotela, gdje je zna\u010dajno da je uvijek bio vo\u0111en te\u017enjom za znanjem. Sadr\u017eaj njegovih spisa dokaz je enciklopedijskog znanja i velike svestranosti. Sredi\u0161nji dio teksta prikazat \u0107e neke filozofe koji su se bavili tom temom u svrhu isticanja i pribli\u017eavanja vrijednosti prijateljstva. Glavna analiza me\u0111uljudskih odnosa iznjedrena je iz VIII. i IX. knjige Aristotelove Nikomahove etike. U ovom radu ona ima zadatak humanizacije sestrinstva. Zaklju\u010dak bi trebao opravdati hipotezu: ako je \u010dovjek (medicinska sestra) pravi prijatelj i djeluje po naravi benevolentne ljubavi, intervencija pravde nije potrebna.<\/p>\n<p><strong>Klju\u010dne rije\u010di<\/strong><br \/>\n<a class=\"normal\" href=\"https:\/\/hrcak.srce.hr\/search\/?stype=2&amp;c%5B0%5D=article_keywords&amp;r=10&amp;t%5B0%5D=prijateljstvo\">prijateljstvo<\/a>; <a class=\"normal\" href=\"https:\/\/hrcak.srce.hr\/search\/?stype=2&amp;c%5B0%5D=article_keywords&amp;r=10&amp;t%5B0%5D=profesionalni%20razvoj%20medicinskih%20sestara\">profesionalni razvoj medicinskih sestara<\/a>; <a class=\"normal\" href=\"https:\/\/hrcak.srce.hr\/search\/?stype=2&amp;c%5B0%5D=article_keywords&amp;r=10&amp;t%5B0%5D=izvrsnost\">izvrsnost<\/a>; <a class=\"normal\" href=\"https:\/\/hrcak.srce.hr\/search\/?stype=2&amp;c%5B0%5D=article_keywords&amp;r=10&amp;t%5B0%5D=bioetika%20i%20vrlina\">bioetika i vrlina<\/a><\/p>","protected":false},"excerpt":{"rendered":"<p>Prijateljstvo kao vrlina u praksi medicinske sestre u odnosu na Aristotelovu etiku Stru\u010dni rad https:\/\/doi.org\/10.24141\/1\/3\/1\/10 Marija Brdarevi\u0107\u00a0; Zdravstveno veleu\u010dili\u0161te Zagreb, Hrvatska Zrinka Pranji\u0107 Kozlek\u00a0; Zdravstveno veleu\u010dili\u0161te Zagreb, Hrvatska Puni tekst: hrvatski, pdf (228 KB) Sa\u017eetak Glavno je obilje\u017eje iskrenog i zrelog prijateljstva zajedni\u0161tvo. Iako je jo\u0161 Aristotel rekao da nitko ne bi odabrao \u017eivot bez [&hellip;]<\/p>\n","protected":false},"author":1,"featured_media":0,"parent":288,"menu_order":0,"comment_status":"closed","ping_status":"closed","template":"","meta":{"footnotes":""},"class_list":["post-657","page","type-page","status-publish","hentry"],"_links":{"self":[{"href":"https:\/\/jahs.eu\/hr\/wp-json\/wp\/v2\/pages\/657","targetHints":{"allow":["GET"]}}],"collection":[{"href":"https:\/\/jahs.eu\/hr\/wp-json\/wp\/v2\/pages"}],"about":[{"href":"https:\/\/jahs.eu\/hr\/wp-json\/wp\/v2\/types\/page"}],"author":[{"embeddable":true,"href":"https:\/\/jahs.eu\/hr\/wp-json\/wp\/v2\/users\/1"}],"replies":[{"embeddable":true,"href":"https:\/\/jahs.eu\/hr\/wp-json\/wp\/v2\/comments?post=657"}],"version-history":[{"count":1,"href":"https:\/\/jahs.eu\/hr\/wp-json\/wp\/v2\/pages\/657\/revisions"}],"predecessor-version":[{"id":658,"href":"https:\/\/jahs.eu\/hr\/wp-json\/wp\/v2\/pages\/657\/revisions\/658"}],"up":[{"embeddable":true,"href":"https:\/\/jahs.eu\/hr\/wp-json\/wp\/v2\/pages\/288"}],"wp:attachment":[{"href":"https:\/\/jahs.eu\/hr\/wp-json\/wp\/v2\/media?parent=657"}],"curies":[{"name":"wp","href":"https:\/\/api.w.org\/{rel}","templated":true}]}}