{"id":660,"date":"2019-03-13T13:03:42","date_gmt":"2019-03-13T12:03:42","guid":{"rendered":"http:\/\/jahs.eu\/?page_id=660"},"modified":"2019-03-13T13:03:42","modified_gmt":"2019-03-13T12:03:42","slug":"dekontaminacija-povrsina-u-bolnickoj-sredini-vodikovim-peroksidom-nasa-iskustva-u-kb-dubrava","status":"publish","type":"page","link":"https:\/\/jahs.eu\/hr\/volume-3-number-1-june-2017\/dekontaminacija-povrsina-u-bolnickoj-sredini-vodikovim-peroksidom-nasa-iskustva-u-kb-dubrava\/","title":{"rendered":"Dekontaminacija povr\u0161ina u bolni\u010dkoj sredini vodikovim peroksidom \u2013 na\u0161a iskustva u KB Dubrava"},"content":{"rendered":"<p><\/p>\n<p style=\"text-align: center;\"><strong>Dekontaminacija povr\u0161ina u bolni\u010dkoj sredini vodikovim peroksidom \u2013 na\u0161a iskustva u KB Dubrava<\/strong><\/p>\n<p style=\"text-align: left;\">Stru\u010dni rad<br \/>\n<a class=\"normal\" href=\"https:\/\/doi.org\/10.24141\/1\/3\/1\/11\" rel=\"nofollow\">https:\/\/doi.org\/10.24141\/1\/3\/1\/11<\/a><\/p>\n<p style=\"text-align: left;\"><strong>Dubravka Grguri\u0107<\/strong>; Klini\u010dka bolnica Dubrava, Zagreb, Hrvatska<br \/>\n<strong>Valentina Ko\u0161\u0107ak<\/strong>; Klini\u010dka bolnica Dubrava, Zagreb, Hrvatska<\/p>\n<p style=\"text-align: left;\"><a title=\"Dekontaminacija povr\u0161ina u bolni\u010dkoj sredini vodikovim peroksidom \u2013 na\u0161a iskustva u KB Dubrava\" href=\"http:\/\/jahs.eu\/wp-content\/uploads\/2017\/06\/jahs5-099-106.pdf\" target=\"_blank\"> Puni tekst: hrvatski, <strong>pdf<\/strong> (2 MB) <\/a><\/p>\n<p class=\"al-j\"><strong>Sa\u017eetak<\/strong><br \/>\nSposobnost bakterija da pre\u017eive na razli\u010ditim povr\u0161inama u bolni\u010dkoj sredini va\u017ean je \u010dimbenik njihova prijenosa s bolesnika ili zdravstvenog djelatnika u okolinu te na drugu osobu ili bolesnika. Iz navedenih su razloga temeljito \u010di\u0161\u0107enje i dezinfekcija okoline vrlo va\u017eni, budu\u0107i da kontaminirana okolina mo\u017ee slu\u017eiti kao rezervoar potencijalnih patogena. Dezinfekcija se mo\u017ee provoditi mehani\u010dki (ru\u010dno) ili aparatom. KB Dubrava posjeduje aparat za dekontaminaciju, GlosairTM 400, koji u prostor raspr\u0161uje vodikov peroksid te u odre\u0111enom kontaktnom vremenu provodi dekontaminaciju prostora i povr\u0161ina.<\/p>\n<p>Dekontaminacija prostora aparatom provodi se nakon prekida mjera izolacije u bolesni\u010dkim sobama, tj. nakon otpusta bolesnika kod kojeg je izoliran vi\u0161estruko otporni mikroorganizam. Tako\u0111er se prema indikaciji provodi dekontaminacija operacijske sale i prostora tj. bolesni\u010dke sobe nakon provo\u0111enja za\u0161titne izolacije te kod provo\u0111enja protuepidemijskih mjera u slu\u010daju pojave bolni\u010dkih epidemija. Tijekom aktivne faze dezinfekcije aparat ispu\u0161ta vodikov peroksid te u prostoru stvara maglicu koja dezinficira svu opremu i prostor. Jedan ciklus dekontaminacije traje tri sata. Nakon dezinfekcije prostor je siguran za ulazak novog bolesnika i osoblja.<\/p>\n<p>Prednosti su dekontaminacije povr\u0161ina u bolni\u010dkoj sredini aparatom koji raspr\u0161uje vodikov peroksid neo\u0161te\u0107ivanje medicinskog pribora i opreme: ne ostavlja rezidue, stoga se mo\u017ee dezinficirati i visokosofisticirana oprema. Provedena kontrola u\u010dinkovitosti vodikova peroksida na povr\u0161inama pokazuje veliku djelotvornost. Sve su povr\u0161ine sterilne u usporedbi s analiziranim nalazima obrisaka povr\u0161ina nakon mehani\u010dkog \u010di\u0161\u0107enja, gdje sporadi\u010dno zaostaje manji broj patogena. Provo\u0111enje procesa dekontaminacije prostora aparatom pokazalo se u\u010dinkovitim u kontroli i prevenciji bolni\u010dkih infekcija.<\/p>\n<p><strong>Klju\u010dne rije\u010di<\/strong><br \/>\n<a class=\"normal\" href=\"https:\/\/hrcak.srce.hr\/search\/?stype=2&amp;c%5B0%5D=article_keywords&amp;r=10&amp;t%5B0%5D=dezinfekcija\">dezinfekcija<\/a>; <a class=\"normal\" href=\"https:\/\/hrcak.srce.hr\/search\/?stype=2&amp;c%5B0%5D=article_keywords&amp;r=10&amp;t%5B0%5D=patogeni%20mikroorganizam\">patogeni mikroorganizam<\/a>; <a class=\"normal\" href=\"https:\/\/hrcak.srce.hr\/search\/?stype=2&amp;c%5B0%5D=article_keywords&amp;r=10&amp;t%5B0%5D=bolni%C4%8Dka%20okolina\">bolni\u010dka okolina<\/a><\/p>","protected":false},"excerpt":{"rendered":"<p>Dekontaminacija povr\u0161ina u bolni\u010dkoj sredini vodikovim peroksidom \u2013 na\u0161a iskustva u KB Dubrava Stru\u010dni rad https:\/\/doi.org\/10.24141\/1\/3\/1\/11 Dubravka Grguri\u0107; Klini\u010dka bolnica Dubrava, Zagreb, Hrvatska Valentina Ko\u0161\u0107ak; Klini\u010dka bolnica Dubrava, Zagreb, Hrvatska Puni tekst: hrvatski, pdf (2 MB) Sa\u017eetak Sposobnost bakterija da pre\u017eive na razli\u010ditim povr\u0161inama u bolni\u010dkoj sredini va\u017ean je \u010dimbenik njihova prijenosa s bolesnika ili [&hellip;]<\/p>\n","protected":false},"author":1,"featured_media":0,"parent":288,"menu_order":0,"comment_status":"closed","ping_status":"closed","template":"","meta":{"footnotes":""},"class_list":["post-660","page","type-page","status-publish","hentry"],"_links":{"self":[{"href":"https:\/\/jahs.eu\/hr\/wp-json\/wp\/v2\/pages\/660","targetHints":{"allow":["GET"]}}],"collection":[{"href":"https:\/\/jahs.eu\/hr\/wp-json\/wp\/v2\/pages"}],"about":[{"href":"https:\/\/jahs.eu\/hr\/wp-json\/wp\/v2\/types\/page"}],"author":[{"embeddable":true,"href":"https:\/\/jahs.eu\/hr\/wp-json\/wp\/v2\/users\/1"}],"replies":[{"embeddable":true,"href":"https:\/\/jahs.eu\/hr\/wp-json\/wp\/v2\/comments?post=660"}],"version-history":[{"count":1,"href":"https:\/\/jahs.eu\/hr\/wp-json\/wp\/v2\/pages\/660\/revisions"}],"predecessor-version":[{"id":661,"href":"https:\/\/jahs.eu\/hr\/wp-json\/wp\/v2\/pages\/660\/revisions\/661"}],"up":[{"embeddable":true,"href":"https:\/\/jahs.eu\/hr\/wp-json\/wp\/v2\/pages\/288"}],"wp:attachment":[{"href":"https:\/\/jahs.eu\/hr\/wp-json\/wp\/v2\/media?parent=660"}],"curies":[{"name":"wp","href":"https:\/\/api.w.org\/{rel}","templated":true}]}}