{"id":663,"date":"2019-03-13T13:05:58","date_gmt":"2019-03-13T12:05:58","guid":{"rendered":"http:\/\/jahs.eu\/?page_id=663"},"modified":"2019-03-13T13:05:58","modified_gmt":"2019-03-13T12:05:58","slug":"referentni-intervali-u-laboratorijskoj-medicini","status":"publish","type":"page","link":"https:\/\/jahs.eu\/hr\/volume-3-number-1-june-2017\/referentni-intervali-u-laboratorijskoj-medicini\/","title":{"rendered":"Referentni intervali u laboratorijskoj medicini"},"content":{"rendered":"<p><\/p>\n<p style=\"text-align: center;\"><strong>Referentni intervali u laboratorijskoj medicini<\/strong><\/p>\n<p style=\"text-align: left;\">Stru\u010dni rad<br \/>\n<a class=\"normal\" href=\"https:\/\/doi.org\/10.24141\/1\/3\/1\/12\" rel=\"nofollow\">https:\/\/doi.org\/10.24141\/1\/3\/1\/12<\/a><\/p>\n<p style=\"text-align: left;\"><strong>Valentina Koli\u0107<\/strong>; Alumni klub Zdravstvenog veleu\u010dili\u0161ta Zagreb, Hrvatska<br \/>\n<strong>Lana Feher Turkovi\u0107<\/strong>; Zdravstveno veleu\u010dili\u0161te Zagreb, Hrvatska<br \/>\n<strong>Dragana \u0160egulja<\/strong>\u00a0; Klini\u010dki zavod za laboratorijsku dijagnostiku Medicinskog fakulteta Sveu\u010dili\u0161ta u Zagrebu, Klini\u010dki bolni\u010dki centar Zagreb, Hrvatska<br \/>\n<strong>Danica Mati\u0161i\u0107\u00a0<\/strong>; Klini\u010dki zavod za laboratorijsku dijagnostiku Medicinskog fakulteta Sveu\u010dili\u0161ta u Zagrebu, Klini\u010dki bolni\u010dki centar Zagreb, Hrvatska<\/p>\n<p style=\"text-align: left;\"><a title=\"Referentni intervali u laboratorijskoj medicini\" href=\"http:\/\/jahs.eu\/wp-content\/uploads\/2017\/06\/jahs5-107-114.pdf\" target=\"_blank\"> Puni tekst: hrvatski, <strong>pdf<\/strong> (189 KB) <\/a><\/p>\n<p class=\"al-j\"><strong>Sa\u017eetak<\/strong><br \/>\nLaboratorijski nalazi imaju \u0161iroku primjenu u medicini, od postavljanja dijagnoze bolesti, pra\u0107enja tijeka bolesti do pra\u0107enja uspje\u0161nosti terapije. Za racionalnu interpretaciju laboratorijskih nalaza potrebno je poznavanje referentnih intervala. Referentni interval obuhva\u0107a vrijednost izme\u0111u gornje i donje referentne granice, uklju\u010duju\u0107i i vrijednost samih granica. Naj\u010de\u0161\u0107e je upotrebljavani i preporu\u010deni oblik referentnog intervala 95-postotni interval koji obuhva\u0107a 95 % sredi\u0161njih vrijednosti ome\u0111enih 2,5. i 97,5. percentilom. Za izradu referentnih vrijednosti treba odabrati: referentne osobe koje \u010dine referentnu populaciju, referentni uzorak u kojem se odre\u0111uju referentne vrijednosti koje pokazuju referentnu distribuciju iz koje se zatim izra\u010dunavaju donje i gornje referentne granice koje ome\u0111uju referentne intervale. Odre\u0111ivanje referentnih vrijednosti i intervala treba provesti na velikom broju zdravih ispitanika, \u0161to predstavlja dugotrajan i skup proces. Zato se u laboratorijskoj praksi upotrebljavaju uglavnom referentne vrijednosti i intervali koje navodi proizvo\u0111a\u010d kori\u0161tenih testova. Prema preporukama struke, svaki laboratorij mora verificirati referentne intervale proizvo\u0111a\u010da kako bi provjerio jesu li su prikladni za namijenjenu populaciju bolesnika. Referentne intervale mogu\u0107e je provjeriti na nekoliko na\u010dina i va\u017eno je da se provjera ponavlja periodi\u010dno odnosno jednom godi\u0161nje ili pri promjeni bilo kojih uvjeta koji mogu znatno utjecati na primjenjivani referentni interval. Od nekoliko preporu\u010denih postupaka naj\u010de\u0161\u0107e se primjenjuje provjera na 20 uzoraka zdravih ispitanika.<\/p>\n<p><strong>Klju\u010dne rije\u010di<\/strong><br \/>\n<a class=\"normal\" href=\"https:\/\/hrcak.srce.hr\/search\/?stype=2&amp;c%5B0%5D=article_keywords&amp;r=10&amp;t%5B0%5D=referentna%20vrijednost\">referentna vrijednost<\/a>; <a class=\"normal\" href=\"https:\/\/hrcak.srce.hr\/search\/?stype=2&amp;c%5B0%5D=article_keywords&amp;r=10&amp;t%5B0%5D=referentni%20interval\">referentni interval<\/a>; <a class=\"normal\" href=\"https:\/\/hrcak.srce.hr\/search\/?stype=2&amp;c%5B0%5D=article_keywords&amp;r=10&amp;t%5B0%5D=referentne%20osobe\">referentne osobe<\/a><\/p>","protected":false},"excerpt":{"rendered":"<p>Referentni intervali u laboratorijskoj medicini Stru\u010dni rad https:\/\/doi.org\/10.24141\/1\/3\/1\/12 Valentina Koli\u0107; Alumni klub Zdravstvenog veleu\u010dili\u0161ta Zagreb, Hrvatska Lana Feher Turkovi\u0107; Zdravstveno veleu\u010dili\u0161te Zagreb, Hrvatska Dragana \u0160egulja\u00a0; Klini\u010dki zavod za laboratorijsku dijagnostiku Medicinskog fakulteta Sveu\u010dili\u0161ta u Zagrebu, Klini\u010dki bolni\u010dki centar Zagreb, Hrvatska Danica Mati\u0161i\u0107\u00a0; Klini\u010dki zavod za laboratorijsku dijagnostiku Medicinskog fakulteta Sveu\u010dili\u0161ta u Zagrebu, Klini\u010dki bolni\u010dki centar [&hellip;]<\/p>\n","protected":false},"author":1,"featured_media":0,"parent":288,"menu_order":0,"comment_status":"closed","ping_status":"closed","template":"","meta":{"footnotes":""},"class_list":["post-663","page","type-page","status-publish","hentry"],"_links":{"self":[{"href":"https:\/\/jahs.eu\/hr\/wp-json\/wp\/v2\/pages\/663","targetHints":{"allow":["GET"]}}],"collection":[{"href":"https:\/\/jahs.eu\/hr\/wp-json\/wp\/v2\/pages"}],"about":[{"href":"https:\/\/jahs.eu\/hr\/wp-json\/wp\/v2\/types\/page"}],"author":[{"embeddable":true,"href":"https:\/\/jahs.eu\/hr\/wp-json\/wp\/v2\/users\/1"}],"replies":[{"embeddable":true,"href":"https:\/\/jahs.eu\/hr\/wp-json\/wp\/v2\/comments?post=663"}],"version-history":[{"count":1,"href":"https:\/\/jahs.eu\/hr\/wp-json\/wp\/v2\/pages\/663\/revisions"}],"predecessor-version":[{"id":664,"href":"https:\/\/jahs.eu\/hr\/wp-json\/wp\/v2\/pages\/663\/revisions\/664"}],"up":[{"embeddable":true,"href":"https:\/\/jahs.eu\/hr\/wp-json\/wp\/v2\/pages\/288"}],"wp:attachment":[{"href":"https:\/\/jahs.eu\/hr\/wp-json\/wp\/v2\/media?parent=663"}],"curies":[{"name":"wp","href":"https:\/\/api.w.org\/{rel}","templated":true}]}}