{"id":666,"date":"2019-03-13T13:08:20","date_gmt":"2019-03-13T12:08:20","guid":{"rendered":"http:\/\/jahs.eu\/?page_id=666"},"modified":"2019-03-13T13:08:20","modified_gmt":"2019-03-13T12:08:20","slug":"kvaliteta-cvjetnog-meda-za-potrebe-oruzanih-snaga-republike-hrvatske","status":"publish","type":"page","link":"https:\/\/jahs.eu\/hr\/volume-3-number-1-june-2017\/kvaliteta-cvjetnog-meda-za-potrebe-oruzanih-snaga-republike-hrvatske\/","title":{"rendered":"Kvaliteta cvjetnog meda za potrebe Oru\u017eanih snaga Republike Hrvatske"},"content":{"rendered":"<p><\/p>\n<p style=\"text-align: center;\"><strong>Kvaliteta cvjetnog meda za potrebe Oru\u017eanih snaga Republike Hrvatske<\/strong><\/p>\n<p style=\"text-align: left;\">Stru\u010dni rad<br \/>\n<a class=\"normal\" href=\"https:\/\/doi.org\/10.24141\/1\/3\/1\/13\" rel=\"nofollow\">https:\/\/doi.org\/10.24141\/1\/3\/1\/13<\/a><\/p>\n<p style=\"text-align: left;\"><strong>Nino Pinter<\/strong>\u00a0; Slu\u017eba za prijem i kontrolu kvalitete Uprave za materijalne resurse, Ministarstvo obrane RH, Zagreb, Hrvatska<br \/>\n<strong>\u017deljka Cvrtila<\/strong>\u00a0; Zavod za higijenu, tehnologiju i sigurnost hrane, Veterinarski fakultet Sveu\u010dili\u0161ta u Zagrebu, Hrvatska<br \/>\n<strong>Lidija Koza\u010dinski<\/strong>\u00a0; Zavod za higijenu, tehnologiju i sigurnost hrane, Veterinarski fakultet Sveu\u010dili\u0161ta u Zagrebu, Hrvatska<br \/>\n<strong>Bela Njari<\/strong>\u00a0; Zavod za higijenu, tehnologiju i sigurnost hrane, Veterinarski fakultet Sveu\u010dili\u0161ta u Zagrebu, Hrvatska<\/p>\n<p style=\"text-align: left;\"><a title=\"Kvaliteta cvjetnog meda za potrebe Oru\u017eanih snaga Republike Hrvatske\" href=\"http:\/\/jahs.eu\/wp-content\/uploads\/2017\/06\/jahs5-115-126.pdf\" target=\"_blank\"> Puni tekst: hrvatski, <strong>pdf<\/strong> (577 KB) <\/a><\/p>\n<p class=\"al-j\"><strong>Sa\u017eetak<\/strong><br \/>\nU okviru nadzora kvalitete cvjetnoga vrcanog meda za potrebe Oru\u017eanih snaga Republike Hrvatske koji se obavljao na mjestu proizvodnje pretra\u017een je ukupno 41 uzorak meda. Fizikalno-kemijskim ispitivanjem 12 uzoraka dobiveni su sljede\u0107i rezultati: koli\u010dina vode iznosila je prosje\u010dno 16,52 \u00b1 0,85 % (n = 8), koli\u010dina hidroksimetilfurfurala 11,41 \u00b1 8,26 mg\/kg (n = 12), ukupna kiselost iznosila je 16,78 \u00b1 2,30 mmol\/kg (n = 8), aktivnost dijastaze bila je 18,46 \u00b1 4,84 DN (n = 8). Udio saharoze prosje\u010dno je iznosio 2,47 \u00b1 2,05 % (n = 12), a direktno reduciraju\u0107ih \u0161e\u0107era 70,79 \u00b1 2,05 % (n = 7). Rezultati fizikalno-kemijskog ispitivanja nisu bili statisti\u010dki zna\u010dajni i pratili su normalnu distribuciju. Utvr\u0111ena je korelacija izme\u0111u udjela sadr\u017eaja vode i saharoze (r = 0,99; p = 0,014) te udjela reduciraju\u0107ih \u0161e\u0107era i \u017eeljeza (r = \u20130,98; p = 0,024). Postojala je korelacija izme\u0111u sadr\u017eaja vode i kadmija (r = 0,93; p = 0,072), aktivnosti dijastaze i \u017eeljeza (r = \u20130,94; p = 0,056) te aktivnosti dijastaze i bakra (r = \u20130,92; p = 0,079) i koli\u010dine reduciraju\u0107ih \u0161e\u0107era i bakra (r = \u20130,94; p = 0,065). Bakteriolo\u0161kom pretragom nije bilo utvr\u0111eno pove\u0107anje broja mikroorganizama u cvjetnom medu. Od 10 pretra\u017eenih uzoraka koli\u010dina pesticida bila je u skladu s maksimalnim razinama ostataka pesticida u hrani. Analizom na te\u0161ke metale srednja vrijednost koli\u010dine olova iznosila je 0,04 \u00b1 0,016 mg\/kg (n = 9), kadmija 0,0058 \u00b1 0,0042 mg\/kg (n = 9), bakra 0,126 \u00b1 0,179 mg\/kg (n = 8), cinka 2,75 \u00b1 2,61 mg\/kg (n = 8) i \u017eeljeza 3,11 \u00b1 3,27 mg\/kg (n = 8). Lillieforsovim testom utvr\u0111ena je statisti\u010dka zna\u010dajnost olova (p &lt; 0,01) te kadmija i bakra (p &lt; 0,05). Utvr\u0111ena je korelacija izme\u0111u koli\u010dine \u017eeljeza i bakra (r = 0,97; p = 0,030). Postojala je korelacija izme\u0111u koli\u010dine cinka i olova (r = 0,95; p = 0,055). Rezultati ispitivanja cvjetnoga vrcanog meda upu\u0107uju na zdravstveno ispravan med dobre kvalitete, u skladu s propisima Republike Hrvatske.<\/p>\n<p><strong>Klju\u010dne rije\u010di<\/strong><br \/>\n<a class=\"normal\" href=\"https:\/\/hrcak.srce.hr\/search\/?stype=2&amp;c%5B0%5D=article_keywords&amp;r=10&amp;t%5B0%5D=kvaliteta\">kvaliteta<\/a>; <a class=\"normal\" href=\"https:\/\/hrcak.srce.hr\/search\/?stype=2&amp;c%5B0%5D=article_keywords&amp;r=10&amp;t%5B0%5D=med\">med<\/a>; <a class=\"normal\" href=\"https:\/\/hrcak.srce.hr\/search\/?stype=2&amp;c%5B0%5D=article_keywords&amp;r=10&amp;t%5B0%5D=Oru%C5%BEane%20snage%20Republike%20Hrvatske%20(OSRH)\">Oru\u017eane snage Republike Hrvatske (OSRH)<\/a><\/p>","protected":false},"excerpt":{"rendered":"<p>Kvaliteta cvjetnog meda za potrebe Oru\u017eanih snaga Republike Hrvatske Stru\u010dni rad https:\/\/doi.org\/10.24141\/1\/3\/1\/13 Nino Pinter\u00a0; Slu\u017eba za prijem i kontrolu kvalitete Uprave za materijalne resurse, Ministarstvo obrane RH, Zagreb, Hrvatska \u017deljka Cvrtila\u00a0; Zavod za higijenu, tehnologiju i sigurnost hrane, Veterinarski fakultet Sveu\u010dili\u0161ta u Zagrebu, Hrvatska Lidija Koza\u010dinski\u00a0; Zavod za higijenu, tehnologiju i sigurnost hrane, Veterinarski fakultet [&hellip;]<\/p>\n","protected":false},"author":1,"featured_media":0,"parent":288,"menu_order":0,"comment_status":"closed","ping_status":"closed","template":"","meta":{"footnotes":""},"class_list":["post-666","page","type-page","status-publish","hentry"],"_links":{"self":[{"href":"https:\/\/jahs.eu\/hr\/wp-json\/wp\/v2\/pages\/666","targetHints":{"allow":["GET"]}}],"collection":[{"href":"https:\/\/jahs.eu\/hr\/wp-json\/wp\/v2\/pages"}],"about":[{"href":"https:\/\/jahs.eu\/hr\/wp-json\/wp\/v2\/types\/page"}],"author":[{"embeddable":true,"href":"https:\/\/jahs.eu\/hr\/wp-json\/wp\/v2\/users\/1"}],"replies":[{"embeddable":true,"href":"https:\/\/jahs.eu\/hr\/wp-json\/wp\/v2\/comments?post=666"}],"version-history":[{"count":1,"href":"https:\/\/jahs.eu\/hr\/wp-json\/wp\/v2\/pages\/666\/revisions"}],"predecessor-version":[{"id":667,"href":"https:\/\/jahs.eu\/hr\/wp-json\/wp\/v2\/pages\/666\/revisions\/667"}],"up":[{"embeddable":true,"href":"https:\/\/jahs.eu\/hr\/wp-json\/wp\/v2\/pages\/288"}],"wp:attachment":[{"href":"https:\/\/jahs.eu\/hr\/wp-json\/wp\/v2\/media?parent=666"}],"curies":[{"name":"wp","href":"https:\/\/api.w.org\/{rel}","templated":true}]}}