{"id":677,"date":"2019-03-13T13:17:49","date_gmt":"2019-03-13T12:17:49","guid":{"rendered":"http:\/\/jahs.eu\/?page_id=677"},"modified":"2019-03-13T13:17:49","modified_gmt":"2019-03-13T12:17:49","slug":"profesionalizacija-u-lancu-zdravstvene-zastite","status":"publish","type":"page","link":"https:\/\/jahs.eu\/hr\/volume-2-number-2-december-2016\/profesionalizacija-u-lancu-zdravstvene-zastite\/","title":{"rendered":"Profesionalizacija u lancu zdravstvene za\u0161tite"},"content":{"rendered":"<p><\/p>\n<p style=\"text-align: center;\"><strong>Profesionalizacija u lancu zdravstvene za\u0161tite<\/strong><\/p>\n<p style=\"text-align: left;\">Izvorni znanstveni \u010dlanak<br \/>\n<a class=\"normal\" href=\"https:\/\/doi.org\/10.24141\/1\/2\/2\/1\" rel=\"nofollow\">https:\/\/doi.org\/10.24141\/1\/2\/2\/1<\/a><\/p>\n<p><strong>Andrej Starc<\/strong>\u00a0; Zdravstvena fakulteta, Univerza u Ljubljani, Ljubljana, Slovenija<\/p>\n<p><a title=\"Professionalization in healthcare chain\" href=\"http:\/\/jahs.eu\/wp-content\/uploads\/2016\/12\/01-Professionalization.pdf\" target=\"_blank\">Puni tekst: engleski,\u00a0<strong>pdf<\/strong>\u00a0(1 MB)<\/a><\/p>\n<p class=\"al-j\"><strong>Sa\u017eetak<\/strong><br \/>\nUvod: Nekoliko \u010dimbenika utje\u010de na proces profesionalizacije. Rad se fokusira na proces profesionalizacije u lancu zdravstvene za\u0161tite. Poseban naglasak stavljen je na sestrinstvo i profesionalizaciju sestrinstva kao struke. Tijekom procesa tranzicije postoje odre\u0111eni endogeni i egzogeni elementi koje je potrebno identificirati.<\/p>\n<p>Metode: U analizi podataka kori\u0161tena je kvantitativna i kvalitativna metodologija. U kvantitativnom dijelu analize kori\u0161tena je deskriptivna statistika, analiza kontingencije, metoda najmanjih kvadrata i multivarijatna linearna regresija sa i bez kontrolnih varijabli, oboje temeljenih na indeksaciji. Kvalitativni dio se sastojao od analize podataka prikupljenih putem otvorenih pitanja i polu-strukturiranog intervjua. Za potrebe istra\u017eivanja izra\u0111en je i posebno prilago\u0111en upitnik.<\/p>\n<p>Rezultati: Zna\u010dajke procesa profesionalizacije prisutne su kod profesionalaca u podru\u010dju sestrinstva starijih od 51 godina, s vi\u0161e od 26 godina radnog iskustva, i zaposlenih na primarnoj razini zdravstvene za\u0161tite. Stjecanje novih znanja predstavlja doprinos njihovom ljudskom kapitalu te istovremeno podi\u017ee razinu njihovog stru\u010dnog znanja. Cjelo\u017eivotno u\u010denje, autonomija sestrinskih profesionalaca i specifi\u010dna znanja u sestrinstvu kao endogeni i egzogeni \u010dimbenici ukazuju na statisti\u010dki zna\u010dajan pozitivan utjecaj. Analiza je utvrdila da etika u sestrinstvu ima samo marginalan statisti\u010dki zna\u010dajan pozitivan utjecaj u procesu profesionalizacije sestrinstva.<\/p>\n<p>Zaklju\u010dak: Identifikacija endogenih i egzogenih \u010dimbenika omogu\u0107uje dodatno planiranje i istra\u017eivanje prakse i kvalitete zdravstvene za\u0161tite.<\/p>\n<p><strong>Klju\u010dne rije\u010di<\/strong><br \/>\n<a class=\"normal\" href=\"https:\/\/hrcak.srce.hr\/search\/?stype=2&amp;c%5B0%5D=article_keywords&amp;r=10&amp;t%5B0%5D=proces%20profesionalizacije\">proces profesionalizacije<\/a>;\u00a0<a class=\"normal\" href=\"https:\/\/hrcak.srce.hr\/search\/?stype=2&amp;c%5B0%5D=article_keywords&amp;r=10&amp;t%5B0%5D=zdravstvena%20za%C5%A1tita\">zdravstvena za\u0161tita<\/a>;\u00a0<a class=\"normal\" href=\"https:\/\/hrcak.srce.hr\/search\/?stype=2&amp;c%5B0%5D=article_keywords&amp;r=10&amp;t%5B0%5D=lanac%20zdravstvene%20za%C5%A1tite\">lanac zdravstvene za\u0161tite<\/a>;\u00a0<a class=\"normal\" href=\"https:\/\/hrcak.srce.hr\/search\/?stype=2&amp;c%5B0%5D=article_keywords&amp;r=10&amp;t%5B0%5D=ljudski%20kapital\">ljudski kapital<\/a><\/p>","protected":false},"excerpt":{"rendered":"<p>Profesionalizacija u lancu zdravstvene za\u0161tite Izvorni znanstveni \u010dlanak https:\/\/doi.org\/10.24141\/1\/2\/2\/1 Andrej Starc\u00a0; Zdravstvena fakulteta, Univerza u Ljubljani, Ljubljana, Slovenija Puni tekst: engleski,\u00a0pdf\u00a0(1 MB) Sa\u017eetak Uvod: Nekoliko \u010dimbenika utje\u010de na proces profesionalizacije. Rad se fokusira na proces profesionalizacije u lancu zdravstvene za\u0161tite. Poseban naglasak stavljen je na sestrinstvo i profesionalizaciju sestrinstva kao struke. Tijekom procesa tranzicije postoje [&hellip;]<\/p>\n","protected":false},"author":1,"featured_media":0,"parent":260,"menu_order":0,"comment_status":"closed","ping_status":"closed","template":"","meta":{"footnotes":""},"class_list":["post-677","page","type-page","status-publish","hentry"],"_links":{"self":[{"href":"https:\/\/jahs.eu\/hr\/wp-json\/wp\/v2\/pages\/677","targetHints":{"allow":["GET"]}}],"collection":[{"href":"https:\/\/jahs.eu\/hr\/wp-json\/wp\/v2\/pages"}],"about":[{"href":"https:\/\/jahs.eu\/hr\/wp-json\/wp\/v2\/types\/page"}],"author":[{"embeddable":true,"href":"https:\/\/jahs.eu\/hr\/wp-json\/wp\/v2\/users\/1"}],"replies":[{"embeddable":true,"href":"https:\/\/jahs.eu\/hr\/wp-json\/wp\/v2\/comments?post=677"}],"version-history":[{"count":1,"href":"https:\/\/jahs.eu\/hr\/wp-json\/wp\/v2\/pages\/677\/revisions"}],"predecessor-version":[{"id":678,"href":"https:\/\/jahs.eu\/hr\/wp-json\/wp\/v2\/pages\/677\/revisions\/678"}],"up":[{"embeddable":true,"href":"https:\/\/jahs.eu\/hr\/wp-json\/wp\/v2\/pages\/260"}],"wp:attachment":[{"href":"https:\/\/jahs.eu\/hr\/wp-json\/wp\/v2\/media?parent=677"}],"curies":[{"name":"wp","href":"https:\/\/api.w.org\/{rel}","templated":true}]}}